{"id":1482,"date":"2023-02-08T17:23:33","date_gmt":"2023-02-08T16:23:33","guid":{"rendered":"https:\/\/ledwords.eu\/?post_type=product&#038;p=1482"},"modified":"2026-01-15T21:33:55","modified_gmt":"2026-01-15T20:33:55","slug":"podswietlane-logo-3d-led-audi-50-80-cm-reklama","status":"publish","type":"product","link":"https:\/\/ledwords.eu\/tr\/urun\/isikli-3d-led-logo-audi-50-80-cm-reklam\/","title":{"rendered":"I\u015f\u0131kl\u0131 3D LED Audi logosu 50-80 CM Reklam..."},"content":{"rendered":"<p>Ayd\u0131nlatmal\u0131 3D LED Audi logosu<\/p>\n<p>\u00c7ap 50-80 CM<\/p>\n<p>Koruyucu emprenye ile korunan canl\u0131 ve doygun renkler. Y\u00fcksek kaliteli, e\u015fit \u0131\u015f\u0131k veren LED ayd\u0131nlatma. Al\u00fcminyum \u00e7er\u00e7eve, lake. Logo d\u0131\u015f ortam ko\u015fullar\u0131na dayan\u0131kl\u0131d\u0131r (IP68).<\/p>\n<p>Avrupa fi\u015fli g\u00fc\u00e7 kablosu dahildir. 110-230V aras\u0131nda \u00e7al\u0131\u015fan evrensel dahili g\u00fc\u00e7 kayna\u011f\u0131. Di\u011fer prizler i\u00e7in bir adapt\u00f6r kullanabilir veya fi\u015fi de\u011fi\u015ftirebilirsiniz. ABD'den gelen sipari\u015fler i\u00e7in AB-ABD fi\u015f adapt\u00f6r\u00fc eklenir. Hem d\u0131\u015f hem de i\u00e7 mekan versiyonlar\u0131 IP68 standard\u0131na uygundur, d\u0131\u015f mekan versiyonu biraz daha su ge\u00e7irmez bir dahili g\u00fc\u00e7 kayna\u011f\u0131na sahiptir.<\/p>\n<p>Braketlere kolay montaj. Duvardan \u00fcr\u00fcne gelen bir kablo gibi ba\u015fka bir montaj y\u00f6ntemi de vard\u0131r. Montaj y\u00f6ntemleri hakk\u0131nda daha fazla bilgi i\u00e7in bkz. <a href=\"https:\/\/ledwords.eu\/tr\/talimat\/\">talimatlar<\/a>.<\/p>\n<p>2 y\u0131l garanti<\/p>","protected":false},"excerpt":{"rendered":"<p>I\u015f\u0131kl\u0131 3D LED Audi logosu \u00c7ap 50-80 CM Koruyucu emprenye ile korunan canl\u0131 ve doygun renkler. Y\u00fcksek kaliteli e\u015fit \u0131\u015f\u0131kl\u0131 LED ayd\u0131nlatma. Al\u00fcminyum \u00e7er\u00e7eve, lake kaplama. Logo d\u0131\u015f ortam ko\u015fullar\u0131na dayan\u0131kl\u0131d\u0131r (IP68). Avrupa fi\u015fli g\u00fc\u00e7 kablosu dahildir. 110-230V aral\u0131\u011f\u0131nda \u00e7al\u0131\u015fan evrensel dahili g\u00fc\u00e7 kayna\u011f\u0131. Di\u011fer prizler i\u00e7in bir adapt\u00f6r kullan\u0131labilir veya fi\u015f de\u011fi\u015ftirilebilir. \u0130\u00e7in.&nbsp;<a href=\"https:\/\/ledwords.eu\/tr\/urun\/isikli-3d-led-logo-audi-50-80-cm-reklam\/\" rel=\"bookmark\">Daha fazlas\u0131n\u0131 oku \"<span class=\"screen-reader-text\">I\u015f\u0131kl\u0131 3D LED Audi logosu 50-80 CM Reklam...<\/span><\/a><\/p>","protected":false},"featured_media":1492,"template":"","meta":{"neve_meta_sidebar":"","neve_meta_container":"","neve_meta_enable_content_width":"off","neve_meta_content_width":100,"neve_meta_title_alignment":"","neve_meta_author_avatar":"","neve_post_elements_order":"","neve_meta_disable_header":"","neve_meta_disable_footer":"","neve_meta_disable_title":"","neve_meta_reading_time":"","neve_tabs_data":"","neve_override_tab_layout":""},"product_brand":[],"product_cat":[58],"product_tag":[32,72,35,30,31,29,37],"class_list":{"0":"post-1482","1":"product","2":"type-product","3":"status-publish","4":"has-post-thumbnail","6":"product_cat-motocykle-i-pojazdy","7":"product_tag-3d","8":"product_tag-audi","9":"product_tag-backlit","10":"product_tag-led","11":"product_tag-logo","12":"product_tag-neon","13":"product_tag-sign","15":"first","16":"instock","17":"shipping-taxable","18":"purchasable","19":"product-type-variable","20":"has-default-attributes"},"_links":{"self":[{"href":"https:\/\/ledwords.eu\/tr\/wp-json\/wp\/v2\/product\/1482","targetHints":{"allow":["GET"]}}],"collection":[{"href":"https:\/\/ledwords.eu\/tr\/wp-json\/wp\/v2\/product"}],"about":[{"href":"https:\/\/ledwords.eu\/tr\/wp-json\/wp\/v2\/types\/product"}],"wp:featuredmedia":[{"embeddable":true,"href":"https:\/\/ledwords.eu\/tr\/wp-json\/wp\/v2\/media\/1492"}],"wp:attachment":[{"href":"https:\/\/ledwords.eu\/tr\/wp-json\/wp\/v2\/media?parent=1482"}],"wp:term":[{"taxonomy":"product_brand","embeddable":true,"href":"https:\/\/ledwords.eu\/tr\/wp-json\/wp\/v2\/product_brand?post=1482"},{"taxonomy":"product_cat","embeddable":true,"href":"https:\/\/ledwords.eu\/tr\/wp-json\/wp\/v2\/product_cat?post=1482"},{"taxonomy":"product_tag","embeddable":true,"href":"https:\/\/ledwords.eu\/tr\/wp-json\/wp\/v2\/product_tag?post=1482"}],"curies":[{"name":"wp","href":"https:\/\/api.w.org\/{rel}","templated":true}]}}