{"id":1023,"date":"2022-10-03T13:35:07","date_gmt":"2022-10-03T11:35:07","guid":{"rendered":"https:\/\/ledwords.eu\/?post_type=product&#038;p=1023"},"modified":"2025-12-06T22:46:44","modified_gmt":"2025-12-06T21:46:44","slug":"podswietlane-logo-3d-led-wlasna-grafika-50-80-cm-reklama","status":"publish","type":"product","link":"https:\/\/ledwords.eu\/tr\/urun\/isikli-3d-led-logo-ozel-sanat-eseri-50-80-cm-reklam\/","title":{"rendered":"3D LED Arkadan Ayd\u0131nlatmal\u0131 Logo \u00d6zel Grafikler 50-80 CM..."},"content":{"rendered":"<p>\u00d6zel Grafikli I\u015f\u0131kl\u0131 Logo!<\/p>\n<p>\u00c7ap 50-80 CM<\/p>\n<p>Uygun kalitede kendi grafiklerinizden herhangi biri. L\u00fctfen sipari\u015f vermeden \u00f6nce do\u011frulama i\u00e7in resminizi bize g\u00f6nderin. Haz\u0131r grafikli \u00fcr\u00fcnler i\u00e7in l\u00fctfen di\u011fer ilanlar\u0131m\u0131za bak\u0131n.<\/p>\n<p>Koruyucu emprenye ile korunan canl\u0131 ve doygun renkler. Y\u00fcksek kaliteli, e\u015fit \u0131\u015f\u0131k veren LED ayd\u0131nlatma. Al\u00fcminyum \u00e7er\u00e7eve, lake. Logo d\u0131\u015f ortam ko\u015fullar\u0131na dayan\u0131kl\u0131d\u0131r (IP68).<\/p>\n<p>Avrupa fi\u015fli g\u00fc\u00e7 kablosu dahildir. 110-230V aras\u0131nda \u00e7al\u0131\u015fan evrensel dahili g\u00fc\u00e7 kayna\u011f\u0131. Di\u011fer prizler i\u00e7in bir adapt\u00f6r kullanabilir veya fi\u015fi de\u011fi\u015ftirebilirsiniz. ABD'den gelen sipari\u015fler i\u00e7in AB-ABD fi\u015f adapt\u00f6r\u00fc eklenir. Hem d\u0131\u015f hem de i\u00e7 mekan versiyonlar\u0131 IP68 standard\u0131na uygundur, d\u0131\u015f mekan versiyonu biraz daha su ge\u00e7irmez bir dahili g\u00fc\u00e7 kayna\u011f\u0131na sahiptir.<\/p>\n<p>Braketlere kolay montaj. Duvardan \u00fcr\u00fcne gelen bir kablo gibi ba\u015fka bir montaj y\u00f6ntemi de vard\u0131r. Montaj y\u00f6ntemleri hakk\u0131nda daha fazla bilgi i\u00e7in bkz. <a href=\"https:\/\/ledwords.eu\/tr\/talimat\/\">talimatlar<\/a>.<\/p>\n<p>2 bord\u00fcr rengi aras\u0131ndan se\u00e7im yap\u0131labilir: siyah, beyaz<\/p>\n<p>2 y\u0131l garanti<\/p>","protected":false},"excerpt":{"rendered":"<p>Kendi grafi\u011finiz ile I\u015f\u0131kl\u0131 Logo! \u00c7ap 50-80 CM Yeterli kalitede herhangi bir \u00f6zel grafik. L\u00fctfen sipari\u015f vermeden \u00f6nce do\u011frulama i\u00e7in resminizi bize g\u00f6nderin. Haz\u0131r grafikli \u00fcr\u00fcnler i\u00e7in l\u00fctfen di\u011fer listelerimize bak\u0131n. Koruyucu emprenye ile korunan canl\u0131 ve doygun renkler. Y\u00fcksek kaliteli, e\u015fit \u0131\u015f\u0131kl\u0131 LED ayd\u0131nlatma. Al\u00fcminyum \u00e7er\u00e7eve, lake. Logo d\u0131\u015f ko\u015fullara kar\u015f\u0131 dayan\u0131kl\u0131d\u0131r...&nbsp;<a href=\"https:\/\/ledwords.eu\/tr\/urun\/isikli-3d-led-logo-ozel-sanat-eseri-50-80-cm-reklam\/\" rel=\"bookmark\">Daha fazlas\u0131n\u0131 oku \"<span class=\"screen-reader-text\">3D LED Arkadan Ayd\u0131nlatmal\u0131 Logo \u00d6zel Grafikler 50-80 CM...<\/span><\/a><\/p>","protected":false},"featured_media":1032,"template":"","meta":{"neve_meta_sidebar":"","neve_meta_container":"","neve_meta_enable_content_width":"off","neve_meta_content_width":100,"neve_meta_title_alignment":"","neve_meta_author_avatar":"","neve_post_elements_order":"","neve_meta_disable_header":"","neve_meta_disable_footer":"","neve_meta_disable_title":"","neve_meta_reading_time":"","neve_tabs_data":"","neve_override_tab_layout":""},"product_brand":[],"product_cat":[59],"product_tag":[32,35,33,36,30,31,40,29,34,37],"class_list":{"0":"post-1023","1":"product","2":"type-product","3":"status-publish","4":"has-post-thumbnail","6":"product_cat-na-zamowienie","7":"product_tag-3d","8":"product_tag-backlit","9":"product_tag-bar","10":"product_tag-beer","11":"product_tag-led","12":"product_tag-logo","13":"product_tag-miller","14":"product_tag-neon","15":"product_tag-pub","16":"product_tag-sign","18":"first","19":"instock","20":"shipping-taxable","21":"purchasable","22":"product-type-variable","23":"has-default-attributes"},"_links":{"self":[{"href":"https:\/\/ledwords.eu\/tr\/wp-json\/wp\/v2\/product\/1023","targetHints":{"allow":["GET"]}}],"collection":[{"href":"https:\/\/ledwords.eu\/tr\/wp-json\/wp\/v2\/product"}],"about":[{"href":"https:\/\/ledwords.eu\/tr\/wp-json\/wp\/v2\/types\/product"}],"wp:featuredmedia":[{"embeddable":true,"href":"https:\/\/ledwords.eu\/tr\/wp-json\/wp\/v2\/media\/1032"}],"wp:attachment":[{"href":"https:\/\/ledwords.eu\/tr\/wp-json\/wp\/v2\/media?parent=1023"}],"wp:term":[{"taxonomy":"product_brand","embeddable":true,"href":"https:\/\/ledwords.eu\/tr\/wp-json\/wp\/v2\/product_brand?post=1023"},{"taxonomy":"product_cat","embeddable":true,"href":"https:\/\/ledwords.eu\/tr\/wp-json\/wp\/v2\/product_cat?post=1023"},{"taxonomy":"product_tag","embeddable":true,"href":"https:\/\/ledwords.eu\/tr\/wp-json\/wp\/v2\/product_tag?post=1023"}],"curies":[{"name":"wp","href":"https:\/\/api.w.org\/{rel}","templated":true}]}}