{"id":473,"date":"2022-09-11T15:46:05","date_gmt":"2022-09-11T13:46:05","guid":{"rendered":"https:\/\/ledwords.eu\/?page_id=473"},"modified":"2022-09-11T15:47:22","modified_gmt":"2022-09-11T13:47:22","slug":"usuwanie-powiazania-z-kontem-facebook","status":"publish","type":"page","link":"https:\/\/ledwords.eu\/tr\/bir-facebook-hesabiyla-olan-iliskiyi-silme\/","title":{"rendered":"Facebook hesab\u0131na giden ba\u011flant\u0131y\u0131 silme"},"content":{"rendered":"<div style=\"height:70px\" aria-hidden=\"true\" class=\"wp-block-spacer\"><\/div>\n\n\n\n<h2 class=\"wp-block-heading\" id=\"h-usuwanie-powiazania-z-kontem-facebook\">Facebook hesab\u0131na giden ba\u011flant\u0131y\u0131 silme<\/h2>\n\n\n\n<div style=\"height:20px\" aria-hidden=\"true\" class=\"wp-block-spacer\"><\/div>\n\n\n\n<p>Facebook gerekliliklerine uygun olarak, Facebook hesab\u0131n\u0131z ile ma\u011fazam\u0131z aras\u0131ndaki ba\u011flant\u0131y\u0131 nas\u0131l kald\u0131raca\u011f\u0131n\u0131za ili\u015fkin talimatlar\u0131 yay\u0131nl\u0131yoruz:<\/p>\n\n\n\n<ol class=\"wp-block-list\"><li>Facebook hesab\u0131n\u0131z\u0131n ayarlar\u0131na ve gizlili\u011fine gidin. \"Ayarlar\" \u00fczerine t\u0131klay\u0131n.<\/li><li>Ard\u0131ndan \"Uygulamalar ve siteler\" b\u00f6l\u00fcm\u00fcne gidin ve uygulamalardaki t\u00fcm etkinliklerinizi g\u00f6r\u00fcn.<\/li><li>\"Allkeystore\" \u00f6\u011fesini se\u00e7in.<\/li><li>\"Sil\" d\u00fc\u011fmesine t\u0131klay\u0131n.<\/li><\/ol>\n\n\n\n<p>Bu \u015fekilde, hesab\u0131n\u0131z ile ma\u011fazam\u0131z aras\u0131ndaki ba\u011flant\u0131 ve Facebook'tan verilerinize olan t\u00fcm eri\u015fimimiz kald\u0131r\u0131lacakt\u0131r.<\/p>","protected":false},"excerpt":{"rendered":"<p>Usuwanie powi\u0105zania z kontem Facebook Zgodnie z wymogami Facebook, zamieszczamy instrukcje jak usun\u0105\u0107 powi\u0105zanie konta na Facebook z naszym sklepem: Przejd\u017a do ustawie\u0144 i prywatno\u015bci konta na Facebooku. Kliknij \u201eUstawienia\u201d. Nast\u0119pnie przejd\u017a do \u201eAplikacje i witryny\u201d, a zobaczysz wszystkie swoje dzia\u0142ania w aplikacjach. Wybierz \u201eAllkeystore\u201d. Kliknij przycisk \u201eUsu\u0144\u201d. W ten spos\u00f3b powi\u0105zanie konta z naszym&hellip;&nbsp;<a href=\"https:\/\/ledwords.eu\/tr\/bir-facebook-hesabiyla-olan-iliskiyi-silme\/\" rel=\"bookmark\">Daha fazlas\u0131n\u0131 oku \"<span class=\"screen-reader-text\">Facebook hesab\u0131na giden ba\u011flant\u0131y\u0131 silme<\/span><\/a><\/p>","protected":false},"author":1,"featured_media":0,"parent":0,"menu_order":0,"comment_status":"closed","ping_status":"closed","template":"","meta":{"neve_meta_sidebar":"","neve_meta_container":"","neve_meta_enable_content_width":"","neve_meta_content_width":0,"neve_meta_title_alignment":"","neve_meta_author_avatar":"","neve_post_elements_order":"","neve_meta_disable_header":"","neve_meta_disable_footer":"","neve_meta_disable_title":"on","neve_meta_reading_time":"","footnotes":""},"class_list":["post-473","page","type-page","status-publish","hentry"],"_links":{"self":[{"href":"https:\/\/ledwords.eu\/tr\/wp-json\/wp\/v2\/pages\/473","targetHints":{"allow":["GET"]}}],"collection":[{"href":"https:\/\/ledwords.eu\/tr\/wp-json\/wp\/v2\/pages"}],"about":[{"href":"https:\/\/ledwords.eu\/tr\/wp-json\/wp\/v2\/types\/page"}],"author":[{"embeddable":true,"href":"https:\/\/ledwords.eu\/tr\/wp-json\/wp\/v2\/users\/1"}],"replies":[{"embeddable":true,"href":"https:\/\/ledwords.eu\/tr\/wp-json\/wp\/v2\/comments?post=473"}],"version-history":[{"count":3,"href":"https:\/\/ledwords.eu\/tr\/wp-json\/wp\/v2\/pages\/473\/revisions"}],"predecessor-version":[{"id":478,"href":"https:\/\/ledwords.eu\/tr\/wp-json\/wp\/v2\/pages\/473\/revisions\/478"}],"wp:attachment":[{"href":"https:\/\/ledwords.eu\/tr\/wp-json\/wp\/v2\/media?parent=473"}],"curies":[{"name":"wp","href":"https:\/\/api.w.org\/{rel}","templated":true}]}}