{"id":408,"date":"2022-09-07T14:31:51","date_gmt":"2022-09-07T12:31:51","guid":{"rendered":"https:\/\/ledwords.eu\/?page_id=408"},"modified":"2022-10-05T12:15:06","modified_gmt":"2022-10-05T10:15:06","slug":"gwarancja","status":"publish","type":"page","link":"https:\/\/ledwords.eu\/tr\/garanti\/","title":{"rendered":"Garanti"},"content":{"rendered":"<div data-elementor-type=\"wp-page\" data-elementor-id=\"408\" class=\"elementor elementor-408\" data-elementor-post-type=\"page\">\n\t\t\t\t\t\t<section class=\"elementor-section elementor-top-section elementor-element elementor-element-3a9270b elementor-section-boxed elementor-section-height-default elementor-section-height-default\" data-id=\"3a9270b\" data-element_type=\"section\">\n\t\t\t\t\t\t<div class=\"elementor-container elementor-column-gap-default\">\n\t\t\t\t\t<div class=\"elementor-column elementor-col-100 elementor-top-column elementor-element elementor-element-0065f86\" data-id=\"0065f86\" data-element_type=\"column\">\n\t\t\t<div class=\"elementor-widget-wrap elementor-element-populated\">\n\t\t\t\t\t\t<div class=\"elementor-element elementor-element-215fbba elementor-widget elementor-widget-spacer\" data-id=\"215fbba\" data-element_type=\"widget\" data-widget_type=\"spacer.default\">\n\t\t\t\t<div class=\"elementor-widget-container\">\n\t\t\t\t\t\t\t<div class=\"elementor-spacer\">\n\t\t\t<div class=\"elementor-spacer-inner\"><\/div>\n\t\t<\/div>\n\t\t\t\t\t\t<\/div>\n\t\t\t\t<\/div>\n\t\t\t\t<div class=\"elementor-element elementor-element-c561778 elementor-widget elementor-widget-text-editor\" data-id=\"c561778\" data-element_type=\"widget\" data-widget_type=\"text-editor.default\">\n\t\t\t\t<div class=\"elementor-widget-container\">\n\t\t\t\t\t\t\t\t\t<h3 style=\"text-align:center;\">GARANTI\u0307 KO\u015eULLARI<\/h3>\n<ol>\n<li>\u00dcr\u00fcn garanti s\u00fcresi, teslim al\u0131nd\u0131\u011f\u0131 tarihten itibaren 24 ayd\u0131r. \u00dcr\u00fcn\u00fcn profesyonel kalitesini ve do\u011fru \u00e7al\u0131\u015fmas\u0131n\u0131 ifade eder.<\/li>\n<li>Ek bir kurulum hizmeti sipari\u015f edilmi\u015fse, bir kusur bildirilirse, y\u00fcklenici bildirimden itibaren en fazla 14 g\u00fcn i\u00e7inde kusuru onarmay\u0131 taahh\u00fct eder. Ar\u0131za s\u00fcresi i\u00e7inde onar\u0131lmazsa, onar\u0131m masraflar\u0131 m\u00fc\u015fterinin servis \u00e7a\u011f\u0131rma hakk\u0131na sahip olaca\u011f\u0131 ba\u015fka bir \u015firket taraf\u0131ndan kar\u015f\u0131lanacakt\u0131r.<\/li>\n<li>Garanti, g\u00fcnl\u00fck kullan\u0131mdan kaynaklanan \u00e7izikleri ve y\u00fczey hasarlar\u0131n\u0131 kapsamaz.<\/li>\n<li>Garanti, yaln\u0131zca sat\u0131lan \u00fcr\u00fcn\u00fcn do\u011fas\u0131nda bulunan nedenlerden kaynaklanan fiziksel kusurlar\u0131 kapsar. Garanti, a\u015fa\u011f\u0131daki gibi di\u011fer nedenlerden kaynaklanan kusurlar\u0131 kapsamaz:<br><br>\t- Yang\u0131n, sel, f\u0131rt\u0131na, y\u0131ld\u0131r\u0131m vb. gibi tesad\u00fcfi olaylar\u0131n (m\u00fccbir sebepler) neden oldu\u011fu hasarlar.<br>    - \u00dcr\u00fcn\u00fcn \u00e7al\u0131\u015fmas\u0131n\u0131 etkileyen elektrik tesisat\u0131 veya ekipman ar\u0131zas\u0131.<\/li>\n<p><br><br><\/p>\n<li>\u00dcr\u00fcne yerinde bak\u0131m yap\u0131l\u0131rken, m\u00fc\u015fteri \u00fcr\u00fcne serbest eri\u015fim sa\u011flamak ve servis teknisyeninin t\u00fcm sa\u011fl\u0131k ve g\u00fcvenlik kurallar\u0131na uygun olarak g\u00fcvenli bir onar\u0131m prosed\u00fcr\u00fc ger\u00e7ekle\u015ftirmesine izin vermek ve ayr\u0131ca g\u00fc\u00e7 kaynaklar\u0131na eri\u015fim, g\u00fcvenlik anahtarlar\u0131 vb. gibi yeterli teknik olanaklar\u0131 sa\u011flamakla y\u00fck\u00fcml\u00fcd\u00fcr. Aksi takdirde, servis teknisyeni servis i\u015flemini reddetme hakk\u0131na sahiptir.<\/li>\n<\/ol>\n<p><br><\/p>\n<h3 style=\"text-align:center;\">K\u00dc\u00c7\u00dcK \u00dcR\u00dcNLER I\u00c7IN GARANTI<\/h3>\n<ol>\n<li>K\u00fc\u00e7\u00fck boyutlu \u00fcr\u00fcnler (\u00fcretici ile \u00f6nceden anla\u015f\u0131larak), \u00fcr\u00fcn\u00fcn paketlenmesinde gerekli \u00f6zen g\u00f6sterilerek (sa\u011flam karton kutu, karton k\u00f6\u015feler, balonlu naylon) \u015firketin adresine geri g\u00f6nderilmelidir.<\/li>\n<li>\u00dcr\u00fcn\u00fcn \u00fcreticinin tesislerine g\u00fcvenilir bir \u015fekilde teslim edilmesine ili\u015fkin masraflar ve sorumluluk m\u00fc\u015fteriye aittir.<\/li>\n<li>\u00dcretici, \u00fcr\u00fcn\u00fcn m\u00fc\u015fteri taraf\u0131ndan yetersiz ambalajlanmas\u0131 ve korunmas\u0131ndan kaynaklanan nakliye s\u0131ras\u0131ndaki hasar veya tahribattan sorumlu olmayacakt\u0131r.<\/li>\n<li>\u00dcretici, onar\u0131lan \u00fcr\u00fcn\u00fcn m\u00fc\u015fteriye g\u00fcvenli bir \u015fekilde ta\u015f\u0131nmas\u0131 i\u00e7in gereken masraflar\u0131 ve sorumlulu\u011fu \u00fcstlenir.<\/li>\n<li>\u00dcreticinin bilgisi ve onay\u0131 olmadan \u00fcreticinin adresine geri g\u00f6nderilen bir \u00fcr\u00fcn kabul edilmeyecektir.<\/li>\n<li>Yaln\u0131zca eksiksiz, servis verilebilir, hatas\u0131z ve d\u0131\u015f etkenlerden kaynaklanan mekanik hasarlardan ar\u0131nd\u0131r\u0131lm\u0131\u015f \u00fcr\u00fcnler garanti prosed\u00fcr\u00fcne tabidir.<\/li>\n<\/ol>\n<p><br><\/p>\n<h3 style=\"text-align:center;\">TEMINAT KAYBI<\/h3>\n<ol>\n<li>\u00dcr\u00fcn garantisi a\u015fa\u011f\u0131daki durumlarda ge\u00e7erli de\u011fildir:<br><br>- Kullan\u0131c\u0131 taraf\u0131ndan kendi kendine m\u00fcdahale (bireysel de\u011fi\u015fiklikler, modifikasyonlar, vb.).<br>- \u00dcr\u00fcn\u00fcn kalifiye olmayan ki\u015filer taraf\u0131ndan ba\u011flanmas\u0131.<br>- \u00dcr\u00fcn\u00fcn yanl\u0131\u015f kullan\u0131m\u0131.<br>- Yetkili olmayan ki\u015filer taraf\u0131ndan \u00fcr\u00fcn\u00fc onarmaya y\u00f6nelik her t\u00fcrl\u00fc giri\u015fim.<br>- Bir \u00fcr\u00fcne ili\u015fkin gecikmi\u015f \u00f6demenin makbuz tarihinden itibaren 21 g\u00fcn\u00fc a\u015fmas\u0131.<br>\u00fcretici taraf\u0131ndan belirlenen 7 g\u00fcnl\u00fck standart \u00f6deme s\u00fcresine sahip bir fatura.<\/li>\n<p><br><br><\/p>\n<li>Kusur tespit edilen bir \u00fcr\u00fcn derhal kapat\u0131lmal\u0131d\u0131r<br>Garanti kayb\u0131 cezas\u0131 alt\u0131nda kullan\u0131mdan.<\/li>\n<\/ol>\t\t\t\t\t\t\t\t<\/div>\n\t\t\t\t<\/div>\n\t\t\t\t\t<\/div>\n\t\t<\/div>\n\t\t\t\t\t<\/div>\n\t\t<\/section>\n\t\t\t\t<section class=\"elementor-section elementor-top-section elementor-element elementor-element-62b111c elementor-section-boxed elementor-section-height-default elementor-section-height-default\" data-id=\"62b111c\" data-element_type=\"section\">\n\t\t\t\t\t\t<div class=\"elementor-container elementor-column-gap-default\">\n\t\t\t\t\t<div class=\"elementor-column elementor-col-100 elementor-top-column elementor-element elementor-element-cbb87de\" data-id=\"cbb87de\" data-element_type=\"column\">\n\t\t\t<div class=\"elementor-widget-wrap elementor-element-populated\">\n\t\t\t\t\t\t<div class=\"elementor-element elementor-element-9cdb8c2 elementor-widget elementor-widget-spacer\" data-id=\"9cdb8c2\" data-element_type=\"widget\" data-widget_type=\"spacer.default\">\n\t\t\t\t<div class=\"elementor-widget-container\">\n\t\t\t\t\t\t\t<div class=\"elementor-spacer\">\n\t\t\t<div class=\"elementor-spacer-inner\"><\/div>\n\t\t<\/div>\n\t\t\t\t\t\t<\/div>\n\t\t\t\t<\/div>\n\t\t\t\t\t<\/div>\n\t\t<\/div>\n\t\t\t\t\t<\/div>\n\t\t<\/section>\n\t\t\t\t<\/div>","protected":false},"excerpt":{"rendered":"<p>GARANT\u0130 \u015eARTLARI \u00dcr\u00fcn\u00fcn garanti s\u00fcresi, teslim al\u0131nd\u0131\u011f\u0131 tarihten itibaren 24 ay\u0131 kapsar. \u00dcr\u00fcn\u00fcn profesyonel kalitesi ve d\u00fczg\u00fcn \u00e7al\u0131\u015fmas\u0131 i\u00e7in ge\u00e7erlidir. Ek bir kurulum hizmeti sipari\u015f edilmi\u015fse, bir kusurun bildirilmesi durumunda, y\u00fcklenici, bildirimden itibaren en fazla 14 g\u00fcn i\u00e7inde kusuru gidermeyi taahh\u00fct eder. Kusurun verilen s\u00fcre i\u00e7inde giderilmemesinin sonucu...&nbsp;<a href=\"https:\/\/ledwords.eu\/tr\/garanti\/\" rel=\"bookmark\">Daha fazlas\u0131n\u0131 oku \"<span class=\"screen-reader-text\">Garanti<\/span><\/a><\/p>","protected":false},"author":1,"featured_media":0,"parent":0,"menu_order":0,"comment_status":"closed","ping_status":"closed","template":"page-templates\/template-pagebuilder-full-width.php","meta":{"neve_meta_sidebar":"","neve_meta_container":"","neve_meta_enable_content_width":"","neve_meta_content_width":0,"neve_meta_title_alignment":"","neve_meta_author_avatar":"","neve_post_elements_order":"","neve_meta_disable_header":"","neve_meta_disable_footer":"","neve_meta_disable_title":"","neve_meta_reading_time":"","footnotes":""},"class_list":["post-408","page","type-page","status-publish","hentry"],"_links":{"self":[{"href":"https:\/\/ledwords.eu\/tr\/wp-json\/wp\/v2\/pages\/408","targetHints":{"allow":["GET"]}}],"collection":[{"href":"https:\/\/ledwords.eu\/tr\/wp-json\/wp\/v2\/pages"}],"about":[{"href":"https:\/\/ledwords.eu\/tr\/wp-json\/wp\/v2\/types\/page"}],"author":[{"embeddable":true,"href":"https:\/\/ledwords.eu\/tr\/wp-json\/wp\/v2\/users\/1"}],"replies":[{"embeddable":true,"href":"https:\/\/ledwords.eu\/tr\/wp-json\/wp\/v2\/comments?post=408"}],"version-history":[{"count":13,"href":"https:\/\/ledwords.eu\/tr\/wp-json\/wp\/v2\/pages\/408\/revisions"}],"predecessor-version":[{"id":1045,"href":"https:\/\/ledwords.eu\/tr\/wp-json\/wp\/v2\/pages\/408\/revisions\/1045"}],"wp:attachment":[{"href":"https:\/\/ledwords.eu\/tr\/wp-json\/wp\/v2\/media?parent=408"}],"curies":[{"name":"wp","href":"https:\/\/api.w.org\/{rel}","templated":true}]}}