{"id":11,"date":"2022-09-06T15:49:25","date_gmt":"2022-09-06T13:49:25","guid":{"rendered":"https:\/\/ledwords.eu\/?page_id=11"},"modified":"2023-04-19T20:45:42","modified_gmt":"2023-04-19T18:45:42","slug":"zwroty","status":"publish","type":"page","link":"https:\/\/ledwords.eu\/tr\/geri-doner\/","title":{"rendered":"\u0130ade politikas\u0131"},"content":{"rendered":"<div data-elementor-type=\"wp-page\" data-elementor-id=\"11\" class=\"elementor elementor-11\" data-elementor-post-type=\"page\">\n\t\t\t\t\t\t<section class=\"elementor-section elementor-top-section elementor-element elementor-element-4de652d elementor-section-boxed elementor-section-height-default elementor-section-height-default\" data-id=\"4de652d\" data-element_type=\"section\">\n\t\t\t\t\t\t<div class=\"elementor-container elementor-column-gap-default\">\n\t\t\t\t\t<div class=\"elementor-column elementor-col-100 elementor-top-column elementor-element elementor-element-2f0d0fe\" data-id=\"2f0d0fe\" data-element_type=\"column\">\n\t\t\t<div class=\"elementor-widget-wrap elementor-element-populated\">\n\t\t\t\t\t\t<div class=\"elementor-element elementor-element-f40e48a elementor-widget elementor-widget-spacer\" data-id=\"f40e48a\" data-element_type=\"widget\" data-widget_type=\"spacer.default\">\n\t\t\t\t<div class=\"elementor-widget-container\">\n\t\t\t\t\t\t\t<div class=\"elementor-spacer\">\n\t\t\t<div class=\"elementor-spacer-inner\"><\/div>\n\t\t<\/div>\n\t\t\t\t\t\t<\/div>\n\t\t\t\t<\/div>\n\t\t\t\t<div class=\"elementor-element elementor-element-4b19f7a elementor-widget elementor-widget-heading\" data-id=\"4b19f7a\" data-element_type=\"widget\" data-widget_type=\"heading.default\">\n\t\t\t\t<div class=\"elementor-widget-container\">\n\t\t\t\t\t<h2 class=\"elementor-heading-title elementor-size-default\">MALLARIN IADESI<\/h2>\t\t\t\t<\/div>\n\t\t\t\t<\/div>\n\t\t\t\t<div class=\"elementor-element elementor-element-12aa9ba elementor-widget elementor-widget-spacer\" data-id=\"12aa9ba\" data-element_type=\"widget\" data-widget_type=\"spacer.default\">\n\t\t\t\t<div class=\"elementor-widget-container\">\n\t\t\t\t\t\t\t<div class=\"elementor-spacer\">\n\t\t\t<div class=\"elementor-spacer-inner\"><\/div>\n\t\t<\/div>\n\t\t\t\t\t\t<\/div>\n\t\t\t\t<\/div>\n\t\t\t\t\t<\/div>\n\t\t<\/div>\n\t\t\t\t\t<\/div>\n\t\t<\/section>\n\t\t\t\t<section class=\"elementor-section elementor-top-section elementor-element elementor-element-16197731 elementor-section-boxed elementor-section-height-default elementor-section-height-default\" data-id=\"16197731\" data-element_type=\"section\">\n\t\t\t\t\t\t<div class=\"elementor-container elementor-column-gap-default\">\n\t\t\t\t\t<div class=\"elementor-column elementor-col-100 elementor-top-column elementor-element elementor-element-3764d631\" data-id=\"3764d631\" data-element_type=\"column\">\n\t\t\t<div class=\"elementor-widget-wrap elementor-element-populated\">\n\t\t\t\t\t\t<div class=\"elementor-element elementor-element-6044845d elementor-widget elementor-widget-text-editor\" data-id=\"6044845d\" data-element_type=\"widget\" data-widget_type=\"text-editor.default\">\n\t\t\t\t<div class=\"elementor-widget-container\">\n\t\t\t\t\t\t\t\t\t<p>Ma\u011fazam\u0131zda sunulan \u00fcr\u00fcnler, al\u0131c\u0131n\u0131n bireysel sipari\u015finden sonra olu\u015fturulur, bu durumda AB i\u00e7inde 14 g\u00fcn i\u00e7inde iade hakk\u0131 s\u0131n\u0131rl\u0131d\u0131r. Bir t\u00fcketiciyseniz ve bir \u00fcr\u00fcn\u00fc iade etmek istiyorsan\u0131z, l\u00fctfen bizimle ileti\u015fime ge\u00e7in, her durumu ayr\u0131 ayr\u0131 de\u011ferlendiririz.&nbsp;<span style=\"background-color: var(--darkreader-bg--nv-site-bg); color: var(--darkreader-text--nv-text-color); font-family: var(--bodyfontfamily),var(--nv-fallback-ff); font-size: var(--bodyfontsize); font-weight: var(--bodyfontweight); letter-spacing: var(--bodyletterspacing); text-transform: var(--bodytexttransform); --darkreader-inline-bgcolor:var(--darkreader-bg--darkreader-bg--nv-site-bg); --darkreader-inline-color:var(--darkreader-text--darkreader-text--nv-text-color);\" data-darkreader-inline-bgcolor=\"\" data-darkreader-inline-color=\"\">\u00dcr\u00fcn\u00fcn iade edilebilmesi i\u00e7in kullan\u0131lmam\u0131\u015f ve teslim ald\u0131\u011f\u0131n\u0131z durumda olmas\u0131 gerekir. Ayr\u0131ca nakliye s\u0131ras\u0131nda hasar g\u00f6rmemesi i\u00e7in orijinal ambalaj\u0131nda olmal\u0131d\u0131r.<\/span><\/p>\n<p><strong>I\u0307ADE PROSED\u00dcR\u00dc<\/strong><\/p>\n<p>\u00d6nce e-posta ile bize bildirin <a href=\"https:\/\/ledwords.eu\/tr\/iletisim\/\">\u0130leti\u015fim Formu<\/a> i\u0307ade hakkinda. Mallar, iadeyi kabul ettikten sonra alaca\u011f\u0131n\u0131z adrese geri g\u00f6nderilmelidir.&nbsp;<span style=\"background-color: var(--darkreader-bg--nv-site-bg); color: var(--darkreader-text--nv-text-color); font-family: var(--bodyfontfamily),var(--nv-fallback-ff); font-size: var(--bodyfontsize); font-weight: var(--bodyfontweight); letter-spacing: var(--bodyletterspacing); text-transform: var(--bodytexttransform); --darkreader-inline-bgcolor:var(--darkreader-bg--darkreader-bg--nv-site-bg); --darkreader-inline-color:var(--darkreader-text--darkreader-text--nv-text-color);\" data-darkreader-inline-bgcolor=\"\" data-darkreader-inline-color=\"\">\u0130adeyi ald\u0131ktan ve kontrol ettikten sonra, iade edilen \u00fcr\u00fcn\u00fc ald\u0131\u011f\u0131m\u0131z\u0131 bildiren bir e-posta g\u00f6nderece\u011fiz. Ayr\u0131ca iadenin onaylan\u0131p onaylanmad\u0131\u011f\u0131n\u0131 veya reddedilip reddedilmedi\u011fini de size bildirece\u011fiz.&nbsp;<\/span><span style=\"background-color: var(--darkreader-bg--nv-site-bg); color: var(--darkreader-text--nv-text-color); font-family: var(--bodyfontfamily),var(--nv-fallback-ff); font-size: var(--bodyfontsize); font-weight: var(--bodyfontweight); letter-spacing: var(--bodyletterspacing); text-transform: var(--bodytexttransform); --darkreader-inline-bgcolor:var(--darkreader-bg--darkreader-bg--nv-site-bg); --darkreader-inline-color:var(--darkreader-text--darkreader-text--nv-text-color);\" data-darkreader-inline-bgcolor=\"\" data-darkreader-inline-color=\"\">Para iadesi onaylan\u0131rsa, para \u00f6deme kart\u0131na veya orijinal \u00f6deme y\u00f6ntemine iade edilecektir.<\/span><\/p>\n<p><span style=\"background-color: var(--darkreader-bg--nv-site-bg); color: var(--darkreader-text--nv-text-color); font-family: var(--bodyfontfamily),var(--nv-fallback-ff); font-size: var(--bodyfontsize); font-weight: var(--bodyfontweight); letter-spacing: var(--bodyletterspacing); text-transform: var(--bodytexttransform); --darkreader-inline-bgcolor:var(--darkreader-bg--darkreader-bg--nv-site-bg); --darkreader-inline-color:var(--darkreader-text--darkreader-text--nv-text-color);\" data-darkreader-inline-bgcolor=\"\" data-darkreader-inline-color=\"\">Hen\u00fcz bir geri \u00f6deme almad\u0131ysan\u0131z, \u00f6nce banka hesab\u0131n\u0131z\u0131 tekrar kontrol edin. Ard\u0131ndan, \u00f6deme kartla yap\u0131ld\u0131ysa \u00f6deme kart\u0131n\u0131z\u0131 veren kurulu\u015fla ileti\u015fime ge\u00e7in. Geri \u00f6demenin g\u00f6nderilmesi genellikle biraz zaman al\u0131r.<\/span><\/p>\n<p>Bu ad\u0131mlar\u0131 izledikten sonra hala para iadesi almad\u0131ysan\u0131z, <a href=\"https:\/\/ledwords.eu\/tr\/iletisim\/\">Bize ula\u015f\u0131n<\/a>.<\/p>\n<p><strong>DE\u011e\u0130\u015e\u0130MLER<\/strong><\/p>\n<p>Sadece hatal\u0131 veya hasarl\u0131 \u00fcr\u00fcnleri de\u011fi\u015ftiriyoruz. Ayn\u0131 \u00fcr\u00fcnle de\u011fi\u015ftirmek isterseniz, l\u00fctfen a\u015fa\u011f\u0131daki adresi kullanarak bize e-posta ile bildirin <a href=\"https:\/\/ledwords.eu\/tr\/iletisim\/\">\u0130leti\u015fim Formu<\/a> ve de\u011fi\u015fim onayland\u0131ktan sonra \u00fcr\u00fcn\u00fc bizden alaca\u011f\u0131n\u0131z adrese g\u00f6nderin.<\/p>\n<p><span style=\"background-color: var(--darkreader-bg--nv-site-bg); color: var(--darkreader-text--nv-text-color); font-family: var(--bodyfontfamily),var(--nv-fallback-ff); font-size: var(--bodyfontsize); font-weight: var(--bodyfontweight); letter-spacing: var(--bodyletterspacing); text-transform: var(--bodytexttransform); --darkreader-inline-bgcolor:var(--darkreader-bg--darkreader-bg--nv-site-bg); --darkreader-inline-color:var(--darkreader-text--darkreader-text--nv-text-color);\" data-darkreader-inline-bgcolor=\"\" data-darkreader-inline-color=\"\">\u00dcr\u00fcn\u00fc iade ederken nakliye masraflar\u0131n\u0131 \u00f6demekten siz sorumlu olacaks\u0131n\u0131z. Nakliye masraflar\u0131 iade edilmez. Daha pahal\u0131 \u00fcr\u00fcnleri iade ediyorsan\u0131z, nakliye sigortas\u0131 yapt\u0131rmay\u0131 d\u00fc\u015f\u00fcnebilirsiniz. \u0130ade etti\u011finiz \u00fcr\u00fcn\u00fc teslim alaca\u011f\u0131n\u0131z\u0131 garanti etmiyoruz, ancak paketinizin kaybolmas\u0131 veya hasar g\u00f6rmesi durumunda kargo \u015firketinden talepte bulunma se\u00e7ene\u011finiz vard\u0131r.<\/span><br><\/p>\n<p><span style=\"text-decoration: underline;\"><strong>COD ile g\u00f6nderilen paketleri kabul etmiyoruz.<\/strong><\/span><\/p>\n<p>Bize \u015fu adresten ula\u015f\u0131n <a href=\"https:\/\/ledwords.eu\/tr\/iletisim\/\">\u0130leti\u015fim Formu<\/a>iade ve geri \u00f6demeler hakk\u0131nda sorular\u0131n\u0131z varsa.<\/p>\t\t\t\t\t\t\t\t<\/div>\n\t\t\t\t<\/div>\n\t\t\t\t\t<\/div>\n\t\t<\/div>\n\t\t\t\t\t<\/div>\n\t\t<\/section>\n\t\t\t\t<\/div>","protected":false},"excerpt":{"rendered":"<p>MALLARIN \u0130ADES\u0130 Ma\u011fazam\u0131zda sunulan \u00fcr\u00fcnler, al\u0131c\u0131 taraf\u0131ndan bireysel bir sipari\u015ften sonra olu\u015fturulur, bu durumda AB i\u00e7inde 14 g\u00fcn i\u00e7inde iade hakk\u0131 s\u0131n\u0131rl\u0131d\u0131r. Bir t\u00fcketiciyseniz ve bir \u00fcr\u00fcn\u00fc iade etmek istiyorsan\u0131z l\u00fctfen bizimle ileti\u015fime ge\u00e7in, her durumu ayr\u0131 ayr\u0131 de\u011ferlendiririz. \u0130ade i\u00e7in uygun olmas\u0131 i\u00e7in, \u00fcr\u00fcn kullan\u0131lmam\u0131\u015f ve ayn\u0131 durumda olmal\u0131d\u0131r ...&nbsp;<a href=\"https:\/\/ledwords.eu\/tr\/geri-doner\/\" rel=\"bookmark\">Daha fazlas\u0131n\u0131 oku \"<span class=\"screen-reader-text\">\u0130ade politikas\u0131<\/span><\/a><\/p>","protected":false},"author":1,"featured_media":0,"parent":0,"menu_order":0,"comment_status":"closed","ping_status":"closed","template":"","meta":{"neve_meta_sidebar":"","neve_meta_container":"","neve_meta_enable_content_width":"","neve_meta_content_width":0,"neve_meta_title_alignment":"","neve_meta_author_avatar":"","neve_post_elements_order":"","neve_meta_disable_header":"","neve_meta_disable_footer":"","neve_meta_disable_title":"on","neve_meta_reading_time":"","footnotes":""},"class_list":["post-11","page","type-page","status-publish","hentry"],"_links":{"self":[{"href":"https:\/\/ledwords.eu\/tr\/wp-json\/wp\/v2\/pages\/11","targetHints":{"allow":["GET"]}}],"collection":[{"href":"https:\/\/ledwords.eu\/tr\/wp-json\/wp\/v2\/pages"}],"about":[{"href":"https:\/\/ledwords.eu\/tr\/wp-json\/wp\/v2\/types\/page"}],"author":[{"embeddable":true,"href":"https:\/\/ledwords.eu\/tr\/wp-json\/wp\/v2\/users\/1"}],"replies":[{"embeddable":true,"href":"https:\/\/ledwords.eu\/tr\/wp-json\/wp\/v2\/comments?post=11"}],"version-history":[{"count":13,"href":"https:\/\/ledwords.eu\/tr\/wp-json\/wp\/v2\/pages\/11\/revisions"}],"predecessor-version":[{"id":1688,"href":"https:\/\/ledwords.eu\/tr\/wp-json\/wp\/v2\/pages\/11\/revisions\/1688"}],"wp:attachment":[{"href":"https:\/\/ledwords.eu\/tr\/wp-json\/wp\/v2\/media?parent=11"}],"curies":[{"name":"wp","href":"https:\/\/api.w.org\/{rel}","templated":true}]}}