{"id":1318,"date":"2022-11-27T21:10:13","date_gmt":"2022-11-27T20:10:13","guid":{"rendered":"https:\/\/ledwords.eu\/?post_type=product&#038;p=1318"},"modified":"2025-12-20T10:08:25","modified_gmt":"2025-12-20T09:08:25","slug":"podswietlane-logo-3d-led-bmw-50-80-cm-reklama-2","status":"publish","type":"product","link":"https:\/\/ledwords.eu\/sk\/produkt\/podswietlane-logo-3d-led-bmw-50-80-cm-reklama-2\/","title":{"rendered":"Svietiace 3D LED logo BMW 50-80 CM Reklamn\u00e9..."},"content":{"rendered":"<p>Podsvieten\u00e9 3D LED logo BMW<\/p>\n<p>Priemer 50-80 CM<\/p>\n<p>\u017div\u00e9 a s\u00fdte farby chr\u00e1nen\u00e9 ochrannou impregn\u00e1ciou. Vysokokvalitn\u00e9, rovnomerne svietiace osvetlenie LED. Hlin\u00edkov\u00fd r\u00e1m, lakovan\u00fd. Logo je odoln\u00e9 vo\u010di vonkaj\u0161\u00edm podmienkam (IP68).<\/p>\n<p>Nap\u00e1jac\u00ed k\u00e1bel s eur\u00f3pskou z\u00e1str\u010dkou je s\u00fa\u010das\u0165ou balenia. Univerz\u00e1lny zabudovan\u00fd nap\u00e1jac\u00ed zdroj s nap\u00e4t\u00edm 110-230 V. V pr\u00edpade in\u00fdch z\u00e1suviek m\u00f4\u017eete pou\u017ei\u0165 adapt\u00e9r alebo vymeni\u0165 z\u00e1str\u010dku. Pri objedn\u00e1vkach z USA sa prid\u00e1va adapt\u00e9r na z\u00e1str\u010dku E\u00da-USA. Vonkaj\u0161ie aj vn\u00fatorn\u00e9 verzie sp\u013a\u0148aj\u00fa normu IP68, pri\u010dom vonkaj\u0161ia verzia m\u00e1 o nie\u010do vodotesnej\u0161\u00ed vn\u00fatorn\u00fd zdroj nap\u00e1jania.<\/p>\n<p>Jednoduch\u00e1 mont\u00e1\u017e na konzoly. Existuje aj in\u00fd sp\u00f4sob mont\u00e1\u017ee, napr\u00edklad pomocou k\u00e1bla, ktor\u00fd vedie zo steny k v\u00fdrobku. \u010eal\u0161ie inform\u00e1cie o sp\u00f4soboch mont\u00e1\u017ee n\u00e1jdete v \u010dasti <a href=\"https:\/\/ledwords.eu\/sk\/instrukcie\/\">pokyny<\/a>.<\/p>\n<p>2-ro\u010dn\u00e1 z\u00e1ruka<\/p>","protected":false},"excerpt":{"rendered":"<p>Svietiace 3D LED logo BMW Priemer 50-80 CM \u017div\u00e9 a s\u00fdte farby, chr\u00e1nen\u00e9 ochrannou impregn\u00e1ciou. Vysokokvalitn\u00e9, rovnomerne svietiace LED osvetlenie. Hlin\u00edkov\u00fd r\u00e1m, lakovan\u00fd. Logo je odoln\u00e9 vo\u010di vonkaj\u0161\u00edm podmienkam (IP68). Nap\u00e1jac\u00ed k\u00e1bel s eur\u00f3pskou z\u00e1str\u010dkou je s\u00fa\u010das\u0165ou dod\u00e1vky. Univerz\u00e1lny zabudovan\u00fd nap\u00e1jac\u00ed zdroj pracuj\u00faci v rozsahu 110-230 V. Pre in\u00e9 z\u00e1suvky mo\u017eno pou\u017ei\u0165 adapt\u00e9r alebo vymeni\u0165 z\u00e1str\u010dku. Pre.&nbsp;<a href=\"https:\/\/ledwords.eu\/sk\/produkt\/podswietlane-logo-3d-led-bmw-50-80-cm-reklama-2\/\" rel=\"bookmark\">\u010c\u00edta\u0165 viac \"<span class=\"screen-reader-text\">Svietiace 3D LED logo BMW 50-80 CM Reklamn\u00e9...<\/span><\/a><\/p>","protected":false},"featured_media":1328,"template":"","meta":{"neve_meta_sidebar":"","neve_meta_container":"","neve_meta_enable_content_width":"off","neve_meta_content_width":100,"neve_meta_title_alignment":"","neve_meta_author_avatar":"","neve_post_elements_order":"","neve_meta_disable_header":"","neve_meta_disable_footer":"","neve_meta_disable_title":"","neve_meta_reading_time":"","neve_tabs_data":"","neve_override_tab_layout":""},"product_brand":[],"product_cat":[58],"product_tag":[32,35,63,30,31,29,37],"class_list":{"0":"post-1318","1":"product","2":"type-product","3":"status-publish","4":"has-post-thumbnail","6":"product_cat-motocykle-i-pojazdy","7":"product_tag-3d","8":"product_tag-backlit","9":"product_tag-bmw","10":"product_tag-led","11":"product_tag-logo","12":"product_tag-neon","13":"product_tag-sign","15":"first","16":"instock","17":"shipping-taxable","18":"purchasable","19":"product-type-variable","20":"has-default-attributes"},"_links":{"self":[{"href":"https:\/\/ledwords.eu\/sk\/wp-json\/wp\/v2\/product\/1318","targetHints":{"allow":["GET"]}}],"collection":[{"href":"https:\/\/ledwords.eu\/sk\/wp-json\/wp\/v2\/product"}],"about":[{"href":"https:\/\/ledwords.eu\/sk\/wp-json\/wp\/v2\/types\/product"}],"wp:featuredmedia":[{"embeddable":true,"href":"https:\/\/ledwords.eu\/sk\/wp-json\/wp\/v2\/media\/1328"}],"wp:attachment":[{"href":"https:\/\/ledwords.eu\/sk\/wp-json\/wp\/v2\/media?parent=1318"}],"wp:term":[{"taxonomy":"product_brand","embeddable":true,"href":"https:\/\/ledwords.eu\/sk\/wp-json\/wp\/v2\/product_brand?post=1318"},{"taxonomy":"product_cat","embeddable":true,"href":"https:\/\/ledwords.eu\/sk\/wp-json\/wp\/v2\/product_cat?post=1318"},{"taxonomy":"product_tag","embeddable":true,"href":"https:\/\/ledwords.eu\/sk\/wp-json\/wp\/v2\/product_tag?post=1318"}],"curies":[{"name":"pracovn\u00fd list","href":"https:\/\/api.w.org\/{rel}","templated":true}]}}