{"id":328,"date":"2022-09-06T14:39:43","date_gmt":"2022-09-06T12:39:43","guid":{"rendered":"https:\/\/ledwords.eu\/?page_id=328"},"modified":"2023-09-07T16:09:45","modified_gmt":"2023-09-07T14:09:45","slug":"regulamin","status":"publish","type":"page","link":"https:\/\/ledwords.eu\/sk\/predpisy\/","title":{"rendered":"Predpisy"},"content":{"rendered":"<div data-elementor-type=\"wp-page\" data-elementor-id=\"328\" class=\"elementor elementor-328\" data-elementor-post-type=\"page\">\n\t\t\t\t\t\t<section class=\"elementor-section elementor-top-section elementor-element elementor-element-dcecaa4 elementor-section-boxed elementor-section-height-default elementor-section-height-default\" data-id=\"dcecaa4\" data-element_type=\"section\">\n\t\t\t\t\t\t<div class=\"elementor-container elementor-column-gap-default\">\n\t\t\t\t\t<div class=\"elementor-column elementor-col-100 elementor-top-column elementor-element elementor-element-89c4df8\" data-id=\"89c4df8\" data-element_type=\"column\">\n\t\t\t<div class=\"elementor-widget-wrap elementor-element-populated\">\n\t\t\t\t\t\t<div class=\"elementor-element elementor-element-e1104de elementor-widget elementor-widget-spacer\" data-id=\"e1104de\" data-element_type=\"widget\" data-widget_type=\"spacer.default\">\n\t\t\t\t<div class=\"elementor-widget-container\">\n\t\t\t\t\t\t\t<div class=\"elementor-spacer\">\n\t\t\t<div class=\"elementor-spacer-inner\"><\/div>\n\t\t<\/div>\n\t\t\t\t\t\t<\/div>\n\t\t\t\t<\/div>\n\t\t\t\t<div class=\"elementor-element elementor-element-3f3e065 elementor-widget elementor-widget-heading\" data-id=\"3f3e065\" data-element_type=\"widget\" data-widget_type=\"heading.default\">\n\t\t\t\t<div class=\"elementor-widget-container\">\n\t\t\t\t\t<h2 class=\"elementor-heading-title elementor-size-default\">PREDPISY<\/h2>\t\t\t\t<\/div>\n\t\t\t\t<\/div>\n\t\t\t\t<div class=\"elementor-element elementor-element-169ecac elementor-widget elementor-widget-spacer\" data-id=\"169ecac\" data-element_type=\"widget\" data-widget_type=\"spacer.default\">\n\t\t\t\t<div class=\"elementor-widget-container\">\n\t\t\t\t\t\t\t<div class=\"elementor-spacer\">\n\t\t\t<div class=\"elementor-spacer-inner\"><\/div>\n\t\t<\/div>\n\t\t\t\t\t\t<\/div>\n\t\t\t\t<\/div>\n\t\t\t\t\t<\/div>\n\t\t<\/div>\n\t\t\t\t\t<\/div>\n\t\t<\/section>\n\t\t\t\t<section class=\"elementor-section elementor-top-section elementor-element elementor-element-d7d07a4 elementor-section-boxed elementor-section-height-default elementor-section-height-default\" data-id=\"d7d07a4\" data-element_type=\"section\">\n\t\t\t\t\t\t<div class=\"elementor-container elementor-column-gap-default\">\n\t\t\t\t\t<div class=\"elementor-column elementor-col-100 elementor-top-column elementor-element elementor-element-2394e47\" data-id=\"2394e47\" data-element_type=\"column\">\n\t\t\t<div class=\"elementor-widget-wrap elementor-element-populated\">\n\t\t\t\t\t\t<div class=\"elementor-element elementor-element-1e1001a elementor-widget elementor-widget-text-editor\" data-id=\"1e1001a\" data-element_type=\"widget\" data-widget_type=\"text-editor.default\">\n\t\t\t\t<div class=\"elementor-widget-container\">\n\t\t\t\t\t\t\t\t\t<p><!-- Regulamin --><\/p>\n<h4>I V\u0160EOBECN\u00c9 USTANOVENIA<\/h4>\n<ol>\n<li>Tieto obchodn\u00e9 podmienky sa vz\u0165ahuj\u00fa na pravidl\u00e1 pou\u017e\u00edvania internetov\u00e9ho obchodu www.ledwords.eu, \u010falej len \"obchod\". Obchod bol vytvoren\u00fd na z\u00e1klade z\u00e1konov USA a pred\u00e1va sa v USA a Eur\u00f3pskej \u00fanii.<\/li>\n<li>Internetov\u00fd obchod, ktor\u00fd funguje na adrese www.ledwords.eu, vlastn\u00ed spolo\u010dnos\u0165 LEDWords LLC so s\u00eddlom v Cheyenne.<\/li>\n<li>Obchodn\u00e9 podmienky vymedzuj\u00fa pr\u00e1va a povinnosti Pou\u017e\u00edvate\u013eov, ako aj pr\u00e1va a povinnosti Pred\u00e1vaj\u00faceho ako subjektu spravuj\u00faceho a prev\u00e1dzkuj\u00faceho Obchod.<\/li>\n<li>Tieto podmienky sa vz\u0165ahuj\u00fa na v\u0161etk\u00fdch pou\u017e\u00edvate\u013eov vr\u00e1tane spotrebite\u013eov.<\/li>\n<li>Po registr\u00e1cii je pou\u017e\u00edvate\u013e povinn\u00fd obozn\u00e1mi\u0165 sa s obsahom zmluvn\u00fdch podmienok a \u010fal\u0161ie \u010dinnosti m\u00f4\u017ee vykon\u00e1va\u0165 a\u017e po tom, ako s\u00fahlas\u00ed so v\u0161etk\u00fdmi ich ustanoveniami a akceptuje ich.<\/li>\n<li>Pravidl\u00e1 a predpisy s\u00fa Z\u00e1kazn\u00edkovi bezplatne spr\u00edstupnen\u00e9 prostredn\u00edctvom internetovej str\u00e1nky www.ledwords.eu, a to vo forme, ktor\u00e1 umo\u017e\u0148uje z\u00edska\u0165, reprodukova\u0165 a zaznamena\u0165 Pravidl\u00e1 a predpisy prostredn\u00edctvom teleinforma\u010dn\u00e9ho syst\u00e9mu pou\u017e\u00edvan\u00e9ho Z\u00e1kazn\u00edkom obchodu.<\/li>\n<li>Pri registr\u00e1cii \u00fa\u010dtu v obchode je z\u00e1kazn\u00edk povinn\u00fd obozn\u00e1mi\u0165 sa s obchodn\u00fdmi podmienkami a akceptovan\u00edm a dodr\u017eiavan\u00edm ustanoven\u00ed t\u00fdchto obchodn\u00fdch podmienok m\u00f4\u017ee z\u00e1kazn\u00edk nakupova\u0165 za podmienok uveden\u00fdch v obchodn\u00fdch podmienkach.<br><br><\/li>\n<\/ol>\n<h4>II DEFIN\u00cdCIE<\/h4>\n<ol>\n<li>Pou\u017e\u00edvate\u013e - fyzick\u00e1 osoba, spotrebite\u013e, pr\u00e1vnick\u00e1 osoba alebo organiza\u010dn\u00e1 jednotka bez pr\u00e1vnej subjektivity, ktor\u00e1 vyu\u017e\u00edva slu\u017eby obchodu.<\/li>\n<li>Spotrebite\u013e - pod\u013ea \u00a7 22 ods. 1 Ob\u010dianskeho z\u00e1konn\u00edka - fyzick\u00e1 osoba, ktor\u00e1 rob\u00ed pr\u00e1vny \u00fakon, ktor\u00fd priamo nes\u00favis\u00ed s jej hospod\u00e1rskou alebo profesion\u00e1lnou \u010dinnos\u0165ou.<\/li>\n<li>Maloobchodn\u00fd z\u00e1kazn\u00edk\/kupuj\u00faci - pou\u017e\u00edvate\u013e, ktor\u00fd nakupuje v\u00fdrobky za maloobchodn\u00e9 ceny (bez z\u013eavy).<\/li>\n<li>St\u00e1ly z\u00e1kazn\u00edk \/ kupuj\u00faci - registrovan\u00fd pou\u017e\u00edvate\u013e, osoba opr\u00e1vnen\u00e1 nakupova\u0165 v\u00fdrobky so z\u013eavou.<\/li>\n<li>Spr\u00e1vca - subjekt, ktor\u00fd poskytuje www.ledwords.eu v prospech pou\u017e\u00edvate\u013eov obchodu.<\/li>\n<li>Pou\u017e\u00edvate\u013esk\u00fd \u00fa\u010det - po registr\u00e1cii a prihl\u00e1sen\u00ed m\u00e1 pou\u017e\u00edvate\u013e mo\u017enos\u0165 objedna\u0165 vydan\u00e9 produkty.<br><br><\/li>\n<\/ol>\n<h4>III TECHNICK\u00c9 PODMIENKY POU\u017d\u00cdVANIA<\/h4>\n<ol>\n<li>Predmetom \u010dinnosti obchodu je maloobchodn\u00fd a ve\u013ekoobchodn\u00fd predaj kozmetick\u00fdch v\u00fdrobkov a v\u00fd\u017eivov\u00fdch doplnkov prostredn\u00edctvom internetov\u00e9ho obchodu.<\/li>\n<li>Katal\u00f3g v\u00fdrobkov predstavuje v\u00fdzvu na uzavretie zmluvy.<\/li>\n<li>Ak chcete pou\u017e\u00edva\u0165 slu\u017eby obchodu, je nevyhnutn\u00e9, aby bol vo va\u0161om prehliada\u010di povolen\u00fd JavaScript.<\/li>\n<li>Na pou\u017e\u00edvanie internetov\u00e9ho obchodu je potrebn\u00e9, aby mal z\u00e1kazn\u00edk akt\u00edvne konto elektronickej po\u0161ty (e-mail).<\/li>\n<li>Pri pou\u017e\u00edvan\u00ed obchodu sa do po\u010d\u00edta\u010dov\u00e9ho syst\u00e9mu z\u00e1kazn\u00edka in\u0161taluj\u00fa mal\u00e9 s\u00fabory cookie na spr\u00e1vne fungovanie ur\u010dit\u00fdch funkci\u00ed obchodu, ak to prehliada\u010d, ktor\u00fd z\u00e1kazn\u00edk pou\u017e\u00edva, umo\u017e\u0148uje.<\/li>\n<li>Obchod nikdy neposiela \u017eiadosti o zaslanie hesla z\u00e1kazn\u00edka e-mailom.<br><br><\/li>\n<\/ol>\n<h4>IV REGISTR\u00c1CIA na str\u00e1nke ledwords.eu a PODMIENKY PREDKLADANIA A VYKONANIA OBJEDN\u00c1VOK<\/h4>\n<ol>\n<li>Obchod pred\u00e1va tovar prostredn\u00edctvom internetu na adrese www.ledwords.eu. Objedn\u00e1vky od z\u00e1kazn\u00edkov sa prij\u00edmaj\u00fa prostredn\u00edctvom webovej str\u00e1nky www.ledwords.eu.<\/li>\n<li>Objedn\u00e1vku m\u00f4\u017eete uskuto\u010dni\u0165 pomocou funkcie pridania v\u00fdrobku do n\u00e1kupn\u00e9ho ko\u0161\u00edka a potom pomocou tla\u010didla \"Objedna\u0165\".<\/li>\n<li>Pre spr\u00e1vny priebeh postupu objedn\u00e1vania je potrebn\u00e9 nastavi\u0165 pou\u017e\u00edvate\u013esk\u00fd \u00fa\u010det, prostredn\u00edctvom ktor\u00e9ho je mo\u017en\u00e9 sledova\u0165 aj stav objedn\u00e1vky.<\/li>\n<li>Z\u00e1kladnou podmienkou spracovania uskuto\u010dnen\u00fdch n\u00e1kupov je spr\u00e1vne vyplnenie kontaktn\u00fdch \u00fadajov, spr\u00e1vna a existuj\u00faca e-mailov\u00e1 adresa a telef\u00f3nne \u010d\u00edslo, na ktorom je mo\u017en\u00e9 objedn\u00e1vku potvrdi\u0165. Objedn\u00e1vky, ktor\u00e9 nebude mo\u017en\u00e9 potvrdi\u0165 do 3 pracovn\u00fdch dn\u00ed, nebud\u00fa spracovan\u00e9.<\/li>\n<li>Po zadan\u00ed registra\u010dn\u00fdch \u00fadajov z\u00e1kazn\u00edk potvrdzuje, \u017ee si pre\u010d\u00edtal a s\u00fahlas\u00ed s t\u00fdmito podmienkami.<\/li>\n<li>Pou\u017e\u00edvate\u013e urob\u00ed nasleduj\u00face vyhl\u00e1senie za\u0161krtnut\u00edm pr\u00edslu\u0161n\u00fdch pol\u00ed\u010dok alebo zadan\u00edm svojich \u00fadajov do pr\u00edslu\u0161n\u00fdch pol\u00ed:\n<ol>\n<li>S\u00fahlas\u00edm, aby spr\u00e1vca sprac\u00faval moje osobn\u00e9 \u00fadaje uveden\u00e9 v registra\u010dnom formul\u00e1ri a objedn\u00e1vkov\u00fdch formul\u00e1roch na \u00fa\u010dely riadneho plnenia zmluvy;<\/li>\n<li>Prist\u00fapil som dobrovo\u013ene, aby som mohol vyu\u017e\u00edva\u0165 slu\u017eby obchodu;<\/li>\n<li>Pre\u010d\u00edtal som si Podmienky a s\u00fahlas\u00edm so v\u0161etk\u00fdmi ich ustanoveniami;<\/li>\n<li>\u00dadaje uveden\u00e9 vo formul\u00e1ri s\u00fa spr\u00e1vne;<\/li>\n<\/ol>\n<\/li>\n<li>Obchod neposkytuje osobn\u00e9 \u00fadaje poskytnut\u00e9 pri registr\u00e1cii tret\u00edm stran\u00e1m, s v\u00fdnimkou \u017eiadosti opr\u00e1vnen\u00fdch \u0161t\u00e1tnych org\u00e1nov na \u00fa\u010dely ich vy\u0161etrovania.<\/li>\n<li>Z\u00e1kazn\u00edk je zodpovedn\u00fd za bezpe\u010dnos\u0165 a spr\u00e1vne pou\u017e\u00edvanie hesla, ktor\u00e9 je povinn\u00fd uchov\u00e1va\u0165 v tajnosti. Ak nastan\u00fa okolnosti, ktor\u00e9 nasved\u010duj\u00fa podozreniu, \u017ee Heslo z\u00e1kazn\u00edka je v dr\u017ebe neopr\u00e1vnenej osoby, z\u00e1kazn\u00edk je povinn\u00fd t\u00fato skuto\u010dnos\u0165 bezodkladne ozn\u00e1mi\u0165 pred\u00e1vaj\u00facemu.<\/li>\n<li>Po registr\u00e1cii sa z\u00e1kazn\u00edk m\u00f4\u017ee kedyko\u013evek prihl\u00e1si\u0165 do svojho z\u00e1kazn\u00edckeho \u00fa\u010dtu a vykona\u0165 zmeny \u00fadajov, ktor\u00e9 poskytol.<\/li>\n<li>Pri prehliadan\u00ed obchodu a zad\u00e1van\u00ed objedn\u00e1vky e-mailom nie je registr\u00e1cia povinn\u00e1.<\/li>\n<li>Registrovan\u00fd pou\u017e\u00edvate\u013e m\u00e1 mo\u017enos\u0165:\n<ol>\n<li>Objednajte si v\u00fdrobok v\u00fdberom karty Prida\u0165 do ko\u0161\u00edka;<\/li>\n<li>Odporu\u010di\u0165 priate\u013eovi;<\/li>\n<\/ol>\n<\/li>\n<li>Uverej\u0148ovanie koment\u00e1rov je zak\u00e1zan\u00e9:\n<ol>\n<li>pren\u00e1\u0161anie nez\u00e1konn\u00e9ho obsahu, zverej\u0148ovanie ur\u00e1\u017eliv\u00fdch alebo hanliv\u00fdch inform\u00e1ci\u00ed, obsahuj\u00facich hrozby alebo obsc\u00e9nny \u010di neslu\u0161n\u00fd obsah; poskytovanie nepravdiv\u00fdch alebo zav\u00e1dzaj\u00facich inform\u00e1ci\u00ed;<\/li>\n<li>Poru\u0161ovanie pr\u00e1v tret\u00edch str\u00e1n; \u0161\u00edrenie spamu;<\/li>\n<\/ol>\n<\/li>\n<li>Pou\u017e\u00edvate\u013e nesmie kop\u00edrova\u0165, upravova\u0165 alebo \u0161\u00edri\u0165 obsah, obr\u00e1zky loga bez predch\u00e1dzaj\u00faceho s\u00fahlasu opr\u00e1vnenej osoby.<\/li>\n<li>Z\u00e1kazn\u00edk po vyplnen\u00ed objedn\u00e1vky na webovej str\u00e1nke a ur\u010den\u00ed formy platby a sp\u00f4sobu doru\u010denia odo\u0161le objedn\u00e1vku do obchodu. Pred odoslan\u00edm objedn\u00e1vky sa z\u00e1kazn\u00edk mus\u00ed prihl\u00e1si\u0165 do svojho z\u00e1kazn\u00edckeho \u00fa\u010dtu. Cena vybran\u00e9ho Tovaru a n\u00e1klady na dodanie sa uved\u00fa v\u017edy pred odoslan\u00edm Objedn\u00e1vky.<\/li>\n<li>Po odoslan\u00ed objedn\u00e1vky dostane z\u00e1kazn\u00edk e-mail s potvrden\u00edm o prijat\u00ed objedn\u00e1vky v obchode, v ktorom s\u00fa potvrden\u00e9 v\u0161etky pr\u00edslu\u0161n\u00e9 n\u00e1le\u017eitosti. Na overenie podanej objedn\u00e1vky by mal z\u00e1kazn\u00edk potvrdi\u0165 objedn\u00e1vku v\u00fdberom odkazu na webov\u00fa str\u00e1nku obchodu, ktor\u00fd obsahuje zak\u00f3dovan\u00fd jedine\u010dn\u00fd identifik\u00e1tor jeho objedn\u00e1vky.<\/li>\n<li>Na z\u00e1klade potvrdenia objedn\u00e1vky prijat\u00e9ho v s\u00falade s \u00a7 5 ods. 6 Obchod over\u00ed dostupnos\u0165 Tovaru.<\/li>\n<li>V pr\u00edpade kladn\u00e9ho overenia dostupnosti Tovaru dostane Z\u00e1kazn\u00edk inform\u00e1ciu o prijat\u00ed Objedn\u00e1vky na realiz\u00e1ciu, \u010do predstavuje prijatie ponuky. S\u00fa\u010dasne sa uzatv\u00e1ra k\u00fapna zmluva na Tovar.<\/li>\n<li>Ak si z\u00e1kazn\u00edk zvol\u00ed sp\u00f4sob platby \"prevodom\", objedn\u00e1vka je vybaven\u00e1 po prip\u00edsan\u00ed prevodu na bankov\u00fd \u00fa\u010det pred\u00e1vaj\u00faceho.<\/li>\n<li>Vy\u0161\u0161ie uveden\u00e9 potvrdenia a inform\u00e1cie sa zasielaj\u00fa na e-mailov\u00fa adresu z\u00e1kazn\u00edka uveden\u00fa pri registr\u00e1cii.<\/li>\n<li>Ak sa po odoslan\u00ed Objedn\u00e1vky uk\u00e1\u017ee, \u017ee objednan\u00fd Tovar nie je \u00faplne alebo \u010diasto\u010dne dostupn\u00fd, Z\u00e1kazn\u00edk bude o tom bezodkladne informovan\u00fd e-mailom na uveden\u00fa e-mailov\u00fa adresu alebo telefonicky spolu s predpokladanou \u010dakacou lehotou na dostupnos\u0165 Tovaru. V takejto situ\u00e1cii m\u00f4\u017ee Z\u00e1kazn\u00edk napriek dlh\u0161ej \u010dakacej lehote Objedn\u00e1vku zachova\u0165, zru\u0161i\u0165 ju alebo obmedzi\u0165 Objedn\u00e1vku na \u010das\u0165 Tovaru, ktor\u00e1 je k dispoz\u00edcii.<\/li>\n<li>Z\u00e1kazn\u00edk m\u00f4\u017ee zru\u0161i\u0165 objedn\u00e1vku zadan\u00fa v Obchode kedyko\u013evek, najnesk\u00f4r v\u0161ak v okamihu odoslania Tovaru Z\u00e1kazn\u00edkovi.<br><br><\/li>\n<\/ol>\n<h4>V DODANIE<\/h4>\n<ol>\n<li>V\u00fdrobky bud\u00fa doru\u010den\u00e9 prostredn\u00edctvom medzin\u00e1rodn\u00fdch prepravn\u00fdch spolo\u010dnost\u00ed.<\/li>\n<li>Pred\u00e1vaj\u00faci si vyber\u00e1 prepravn\u00fa spolo\u010dnos\u0165 v z\u00e1vislosti od krajiny doru\u010denia.<br><br><\/li>\n<\/ol>\n<h4>VI SP\u00d4SOBY PLATBY<\/h4>\n<ol>\n<li style=\"list-style-type: none;\">\n<ol>\n<li>Platbu je mo\u017en\u00e9 uskuto\u010dni\u0165 nasledovne:\n<ol>\n<li>R\u00fdchla platba prostredn\u00edctvom extern\u00e9ho platobn\u00e9ho syst\u00e9mu PayPal<\/li>\n<li>R\u00fdchla platba prostredn\u00edctvom extern\u00e9ho platobn\u00e9ho syst\u00e9mu Stripe<\/li>\n<\/ol>\n<\/li>\n<li>V\u0161etky ceny s\u00fa uveden\u00e9 v americk\u00fdch dol\u00e1roch, s\u00fa to hrub\u00e9 ceny a zah\u0155\u0148aj\u00fa v\u0161etky dane.<\/li>\n<li>Cena uveden\u00e1 pri ka\u017edom tovare je z\u00e1v\u00e4zn\u00e1 od okamihu, ke\u010f z\u00e1kazn\u00edk zad\u00e1 objedn\u00e1vku. Cena je z\u00e1v\u00e4zn\u00e1 pre z\u00e1kazn\u00edka aj pred\u00e1vaj\u00faceho.<br><br><\/li>\n<\/ol>\n<\/li>\n<\/ol>\n<h4>VII PR\u00c1VO NA ODST\u00daPENIE OD ZMLUVY<\/h4>\n<ol>\n<li>Pod\u013ea z\u00e1kona o ochrane niektor\u00fdch pr\u00e1v spotrebite\u013ea a zodpovednosti za \u0161kodu sp\u00f4soben\u00fa nebezpe\u010dn\u00fdm v\u00fdrobkom z 2. marca 2000 (Zbierka z\u00e1konov \u010d. 22, polo\u017eka 271) m\u00f4\u017ee spotrebite\u013e odst\u00fapi\u0165 od zmluvy bez uvedenia d\u00f4vodu podan\u00edm vyhl\u00e1senia v tomto zmysle do 14 dn\u00ed od prevzatia tovaru. Na dodr\u017eanie uvedenej lehoty sta\u010d\u00ed zasla\u0165 vyhl\u00e1senie pred uplynut\u00edm jeho platnosti.<\/li>\n<li>V\u0161etky v\u00fdrobky pon\u00fakan\u00e9 v obchode s\u00fa vyroben\u00e9 na individu\u00e1lnu objedn\u00e1vku kupuj\u00faceho a pr\u00e1vo na odst\u00fapenie od zmluvy uzavretej na dia\u013eku v r\u00e1mci E\u00da sa v takomto pr\u00edpade neuplat\u0148uje.<\/li>\n<li>Na z\u00e1klade z\u00e1ruky je mo\u017en\u00e9 vr\u00e1ti\u0165 v\u00fdrobok v pr\u00edpade, \u017ee zak\u00fapen\u00fd v\u00fdrobok nie je v s\u00falade so zmluvou. Obchod umo\u017e\u0148uje vr\u00e1tenie v\u00fdrobku aj z in\u00fdch d\u00f4vodov po individu\u00e1lnom zv\u00e1\u017een\u00ed.<br><br><\/li>\n<\/ol>\n<h4>VIII S\u0164A\u017dNOSTI<\/h4>\n<ol>\n<li>S\u0165a\u017enosti t\u00fdkaj\u00face sa zodpovednosti pred\u00e1vaj\u00faceho za nes\u00falad tovaru so zmluvou je potrebn\u00e9 poda\u0165 p\u00edsomne prostredn\u00edctvom kontaktn\u00e9ho formul\u00e1ra v \u010dasti <span style=\"text-decoration: underline;\"><a href=\"https:\/\/ledwords.eu\/sk\/kontakt\/\">vr\u00e1tane .<\/a><\/span> prepojenie.<\/li>\n<li>S\u0165a\u017enos\u0165 by mala obsahova\u0165 podrobn\u00fd opis typu nes\u00faladu, d\u00e1tum v\u00fdskytu, \u010d\u00edslo objedn\u00e1vky a kontaktn\u00e9 \u00fadaje na u\u013eah\u010denie postupu pod\u00e1vania s\u0165a\u017enost\u00ed.<\/li>\n<li>Obchod vybav\u00ed reklam\u00e1ciu bezodkladne, najnesk\u00f4r do 14 dn\u00ed od prijatia reklam\u00e1cie zaslanej pou\u017e\u00edvate\u013eom.<\/li>\n<li>Vr\u00e1ten\u00fd tovar mus\u00ed by\u0165 doplnen\u00fd o opis nezhody tovaru so zmluvou, \u010d\u00edslo objedn\u00e1vky, \u010d\u00edslo \u00fa\u010dtu a kontaktn\u00e9 \u00fadaje.<\/li>\n<li>V pr\u00edpade opr\u00e1vnenej reklam\u00e1cie m\u00f4\u017ee pou\u017e\u00edvate\u013e po\u017eadova\u0165, aby bol v\u00fdrobok uveden\u00fd do s\u00faladu so zmluvou v\u00fdmenou v\u00fdrobku za nov\u00fd, pokia\u013e v\u00fdmena nie je mo\u017en\u00e1 (z d\u00f4vodu vypredania z\u00e1sob), obchod vr\u00e1ti z\u00e1kazn\u00edkovi ekvivalent k\u00fapnej ceny.<\/li>\n<li>Obchod uhrad\u00ed n\u00e1klady na zaslanie reklamovan\u00e9ho tovaru sp\u00e4\u0165 ihne\u010f po vybaven\u00ed reklam\u00e1cie.<\/li>\n<li>Odpove\u010f na s\u0165a\u017enos\u0165 sa zasiela na e-mailov\u00fa adresu, po\u0161tov\u00fa adresu alebo faxov\u00e9 \u010d\u00edslo, ktor\u00e9 poskytol pou\u017e\u00edvate\u013e.<\/li>\n<li>Ak je s\u0165a\u017enos\u0165 uznan\u00e1, obchod okam\u017eite prijme opatrenia na realiz\u00e1ciu obsahu s\u0165a\u017enosti.<br><br><\/li>\n<\/ol>\n<h4>IX OSOBN\u00c9 \u00daDAJE A Z\u00c1SADY OCHRANY OSOBN\u00ddCH \u00daDAJOV<\/h4>\n<ol>\n<li>Spr\u00e1vcom va\u0161ich osobn\u00fdch \u00fadajov je spolo\u010dnos\u0165 LEDWords LLC so s\u00eddlom v Cheyenne.<\/li>\n<li>\u00dadaje sa sprac\u00favaj\u00fa na \u00fa\u010dely spracovania objedn\u00e1vky, odoslania tovaru a vybavovania s\u0165a\u017enost\u00ed.<\/li>\n<li>Spr\u00e1vca je opr\u00e1vnen\u00fd spr\u00edstupni\u0165 osobn\u00e9 \u00fadaje len subjektom opr\u00e1vnen\u00fdm pod\u013ea pr\u00edslu\u0161n\u00fdch pr\u00e1vnych predpisov, a to v s\u00falade s ustanoveniami Obchodn\u00fdch podmienok a platn\u00fdmi pr\u00e1vnymi predpismi.<\/li>\n<li>Osobn\u00e9 \u00fadaje a inform\u00e1cie obsiahnut\u00e9 v objedn\u00e1vkovom formul\u00e1ri pou\u017eije spr\u00e1vca na uzavretie, zmenu, ukon\u010denie zmluvy s pou\u017e\u00edvate\u013eom a na zabezpe\u010denie najvy\u0161\u0161ej kvality poskytovan\u00fdch slu\u017eieb; na tento \u00fa\u010del bude spr\u00e1vca sprac\u00fava\u0165 tieto \u00fadaje: meno a priezvisko, ulice, \u010d\u00edslo domu, \u010d\u00edslo prev\u00e1dzky, PS\u010c, mesto, telef\u00f3nne \u010d\u00edslo (na u\u013eah\u010denie doru\u010dovania), e-mailov\u00fa adresu.<\/li>\n<li>Pou\u017e\u00edvate\u013e poskytuje svoje osobn\u00e9 \u00fadaje na registr\u00e1ciu dobrovo\u013ene, preto\u017ee s\u00fa potrebn\u00e9 na registr\u00e1ciu a n\u00e1kup v internetovom obchode.<\/li>\n<li>Spr\u00e1vca slu\u017eby sa zav\u00e4zuje uplat\u0148ova\u0165 technick\u00e9 a organiza\u010dn\u00e9 opatrenia na zabezpe\u010denie ochrany \u00fadajov, najm\u00e4 zabezpe\u010den\u00edm \u00fadajov proti neopr\u00e1vnen\u00e9mu pr\u00edstupu.<\/li>\n<li>Ak m\u00e1 spr\u00e1vca ak\u00e9ko\u013evek pochybnosti o spr\u00e1vnosti alebo aktu\u00e1lnosti registra\u010dn\u00fdch \u00fadajov poskytnut\u00fdch pou\u017e\u00edvate\u013eom, je opr\u00e1vnen\u00fd podnikn\u00fa\u0165 nasleduj\u00face kroky:\n<ol>\n<li>Po\u017eiadajte pou\u017e\u00edvate\u013ea o okam\u017eit\u00e9 vymazanie nepravdiv\u00fdch \u00fadajov alebo aktualiz\u00e1ciu \u00fadajov,<\/li>\n<li>okam\u017eit\u00e9 zablokovanie slu\u017eby a\u017e do objasnenia z\u00e1le\u017eitosti.<\/li>\n<\/ol>\n<\/li>\n<li>\u00dadaje sa bud\u00fa uchov\u00e1va\u0165 neobmedzene dlho.<\/li>\n<li>M\u00e1te pr\u00e1vo na pr\u00edstup k svojim osobn\u00fdm \u00fadajom, na vznesenie n\u00e1mietky, vymazanie alebo obmedzenie spracovania.<\/li>\n<li>M\u00e1te pr\u00e1vo namieta\u0165 proti \u010fal\u0161iemu sprac\u00favaniu, a ak ste udelili s\u00fahlas so sprac\u00favan\u00edm, m\u00e1te pr\u00e1vo ho odvola\u0165.<\/li>\n<li>Uplatnenie pr\u00e1va na odvolanie s\u00fahlasu nem\u00e1 vplyv na spracovanie, ktor\u00e9 sa uskuto\u010dnilo do okamihu odvolania s\u00fahlasu.<\/li>\n<li>M\u00e1te tie\u017e pr\u00e1vo na prenosnos\u0165 \u00fadajov.<\/li>\n<li>M\u00e1te pr\u00e1vo poda\u0165 s\u0165a\u017enos\u0165 dozorn\u00e9mu org\u00e1nu.<br><br><\/li>\n<\/ol>\n<h4>X AUTORSK\u00c9 PR\u00c1VO<\/h4>\n<ol>\n<li>Pred\u00e1vaj\u00faci m\u00e1 v\u00fdhradn\u00e9 majetkov\u00e9 a osobn\u00e9 autorsk\u00e9 pr\u00e1va na v\u0161etky materi\u00e1ly, \u0161abl\u00f3ny, formul\u00e1re, log\u00e1 a in\u00fd obsah obsiahnut\u00fd na webovej str\u00e1nke internetov\u00e9ho obchodu.<\/li>\n<li>Pou\u017e\u00edvanie materi\u00e1lov na webovej str\u00e1nke je povolen\u00e9 len na \u00fa\u010dely spolupr\u00e1ce s pred\u00e1vaj\u00facim a len pre vlastn\u00fa potrebu z\u00e1kazn\u00edka. Je zak\u00e1zan\u00e9 kop\u00edrova\u0165, pren\u00e1\u0161a\u0165 a spr\u00edstup\u0148ova\u0165 obsah webovej str\u00e1nky tret\u00edm stran\u00e1m za odplatu alebo bezplatne.<\/li>\n<li>Pokia\u013e ide o \u00fadaje a ak\u00e9ko\u013evek in\u00e9 materi\u00e1ly, ktor\u00e9 s\u00fa z\u00e1kazn\u00edkovi alebo pou\u017e\u00edvate\u013eovi internetu spr\u00edstupnen\u00e9 na webovej str\u00e1nke, nie je dovolen\u00e9, aby ich z\u00e1kazn\u00edk alebo pou\u017e\u00edvate\u013e internetu pou\u017e\u00edval na \u00fa\u010dely vykon\u00e1vania konkuren\u010dn\u00fdch \u010dinnost\u00ed vo\u010di pred\u00e1vaj\u00facemu.<br><br><\/li>\n<\/ol>\n<h4>XI Z\u00c1VERE\u010cN\u00c9 USTANOVENIA<\/h4>\n<ol>\n<li>Zmeny podmienok pou\u017e\u00edvania nadob\u00fadaj\u00fa platnos\u0165 po ich prijat\u00ed s\u00fa\u010dasn\u00fdmi pou\u017e\u00edvate\u013emi obchodu, ktor\u00ed s\u00fa spotrebite\u013emi (v prospech ktor\u00fdch sa slu\u017eby poskytuj\u00fa). Tak\u00fdto pou\u017e\u00edvate\u013e mus\u00ed prija\u0165 zmeny zmluvn\u00fdch podmienok zaslan\u00edm s\u00fahlasu v reakcii na inform\u00e1ciu o zmene zmluvn\u00fdch podmienok spolu s akcept\u00e1ciou nov\u00e9ho znenia zmluvn\u00fdch podmienok. U\u017e\u00edvate\u013e m\u00e1 mo\u017enos\u0165 odst\u00fapi\u0165 od zmluvy a okam\u017eite ju ukon\u010di\u0165 v pr\u00edpade neakceptovania zmenen\u00fdch a doplnen\u00fdch predpisov.<\/li>\n<li>Zmeny a doplnenia zmluvn\u00fdch podmienok nijako neovplyvnia nadobudnut\u00e9 pr\u00e1va pou\u017e\u00edvate\u013eov, ktor\u00ed pou\u017e\u00edvali internetov\u00fd obchod www.ledwords.eu pred d\u00e1tumom \u00fa\u010dinnosti zmien a doplnen\u00ed, najm\u00e4 neovplyvnia uskuto\u010dnen\u00e9 a\/alebo spracovan\u00e9 objedn\u00e1vky. V takom pr\u00edpade sa tieto objedn\u00e1vky vybavia pod\u013ea predch\u00e1dzaj\u00facich pravidiel.<\/li>\n<li>Podmienkou \u010fal\u0161ieho pou\u017e\u00edvania obchodu je prijatie podmienok v plnom rozsahu vr\u00e1tane v\u0161etk\u00fdch zmien a doplnen\u00ed.<\/li>\n<li>Spr\u00e1vca si vyhradzuje pr\u00e1vo do\u010dasne \u00faplne preru\u0161i\u0165 prev\u00e1dzku obchodu za \u00fa\u010delom jeho vylep\u0161enia, pridania slu\u017eieb alebo vykonania \u00fadr\u017eby bez predch\u00e1dzaj\u00faceho upozornenia pou\u017e\u00edvate\u013eov, \u010do v\u0161ak nebude ma\u0165 vplyv na plnenie objedn\u00e1vok, ktor\u00e9 pou\u017e\u00edvate\u013e predt\u00fdm zadal.<\/li>\n<li>Pou\u017e\u00edvate\u013e m\u00f4\u017ee kedyko\u013evek zru\u0161i\u0165 slu\u017eby poskytovan\u00e9 elektronicky Obchodom (napr. pou\u017e\u00edvate\u013esk\u00fd \u00fa\u010det) bez toho, aby mu vznikli ak\u00e9ko\u013evek dodato\u010dn\u00e9 n\u00e1klady a bez uvedenia d\u00f4vodov.<\/li>\n<li>Zmluvu m\u00f4\u017eete ukon\u010di\u0165 zaslan\u00edm pr\u00edslu\u0161n\u00e9ho vyhl\u00e1senia prostredn\u00edctvom kontaktn\u00e9ho formul\u00e1ra, ktor\u00fd sa nach\u00e1dza za <span style=\"text-decoration: underline;\"><a href=\"https:\/\/ledwords.eu\/sk\/kontakt\/\">vr\u00e1tane .<\/a><\/span> prepojenie.<\/li>\n<li>Zmluva sa vypovie do 1 pracovn\u00e9ho d\u0148a od doru\u010denia v\u00fdpovede obchodu.<\/li>\n<li>Obchod m\u00f4\u017ee vypoveda\u0165 zmluvu so 7-d\u0148ovou v\u00fdpovednou lehotou, ak pou\u017e\u00edvate\u013e poskytne nez\u00e1konn\u00fd obsah.<\/li>\n<li>Ukon\u010denie a vypovedanie zmluvy nijako neovplyvn\u00ed nadobudnut\u00e9 pr\u00e1va Z\u00e1kazn\u00edkov, ktor\u00ed pou\u017e\u00edvaj\u00fa Obchod.<\/li>\n<li>V z\u00e1le\u017eitostiach, ktor\u00e9 nie s\u00fa upraven\u00e9 t\u00fdmito Podmienkami, sa uplat\u0148uj\u00fa najm\u00e4 ustanovenia Ob\u010dianskeho z\u00e1konn\u00edka USA.<\/li>\n<li>Tieto predpisy s\u00fa \u00fa\u010dinn\u00e9 od 1.8.2021<\/li>\n<\/ol>\n<p><!-- Regulamin --><\/p>\t\t\t\t\t\t\t\t<\/div>\n\t\t\t\t<\/div>\n\t\t\t\t\t<\/div>\n\t\t<\/div>\n\t\t\t\t\t<\/div>\n\t\t<\/section>\n\t\t\t\t<\/div>","protected":false},"excerpt":{"rendered":"<p>PRAVIDL\u00c1 A V\u0160EOBECN\u00c9 USTANOVENIA Tieto pravidl\u00e1 sa t\u00fdkaj\u00fa pravidiel pou\u017e\u00edvania internetov\u00e9ho obchodu www.ledwords.eu, \u010falej len Obchod. Obchod bol zriaden\u00fd na z\u00e1klade pr\u00e1vnych predpisov platn\u00fdch v USA a vykon\u00e1va predaj v USA a Eur\u00f3pskej \u00fanii. Vlastn\u00edkom internetov\u00e9ho obchodu, ktor\u00fd je prev\u00e1dzkovan\u00fd na adrese www.ledwords.eu, je spolo\u010dnos\u0165 LEDWords LLC so s\u00eddlom v Cheyenne. Pravidl\u00e1 a predpisy vymedzuj\u00fa pr\u00e1va a povinnosti...&nbsp;<a href=\"https:\/\/ledwords.eu\/sk\/predpisy\/\" rel=\"bookmark\">\u010c\u00edta\u0165 viac \"<span class=\"screen-reader-text\">Predpisy<\/span><\/a><\/p>","protected":false},"author":1,"featured_media":0,"parent":0,"menu_order":0,"comment_status":"closed","ping_status":"closed","template":"page-templates\/template-pagebuilder-full-width.php","meta":{"neve_meta_sidebar":"","neve_meta_container":"","neve_meta_enable_content_width":"","neve_meta_content_width":0,"neve_meta_title_alignment":"","neve_meta_author_avatar":"","neve_post_elements_order":"","neve_meta_disable_header":"","neve_meta_disable_footer":"","neve_meta_disable_title":"","neve_meta_reading_time":"","footnotes":""},"class_list":["post-328","page","type-page","status-publish","hentry"],"_links":{"self":[{"href":"https:\/\/ledwords.eu\/sk\/wp-json\/wp\/v2\/pages\/328","targetHints":{"allow":["GET"]}}],"collection":[{"href":"https:\/\/ledwords.eu\/sk\/wp-json\/wp\/v2\/pages"}],"about":[{"href":"https:\/\/ledwords.eu\/sk\/wp-json\/wp\/v2\/types\/page"}],"author":[{"embeddable":true,"href":"https:\/\/ledwords.eu\/sk\/wp-json\/wp\/v2\/users\/1"}],"replies":[{"embeddable":true,"href":"https:\/\/ledwords.eu\/sk\/wp-json\/wp\/v2\/comments?post=328"}],"version-history":[{"count":31,"href":"https:\/\/ledwords.eu\/sk\/wp-json\/wp\/v2\/pages\/328\/revisions"}],"predecessor-version":[{"id":2054,"href":"https:\/\/ledwords.eu\/sk\/wp-json\/wp\/v2\/pages\/328\/revisions\/2054"}],"wp:attachment":[{"href":"https:\/\/ledwords.eu\/sk\/wp-json\/wp\/v2\/media?parent=328"}],"curies":[{"name":"pracovn\u00fd list","href":"https:\/\/api.w.org\/{rel}","templated":true}]}}