{"id":11,"date":"2022-09-06T15:49:25","date_gmt":"2022-09-06T13:49:25","guid":{"rendered":"https:\/\/ledwords.eu\/?page_id=11"},"modified":"2023-04-19T20:45:42","modified_gmt":"2023-04-19T18:45:42","slug":"zwroty","status":"publish","type":"page","link":"https:\/\/ledwords.eu\/sk\/vrati\/","title":{"rendered":"Z\u00e1sady vr\u00e1tenia tovaru"},"content":{"rendered":"<div data-elementor-type=\"wp-page\" data-elementor-id=\"11\" class=\"elementor elementor-11\" data-elementor-post-type=\"page\">\n\t\t\t\t\t\t<section class=\"elementor-section elementor-top-section elementor-element elementor-element-4de652d elementor-section-boxed elementor-section-height-default elementor-section-height-default\" data-id=\"4de652d\" data-element_type=\"section\">\n\t\t\t\t\t\t<div class=\"elementor-container elementor-column-gap-default\">\n\t\t\t\t\t<div class=\"elementor-column elementor-col-100 elementor-top-column elementor-element elementor-element-2f0d0fe\" data-id=\"2f0d0fe\" data-element_type=\"column\">\n\t\t\t<div class=\"elementor-widget-wrap elementor-element-populated\">\n\t\t\t\t\t\t<div class=\"elementor-element elementor-element-f40e48a elementor-widget elementor-widget-spacer\" data-id=\"f40e48a\" data-element_type=\"widget\" data-widget_type=\"spacer.default\">\n\t\t\t\t<div class=\"elementor-widget-container\">\n\t\t\t\t\t\t\t<div class=\"elementor-spacer\">\n\t\t\t<div class=\"elementor-spacer-inner\"><\/div>\n\t\t<\/div>\n\t\t\t\t\t\t<\/div>\n\t\t\t\t<\/div>\n\t\t\t\t<div class=\"elementor-element elementor-element-4b19f7a elementor-widget elementor-widget-heading\" data-id=\"4b19f7a\" data-element_type=\"widget\" data-widget_type=\"heading.default\">\n\t\t\t\t<div class=\"elementor-widget-container\">\n\t\t\t\t\t<h2 class=\"elementor-heading-title elementor-size-default\">VR\u00c1TENIE TOVARU<\/h2>\t\t\t\t<\/div>\n\t\t\t\t<\/div>\n\t\t\t\t<div class=\"elementor-element elementor-element-12aa9ba elementor-widget elementor-widget-spacer\" data-id=\"12aa9ba\" data-element_type=\"widget\" data-widget_type=\"spacer.default\">\n\t\t\t\t<div class=\"elementor-widget-container\">\n\t\t\t\t\t\t\t<div class=\"elementor-spacer\">\n\t\t\t<div class=\"elementor-spacer-inner\"><\/div>\n\t\t<\/div>\n\t\t\t\t\t\t<\/div>\n\t\t\t\t<\/div>\n\t\t\t\t\t<\/div>\n\t\t<\/div>\n\t\t\t\t\t<\/div>\n\t\t<\/section>\n\t\t\t\t<section class=\"elementor-section elementor-top-section elementor-element elementor-element-16197731 elementor-section-boxed elementor-section-height-default elementor-section-height-default\" data-id=\"16197731\" data-element_type=\"section\">\n\t\t\t\t\t\t<div class=\"elementor-container elementor-column-gap-default\">\n\t\t\t\t\t<div class=\"elementor-column elementor-col-100 elementor-top-column elementor-element elementor-element-3764d631\" data-id=\"3764d631\" data-element_type=\"column\">\n\t\t\t<div class=\"elementor-widget-wrap elementor-element-populated\">\n\t\t\t\t\t\t<div class=\"elementor-element elementor-element-6044845d elementor-widget elementor-widget-text-editor\" data-id=\"6044845d\" data-element_type=\"widget\" data-widget_type=\"text-editor.default\">\n\t\t\t\t<div class=\"elementor-widget-container\">\n\t\t\t\t\t\t\t\t\t<p>V\u00fdrobky pon\u00fakan\u00e9 v na\u0161om obchode s\u00fa vytvoren\u00e9 na z\u00e1klade individu\u00e1lnej objedn\u00e1vky kupuj\u00faceho, v takom pr\u00edpade je pr\u00e1vo na vr\u00e1tenie tovaru do 14 dn\u00ed v r\u00e1mci E\u00da obmedzen\u00e9. Ak ste spotrebite\u013e a chcete v\u00fdrobok vr\u00e1ti\u0165, kontaktujte n\u00e1s, ka\u017ed\u00fd pr\u00edpad posudzujeme individu\u00e1lne.&nbsp;<span style=\"background-color: var(--darkreader-bg--nv-site-bg); color: var(--darkreader-text--nv-text-color); font-family: var(--bodyfontfamily),var(--nv-fallback-ff); font-size: var(--bodyfontsize); font-weight: var(--bodyfontweight); letter-spacing: var(--bodyletterspacing); text-transform: var(--bodytexttransform); --darkreader-inline-bgcolor:var(--darkreader-bg--darkreader-bg--nv-site-bg); --darkreader-inline-color:var(--darkreader-text--darkreader-text--nv-text-color);\" data-darkreader-inline-bgcolor=\"\" data-darkreader-inline-color=\"\">Aby bolo mo\u017en\u00e9 tovar vr\u00e1ti\u0165, mus\u00ed by\u0165 nepou\u017eit\u00fd a v rovnakom stave, v akom ste ho dostali. Mus\u00ed by\u0165 tie\u017e v p\u00f4vodnom obale, aby sa nepo\u0161kodil pri preprave.<\/span><\/p>\n<p><strong>POSTUP VR\u00c1TENIA PE\u0147AZ\u00cd<\/strong><\/p>\n<p>Najsk\u00f4r n\u00e1s upozornite e-mailom pomocou <a href=\"https:\/\/ledwords.eu\/sk\/kontakt\/\">kontaktn\u00fd formul\u00e1r<\/a> o n\u00e1vrate. Tovar je potrebn\u00e9 zasla\u0165 sp\u00e4\u0165 na adresu, ktor\u00fa dostanete po prijat\u00ed vr\u00e1tenia.&nbsp;<span style=\"background-color: var(--darkreader-bg--nv-site-bg); color: var(--darkreader-text--nv-text-color); font-family: var(--bodyfontfamily),var(--nv-fallback-ff); font-size: var(--bodyfontsize); font-weight: var(--bodyfontweight); letter-spacing: var(--bodyletterspacing); text-transform: var(--bodytexttransform); --darkreader-inline-bgcolor:var(--darkreader-bg--darkreader-bg--nv-site-bg); --darkreader-inline-color:var(--darkreader-text--darkreader-text--nv-text-color);\" data-darkreader-inline-bgcolor=\"\" data-darkreader-inline-color=\"\">Po prijat\u00ed a kontrole vr\u00e1ten\u00e9ho tovaru v\u00e1m za\u0161leme e-mail s ozn\u00e1men\u00edm, \u017ee sme vr\u00e1ten\u00fd tovar dostali. Taktie\u017e v\u00e1m ozn\u00e1mime, \u010di bolo vr\u00e1tenie schv\u00e1len\u00e9 alebo zamietnut\u00e9.&nbsp;<\/span><span style=\"background-color: var(--darkreader-bg--nv-site-bg); color: var(--darkreader-text--nv-text-color); font-family: var(--bodyfontfamily),var(--nv-fallback-ff); font-size: var(--bodyfontsize); font-weight: var(--bodyfontweight); letter-spacing: var(--bodyletterspacing); text-transform: var(--bodytexttransform); --darkreader-inline-bgcolor:var(--darkreader-bg--darkreader-bg--nv-site-bg); --darkreader-inline-color:var(--darkreader-text--darkreader-text--nv-text-color);\" data-darkreader-inline-bgcolor=\"\" data-darkreader-inline-color=\"\">V pr\u00edpade schv\u00e1lenia vr\u00e1tenia pe\u0148az\u00ed bud\u00fa tieto vr\u00e1ten\u00e9 na platobn\u00fa kartu alebo na p\u00f4vodn\u00fd sp\u00f4sob platby.<\/span><\/p>\n<p><span style=\"background-color: var(--darkreader-bg--nv-site-bg); color: var(--darkreader-text--nv-text-color); font-family: var(--bodyfontfamily),var(--nv-fallback-ff); font-size: var(--bodyfontsize); font-weight: var(--bodyfontweight); letter-spacing: var(--bodyletterspacing); text-transform: var(--bodytexttransform); --darkreader-inline-bgcolor:var(--darkreader-bg--darkreader-bg--nv-site-bg); --darkreader-inline-color:var(--darkreader-text--darkreader-text--nv-text-color);\" data-darkreader-inline-bgcolor=\"\" data-darkreader-inline-color=\"\">Ak v\u00e1m e\u0161te nebola vr\u00e1ten\u00e1 suma, najprv si znovu skontrolujte bankov\u00fd \u00fa\u010det. Potom sa obr\u00e1\u0165te na vydavate\u013ea platobnej karty, ak bola platba vykonan\u00e1 kartou. \u010casto trv\u00e1 ur\u010dit\u00fd \u010das, k\u00fdm sa vr\u00e1tenie pe\u0148az\u00ed za\u00fa\u010dtuje.<\/span><\/p>\n<p>Ak ste po vykonan\u00ed t\u00fdchto krokov e\u0161te st\u00e1le nedostali n\u00e1hradu, <a href=\"https:\/\/ledwords.eu\/sk\/kontakt\/\">kontaktujte n\u00e1s<\/a>.<\/p>\n<p><strong>V\u00ddMENY<\/strong><\/p>\n<p>Vymie\u0148ame len chybn\u00e9 alebo po\u0161koden\u00e9 polo\u017eky. Ak si \u017eel\u00e1te v\u00fdmenu za rovnak\u00fd tovar, ozn\u00e1mte n\u00e1m to e-mailom prostredn\u00edctvom <a href=\"https:\/\/ledwords.eu\/sk\/kontakt\/\">kontaktn\u00fd formul\u00e1r<\/a> a po\u0161lite tovar na adresu, ktor\u00fa od n\u00e1s dostanete po schv\u00e1len\u00ed v\u00fdmeny.<\/p>\n<p><span style=\"background-color: var(--darkreader-bg--nv-site-bg); color: var(--darkreader-text--nv-text-color); font-family: var(--bodyfontfamily),var(--nv-fallback-ff); font-size: var(--bodyfontsize); font-weight: var(--bodyfontweight); letter-spacing: var(--bodyletterspacing); text-transform: var(--bodytexttransform); --darkreader-inline-bgcolor:var(--darkreader-bg--darkreader-bg--nv-site-bg); --darkreader-inline-color:var(--darkreader-text--darkreader-text--nv-text-color);\" data-darkreader-inline-bgcolor=\"\" data-darkreader-inline-color=\"\">Za \u00fahradu prepravn\u00fdch n\u00e1kladov spojen\u00fdch s vr\u00e1ten\u00edm polo\u017eky budete zodpovedn\u00ed vy. N\u00e1klady na dopravu sa nevracaj\u00fa. Ak vraciate drah\u0161ie polo\u017eky, mo\u017eno budete chcie\u0165 zv\u00e1\u017ei\u0165 uzavretie poistenia prepravy. Nezaru\u010dujeme, \u017ee vr\u00e1ten\u00fd tovar dostanete, av\u0161ak v pr\u00edpade straty alebo po\u0161kodenia z\u00e1sielky m\u00e1te mo\u017enos\u0165 poda\u0165 reklam\u00e1ciu u kuri\u00e9rskej spolo\u010dnosti.<\/span><br><\/p>\n<p><span style=\"text-decoration: underline;\"><strong>Z\u00e1sielky zaslan\u00e9 na dobierku neprij\u00edmame.<\/strong><\/span><\/p>\n<p>Kontaktujte n\u00e1s na adrese <a href=\"https:\/\/ledwords.eu\/sk\/kontakt\/\">kontaktn\u00fd formul\u00e1r<\/a>ak m\u00e1te ot\u00e1zky t\u00fdkaj\u00face sa vr\u00e1tenia a refund\u00e1cie.<\/p>\t\t\t\t\t\t\t\t<\/div>\n\t\t\t\t<\/div>\n\t\t\t\t\t<\/div>\n\t\t<\/div>\n\t\t\t\t\t<\/div>\n\t\t<\/section>\n\t\t\t\t<\/div>","protected":false},"excerpt":{"rendered":"<p>VR\u00c1TENIE TOVARU V\u00fdrobky pon\u00fakan\u00e9 v na\u0161om obchode s\u00fa vytvoren\u00e9 na z\u00e1klade individu\u00e1lnej objedn\u00e1vky kupuj\u00faceho, v takom pr\u00edpade je pr\u00e1vo na vr\u00e1tenie tovaru do 14 dn\u00ed v r\u00e1mci E\u00da obmedzen\u00e9. Ak ste spotrebite\u013e a chcete v\u00fdrobok vr\u00e1ti\u0165, kontaktujte n\u00e1s, ka\u017ed\u00fd pr\u00edpad posudzujeme individu\u00e1lne. Aby bol tovar opr\u00e1vnen\u00fd na vr\u00e1tenie, mus\u00ed by\u0165 nepou\u017eit\u00fd a v rovnakom...&nbsp;<a href=\"https:\/\/ledwords.eu\/sk\/vrati\/\" rel=\"bookmark\">\u010c\u00edta\u0165 viac \"<span class=\"screen-reader-text\">Z\u00e1sady vr\u00e1tenia tovaru<\/span><\/a><\/p>","protected":false},"author":1,"featured_media":0,"parent":0,"menu_order":0,"comment_status":"closed","ping_status":"closed","template":"","meta":{"neve_meta_sidebar":"","neve_meta_container":"","neve_meta_enable_content_width":"","neve_meta_content_width":0,"neve_meta_title_alignment":"","neve_meta_author_avatar":"","neve_post_elements_order":"","neve_meta_disable_header":"","neve_meta_disable_footer":"","neve_meta_disable_title":"on","neve_meta_reading_time":"","footnotes":""},"class_list":["post-11","page","type-page","status-publish","hentry"],"_links":{"self":[{"href":"https:\/\/ledwords.eu\/sk\/wp-json\/wp\/v2\/pages\/11","targetHints":{"allow":["GET"]}}],"collection":[{"href":"https:\/\/ledwords.eu\/sk\/wp-json\/wp\/v2\/pages"}],"about":[{"href":"https:\/\/ledwords.eu\/sk\/wp-json\/wp\/v2\/types\/page"}],"author":[{"embeddable":true,"href":"https:\/\/ledwords.eu\/sk\/wp-json\/wp\/v2\/users\/1"}],"replies":[{"embeddable":true,"href":"https:\/\/ledwords.eu\/sk\/wp-json\/wp\/v2\/comments?post=11"}],"version-history":[{"count":13,"href":"https:\/\/ledwords.eu\/sk\/wp-json\/wp\/v2\/pages\/11\/revisions"}],"predecessor-version":[{"id":1688,"href":"https:\/\/ledwords.eu\/sk\/wp-json\/wp\/v2\/pages\/11\/revisions\/1688"}],"wp:attachment":[{"href":"https:\/\/ledwords.eu\/sk\/wp-json\/wp\/v2\/media?parent=11"}],"curies":[{"name":"pracovn\u00fd list","href":"https:\/\/api.w.org\/{rel}","templated":true}]}}