{"id":473,"date":"2022-09-11T15:46:05","date_gmt":"2022-09-11T13:46:05","guid":{"rendered":"https:\/\/ledwords.eu\/?page_id=473"},"modified":"2022-09-11T15:47:22","modified_gmt":"2022-09-11T13:47:22","slug":"usuwanie-powiazania-z-kontem-facebook","status":"publish","type":"page","link":"https:\/\/ledwords.eu\/nl\/de-associatie-met-een-facebookaccount-verwijderen\/","title":{"rendered":"De link naar de Facebook-account verwijderen"},"content":{"rendered":"<div style=\"height:70px\" aria-hidden=\"true\" class=\"wp-block-spacer\"><\/div>\n\n\n\n<h2 class=\"wp-block-heading\" id=\"h-usuwanie-powiazania-z-kontem-facebook\">De link naar de Facebook-account verwijderen<\/h2>\n\n\n\n<div style=\"height:20px\" aria-hidden=\"true\" class=\"wp-block-spacer\"><\/div>\n\n\n\n<p>In overeenstemming met de eisen van Facebook plaatsen wij instructies over hoe u de koppeling tussen uw Facebook-account en onze winkel kunt verwijderen:<\/p>\n\n\n\n<ol class=\"wp-block-list\"><li>Ga naar de instellingen en privacy van je Facebook account. Klik op \"Instellingen\".<\/li><li>Ga dan naar \"Toepassingen en sites\" en u ziet al uw activiteiten in de toepassingen.<\/li><li>Selecteer \"Allkeystore\".<\/li><li>Klik op de knop \"Verwijderen\".<\/li><\/ol>\n\n\n\n<p>Op deze manier wordt de link tussen uw account en onze winkel en al onze toegang tot uw gegevens van Facebook verwijderd.<\/p>","protected":false},"excerpt":{"rendered":"<p>Usuwanie powi\u0105zania z kontem Facebook Zgodnie z wymogami Facebook, zamieszczamy instrukcje jak usun\u0105\u0107 powi\u0105zanie konta na Facebook z naszym sklepem: Przejd\u017a do ustawie\u0144 i prywatno\u015bci konta na Facebooku. Kliknij \u201eUstawienia\u201d. Nast\u0119pnie przejd\u017a do \u201eAplikacje i witryny\u201d, a zobaczysz wszystkie swoje dzia\u0142ania w aplikacjach. Wybierz \u201eAllkeystore\u201d. Kliknij przycisk \u201eUsu\u0144\u201d. W ten spos\u00f3b powi\u0105zanie konta z naszym&hellip;&nbsp;<a href=\"https:\/\/ledwords.eu\/nl\/de-associatie-met-een-facebookaccount-verwijderen\/\" rel=\"bookmark\">Lees verder \"<span class=\"screen-reader-text\">De link naar de Facebook-account verwijderen<\/span><\/a><\/p>","protected":false},"author":1,"featured_media":0,"parent":0,"menu_order":0,"comment_status":"closed","ping_status":"closed","template":"","meta":{"neve_meta_sidebar":"","neve_meta_container":"","neve_meta_enable_content_width":"","neve_meta_content_width":0,"neve_meta_title_alignment":"","neve_meta_author_avatar":"","neve_post_elements_order":"","neve_meta_disable_header":"","neve_meta_disable_footer":"","neve_meta_disable_title":"on","neve_meta_reading_time":"","footnotes":""},"class_list":["post-473","page","type-page","status-publish","hentry"],"_links":{"self":[{"href":"https:\/\/ledwords.eu\/nl\/wp-json\/wp\/v2\/pages\/473","targetHints":{"allow":["GET"]}}],"collection":[{"href":"https:\/\/ledwords.eu\/nl\/wp-json\/wp\/v2\/pages"}],"about":[{"href":"https:\/\/ledwords.eu\/nl\/wp-json\/wp\/v2\/types\/page"}],"author":[{"embeddable":true,"href":"https:\/\/ledwords.eu\/nl\/wp-json\/wp\/v2\/users\/1"}],"replies":[{"embeddable":true,"href":"https:\/\/ledwords.eu\/nl\/wp-json\/wp\/v2\/comments?post=473"}],"version-history":[{"count":3,"href":"https:\/\/ledwords.eu\/nl\/wp-json\/wp\/v2\/pages\/473\/revisions"}],"predecessor-version":[{"id":478,"href":"https:\/\/ledwords.eu\/nl\/wp-json\/wp\/v2\/pages\/473\/revisions\/478"}],"wp:attachment":[{"href":"https:\/\/ledwords.eu\/nl\/wp-json\/wp\/v2\/media?parent=473"}],"curies":[{"name":"wp","href":"https:\/\/api.w.org\/{rel}","templated":true}]}}