{"id":990,"date":"2022-10-01T21:09:10","date_gmt":"2022-10-01T19:09:10","guid":{"rendered":"https:\/\/ledwords.eu\/?post_type=product&#038;p=990"},"modified":"2025-01-10T16:42:09","modified_gmt":"2025-01-10T15:42:09","slug":"podswietlane-logo-3d-led-harley-davidson-czaszka-50-80-cm","status":"publish","type":"product","link":"https:\/\/ledwords.eu\/nb\/produkt\/belyst-3d-led-logo-harley-davidson-hodeskalle-50-80-cm\/","title":{"rendered":"Opplyst 3D LED Harley Davidson Hodeskalle-logo ..."},"content":{"rendered":"<p>Opplyst 3D LED Harley Davidson Hodeskalle-logo<\/p>\n<p>Diameter 50-80 CM<\/p>\n<p>Lysreklame for motorsykkelforhandlere og tilbeh\u00f8rsbutikker som markedsf\u00f8rer Harley Davidson-produkter<\/p>\n<p>Visualiseringen av logoen som presenteres i dette tilbudet, er et eksempel p\u00e5 hvordan en slik logo kan se ut. Vi kan bruke hvilken som helst grafikk du \u00f8nsker etter kj\u00f8pet.<\/p>\n<p>Levende og mettede farger, beskyttet med beskyttende impregnering. Jevnt lysende LED-belysning av h\u00f8y kvalitet. Aluminiumsramme, lakkert. Logoen er motstandsdyktig mot utend\u00f8rs forhold (IP68).<\/p>\n<p>Str\u00f8mledning med europeisk st\u00f8psel medf\u00f8lger. Universell innebygd str\u00f8mforsyning som fungerer fra 110-230V. For andre stikkontakter kan du bruke en adapter eller bytte ut st\u00f8pselet. For bestillinger fra USA f\u00f8lger det med en EU-USA-pluggadapter. B\u00e5de utend\u00f8rs- og innend\u00f8rsversjonen oppfyller IP68-standarden, men utend\u00f8rsversjonen har en litt mer vanntett intern str\u00f8mforsyning.<\/p>\n<p>Enkel montering p\u00e5 braketter. Det finnes ogs\u00e5 en annen monteringsmetode, for eksempel med en kabel fra veggen til produktet. For mer informasjon om monteringsmetoder, se <a href=\"https:\/\/ledwords.eu\/nb\/instruksjon\/\">instruksjoner<\/a>.<\/p>\n<p>2 \u00e5rs garanti<\/p>","protected":false},"excerpt":{"rendered":"<p>Pod\u015bwietlane Logo 3D LED Harley Davidson Czaszka \u015arednica 50-80 CM Reklama \u015bwietlna do salon\u00f3w z motorami i sklep\u00f3w z akcesoriami promuj\u0105ca produkty marki Harley Davidson Prezentowana w tej ofercie wizualizacja logo jest przyk\u0142adow\u0105 wizualizacj\u0105 jak takie logo mo\u017ce wygl\u0105da\u0107. Po zakupie mo\u017cemy wykorzysta\u0107 dowoln\u0105 grafik\u0119. \u017bywe i nasycone kolory, zabezpieczone impregnatem ochronnym. Wysokiej jako\u015bci r\u00f3wnomiernie&hellip;&nbsp;<a href=\"https:\/\/ledwords.eu\/nb\/produkt\/belyst-3d-led-logo-harley-davidson-hodeskalle-50-80-cm\/\" rel=\"bookmark\">Les mer \u00bb<span class=\"screen-reader-text\">Opplyst 3D LED Harley Davidson Hodeskalle-logo ...<\/span><\/a><\/p>","protected":false},"featured_media":995,"template":"","meta":{"neve_meta_sidebar":"","neve_meta_container":"","neve_meta_enable_content_width":"off","neve_meta_content_width":100,"neve_meta_title_alignment":"","neve_meta_author_avatar":"","neve_post_elements_order":"","neve_meta_disable_header":"","neve_meta_disable_footer":"","neve_meta_disable_title":"","neve_meta_reading_time":"","neve_tabs_data":"","neve_override_tab_layout":""},"product_brand":[],"product_cat":[41,58],"product_tag":[32,35,33,45,30,31,29,34,37],"class_list":{"0":"post-990","1":"product","2":"type-product","3":"status-publish","4":"has-post-thumbnail","6":"product_cat-featured","7":"product_cat-motocykle-i-pojazdy","8":"product_tag-3d","9":"product_tag-backlit","10":"product_tag-bar","11":"product_tag-harley-davidson","12":"product_tag-led","13":"product_tag-logo","14":"product_tag-neon","15":"product_tag-pub","16":"product_tag-sign","18":"first","19":"instock","20":"featured","21":"shipping-taxable","22":"purchasable","23":"product-type-variable","24":"has-default-attributes"},"_links":{"self":[{"href":"https:\/\/ledwords.eu\/nb\/wp-json\/wp\/v2\/product\/990","targetHints":{"allow":["GET"]}}],"collection":[{"href":"https:\/\/ledwords.eu\/nb\/wp-json\/wp\/v2\/product"}],"about":[{"href":"https:\/\/ledwords.eu\/nb\/wp-json\/wp\/v2\/types\/product"}],"wp:featuredmedia":[{"embeddable":true,"href":"https:\/\/ledwords.eu\/nb\/wp-json\/wp\/v2\/media\/995"}],"wp:attachment":[{"href":"https:\/\/ledwords.eu\/nb\/wp-json\/wp\/v2\/media?parent=990"}],"wp:term":[{"taxonomy":"product_brand","embeddable":true,"href":"https:\/\/ledwords.eu\/nb\/wp-json\/wp\/v2\/product_brand?post=990"},{"taxonomy":"product_cat","embeddable":true,"href":"https:\/\/ledwords.eu\/nb\/wp-json\/wp\/v2\/product_cat?post=990"},{"taxonomy":"product_tag","embeddable":true,"href":"https:\/\/ledwords.eu\/nb\/wp-json\/wp\/v2\/product_tag?post=990"}],"curies":[{"name":"wp","href":"https:\/\/api.w.org\/{rel}","templated":true}]}}