{"id":801,"date":"2022-09-23T16:56:31","date_gmt":"2022-09-23T14:56:31","guid":{"rendered":"https:\/\/ledwords.eu\/?post_type=product&#038;p=801"},"modified":"2025-01-01T16:53:23","modified_gmt":"2025-01-01T15:53:23","slug":"podswietlane-logo-3d-led-cannondale-50-80-cm","status":"publish","type":"product","link":"https:\/\/ledwords.eu\/nb\/produkt\/belyst-3d-led-logo-cannondale-50-80-cm\/","title":{"rendered":"Opplyst 3D LED Cannondale-logo 50-80 CM med LED-lampe"},"content":{"rendered":"<p>Opplyst 3D LED Cannondale-logo<\/p>\n<p>Diameter 50-80 CM<\/p>\n<p>Reklame for sykkelbutikker som markedsf\u00f8rer Cannondale-produkter<\/p>\n<p>Levende og mettede farger, beskyttet med beskyttende impregnering. Jevnt lysende LED-belysning av h\u00f8y kvalitet. Aluminiumsramme, lakkert. Logoen er motstandsdyktig mot utend\u00f8rs forhold (IP68).<\/p>\n<p>Str\u00f8mledning med europeisk st\u00f8psel medf\u00f8lger. Universell innebygd str\u00f8mforsyning som fungerer fra 110-230V. For andre stikkontakter kan du bruke en adapter eller bytte ut st\u00f8pselet. For bestillinger fra USA f\u00f8lger det med en EU-USA-pluggadapter. B\u00e5de utend\u00f8rs- og innend\u00f8rsversjonen oppfyller IP68-standarden, men utend\u00f8rsversjonen har en litt mer vanntett intern str\u00f8mforsyning.<\/p>\n<p>Enkel montering p\u00e5 braketter. Det finnes ogs\u00e5 en annen monteringsmetode, for eksempel med en kabel fra veggen til produktet. For mer informasjon om monteringsmetoder, se <a href=\"https:\/\/ledwords.eu\/nb\/instruksjon\/\">instruksjoner<\/a>.<\/p>\n<p>2 \u00e5rs garanti<\/p>","protected":false},"excerpt":{"rendered":"<p>Pod\u015bwietlane Logo 3D LED Cannondale \u015arednica 50-80 CM Reklama sklep\u00f3w z rowerami promuj\u0105ca produkty Cannondale \u017bywe i nasycone kolory, zabezpieczone impregnatem ochronnym. Wysokiej jako\u015bci r\u00f3wnomiernie \u015bwiec\u0105ce o\u015bwietlenie LED. Rama aluminiowa, lakierowana. Logo jest odporne na warunki zewn\u0119trzne (IP68). W zestawie przew\u00f3d zasilaj\u0105cy z wtyczk\u0105 europejsk\u0105. Uniwersalny wbudowany zasilacz dzia\u0142aj\u0105cy w zakresie 110-230V. Dla innych gniazdek&hellip;&nbsp;<a href=\"https:\/\/ledwords.eu\/nb\/produkt\/belyst-3d-led-logo-cannondale-50-80-cm\/\" rel=\"bookmark\">Les mer \u00bb<span class=\"screen-reader-text\">Opplyst 3D LED Cannondale-logo 50-80 CM med LED-lampe<\/span><\/a><\/p>","protected":false},"featured_media":856,"template":"","meta":{"neve_meta_sidebar":"","neve_meta_container":"","neve_meta_enable_content_width":"off","neve_meta_content_width":100,"neve_meta_title_alignment":"","neve_meta_author_avatar":"","neve_post_elements_order":"","neve_meta_disable_header":"","neve_meta_disable_footer":"","neve_meta_disable_title":"","neve_meta_reading_time":"","neve_tabs_data":"","neve_override_tab_layout":""},"product_brand":[],"product_cat":[58],"product_tag":[32,35,46,30,31,29,37],"class_list":{"0":"post-801","1":"product","2":"type-product","3":"status-publish","4":"has-post-thumbnail","6":"product_cat-motocykle-i-pojazdy","7":"product_tag-3d","8":"product_tag-backlit","9":"product_tag-cannondale","10":"product_tag-led","11":"product_tag-logo","12":"product_tag-neon","13":"product_tag-sign","15":"first","16":"instock","17":"shipping-taxable","18":"purchasable","19":"product-type-variable","20":"has-default-attributes"},"_links":{"self":[{"href":"https:\/\/ledwords.eu\/nb\/wp-json\/wp\/v2\/product\/801","targetHints":{"allow":["GET"]}}],"collection":[{"href":"https:\/\/ledwords.eu\/nb\/wp-json\/wp\/v2\/product"}],"about":[{"href":"https:\/\/ledwords.eu\/nb\/wp-json\/wp\/v2\/types\/product"}],"wp:featuredmedia":[{"embeddable":true,"href":"https:\/\/ledwords.eu\/nb\/wp-json\/wp\/v2\/media\/856"}],"wp:attachment":[{"href":"https:\/\/ledwords.eu\/nb\/wp-json\/wp\/v2\/media?parent=801"}],"wp:term":[{"taxonomy":"product_brand","embeddable":true,"href":"https:\/\/ledwords.eu\/nb\/wp-json\/wp\/v2\/product_brand?post=801"},{"taxonomy":"product_cat","embeddable":true,"href":"https:\/\/ledwords.eu\/nb\/wp-json\/wp\/v2\/product_cat?post=801"},{"taxonomy":"product_tag","embeddable":true,"href":"https:\/\/ledwords.eu\/nb\/wp-json\/wp\/v2\/product_tag?post=801"}],"curies":[{"name":"wp","href":"https:\/\/api.w.org\/{rel}","templated":true}]}}