{"id":721,"date":"2022-09-21T17:37:48","date_gmt":"2022-09-21T15:37:48","guid":{"rendered":"https:\/\/ledwords.eu\/?post_type=product&#038;p=721"},"modified":"2025-01-01T16:53:37","modified_gmt":"2025-01-01T15:53:37","slug":"podswietlane-logo-3d-led-miller-genuine-draft-60x56-cm","status":"publish","type":"product","link":"https:\/\/ledwords.eu\/nb\/produkt\/belyst-3d-led-logo-miller-genuine-draft-60x56-cm\/","title":{"rendered":"Opplyst 3D LED-logo Miller Genuine Draft 60&amp;..."},"content":{"rendered":"<p>Opplyst 3D LED Miller Genuine Draft-logo<\/p>\n<p>Dimensjoner: 60\u00d756 CM<\/p>\n<p>Lysreklame for puber, barer og restauranter. \u00d8k \u00f8lsalget med i\u00f8ynefallende reklame!<\/p>\n<p>Levende og mettede farger, beskyttet med beskyttende impregnering. Jevnt lysende LED-belysning av h\u00f8y kvalitet. Aluminiumsramme, lakkert. Logoen er motstandsdyktig mot utend\u00f8rs forhold (IP68).<\/p>\n<p>Str\u00f8mledning med europeisk st\u00f8psel medf\u00f8lger. Universell innebygd str\u00f8mforsyning som fungerer fra 110-230V. For andre stikkontakter kan du bruke en adapter eller bytte ut st\u00f8pselet. For bestillinger fra USA f\u00f8lger det med en EU-USA-pluggadapter. B\u00e5de utend\u00f8rs- og innend\u00f8rsversjonen oppfyller IP68-standarden, men utend\u00f8rsversjonen har en litt mer vanntett intern str\u00f8mforsyning.<\/p>\n<p>Enkel montering p\u00e5 braketter. Det finnes ogs\u00e5 en annen monteringsmetode, for eksempel med en kabel fra veggen til produktet. For mer informasjon om monteringsmetoder, se <a href=\"https:\/\/ledwords.eu\/nb\/instruksjon\/\">instruksjoner<\/a>.<\/p>\n<p>2 \u00e5rs garanti<\/p>","protected":false},"excerpt":{"rendered":"<p>Pod\u015bwietlane Logo 3D LED Miller Genuine Draft Wymiary: 60&#215;56 CM Reklama \u015bwietlna do pub\u00f3w, bar\u00f3w i restauracji. Zwi\u0119ksz sprzeda\u017c piwa dzi\u0119ki przyci\u0105gaj\u0105cej wzrok reklamie! \u017bywe i nasycone kolory, zabezpieczone impregnatem ochronnym. Wysokiej jako\u015bci r\u00f3wnomiernie \u015bwiec\u0105ce o\u015bwietlenie LED. Rama aluminiowa, lakierowana. Logo jest odporne na warunki zewn\u0119trzne (IP68). W zestawie przew\u00f3d zasilaj\u0105cy z wtyczk\u0105 europejsk\u0105. Uniwersalny&hellip;&nbsp;<a href=\"https:\/\/ledwords.eu\/nb\/produkt\/belyst-3d-led-logo-miller-genuine-draft-60x56-cm\/\" rel=\"bookmark\">Les mer \u00bb<span class=\"screen-reader-text\">Pod\u015bwietlane Logo 3D LED Miller Genuine Draft 60&#038;\u2026<\/span><\/a><\/p>","protected":false},"featured_media":833,"template":"","meta":{"neve_meta_sidebar":"","neve_meta_container":"","neve_meta_enable_content_width":"off","neve_meta_content_width":100,"neve_meta_title_alignment":"","neve_meta_author_avatar":"","neve_post_elements_order":"","neve_meta_disable_header":"","neve_meta_disable_footer":"","neve_meta_disable_title":"","neve_meta_reading_time":"","neve_tabs_data":"","neve_override_tab_layout":""},"product_brand":[],"product_cat":[55],"product_tag":[32,35,43,42,30,40,29,37],"class_list":{"0":"post-721","1":"product","2":"type-product","3":"status-publish","4":"has-post-thumbnail","6":"product_cat-marki-alkoholi","7":"product_tag-3d","8":"product_tag-backlit","9":"product_tag-draft","10":"product_tag-genuine","11":"product_tag-led","12":"product_tag-miller","13":"product_tag-neon","14":"product_tag-sign","16":"first","17":"instock","18":"shipping-taxable","19":"purchasable","20":"product-type-variable","21":"has-default-attributes"},"_links":{"self":[{"href":"https:\/\/ledwords.eu\/nb\/wp-json\/wp\/v2\/product\/721","targetHints":{"allow":["GET"]}}],"collection":[{"href":"https:\/\/ledwords.eu\/nb\/wp-json\/wp\/v2\/product"}],"about":[{"href":"https:\/\/ledwords.eu\/nb\/wp-json\/wp\/v2\/types\/product"}],"wp:featuredmedia":[{"embeddable":true,"href":"https:\/\/ledwords.eu\/nb\/wp-json\/wp\/v2\/media\/833"}],"wp:attachment":[{"href":"https:\/\/ledwords.eu\/nb\/wp-json\/wp\/v2\/media?parent=721"}],"wp:term":[{"taxonomy":"product_brand","embeddable":true,"href":"https:\/\/ledwords.eu\/nb\/wp-json\/wp\/v2\/product_brand?post=721"},{"taxonomy":"product_cat","embeddable":true,"href":"https:\/\/ledwords.eu\/nb\/wp-json\/wp\/v2\/product_cat?post=721"},{"taxonomy":"product_tag","embeddable":true,"href":"https:\/\/ledwords.eu\/nb\/wp-json\/wp\/v2\/product_tag?post=721"}],"curies":[{"name":"wp","href":"https:\/\/api.w.org\/{rel}","templated":true}]}}