{"id":408,"date":"2022-09-07T14:31:51","date_gmt":"2022-09-07T12:31:51","guid":{"rendered":"https:\/\/ledwords.eu\/?page_id=408"},"modified":"2022-10-05T12:15:06","modified_gmt":"2022-10-05T10:15:06","slug":"gwarancja","status":"publish","type":"page","link":"https:\/\/ledwords.eu\/nb\/garanti\/","title":{"rendered":"Garanti"},"content":{"rendered":"<div data-elementor-type=\"wp-page\" data-elementor-id=\"408\" class=\"elementor elementor-408\" data-elementor-post-type=\"page\">\n\t\t\t\t\t\t<section class=\"elementor-section elementor-top-section elementor-element elementor-element-3a9270b elementor-section-boxed elementor-section-height-default elementor-section-height-default\" data-id=\"3a9270b\" data-element_type=\"section\">\n\t\t\t\t\t\t<div class=\"elementor-container elementor-column-gap-default\">\n\t\t\t\t\t<div class=\"elementor-column elementor-col-100 elementor-top-column elementor-element elementor-element-0065f86\" data-id=\"0065f86\" data-element_type=\"column\">\n\t\t\t<div class=\"elementor-widget-wrap elementor-element-populated\">\n\t\t\t\t\t\t<div class=\"elementor-element elementor-element-215fbba elementor-widget elementor-widget-spacer\" data-id=\"215fbba\" data-element_type=\"widget\" data-widget_type=\"spacer.default\">\n\t\t\t\t<div class=\"elementor-widget-container\">\n\t\t\t\t\t\t\t<div class=\"elementor-spacer\">\n\t\t\t<div class=\"elementor-spacer-inner\"><\/div>\n\t\t<\/div>\n\t\t\t\t\t\t<\/div>\n\t\t\t\t<\/div>\n\t\t\t\t<div class=\"elementor-element elementor-element-c561778 elementor-widget elementor-widget-text-editor\" data-id=\"c561778\" data-element_type=\"widget\" data-widget_type=\"text-editor.default\">\n\t\t\t\t<div class=\"elementor-widget-container\">\n\t\t\t\t\t\t\t\t\t<h3 style=\"text-align:center;\">GARANTIBETINGELSER<\/h3>\n<ol>\n<li>Produktets garantiperiode er 24 m\u00e5neder fra mottaksdatoen. Gjelder produktets profesjonelle kvalitet og korrekte drift.<\/li>\n<li>Hvis det er bestilt en ekstra installasjonstjeneste, og det meldes om en mangel, forplikter entrepren\u00f8ren seg til \u00e5 utbedre mangelen innen maksimalt 14 dager fra melding. Hvis feilen ikke blir utbedret innen fristen, vil kostnadene for utbedringen bli dekket av et annet selskap, som kunden har rett til \u00e5 tilkalle for service.<\/li>\n<li>Garantien dekker ikke riper og overflateskader som oppst\u00e5r ved daglig bruk.<\/li>\n<li>Garantien dekker kun fysiske feil som skyldes \u00e5rsaker som er iboende i det solgte produktet. Garantien dekker ikke feil som oppst\u00e5r av andre \u00e5rsaker som f.eks:<br><br>\t- Skader for\u00e5rsaket av tilfeldige hendelser (force majeure) som f.eks. brann, flom, storm, lynnedslag osv.<br>    - Feil i den elektriske installasjonen eller utstyr som p\u00e5virker driften av produktet.<\/li>\n<p><br><br><\/p>\n<li>Ved service p\u00e5 produktet p\u00e5 stedet er kunden forpliktet til \u00e5 gi fri tilgang til produktet og la serviceteknikeren utf\u00f8re en sikker reparasjonsprosedyre i samsvar med alle helse- og sikkerhetsregler, samt \u00e5 s\u00f8rge for tilstrekkelige tekniske fasiliteter, for eksempel tilgang til str\u00f8mkilder, sikkerhetsbrytere osv. I motsatt fall har serviceteknikeren rett til \u00e5 nekte \u00e5 utf\u00f8re service.<\/li>\n<\/ol>\n<p><br><\/p>\n<h3 style=\"text-align:center;\">GARANTI FOR SM\u00c5 PRODUKTER<\/h3>\n<ol>\n<li>Sm\u00e5 produkter m\u00e5 (etter avtale med produsenten) sendes tilbake til selskapets adresse, med omhyggelig pakking av produktet (solid pappeske, papphj\u00f8rner, bobleplast).<\/li>\n<li>Kunden b\u00e6rer kostnadene og ansvaret for p\u00e5litelig levering av produktet til produsentens lokaler.<\/li>\n<li>Produsenten er ikke ansvarlig for skade eller \u00f8deleggelse av produktet under transport som f\u00f8lge av utilstrekkelig emballering og beskyttelse av produktet fra kundens side.<\/li>\n<li>Produsenten b\u00e6rer kostnadene og ansvaret for sikker transport av det reparerte produktet til kunden.<\/li>\n<li>Et produkt som sendes tilbake til produsentens adresse uten produsentens kunnskap og godkjenning, vil ikke bli akseptert.<\/li>\n<li>Garantien gjelder kun for produkter som er komplette, brukbare, uten defekter og mekaniske skader for\u00e5rsaket av ytre faktorer.<\/li>\n<\/ol>\n<p><br><\/p>\n<h3 style=\"text-align:center;\">TAP AV GARANTI<\/h3>\n<ol>\n<li>Produktgarantien gjelder ikke i tilfelle av:<br><br>- Brukerens egen inngripen (individuelle endringer, modifikasjoner osv.).<br>- Tilkobling av produktet av ukvalifiserte personer.<br>- Feil bruk av produktet.<br>- Ethvert fors\u00f8k p\u00e5 \u00e5 reparere produktet av uautoriserte personer.<br>- Forfall av betaling for et produkt som overstiger 21 dager fra mottaksdato.<br>en faktura med en standard betalingsfrist p\u00e5 7 dager fastsatt av produsenten.<\/li>\n<p><br><br><\/p>\n<li>Et produkt som det er oppdaget en defekt p\u00e5, skal sl\u00e5s av umiddelbart<br>fra bruk under trussel om tap av garanti.<\/li>\n<\/ol>\t\t\t\t\t\t\t\t<\/div>\n\t\t\t\t<\/div>\n\t\t\t\t\t<\/div>\n\t\t<\/div>\n\t\t\t\t\t<\/div>\n\t\t<\/section>\n\t\t\t\t<section class=\"elementor-section elementor-top-section elementor-element elementor-element-62b111c elementor-section-boxed elementor-section-height-default elementor-section-height-default\" data-id=\"62b111c\" data-element_type=\"section\">\n\t\t\t\t\t\t<div class=\"elementor-container elementor-column-gap-default\">\n\t\t\t\t\t<div class=\"elementor-column elementor-col-100 elementor-top-column elementor-element elementor-element-cbb87de\" data-id=\"cbb87de\" data-element_type=\"column\">\n\t\t\t<div class=\"elementor-widget-wrap elementor-element-populated\">\n\t\t\t\t\t\t<div class=\"elementor-element elementor-element-9cdb8c2 elementor-widget elementor-widget-spacer\" data-id=\"9cdb8c2\" data-element_type=\"widget\" data-widget_type=\"spacer.default\">\n\t\t\t\t<div class=\"elementor-widget-container\">\n\t\t\t\t\t\t\t<div class=\"elementor-spacer\">\n\t\t\t<div class=\"elementor-spacer-inner\"><\/div>\n\t\t<\/div>\n\t\t\t\t\t\t<\/div>\n\t\t\t\t<\/div>\n\t\t\t\t\t<\/div>\n\t\t<\/div>\n\t\t\t\t\t<\/div>\n\t\t<\/section>\n\t\t\t\t<\/div>","protected":false},"excerpt":{"rendered":"<p>GARANTIVILK\u00c5R: Produktets garantiperiode er 24 m\u00e5neder fra mottaksdatoen. Dette dekker produktets profesjonelle kvalitet og korrekte drift. Hvis det er bestilt en ekstra installasjonstjeneste, forplikter entrepren\u00f8ren seg til \u00e5 reparere eventuelle rapporterte feil innen 14 dager etter varsel. Unnlatelse av \u00e5 reparere feilen innen denne tidsrammen vil f\u00f8re til\u2026&nbsp;<a href=\"https:\/\/ledwords.eu\/nb\/garanti\/\" rel=\"bookmark\">Les mer \u00bb<span class=\"screen-reader-text\">Garanti<\/span><\/a><\/p>","protected":false},"author":1,"featured_media":0,"parent":0,"menu_order":0,"comment_status":"closed","ping_status":"closed","template":"page-templates\/template-pagebuilder-full-width.php","meta":{"neve_meta_sidebar":"","neve_meta_container":"","neve_meta_enable_content_width":"","neve_meta_content_width":0,"neve_meta_title_alignment":"","neve_meta_author_avatar":"","neve_post_elements_order":"","neve_meta_disable_header":"","neve_meta_disable_footer":"","neve_meta_disable_title":"","neve_meta_reading_time":"","footnotes":""},"class_list":["post-408","page","type-page","status-publish","hentry"],"_links":{"self":[{"href":"https:\/\/ledwords.eu\/nb\/wp-json\/wp\/v2\/pages\/408","targetHints":{"allow":["GET"]}}],"collection":[{"href":"https:\/\/ledwords.eu\/nb\/wp-json\/wp\/v2\/pages"}],"about":[{"href":"https:\/\/ledwords.eu\/nb\/wp-json\/wp\/v2\/types\/page"}],"author":[{"embeddable":true,"href":"https:\/\/ledwords.eu\/nb\/wp-json\/wp\/v2\/users\/1"}],"replies":[{"embeddable":true,"href":"https:\/\/ledwords.eu\/nb\/wp-json\/wp\/v2\/comments?post=408"}],"version-history":[{"count":13,"href":"https:\/\/ledwords.eu\/nb\/wp-json\/wp\/v2\/pages\/408\/revisions"}],"predecessor-version":[{"id":1045,"href":"https:\/\/ledwords.eu\/nb\/wp-json\/wp\/v2\/pages\/408\/revisions\/1045"}],"wp:attachment":[{"href":"https:\/\/ledwords.eu\/nb\/wp-json\/wp\/v2\/media?parent=408"}],"curies":[{"name":"wp","href":"https:\/\/api.w.org\/{rel}","templated":true}]}}