{"id":328,"date":"2022-09-06T14:39:43","date_gmt":"2022-09-06T12:39:43","guid":{"rendered":"https:\/\/ledwords.eu\/?page_id=328"},"modified":"2023-09-07T16:09:45","modified_gmt":"2023-09-07T14:09:45","slug":"regulamin","status":"publish","type":"page","link":"https:\/\/ledwords.eu\/nb\/forskrifter\/","title":{"rendered":"Forskrifter"},"content":{"rendered":"<div data-elementor-type=\"wp-page\" data-elementor-id=\"328\" class=\"elementor elementor-328\" data-elementor-post-type=\"page\">\n\t\t\t\t\t\t<section class=\"elementor-section elementor-top-section elementor-element elementor-element-dcecaa4 elementor-section-boxed elementor-section-height-default elementor-section-height-default\" data-id=\"dcecaa4\" data-element_type=\"section\">\n\t\t\t\t\t\t<div class=\"elementor-container elementor-column-gap-default\">\n\t\t\t\t\t<div class=\"elementor-column elementor-col-100 elementor-top-column elementor-element elementor-element-89c4df8\" data-id=\"89c4df8\" data-element_type=\"column\">\n\t\t\t<div class=\"elementor-widget-wrap elementor-element-populated\">\n\t\t\t\t\t\t<div class=\"elementor-element elementor-element-e1104de elementor-widget elementor-widget-spacer\" data-id=\"e1104de\" data-element_type=\"widget\" data-widget_type=\"spacer.default\">\n\t\t\t\t<div class=\"elementor-widget-container\">\n\t\t\t\t\t\t\t<div class=\"elementor-spacer\">\n\t\t\t<div class=\"elementor-spacer-inner\"><\/div>\n\t\t<\/div>\n\t\t\t\t\t\t<\/div>\n\t\t\t\t<\/div>\n\t\t\t\t<div class=\"elementor-element elementor-element-3f3e065 elementor-widget elementor-widget-heading\" data-id=\"3f3e065\" data-element_type=\"widget\" data-widget_type=\"heading.default\">\n\t\t\t\t<div class=\"elementor-widget-container\">\n\t\t\t\t\t<h2 class=\"elementor-heading-title elementor-size-default\">REGULERING<\/h2>\t\t\t\t<\/div>\n\t\t\t\t<\/div>\n\t\t\t\t<div class=\"elementor-element elementor-element-169ecac elementor-widget elementor-widget-spacer\" data-id=\"169ecac\" data-element_type=\"widget\" data-widget_type=\"spacer.default\">\n\t\t\t\t<div class=\"elementor-widget-container\">\n\t\t\t\t\t\t\t<div class=\"elementor-spacer\">\n\t\t\t<div class=\"elementor-spacer-inner\"><\/div>\n\t\t<\/div>\n\t\t\t\t\t\t<\/div>\n\t\t\t\t<\/div>\n\t\t\t\t\t<\/div>\n\t\t<\/div>\n\t\t\t\t\t<\/div>\n\t\t<\/section>\n\t\t\t\t<section class=\"elementor-section elementor-top-section elementor-element elementor-element-d7d07a4 elementor-section-boxed elementor-section-height-default elementor-section-height-default\" data-id=\"d7d07a4\" data-element_type=\"section\">\n\t\t\t\t\t\t<div class=\"elementor-container elementor-column-gap-default\">\n\t\t\t\t\t<div class=\"elementor-column elementor-col-100 elementor-top-column elementor-element elementor-element-2394e47\" data-id=\"2394e47\" data-element_type=\"column\">\n\t\t\t<div class=\"elementor-widget-wrap elementor-element-populated\">\n\t\t\t\t\t\t<div class=\"elementor-element elementor-element-1e1001a elementor-widget elementor-widget-text-editor\" data-id=\"1e1001a\" data-element_type=\"widget\" data-widget_type=\"text-editor.default\">\n\t\t\t\t<div class=\"elementor-widget-container\">\n\t\t\t\t\t\t\t\t\t<p><!-- Regulamin --><\/p>\n<h4>I GENERELLE BESTEMMELSER<\/h4>\n<ol>\n<li>Disse vilk\u00e5rene gjelder for reglene for bruk av nettbutikken www.ledwords.eu, heretter kalt Butikken. Butikken er opprettet p\u00e5 grunnlag av lovene i USA og selger i USA og EU.<\/li>\n<li>Nettbutikken, som drives p\u00e5 www.ledwords.eu, eies av LEDWords LLC, med base i Cheyenne.<\/li>\n<li>Vilk\u00e5rene definerer brukernes rettigheter og plikter, samt selgerens rettigheter og plikter som den enheten som administrerer og driver butikken.<\/li>\n<li>Vilk\u00e5rene gjelder for alle brukere, inkludert forbrukere.<\/li>\n<li>Ved registrering er brukeren forpliktet til \u00e5 gj\u00f8re seg kjent med innholdet i vilk\u00e5rene og kan foreta seg ytterligere aktiviteter etter \u00e5 ha samtykket til og akseptert alle bestemmelsene i disse.<\/li>\n<li>Reglementet gj\u00f8res gratis tilgjengelig for kunden via nettstedet www.ledwords.eu, i en form som gj\u00f8r det mulig \u00e5 f\u00e5 tak i, reprodusere og registrere reglementet ved hjelp av et teleinformatisk system som brukes av kunden i butikken.<\/li>\n<li>Ved registrering av en konto i Butikken er Kunden forpliktet til \u00e5 gj\u00f8re seg kjent med Vilk\u00e5rene, og ved \u00e5 akseptere og overholde bestemmelsene i disse Vilk\u00e5rene, kan Kunden foreta kj\u00f8p p\u00e5 de vilk\u00e5r som er angitt i Vilk\u00e5rene.<br><br><\/li>\n<\/ol>\n<h4>II DEFINISJONER<\/h4>\n<ol>\n<li>Bruker - en fysisk person, en forbruker, en juridisk person eller en organisatorisk enhet uten juridisk personlighet som bruker tjenestene i butikken<\/li>\n<li>Forbruker - i henhold til artikkel 22 (1) i Civil Code - en fysisk person som foretar en juridisk transaksjon som ikke er direkte relatert til hans\/hennes \u00f8konomiske eller profesjonelle aktivitet.<\/li>\n<li>Detaljistkunde\/kj\u00f8per - en bruker som kj\u00f8per produkter til utsalgspris (uten rabatt).<\/li>\n<li>Vanlig kunde \/ kj\u00f8per - en registrert bruker, en person som har rett til \u00e5 kj\u00f8pe produkter med rabatt.<\/li>\n<li>Administrator - enheten som tilbyr www.ledwords.eu til fordel for butikkbrukere.<\/li>\n<li>Brukerkonto - etter registrering og innlogging har brukeren mulighet til \u00e5 bestille de utstedte produktene.<br><br><\/li>\n<\/ol>\n<h4>III TEKNISKE VILK\u00c5R FOR BRUK<\/h4>\n<ol>\n<li>Butikkens form\u00e5l er detalj- og engroshandel med kosmetiske produkter og kosttilskudd gjennom en nettbutikk.<\/li>\n<li>Produktkatalogen utgj\u00f8r en invitasjon til \u00e5 inng\u00e5 en avtale.<\/li>\n<li>For \u00e5 kunne bruke butikkens tjenester er det viktig at nettleseren din har JavaScript aktivert.<\/li>\n<li>For \u00e5 kunne bruke nettbutikken er det n\u00f8dvendig at kunden har en aktiv elektronisk postkonto (e-post).<\/li>\n<li>N\u00e5r du bruker Butikken, installeres sm\u00e5 informasjonskapsler p\u00e5 Kundens datasystem for at visse funksjoner i Butikken skal fungere korrekt, hvis nettleseren Kunden bruker tillater det.<\/li>\n<li>Butikken sender aldri foresp\u00f8rsler om \u00e5 sende kundens passord via e-post.<br><br><\/li>\n<\/ol>\n<h4>IV REGISTRERING p\u00e5 ledwords.eu og VILK\u00c5R FOR BESTILLING OG UTF\u00d8RELSE<\/h4>\n<ol>\n<li>Butikken selger varer via Internett, p\u00e5 www.ledwords.eu. Bestillinger fra kunder mottas via nettstedet www.ledwords.eu.<\/li>\n<li>Du kan legge inn en bestilling ved \u00e5 bruke funksjonen for \u00e5 legge et produkt i handlekurven og deretter via knappen \"Bestill\".<\/li>\n<li>For at bestillingsprosedyren skal kunne utf\u00f8res korrekt, er det n\u00f8dvendig \u00e5 opprette en brukerkonto som ogs\u00e5 kan brukes til \u00e5 overv\u00e5ke bestillingsstatusen.<\/li>\n<li>En grunnleggende forutsetning for \u00e5 kunne behandle kj\u00f8pene er at kontaktopplysningene er korrekt utfylt, sammen med en korrekt, eksisterende e-postadresse og et telefonnummer som bestillingen kan bekreftes p\u00e5. Bestillinger som ikke kan bekreftes innen 3 virkedager, vil ikke bli behandlet.<\/li>\n<li>Etter \u00e5 ha lagt inn registreringsdataene, bekrefter kunden at han\/hun har lest og akseptert vilk\u00e5rene og betingelsene.<\/li>\n<li>Brukeren avgir f\u00f8lgende erkl\u00e6ring ved \u00e5 krysse av i de relevante boksene eller skrive inn sine data i de aktuelle feltene:\n<ol>\n<li>Jeg samtykker til at administratoren behandler personopplysningene mine, som er oppgitt i registreringsskjemaet og bestillingsskjemaene, med det form\u00e5l \u00e5 oppfylle kontrakten p\u00e5 en korrekt m\u00e5te;<\/li>\n<li>Jeg meldte meg inn frivillig for \u00e5 benytte meg av butikkens tjenester;<\/li>\n<li>Jeg har lest vilk\u00e5rene og betingelsene og godtar alle bestemmelsene i dem;<\/li>\n<li>Opplysningene i skjemaet er korrekte;<\/li>\n<\/ol>\n<\/li>\n<li>Butikken gj\u00f8r ikke personopplysningene som oppgis under registreringen tilgjengelige for tredjeparter, unntatt p\u00e5 foresp\u00f8rsel fra autoriserte statlige myndigheter i forbindelse med deres unders\u00f8kelser.<\/li>\n<li>Kunden er ansvarlig for sikkerheten og riktig bruk av passordet, som han skal holde konfidensielt. Dersom det foreligger omstendigheter som gir mistanke om at Kundens Passord er i uvedkommendes besittelse, plikter Kunden straks \u00e5 varsle Selger om dette.<\/li>\n<li>Etter registrering kan kunden n\u00e5r som helst logge seg inn p\u00e5 sin kundekonto og gj\u00f8re endringer i de opplysningene han\/hun har oppgitt.<\/li>\n<li>N\u00e5r du surfer i butikken og legger inn en bestilling via e-post, er det ikke obligatorisk \u00e5 registrere seg.<\/li>\n<li>En registrert bruker har muligheten til \u00e5:\n<ol>\n<li>Bestill produktet ved \u00e5 velge fanen Legg i handlekurven;<\/li>\n<li>Anbefal til en venn;<\/li>\n<\/ol>\n<\/li>\n<li>Det er forbudt \u00e5 legge ut kommentarer:\n<ol>\n<li>\u00c5 ha ulovlig innhold, legge ut krenkende eller \u00e6rekrenkende informasjon, inneholde trusler eller obsk\u00f8nt eller uanstendig innhold, eller \u00e5 gi falsk eller villedende informasjon;<\/li>\n<li>Krenkelse av tredjeparters rettigheter; distribusjon av s\u00f8ppelpost;<\/li>\n<\/ol>\n<\/li>\n<li>Brukeren kan ikke kopiere, endre eller distribuere innhold, bilder eller logoer uten forh\u00e5ndssamtykke fra den autoriserte personen.<\/li>\n<li>Etter \u00e5 ha fullf\u00f8rt bestillingen p\u00e5 nettstedet og bestemt betalingsform og leveringsm\u00e5te, sender kunden bestillingen til butikken. F\u00f8r Bestillingen sendes inn, m\u00e5 Kunden logge seg inn p\u00e5 sin Kundekonto. Prisen p\u00e5 de valgte varene og leveringskostnadene skal angis hver gang f\u00f8r bestillingen sendes inn.<\/li>\n<li>N\u00e5r bestillingen er lagt inn, mottar kunden en e-post som bekrefter mottakelsen av bestillingen i butikken, med alle relevante elementer. For \u00e5 bekrefte bestillingen, m\u00e5 kunden bekrefte bestillingen ved \u00e5 velge referansen til butikkens nettsted som inneholder den kodede unike identifikatoren for bestillingen.<\/li>\n<li>P\u00e5 grunnlag av ordrebekreftelsen mottatt i henhold til \u00a7 5(6), skal Butikken kontrollere tilgjengeligheten av Varene.<\/li>\n<li>Ved positiv verifisering av tilgjengeligheten av varene, mottar kunden informasjon om aksept av bestillingen for utf\u00f8relse, noe som utgj\u00f8r aksept av tilbudet. Samtidig inng\u00e5s kontrakten om salg av varene.<\/li>\n<li>Hvis kunden velger betalingsm\u00e5ten \"overf\u00f8ring\", blir bestillingen oppfylt etter at overf\u00f8ringen er kreditert selgerens bankkonto.<\/li>\n<li>Ovennevnte bekreftelser og informasjon sendes til kundens e-postadresse som ble oppgitt under registreringen.<\/li>\n<li>Hvis det etter at bestillingen er lagt inn viser seg at de bestilte varene helt eller delvis ikke er tilgjengelige, skal kunden umiddelbart informeres om dette via e-post til den oppgitte e-postadressen eller per telefon, sammen med forventet ventetid for tilgjengeligheten av varene. I en slik situasjon kan Kunden opprettholde Bestillingen til tross for den lengre ventetiden, kansellere Bestillingen eller begrense Bestillingen til den delen av Varene som er tilgjengelig.<\/li>\n<li>Kunden kan kansellere en bestilling som er lagt inn i butikken n\u00e5r som helst, men ikke senere enn det \u00f8yeblikket varene sendes til kunden.<br><br><\/li>\n<\/ol>\n<h4>V LEVERING<\/h4>\n<ol>\n<li>Produktene leveres via internasjonale fraktselskaper.<\/li>\n<li>Selgeren velger fraktselskap avhengig av leveringslandet.<br><br><\/li>\n<\/ol>\n<h4>VI BETALINGSM\u00c5TER<\/h4>\n<ol>\n<li style=\"list-style-type: none;\">\n<ol>\n<li>Betaling kan gj\u00f8res p\u00e5 f\u00f8lgende m\u00e5te:\n<ol>\n<li>Rask betaling via det eksterne betalingssystemet PayPal<\/li>\n<li>Rask betaling via det eksterne betalingssystemet Stripe<\/li>\n<\/ol>\n<\/li>\n<li>Alle priser er oppgitt i amerikanske dollar og er bruttopriser som inkluderer alle skatter og avgifter.<\/li>\n<li>Prisen som er angitt ved hver enkelt Vare er bindende fra det tidspunkt Kunden legger inn Bestillingen. Prisen er bindende for b\u00e5de Kunden og Selgeren.<br><br><\/li>\n<\/ol>\n<\/li>\n<\/ol>\n<h4>VII ANGRERETT<\/h4>\n<ol>\n<li>I henhold til lov om beskyttelse av visse forbrukerrettigheter og ansvar for skade for\u00e5rsaket av et farlig produkt av 2. mars 2000 (Journal of Laws nr. 22, punkt 271), kan en forbruker trekke seg fra en kontrakt uten \u00e5 oppgi grunn ved \u00e5 avgi en erkl\u00e6ring om dette innen 14 dager etter mottak av varene. Det er tilstrekkelig \u00e5 sende erkl\u00e6ringen f\u00f8r utl\u00f8pet av fristen for \u00e5 overholde den ovennevnte fristen.<\/li>\n<li>Alle produkter som tilbys i butikken er laget p\u00e5 individuell bestilling fra kj\u00f8peren, og angreretten fra en fjernsalgsavtale inng\u00e5tt innenfor EU gjelder ikke i et slikt tilfelle.<\/li>\n<li>Det er mulig \u00e5 returnere et produkt p\u00e5 grunnlag av garantien, i tilfelle det kj\u00f8pte produktet ikke er i samsvar med kontrakten. Butikken tillater ogs\u00e5 at produktet returneres av andre grunner, etter individuell vurdering.<br><br><\/li>\n<\/ol>\n<h4>VIII KLAGER<\/h4>\n<ol>\n<li>Klager basert p\u00e5 selgerens ansvar for manglende samsvar mellom varen og kontrakten skal sendes inn skriftlig via kontaktskjemaet under <span style=\"text-decoration: underline;\"><a href=\"https:\/\/ledwords.eu\/nb\/kontakt\/\">inkludert<\/a><\/span> link.<\/li>\n<li>Klagen b\u00f8r inneholde en detaljert beskrivelse av typen avvik, dato for avviket, ordrenummer og kontaktinformasjon for \u00e5 forenkle klagebehandlingen.<\/li>\n<li>Butikken skal behandle klager uten forsinkelse, senest innen 14 dager etter mottak av klagen som er sendt av brukeren.<\/li>\n<li>Returnerte varer m\u00e5 ledsages av en beskrivelse av varens manglende samsvar med kontrakten, ordrenummer, kontonummer og kontaktinformasjon.<\/li>\n<li>Ved en berettiget reklamasjon kan brukeren be om at produktet bringes i samsvar med kontrakten ved \u00e5 erstatte produktet med et nytt, med mindre erstatning ikke er mulig (p\u00e5 grunn av utsolgt lager) Butikken vil tilbakebetale tilsvarende kj\u00f8pesummen til kunden.<\/li>\n<li>Butikken vil refundere kostnadene ved \u00e5 sende tilbake de p\u00e5klagede varene umiddelbart etter at reklamasjonen er behandlet.<\/li>\n<li>Svaret p\u00e5 klagen sendes til den e-postadressen, postadressen eller faksnummeret som brukeren har oppgitt.<\/li>\n<li>Hvis en klage blir anerkjent, vil butikken umiddelbart iverksette tiltak for \u00e5 implementere innholdet i klagen.<br><br><\/li>\n<\/ol>\n<h4>IX PERSONOPPLYSNINGER OG PERSONVERNERKL\u00c6RING<\/h4>\n<ol>\n<li>Behandlingsansvarlig for personopplysningene dine er LEDWords LLC, med base i Cheyenne.<\/li>\n<li>Opplysningene vil bli behandlet med det form\u00e5l \u00e5 behandle bestillingen, sende varene og h\u00e5ndtere reklamasjoner.<\/li>\n<li>Administratoren har kun rett til \u00e5 utlevere personopplysninger til enheter som er autorisert i henhold til relevant lovgivning, i samsvar med bestemmelsene i Vilk\u00e5rene og de gjeldende lovbestemmelsene.<\/li>\n<li>Personopplysningene og informasjonen i bestillingsskjemaet vil bli brukt av administratoren til \u00e5 inng\u00e5, endre og si opp avtalen med brukeren og sikre den h\u00f8yeste kvaliteten p\u00e5 tjenestene som leveres; for dette form\u00e5let vil administratoren behandle f\u00f8lgende data: navn og etternavn, gater, husnummer, lokalnummer, postnummer, by, telefonnummer (for \u00e5 lette levering), e-postadresse.<\/li>\n<li>Det er frivillig for brukeren \u00e5 oppgi personopplysninger i forbindelse med registreringen, ettersom de er n\u00f8dvendige for registrering og kj\u00f8p i nettbutikken.<\/li>\n<li>Tjenesteadministratoren forplikter seg til \u00e5 iverksette tekniske og organisatoriske tiltak for \u00e5 sikre databeskyttelse, s\u00e6rlig ved \u00e5 sikre opplysningene mot uautorisert tilgang.<\/li>\n<li>Hvis administratoren er i tvil om n\u00f8yaktigheten eller aktualiteten til registreringsopplysningene som brukeren har oppgitt, har han\/hun rett til \u00e5 iverksette f\u00f8lgende tiltak:\n<ol>\n<li>Be brukeren om \u00e5 slette falske data eller oppdatere data umiddelbart,<\/li>\n<li>umiddelbar blokkering av tjenesten inntil saken er avklart.<\/li>\n<\/ol>\n<\/li>\n<li>Dataene vil bli lagret p\u00e5 ubestemt tid.<\/li>\n<li>Du har rett til \u00e5 f\u00e5 tilgang til personopplysningene dine, til \u00e5 protestere, slette eller begrense behandlingen.<\/li>\n<li>Du har rett til \u00e5 protestere mot videre behandling og, hvis du har gitt ditt samtykke til behandling, til \u00e5 trekke det tilbake.<\/li>\n<li>Ut\u00f8velse av retten til \u00e5 trekke tilbake samtykke p\u00e5virker ikke behandling som har funnet sted frem til tidspunktet for tilbaketrekking av samtykke.<\/li>\n<li>Du har ogs\u00e5 rett til dataportabilitet.<\/li>\n<li>Du har rett til \u00e5 klage til tilsynsmyndigheten.<br><br><\/li>\n<\/ol>\n<h4>X COPYRIGHT<\/h4>\n<ol>\n<li>Selger har eksklusiv \u00f8konomisk og personlig opphavsrett til alt materiale, maler, skjemaer, logoer og annet innhold som finnes p\u00e5 nettsiden til Nettbutikken.<\/li>\n<li>Bruk av materialet p\u00e5 nettstedet er kun tillatt i forbindelse med samarbeid med selgeren og kun til kundens eget bruk. Det er forbudt \u00e5 kopiere, overf\u00f8re og gj\u00f8re innholdet p\u00e5 nettstedet tilgjengelig for tredjeparter, mot betaling eller vederlagsfritt.<\/li>\n<li>N\u00e5r det gjelder data og annet materiale som er gjort tilgjengelig for kunden eller internettbrukeren p\u00e5 nettstedet, er det ikke tillatt for kunden eller internettbrukeren \u00e5 bruke det til \u00e5 utf\u00f8re aktiviteter som konkurrerer med selgeren.<br><br><\/li>\n<\/ol>\n<h4>XI AVSLUTTENDE BESTEMMELSER<\/h4>\n<ol>\n<li>Endringer i Bruksvilk\u00e5rene trer i kraft etter at de er akseptert av de n\u00e5v\u00e6rende Brukerne av Butikken som er Forbrukere (til fordel for hvem tjenestene utf\u00f8res). En slik bruker m\u00e5 godta endringene i vilk\u00e5rene og betingelsene ved \u00e5 sende en aksept som svar p\u00e5 informasjonen om endringen i vilk\u00e5rene og betingelsene, sammen med aksept av den nye teksten til vilk\u00e5rene og betingelsene. Brukeren har mulighet til \u00e5 trekke seg fra kontrakten, og den vil opph\u00f8re med \u00f8yeblikkelig virkning dersom han\/hun ikke aksepterer de endrede bestemmelsene.<\/li>\n<li>Endringer i vilk\u00e5rene og betingelsene vil ikke p\u00e5 noen m\u00e5te p\u00e5virke de ervervede rettighetene til brukere som bruker nettbutikken www.ledwords.eu f\u00f8r ikrafttredelsesdatoen for endringene, spesielt vil de ikke p\u00e5virke bestillinger som er lagt inn og\/eller behandlet. I s\u00e5 fall vil disse bestillingene bli utf\u00f8rt i henhold til de tidligere reglene.<\/li>\n<li>Aksept av vilk\u00e5rene i sin helhet, inkludert eventuelle endringer, er en forutsetning for videre bruk av Butikken.<\/li>\n<li>Administratoren forbeholder seg retten til \u00e5 midlertidig deaktivere driften av butikken helt for \u00e5 forbedre den, legge til tjenester eller utf\u00f8re vedlikehold, uten forvarsel til brukerne, men dette vil ikke p\u00e5virke oppfyllelsen av bestillinger som tidligere er lagt inn av brukeren.<\/li>\n<li>Brukeren kan n\u00e5r som helst si opp tjenester som tilbys elektronisk av butikken (f.eks. brukerkonto) uten at det p\u00e5l\u00f8per ekstra kostnader og uten \u00e5 oppgi noen grunn.<\/li>\n<li>Oppsigelse av kontrakten kan gj\u00f8res ved \u00e5 sende riktig erkl\u00e6ring via kontaktskjemaet, som ligger etter <span style=\"text-decoration: underline;\"><a href=\"https:\/\/ledwords.eu\/nb\/kontakt\/\">inkludert<\/a><\/span> link.<\/li>\n<li>Avtalen vil bli sagt opp innen 1 virkedag etter at butikken har mottatt varselet.<\/li>\n<li>Butikken kan si opp avtalen med 7 dagers varsel dersom brukeren leverer ulovlig innhold.<\/li>\n<li>Oppsigelse og opph\u00f8r av kontrakten skal ikke p\u00e5 noen m\u00e5te p\u00e5virke de opparbeidede rettighetene til kunder som bruker butikken.<\/li>\n<li>For forhold som ikke er regulert av disse vilk\u00e5rene, gjelder s\u00e6rlig bestemmelsene i US Civil Code.<\/li>\n<li>Dette reglementet trer i kraft fra 01.08.2021<\/li>\n<\/ol>\n<p><!-- Regulamin --><\/p>\t\t\t\t\t\t\t\t<\/div>\n\t\t\t\t<\/div>\n\t\t\t\t\t<\/div>\n\t\t<\/div>\n\t\t\t\t\t<\/div>\n\t\t<\/section>\n\t\t\t\t<\/div>","protected":false},"excerpt":{"rendered":"<p>REGULAMIN I POSTANOWIENIA OG\u00d3LNE Regulamin ten dotyczy zasad korzystania z sklepu internetowego www.ledwords.eu zwanego dalej Sklepem. Sklep powsta\u0142 na podstawie przepis\u00f3w prawnych obowi\u0105zuj\u0105cych na terytorium USA i prowadzi sprzeda\u017c na terenie USA i Unii Europejskiej. W\u0142a\u015bcicielem sklepu internetowego, dzia\u0142aj\u0105cego pod adresem www.ledwords.eu jest sp\u00f3\u0142ka LEDWords LLC z siedzib\u0105 w Cheyenne. Regulamin okre\u015bla prawa i obowi\u0105zki&hellip;&nbsp;<a href=\"https:\/\/ledwords.eu\/nb\/forskrifter\/\" rel=\"bookmark\">Les mer \u00bb<span class=\"screen-reader-text\">Forskrifter<\/span><\/a><\/p>","protected":false},"author":1,"featured_media":0,"parent":0,"menu_order":0,"comment_status":"closed","ping_status":"closed","template":"page-templates\/template-pagebuilder-full-width.php","meta":{"neve_meta_sidebar":"","neve_meta_container":"","neve_meta_enable_content_width":"","neve_meta_content_width":0,"neve_meta_title_alignment":"","neve_meta_author_avatar":"","neve_post_elements_order":"","neve_meta_disable_header":"","neve_meta_disable_footer":"","neve_meta_disable_title":"","neve_meta_reading_time":"","footnotes":""},"class_list":["post-328","page","type-page","status-publish","hentry"],"_links":{"self":[{"href":"https:\/\/ledwords.eu\/nb\/wp-json\/wp\/v2\/pages\/328","targetHints":{"allow":["GET"]}}],"collection":[{"href":"https:\/\/ledwords.eu\/nb\/wp-json\/wp\/v2\/pages"}],"about":[{"href":"https:\/\/ledwords.eu\/nb\/wp-json\/wp\/v2\/types\/page"}],"author":[{"embeddable":true,"href":"https:\/\/ledwords.eu\/nb\/wp-json\/wp\/v2\/users\/1"}],"replies":[{"embeddable":true,"href":"https:\/\/ledwords.eu\/nb\/wp-json\/wp\/v2\/comments?post=328"}],"version-history":[{"count":31,"href":"https:\/\/ledwords.eu\/nb\/wp-json\/wp\/v2\/pages\/328\/revisions"}],"predecessor-version":[{"id":2054,"href":"https:\/\/ledwords.eu\/nb\/wp-json\/wp\/v2\/pages\/328\/revisions\/2054"}],"wp:attachment":[{"href":"https:\/\/ledwords.eu\/nb\/wp-json\/wp\/v2\/media?parent=328"}],"curies":[{"name":"wp","href":"https:\/\/api.w.org\/{rel}","templated":true}]}}