{"id":11,"date":"2022-09-06T15:49:25","date_gmt":"2022-09-06T13:49:25","guid":{"rendered":"https:\/\/ledwords.eu\/?page_id=11"},"modified":"2023-04-19T20:45:42","modified_gmt":"2023-04-19T18:45:42","slug":"zwroty","status":"publish","type":"page","link":"https:\/\/ledwords.eu\/nb\/avkastning\/","title":{"rendered":"Retningslinjer for retur"},"content":{"rendered":"<div data-elementor-type=\"wp-page\" data-elementor-id=\"11\" class=\"elementor elementor-11\" data-elementor-post-type=\"page\">\n\t\t\t\t\t\t<section class=\"elementor-section elementor-top-section elementor-element elementor-element-4de652d elementor-section-boxed elementor-section-height-default elementor-section-height-default\" data-id=\"4de652d\" data-element_type=\"section\">\n\t\t\t\t\t\t<div class=\"elementor-container elementor-column-gap-default\">\n\t\t\t\t\t<div class=\"elementor-column elementor-col-100 elementor-top-column elementor-element elementor-element-2f0d0fe\" data-id=\"2f0d0fe\" data-element_type=\"column\">\n\t\t\t<div class=\"elementor-widget-wrap elementor-element-populated\">\n\t\t\t\t\t\t<div class=\"elementor-element elementor-element-f40e48a elementor-widget elementor-widget-spacer\" data-id=\"f40e48a\" data-element_type=\"widget\" data-widget_type=\"spacer.default\">\n\t\t\t\t<div class=\"elementor-widget-container\">\n\t\t\t\t\t\t\t<div class=\"elementor-spacer\">\n\t\t\t<div class=\"elementor-spacer-inner\"><\/div>\n\t\t<\/div>\n\t\t\t\t\t\t<\/div>\n\t\t\t\t<\/div>\n\t\t\t\t<div class=\"elementor-element elementor-element-4b19f7a elementor-widget elementor-widget-heading\" data-id=\"4b19f7a\" data-element_type=\"widget\" data-widget_type=\"heading.default\">\n\t\t\t\t<div class=\"elementor-widget-container\">\n\t\t\t\t\t<h2 class=\"elementor-heading-title elementor-size-default\">RETUR AV VARER<\/h2>\t\t\t\t<\/div>\n\t\t\t\t<\/div>\n\t\t\t\t<div class=\"elementor-element elementor-element-12aa9ba elementor-widget elementor-widget-spacer\" data-id=\"12aa9ba\" data-element_type=\"widget\" data-widget_type=\"spacer.default\">\n\t\t\t\t<div class=\"elementor-widget-container\">\n\t\t\t\t\t\t\t<div class=\"elementor-spacer\">\n\t\t\t<div class=\"elementor-spacer-inner\"><\/div>\n\t\t<\/div>\n\t\t\t\t\t\t<\/div>\n\t\t\t\t<\/div>\n\t\t\t\t\t<\/div>\n\t\t<\/div>\n\t\t\t\t\t<\/div>\n\t\t<\/section>\n\t\t\t\t<section class=\"elementor-section elementor-top-section elementor-element elementor-element-16197731 elementor-section-boxed elementor-section-height-default elementor-section-height-default\" data-id=\"16197731\" data-element_type=\"section\">\n\t\t\t\t\t\t<div class=\"elementor-container elementor-column-gap-default\">\n\t\t\t\t\t<div class=\"elementor-column elementor-col-100 elementor-top-column elementor-element elementor-element-3764d631\" data-id=\"3764d631\" data-element_type=\"column\">\n\t\t\t<div class=\"elementor-widget-wrap elementor-element-populated\">\n\t\t\t\t\t\t<div class=\"elementor-element elementor-element-6044845d elementor-widget elementor-widget-text-editor\" data-id=\"6044845d\" data-element_type=\"widget\" data-widget_type=\"text-editor.default\">\n\t\t\t\t<div class=\"elementor-widget-container\">\n\t\t\t\t\t\t\t\t\t<p>Produktene som tilbys i v\u00e5r butikk er laget etter en individuell bestilling fra kj\u00f8peren, og i s\u00e5 fall er retten til retur innen 14 dager innen EU begrenset. Hvis du er forbruker og \u00f8nsker \u00e5 returnere et produkt, vennligst kontakt oss, vi vurderer hvert tilfelle individuelt.&nbsp;<span style=\"background-color: var(--darkreader-bg--nv-site-bg); color: var(--darkreader-text--nv-text-color); font-family: var(--bodyfontfamily),var(--nv-fallback-ff); font-size: var(--bodyfontsize); font-weight: var(--bodyfontweight); letter-spacing: var(--bodyletterspacing); text-transform: var(--bodytexttransform); --darkreader-inline-bgcolor:var(--darkreader-bg--darkreader-bg--nv-site-bg); --darkreader-inline-color:var(--darkreader-text--darkreader-text--nv-text-color);\" data-darkreader-inline-bgcolor=\"\" data-darkreader-inline-color=\"\">For \u00e5 kunne returneres m\u00e5 varen v\u00e6re ubrukt og i samme stand som da du mottok den. Den m\u00e5 ogs\u00e5 v\u00e6re i originalemballasjen, slik at den ikke blir skadet under transport.<\/span><\/p>\n<p><strong>REFUSJONSPROSEDYRE<\/strong><\/p>\n<p>Varsle oss f\u00f8rst via e-post ved \u00e5 bruke <a href=\"https:\/\/ledwords.eu\/nb\/kontakt\/\">kontaktskjema<\/a> om retur. Varene m\u00e5 sendes tilbake til den adressen du vil motta etter at du har akseptert returen.&nbsp;<span style=\"background-color: var(--darkreader-bg--nv-site-bg); color: var(--darkreader-text--nv-text-color); font-family: var(--bodyfontfamily),var(--nv-fallback-ff); font-size: var(--bodyfontsize); font-weight: var(--bodyfontweight); letter-spacing: var(--bodyletterspacing); text-transform: var(--bodytexttransform); --darkreader-inline-bgcolor:var(--darkreader-bg--darkreader-bg--nv-site-bg); --darkreader-inline-color:var(--darkreader-text--darkreader-text--nv-text-color);\" data-darkreader-inline-bgcolor=\"\" data-darkreader-inline-color=\"\">N\u00e5r vi har mottatt og kontrollert returen, sender vi deg en e-post med beskjed om at vi har mottatt den returnerte varen. Vi vil ogs\u00e5 varsle deg om returen er godkjent eller avvist.&nbsp;<\/span><span style=\"background-color: var(--darkreader-bg--nv-site-bg); color: var(--darkreader-text--nv-text-color); font-family: var(--bodyfontfamily),var(--nv-fallback-ff); font-size: var(--bodyfontsize); font-weight: var(--bodyfontweight); letter-spacing: var(--bodyletterspacing); text-transform: var(--bodytexttransform); --darkreader-inline-bgcolor:var(--darkreader-bg--darkreader-bg--nv-site-bg); --darkreader-inline-color:var(--darkreader-text--darkreader-text--nv-text-color);\" data-darkreader-inline-bgcolor=\"\" data-darkreader-inline-color=\"\">Hvis refusjonen godkjennes, vil pengene bli tilbakef\u00f8rt til betalingskortet eller til den opprinnelige betalingsm\u00e5ten.<\/span><\/p>\n<p><span style=\"background-color: var(--darkreader-bg--nv-site-bg); color: var(--darkreader-text--nv-text-color); font-family: var(--bodyfontfamily),var(--nv-fallback-ff); font-size: var(--bodyfontsize); font-weight: var(--bodyfontweight); letter-spacing: var(--bodyletterspacing); text-transform: var(--bodytexttransform); --darkreader-inline-bgcolor:var(--darkreader-bg--darkreader-bg--nv-site-bg); --darkreader-inline-color:var(--darkreader-text--darkreader-text--nv-text-color);\" data-darkreader-inline-bgcolor=\"\" data-darkreader-inline-color=\"\">Hvis du enn\u00e5 ikke har mottatt refusjon, m\u00e5 du f\u00f8rst sjekke bankkontoen din p\u00e5 nytt. Ta deretter kontakt med betalingskortutstederen hvis betalingen ble gjort med kort. Det tar ofte litt tid f\u00f8r refusjonen blir bokf\u00f8rt.<\/span><\/p>\n<p>Hvis du fortsatt ikke har mottatt refusjon etter \u00e5 ha fulgt disse trinnene, <a href=\"https:\/\/ledwords.eu\/nb\/kontakt\/\">kontakt oss<\/a>.<\/p>\n<p><strong>UTVEKSLINGER<\/strong><\/p>\n<p>Vi bytter kun varer som er feil eller skadet. Hvis du \u00f8nsker \u00e5 bytte den til samme vare, vennligst gi oss beskjed via e-post ved \u00e5 bruke <a href=\"https:\/\/ledwords.eu\/nb\/kontakt\/\">kontaktskjema<\/a> og send varen til adressen du vil motta fra oss n\u00e5r byttet er godkjent.<\/p>\n<p><span style=\"background-color: var(--darkreader-bg--nv-site-bg); color: var(--darkreader-text--nv-text-color); font-family: var(--bodyfontfamily),var(--nv-fallback-ff); font-size: var(--bodyfontsize); font-weight: var(--bodyfontweight); letter-spacing: var(--bodyletterspacing); text-transform: var(--bodytexttransform); --darkreader-inline-bgcolor:var(--darkreader-bg--darkreader-bg--nv-site-bg); --darkreader-inline-color:var(--darkreader-text--darkreader-text--nv-text-color);\" data-darkreader-inline-bgcolor=\"\" data-darkreader-inline-color=\"\">Du er ansvarlig for \u00e5 betale fraktkostnadene for retur av varen. Fraktkostnader refunderes ikke. Hvis du returnerer dyrere varer, kan det v\u00e6re lurt \u00e5 vurdere \u00e5 tegne en fraktforsikring. Vi garanterer ikke at du vil motta den returnerte varen, men hvis pakken din er tapt eller skadet, har du muligheten til \u00e5 sende inn et krav til budfirmaet.<\/span><br><\/p>\n<p><span style=\"text-decoration: underline;\"><strong>Vi tar ikke imot pakker som sendes per postoppkrav.<\/strong><\/span><\/p>\n<p>Kontakt oss p\u00e5 <a href=\"https:\/\/ledwords.eu\/nb\/kontakt\/\">kontaktskjema<\/a>hvis du har sp\u00f8rsm\u00e5l om retur og refusjon.<\/p>\t\t\t\t\t\t\t\t<\/div>\n\t\t\t\t<\/div>\n\t\t\t\t\t<\/div>\n\t\t<\/div>\n\t\t\t\t\t<\/div>\n\t\t<\/section>\n\t\t\t\t<\/div>","protected":false},"excerpt":{"rendered":"<p>RETUR AV VARER. Produkter som tilbys i butikken v\u00e5r er laget p\u00e5 bestilling, og i slike tilfeller er retten til \u00e5 returnere et produkt innen 14 dager innenfor EU begrenset. Hvis du er forbruker og \u00f8nsker \u00e5 returnere et produkt, kan du kontakte oss; vi vurderer hvert tilfelle individuelt. For \u00e5 v\u00e6re kvalifisert for retur m\u00e5 varen v\u00e6re ubrukt og i samme\u2026&nbsp;<a href=\"https:\/\/ledwords.eu\/nb\/avkastning\/\" rel=\"bookmark\">Les mer \u00bb<span class=\"screen-reader-text\">Retningslinjer for retur<\/span><\/a><\/p>","protected":false},"author":1,"featured_media":0,"parent":0,"menu_order":0,"comment_status":"closed","ping_status":"closed","template":"","meta":{"neve_meta_sidebar":"","neve_meta_container":"","neve_meta_enable_content_width":"","neve_meta_content_width":0,"neve_meta_title_alignment":"","neve_meta_author_avatar":"","neve_post_elements_order":"","neve_meta_disable_header":"","neve_meta_disable_footer":"","neve_meta_disable_title":"on","neve_meta_reading_time":"","footnotes":""},"class_list":["post-11","page","type-page","status-publish","hentry"],"_links":{"self":[{"href":"https:\/\/ledwords.eu\/nb\/wp-json\/wp\/v2\/pages\/11","targetHints":{"allow":["GET"]}}],"collection":[{"href":"https:\/\/ledwords.eu\/nb\/wp-json\/wp\/v2\/pages"}],"about":[{"href":"https:\/\/ledwords.eu\/nb\/wp-json\/wp\/v2\/types\/page"}],"author":[{"embeddable":true,"href":"https:\/\/ledwords.eu\/nb\/wp-json\/wp\/v2\/users\/1"}],"replies":[{"embeddable":true,"href":"https:\/\/ledwords.eu\/nb\/wp-json\/wp\/v2\/comments?post=11"}],"version-history":[{"count":13,"href":"https:\/\/ledwords.eu\/nb\/wp-json\/wp\/v2\/pages\/11\/revisions"}],"predecessor-version":[{"id":1688,"href":"https:\/\/ledwords.eu\/nb\/wp-json\/wp\/v2\/pages\/11\/revisions\/1688"}],"wp:attachment":[{"href":"https:\/\/ledwords.eu\/nb\/wp-json\/wp\/v2\/media?parent=11"}],"curies":[{"name":"wp","href":"https:\/\/api.w.org\/{rel}","templated":true}]}}