{"id":791,"date":"2022-09-23T16:28:02","date_gmt":"2022-09-23T14:28:02","guid":{"rendered":"https:\/\/ledwords.eu\/?post_type=product&#038;p=791"},"modified":"2025-01-01T16:53:37","modified_gmt":"2025-01-01T15:53:37","slug":"podswietlane-logo-3d-led-harley-davidson-50-80-cm","status":"publish","type":"product","link":"https:\/\/ledwords.eu\/it\/prodotto\/logo-illuminato-3d-led-harley-davidson-50-80-cm\/","title":{"rendered":"Illuminato 3D LED Harley Davidson logo 50-80 CM..."},"content":{"rendered":"<p>Logo Harley Davidson illuminato a LED 3D<\/p>\n<p>Diametro 50-80 CM<\/p>\n<p>Ideale per i negozi o i club Harley Davidson<\/p>\n<p>La visualizzazione del logo presentata in questa offerta \u00e8 un esempio di come potrebbe apparire tale logo. Possiamo utilizzare qualsiasi grafica desiderata dopo l'acquisto.<\/p>\n<p>Colori vibranti e saturi, protetti da un'impregnazione protettiva. Illuminazione a LED di alta qualit\u00e0 e dalla luminosit\u00e0 uniforme. Struttura in alluminio, laccata. Il logo \u00e8 resistente alle condizioni esterne (IP68).<\/p>\n<p>Cavo di alimentazione con spina europea incluso. Alimentatore universale incorporato funzionante a 110-230V. Per altre prese \u00e8 possibile utilizzare un adattatore o sostituire la spina. Per gli ordini provenienti dagli Stati Uniti, viene aggiunto un adattatore per la spina UE-USA. Entrambe le versioni, da esterno e da interno, sono conformi allo standard IP68; la versione da esterno ha un alimentatore interno leggermente pi\u00f9 impermeabile.<\/p>\n<p>Facile montaggio su staffe. Esiste anche un altro metodo di montaggio, ad esempio con un cavo che parte dalla parete e arriva al prodotto. Per ulteriori informazioni sui metodi di montaggio, vedere <a href=\"https:\/\/ledwords.eu\/it\/istruzione\/\">istruzioni<\/a>.<\/p>\n<p>Garanzia di 2 anni<\/p>","protected":false},"excerpt":{"rendered":"<p>Logo Harley Davidson illuminato a LED 3D Diametro 50-80 CM Ideale per negozi o club del marchio Harley Davidson La visualizzazione del logo mostrata in questa offerta \u00e8 un esempio di come potrebbe apparire tale logo. Possiamo utilizzare qualsiasi grafica desideriate dopo l'acquisto. Colori vividi e saturi, protetti da impregnazione protettiva. Illuminazione a LED di alta qualit\u00e0 e a luce uniforme. Telaio in alluminio laccato. Il logo \u00e8...&nbsp;<a href=\"https:\/\/ledwords.eu\/it\/prodotto\/logo-illuminato-3d-led-harley-davidson-50-80-cm\/\" rel=\"bookmark\">Leggi tutto \"<span class=\"screen-reader-text\">Illuminato 3D LED Harley Davidson logo 50-80 CM...<\/span><\/a><\/p>","protected":false},"featured_media":1966,"template":"","meta":{"neve_meta_sidebar":"","neve_meta_container":"","neve_meta_enable_content_width":"off","neve_meta_content_width":100,"neve_meta_title_alignment":"","neve_meta_author_avatar":"","neve_post_elements_order":"","neve_meta_disable_header":"","neve_meta_disable_footer":"","neve_meta_disable_title":"","neve_meta_reading_time":"","neve_tabs_data":"","neve_override_tab_layout":""},"product_brand":[],"product_cat":[58],"product_tag":[32,35,33,45,30,31,29,34,37],"class_list":{"0":"post-791","1":"product","2":"type-product","3":"status-publish","4":"has-post-thumbnail","6":"product_cat-motocykle-i-pojazdy","7":"product_tag-3d","8":"product_tag-backlit","9":"product_tag-bar","10":"product_tag-harley-davidson","11":"product_tag-led","12":"product_tag-logo","13":"product_tag-neon","14":"product_tag-pub","15":"product_tag-sign","17":"first","18":"instock","19":"shipping-taxable","20":"purchasable","21":"product-type-variable"},"_links":{"self":[{"href":"https:\/\/ledwords.eu\/it\/wp-json\/wp\/v2\/product\/791","targetHints":{"allow":["GET"]}}],"collection":[{"href":"https:\/\/ledwords.eu\/it\/wp-json\/wp\/v2\/product"}],"about":[{"href":"https:\/\/ledwords.eu\/it\/wp-json\/wp\/v2\/types\/product"}],"wp:featuredmedia":[{"embeddable":true,"href":"https:\/\/ledwords.eu\/it\/wp-json\/wp\/v2\/media\/1966"}],"wp:attachment":[{"href":"https:\/\/ledwords.eu\/it\/wp-json\/wp\/v2\/media?parent=791"}],"wp:term":[{"taxonomy":"product_brand","embeddable":true,"href":"https:\/\/ledwords.eu\/it\/wp-json\/wp\/v2\/product_brand?post=791"},{"taxonomy":"product_cat","embeddable":true,"href":"https:\/\/ledwords.eu\/it\/wp-json\/wp\/v2\/product_cat?post=791"},{"taxonomy":"product_tag","embeddable":true,"href":"https:\/\/ledwords.eu\/it\/wp-json\/wp\/v2\/product_tag?post=791"}],"curies":[{"name":"parola chiave","href":"https:\/\/api.w.org\/{rel}","templated":true}]}}