{"id":679,"date":"2022-09-21T16:18:05","date_gmt":"2022-09-21T14:18:05","guid":{"rendered":"https:\/\/ledwords.eu\/?post_type=product&#038;p=679"},"modified":"2025-01-01T16:53:39","modified_gmt":"2025-01-01T15:53:39","slug":"podswietlane-owalne-logo-3d-led-heineken-50-80-cm","status":"publish","type":"product","link":"https:\/\/ledwords.eu\/it\/prodotto\/logo-ovale-illuminato-3d-led-heineken-50-80-cm\/","title":{"rendered":"Illuminato 3D LED Heineken Oval Logo 50-80 CM..."},"content":{"rendered":"<p>Logo Heineken ovale 3D illuminato a LED<\/p>\n<p>Altezza 50-80 CM<\/p>\n<p>Pubblicit\u00e0 leggera per pub, bar e ristoranti. Aumentate le vendite di birra con una pubblicit\u00e0 accattivante!<\/p>\n<p>Colori vibranti e saturi, protetti da un'impregnazione protettiva. Illuminazione a LED di alta qualit\u00e0 e dalla luminosit\u00e0 uniforme. Struttura in alluminio, laccata. Il logo \u00e8 resistente alle condizioni esterne (IP68).<\/p>\n<p>Cavo di alimentazione con spina europea incluso. Alimentatore universale incorporato funzionante a 110-230V. Per altre prese \u00e8 possibile utilizzare un adattatore o sostituire la spina. Per gli ordini provenienti dagli Stati Uniti, viene aggiunto un adattatore per la spina UE-USA. Entrambe le versioni, da esterno e da interno, sono conformi allo standard IP68; la versione da esterno ha un alimentatore interno leggermente pi\u00f9 impermeabile.<\/p>\n<p>Facile montaggio su staffe. Esiste anche un altro metodo di montaggio, ad esempio con un cavo che parte dalla parete e arriva al prodotto. Per ulteriori informazioni sui metodi di montaggio, vedere <a href=\"https:\/\/ledwords.eu\/it\/istruzione\/\">istruzioni<\/a>.<\/p>\n<p>Garanzia di 2 anni<\/p>","protected":false},"excerpt":{"rendered":"<p>Logo ovale 3D illuminato a LED Heineken Altezza 50-80 CM Pubblicit\u00e0 luminosa per pub, bar e ristoranti. Aumenta le vendite di birra con una pubblicit\u00e0 accattivante! Colori vivaci e saturi, protetti da un'impregnazione protettiva. Illuminazione a LED di alta qualit\u00e0, con luce uniforme. Struttura in alluminio, laccata. Il logo \u00e8 resistente alle condizioni esterne (IP68). Cavo di alimentazione con spina europea incluso. Incasso universale...&nbsp;<a href=\"https:\/\/ledwords.eu\/it\/prodotto\/logo-ovale-illuminato-3d-led-heineken-50-80-cm\/\" rel=\"bookmark\">Leggi tutto \"<span class=\"screen-reader-text\">Illuminato 3D LED Heineken Oval Logo 50-80 CM...<\/span><\/a><\/p>","protected":false},"featured_media":735,"template":"","meta":{"neve_meta_sidebar":"","neve_meta_container":"","neve_meta_enable_content_width":"off","neve_meta_content_width":100,"neve_meta_title_alignment":"","neve_meta_author_avatar":"","neve_post_elements_order":"","neve_meta_disable_header":"","neve_meta_disable_footer":"","neve_meta_disable_title":"","neve_meta_reading_time":"","neve_tabs_data":"","neve_override_tab_layout":""},"product_brand":[],"product_cat":[55],"product_tag":[32,35,39,30,29,37],"class_list":{"0":"post-679","1":"product","2":"type-product","3":"status-publish","4":"has-post-thumbnail","6":"product_cat-marki-alkoholi","7":"product_tag-3d","8":"product_tag-backlit","9":"product_tag-heineken","10":"product_tag-led","11":"product_tag-neon","12":"product_tag-sign","14":"first","15":"instock","16":"shipping-taxable","17":"purchasable","18":"product-type-variable"},"_links":{"self":[{"href":"https:\/\/ledwords.eu\/it\/wp-json\/wp\/v2\/product\/679","targetHints":{"allow":["GET"]}}],"collection":[{"href":"https:\/\/ledwords.eu\/it\/wp-json\/wp\/v2\/product"}],"about":[{"href":"https:\/\/ledwords.eu\/it\/wp-json\/wp\/v2\/types\/product"}],"wp:featuredmedia":[{"embeddable":true,"href":"https:\/\/ledwords.eu\/it\/wp-json\/wp\/v2\/media\/735"}],"wp:attachment":[{"href":"https:\/\/ledwords.eu\/it\/wp-json\/wp\/v2\/media?parent=679"}],"wp:term":[{"taxonomy":"product_brand","embeddable":true,"href":"https:\/\/ledwords.eu\/it\/wp-json\/wp\/v2\/product_brand?post=679"},{"taxonomy":"product_cat","embeddable":true,"href":"https:\/\/ledwords.eu\/it\/wp-json\/wp\/v2\/product_cat?post=679"},{"taxonomy":"product_tag","embeddable":true,"href":"https:\/\/ledwords.eu\/it\/wp-json\/wp\/v2\/product_tag?post=679"}],"curies":[{"name":"parola chiave","href":"https:\/\/api.w.org\/{rel}","templated":true}]}}