{"id":657,"date":"2022-09-20T22:37:21","date_gmt":"2022-09-20T20:37:21","guid":{"rendered":"https:\/\/ledwords.eu\/?post_type=product&#038;p=657"},"modified":"2025-04-18T07:45:11","modified_gmt":"2025-04-18T05:45:11","slug":"podswietlane-logo-3d-led-heineken-50-80-cm-2-kolory","status":"publish","type":"product","link":"https:\/\/ledwords.eu\/it\/prodotto\/podswietlane-logo-3d-led-heineken-50-80-cm-2-kolory\/","title":{"rendered":"Illuminato 3D LED Heineken logo 50-80 CM Pubblicit\u00e0..."},"content":{"rendered":"<p>Logo Heineken illuminato a LED 3D<\/p>\n<p>Diametro 50-80 CM<\/p>\n<p>Pubblicit\u00e0 leggera per pub, bar e ristoranti. Aumentate le vendite di birra con una pubblicit\u00e0 accattivante!<\/p>\n<p>Colori vibranti e saturi, protetti da un'impregnazione protettiva. Illuminazione a LED di alta qualit\u00e0 e dalla luminosit\u00e0 uniforme. Struttura in alluminio, laccata. Il logo \u00e8 resistente alle condizioni esterne (IP68).<\/p>\n<p>Cavo di alimentazione con spina europea incluso. Alimentatore universale incorporato funzionante a 110-230V. Per altre prese \u00e8 possibile utilizzare un adattatore o sostituire la spina. Per gli ordini provenienti dagli Stati Uniti, viene aggiunto un adattatore per la spina UE-USA. Entrambe le versioni, da esterno e da interno, sono conformi allo standard IP68; la versione da esterno ha un alimentatore interno leggermente pi\u00f9 impermeabile.<\/p>\n<p>Facile montaggio su staffe. Esiste anche un altro metodo di montaggio, ad esempio con un cavo che parte dalla parete e arriva al prodotto. Per ulteriori informazioni sui metodi di montaggio, vedere <a href=\"https:\/\/ledwords.eu\/it\/istruzione\/\">istruzioni<\/a>.<\/p>\n<p>2 colori di bordo a scelta: nero, bianco<\/p>\n<p>Garanzia di 2 anni<\/p>","protected":false},"excerpt":{"rendered":"<p>Logo Heineken illuminato a LED 3D diametro 50-80 CM Pubblicit\u00e0 luminosa per pub, bar e ristoranti. Aumenta le vendite di birra con una pubblicit\u00e0 accattivante! Colori vivaci e saturi, protetti da un'impregnazione protettiva. Illuminazione a LED di alta qualit\u00e0, con luce uniforme. Telaio in alluminio, laccato. Il logo \u00e8 resistente alle condizioni esterne (IP68). Cavo di alimentazione con spina europea incluso. Alimentatore universale incorporato...&nbsp;<a href=\"https:\/\/ledwords.eu\/it\/prodotto\/podswietlane-logo-3d-led-heineken-50-80-cm-2-kolory\/\" rel=\"bookmark\">Leggi tutto \"<span class=\"screen-reader-text\">Illuminato 3D LED Heineken logo 50-80 CM Pubblicit\u00e0...<\/span><\/a><\/p>","protected":false},"featured_media":670,"template":"","meta":{"neve_meta_sidebar":"","neve_meta_container":"","neve_meta_enable_content_width":"off","neve_meta_content_width":100,"neve_meta_title_alignment":"","neve_meta_author_avatar":"","neve_post_elements_order":"","neve_meta_disable_header":"","neve_meta_disable_footer":"","neve_meta_disable_title":"","neve_meta_reading_time":"","neve_tabs_data":"","neve_override_tab_layout":""},"product_brand":[],"product_cat":[41,55],"product_tag":[32,35,33,36,39,30,31,29,34,37],"class_list":{"0":"post-657","1":"product","2":"type-product","3":"status-publish","4":"has-post-thumbnail","6":"product_cat-featured","7":"product_cat-marki-alkoholi","8":"product_tag-3d","9":"product_tag-backlit","10":"product_tag-bar","11":"product_tag-beer","12":"product_tag-heineken","13":"product_tag-led","14":"product_tag-logo","15":"product_tag-neon","16":"product_tag-pub","17":"product_tag-sign","19":"first","20":"instock","21":"featured","22":"shipping-taxable","23":"purchasable","24":"product-type-variable"},"_links":{"self":[{"href":"https:\/\/ledwords.eu\/it\/wp-json\/wp\/v2\/product\/657","targetHints":{"allow":["GET"]}}],"collection":[{"href":"https:\/\/ledwords.eu\/it\/wp-json\/wp\/v2\/product"}],"about":[{"href":"https:\/\/ledwords.eu\/it\/wp-json\/wp\/v2\/types\/product"}],"wp:featuredmedia":[{"embeddable":true,"href":"https:\/\/ledwords.eu\/it\/wp-json\/wp\/v2\/media\/670"}],"wp:attachment":[{"href":"https:\/\/ledwords.eu\/it\/wp-json\/wp\/v2\/media?parent=657"}],"wp:term":[{"taxonomy":"product_brand","embeddable":true,"href":"https:\/\/ledwords.eu\/it\/wp-json\/wp\/v2\/product_brand?post=657"},{"taxonomy":"product_cat","embeddable":true,"href":"https:\/\/ledwords.eu\/it\/wp-json\/wp\/v2\/product_cat?post=657"},{"taxonomy":"product_tag","embeddable":true,"href":"https:\/\/ledwords.eu\/it\/wp-json\/wp\/v2\/product_tag?post=657"}],"curies":[{"name":"parola chiave","href":"https:\/\/api.w.org\/{rel}","templated":true}]}}