{"id":1896,"date":"2023-07-17T19:43:01","date_gmt":"2023-07-17T17:43:01","guid":{"rendered":"https:\/\/ledwords.eu\/?post_type=product&#038;p=1896"},"modified":"2025-01-01T16:52:29","modified_gmt":"2025-01-01T15:52:29","slug":"duze-logo-led-3d-marvel-comics-neon-60-x-45-cm","status":"publish","type":"product","link":"https:\/\/ledwords.eu\/it\/prodotto\/duze-logo-led-3d-marvel-comics-neon-60-x-45-cm\/","title":{"rendered":"Grande 3D Marvel Comics Neon LED Logo 60 x 45 CM..."},"content":{"rendered":"<p>Logo LED Marvel Comics 3D illuminato<\/p>\n<p>Altezza: 45 CM<br \/>\nLarghezza: 60 CM<br \/>\nSpessore: 6 CM<\/p>\n<p>Colori vibranti e saturi, protetti da un'impregnazione protettiva. Illuminazione a LED di alta qualit\u00e0 e dalla luminosit\u00e0 uniforme. Struttura in alluminio, laccata. Il logo \u00e8 resistente alle condizioni esterne (IP68).<\/p>\n<p>Cavo di alimentazione con spina europea incluso. Alimentatore universale incorporato funzionante a 110-230V. Per altre prese \u00e8 possibile utilizzare un adattatore o sostituire la spina. Per gli ordini provenienti dagli Stati Uniti, viene aggiunto un adattatore per la spina UE-USA. Entrambe le versioni, da esterno e da interno, sono conformi allo standard IP68; la versione da esterno ha un alimentatore interno leggermente pi\u00f9 impermeabile.<\/p>\n<p>Facile montaggio su staffe. Esiste anche un altro metodo di montaggio, ad esempio con un cavo che parte dalla parete e arriva al prodotto. Per ulteriori informazioni sui metodi di montaggio, vedere <a href=\"https:\/\/ledwords.eu\/it\/istruzione\/\">istruzioni<\/a>.<\/p>\n<p>Garanzia di 2 anni<\/p>","protected":false},"excerpt":{"rendered":"<p>Logo LED Marvel Comics 3D illuminato Altezza: 45 CM Larghezza: 60 CM Spessore: 6 CM Colori vividi e saturi, protetti da impregnazione protettiva. Illuminazione LED di alta qualit\u00e0 a luce uniforme. Struttura in alluminio, laccata. Il logo \u00e8 resistente alle condizioni esterne (IP68). Cavo di alimentazione con spina europea incluso. Alimentatore universale incorporato, funzionante a 110-230V. Per altre prese...&nbsp;<a href=\"https:\/\/ledwords.eu\/it\/prodotto\/duze-logo-led-3d-marvel-comics-neon-60-x-45-cm\/\" rel=\"bookmark\">Leggi tutto \"<span class=\"screen-reader-text\">Grande 3D Marvel Comics Neon LED Logo 60 x 45 CM...<\/span><\/a><\/p>","protected":false},"featured_media":1901,"template":"","meta":{"neve_meta_sidebar":"","neve_meta_container":"","neve_meta_enable_content_width":"off","neve_meta_content_width":100,"neve_meta_title_alignment":"","neve_meta_author_avatar":"","neve_post_elements_order":"","neve_meta_disable_header":"","neve_meta_disable_footer":"","neve_meta_disable_title":"","neve_meta_reading_time":"","neve_tabs_data":"","neve_override_tab_layout":""},"product_brand":[],"product_cat":[56],"product_tag":[32,35,103,30,78,29,37],"class_list":{"0":"post-1896","1":"product","2":"type-product","3":"status-publish","4":"has-post-thumbnail","6":"product_cat-pozostale","7":"product_tag-3d","8":"product_tag-backlit","9":"product_tag-comics","10":"product_tag-led","11":"product_tag-marvel","12":"product_tag-neon","13":"product_tag-sign","15":"first","16":"instock","17":"shipping-taxable","18":"purchasable","19":"product-type-variable"},"_links":{"self":[{"href":"https:\/\/ledwords.eu\/it\/wp-json\/wp\/v2\/product\/1896","targetHints":{"allow":["GET"]}}],"collection":[{"href":"https:\/\/ledwords.eu\/it\/wp-json\/wp\/v2\/product"}],"about":[{"href":"https:\/\/ledwords.eu\/it\/wp-json\/wp\/v2\/types\/product"}],"wp:featuredmedia":[{"embeddable":true,"href":"https:\/\/ledwords.eu\/it\/wp-json\/wp\/v2\/media\/1901"}],"wp:attachment":[{"href":"https:\/\/ledwords.eu\/it\/wp-json\/wp\/v2\/media?parent=1896"}],"wp:term":[{"taxonomy":"product_brand","embeddable":true,"href":"https:\/\/ledwords.eu\/it\/wp-json\/wp\/v2\/product_brand?post=1896"},{"taxonomy":"product_cat","embeddable":true,"href":"https:\/\/ledwords.eu\/it\/wp-json\/wp\/v2\/product_cat?post=1896"},{"taxonomy":"product_tag","embeddable":true,"href":"https:\/\/ledwords.eu\/it\/wp-json\/wp\/v2\/product_tag?post=1896"}],"curies":[{"name":"parola chiave","href":"https:\/\/api.w.org\/{rel}","templated":true}]}}