{"id":1482,"date":"2023-02-08T17:23:33","date_gmt":"2023-02-08T16:23:33","guid":{"rendered":"https:\/\/ledwords.eu\/?post_type=product&#038;p=1482"},"modified":"2026-01-15T21:33:55","modified_gmt":"2026-01-15T20:33:55","slug":"podswietlane-logo-3d-led-audi-50-80-cm-reklama","status":"publish","type":"product","link":"https:\/\/ledwords.eu\/it\/prodotto\/logo-illuminato-3d-led-audi-50-80-cm-pubblicita\/","title":{"rendered":"Illuminato 3D LED Audi logo 50-80 CM pubblicit\u00e0..."},"content":{"rendered":"<p>Logo Audi 3D LED illuminato<\/p>\n<p>Diametro 50-80 CM<\/p>\n<p>Colori vibranti e saturi, protetti da un'impregnazione protettiva. Illuminazione a LED di alta qualit\u00e0 e dalla luminosit\u00e0 uniforme. Struttura in alluminio, laccata. Il logo \u00e8 resistente alle condizioni esterne (IP68).<\/p>\n<p>Cavo di alimentazione con spina europea incluso. Alimentatore universale incorporato funzionante a 110-230V. Per altre prese \u00e8 possibile utilizzare un adattatore o sostituire la spina. Per gli ordini provenienti dagli Stati Uniti, viene aggiunto un adattatore per la spina UE-USA. Entrambe le versioni, da esterno e da interno, sono conformi allo standard IP68; la versione da esterno ha un alimentatore interno leggermente pi\u00f9 impermeabile.<\/p>\n<p>Facile montaggio su staffe. Esiste anche un altro metodo di montaggio, ad esempio con un cavo che parte dalla parete e arriva al prodotto. Per ulteriori informazioni sui metodi di montaggio, vedere <a href=\"https:\/\/ledwords.eu\/it\/istruzione\/\">istruzioni<\/a>.<\/p>\n<p>Garanzia di 2 anni<\/p>","protected":false},"excerpt":{"rendered":"<p>Logo Audi illuminato a LED 3D Diametro 50-80 CM Colori vibranti e saturi, protetti da impregnazione protettiva. Illuminazione LED di alta qualit\u00e0 a luce uniforme. Telaio in alluminio, laccato. Il logo \u00e8 resistente alle condizioni esterne (IP68). Cavo di alimentazione con spina europea incluso. Alimentatore universale incorporato funzionante nell'intervallo 110-230V. Per altre prese \u00e8 possibile utilizzare un adattatore o sostituire la spina. Per.&nbsp;<a href=\"https:\/\/ledwords.eu\/it\/prodotto\/logo-illuminato-3d-led-audi-50-80-cm-pubblicita\/\" rel=\"bookmark\">Leggi tutto \"<span class=\"screen-reader-text\">Illuminato 3D LED Audi logo 50-80 CM pubblicit\u00e0...<\/span><\/a><\/p>","protected":false},"featured_media":1492,"template":"","meta":{"neve_meta_sidebar":"","neve_meta_container":"","neve_meta_enable_content_width":"off","neve_meta_content_width":100,"neve_meta_title_alignment":"","neve_meta_author_avatar":"","neve_post_elements_order":"","neve_meta_disable_header":"","neve_meta_disable_footer":"","neve_meta_disable_title":"","neve_meta_reading_time":"","neve_tabs_data":"","neve_override_tab_layout":""},"product_brand":[],"product_cat":[58],"product_tag":[32,72,35,30,31,29,37],"class_list":{"0":"post-1482","1":"product","2":"type-product","3":"status-publish","4":"has-post-thumbnail","6":"product_cat-motocykle-i-pojazdy","7":"product_tag-3d","8":"product_tag-audi","9":"product_tag-backlit","10":"product_tag-led","11":"product_tag-logo","12":"product_tag-neon","13":"product_tag-sign","15":"first","16":"instock","17":"shipping-taxable","18":"purchasable","19":"product-type-variable","20":"has-default-attributes"},"_links":{"self":[{"href":"https:\/\/ledwords.eu\/it\/wp-json\/wp\/v2\/product\/1482","targetHints":{"allow":["GET"]}}],"collection":[{"href":"https:\/\/ledwords.eu\/it\/wp-json\/wp\/v2\/product"}],"about":[{"href":"https:\/\/ledwords.eu\/it\/wp-json\/wp\/v2\/types\/product"}],"wp:featuredmedia":[{"embeddable":true,"href":"https:\/\/ledwords.eu\/it\/wp-json\/wp\/v2\/media\/1492"}],"wp:attachment":[{"href":"https:\/\/ledwords.eu\/it\/wp-json\/wp\/v2\/media?parent=1482"}],"wp:term":[{"taxonomy":"product_brand","embeddable":true,"href":"https:\/\/ledwords.eu\/it\/wp-json\/wp\/v2\/product_brand?post=1482"},{"taxonomy":"product_cat","embeddable":true,"href":"https:\/\/ledwords.eu\/it\/wp-json\/wp\/v2\/product_cat?post=1482"},{"taxonomy":"product_tag","embeddable":true,"href":"https:\/\/ledwords.eu\/it\/wp-json\/wp\/v2\/product_tag?post=1482"}],"curies":[{"name":"parola chiave","href":"https:\/\/api.w.org\/{rel}","templated":true}]}}