{"id":1023,"date":"2022-10-03T13:35:07","date_gmt":"2022-10-03T11:35:07","guid":{"rendered":"https:\/\/ledwords.eu\/?post_type=product&#038;p=1023"},"modified":"2025-12-06T22:46:44","modified_gmt":"2025-12-06T21:46:44","slug":"podswietlane-logo-3d-led-wlasna-grafika-50-80-cm-reklama","status":"publish","type":"product","link":"https:\/\/ledwords.eu\/it\/prodotto\/logo-illuminato-3d-led-grafica-posseduta-50-80-cm-pubblicita\/","title":{"rendered":"3D LED retroilluminato Logo grafica personalizzata 50-80 CM..."},"content":{"rendered":"<p>Logo illuminato con grafica personalizzata!<\/p>\n<p>Diametro 50-80 CM<\/p>\n<p>Qualsiasi grafica propria di qualit\u00e0 adeguata. Si prega di inviare la grafica per la verifica prima dell'ordine. Si prega di consultare le altre inserzioni per i prodotti con grafica gi\u00e0 finita.<\/p>\n<p>Colori vibranti e saturi, protetti da un'impregnazione protettiva. Illuminazione a LED di alta qualit\u00e0 e dalla luminosit\u00e0 uniforme. Struttura in alluminio, laccata. Il logo \u00e8 resistente alle condizioni esterne (IP68).<\/p>\n<p>Cavo di alimentazione con spina europea incluso. Alimentatore universale incorporato funzionante a 110-230V. Per altre prese \u00e8 possibile utilizzare un adattatore o sostituire la spina. Per gli ordini provenienti dagli Stati Uniti, viene aggiunto un adattatore per la spina UE-USA. Entrambe le versioni, da esterno e da interno, sono conformi allo standard IP68; la versione da esterno ha un alimentatore interno leggermente pi\u00f9 impermeabile.<\/p>\n<p>Montaggio semplice su staffe. Esiste anche un altro metodo di montaggio, ad esempio con un cavo che parte dalla parete e arriva al prodotto. Per ulteriori informazioni sui metodi di montaggio, vedere <a href=\"https:\/\/ledwords.eu\/it\/istruzione\/\">istruzioni<\/a>.<\/p>\n<p>2 colori di bordo a scelta: nero, bianco<\/p>\n<p>Garanzia di 2 anni<\/p>","protected":false},"excerpt":{"rendered":"<p>Logo illuminato con grafica personalizzata! Diametro 50-80 CM Qualsiasi grafica personalizzata di qualit\u00e0 sufficiente. Si prega di inviare la grafica per la verifica prima dell'ordine. Si prega di consultare le nostre altre inserzioni per prodotti con grafica gi\u00e0 finita. Colori vividi e saturi, protetti da impregnazione protettiva. Illuminazione a LED di alta qualit\u00e0, con luce uniforme. Telaio in alluminio, laccato. Il logo \u00e8 resistente alle condizioni esterne...&nbsp;<a href=\"https:\/\/ledwords.eu\/it\/prodotto\/logo-illuminato-3d-led-grafica-posseduta-50-80-cm-pubblicita\/\" rel=\"bookmark\">Leggi tutto \"<span class=\"screen-reader-text\">3D LED retroilluminato Logo grafica personalizzata 50-80 CM...<\/span><\/a><\/p>","protected":false},"featured_media":1032,"template":"","meta":{"neve_meta_sidebar":"","neve_meta_container":"","neve_meta_enable_content_width":"off","neve_meta_content_width":100,"neve_meta_title_alignment":"","neve_meta_author_avatar":"","neve_post_elements_order":"","neve_meta_disable_header":"","neve_meta_disable_footer":"","neve_meta_disable_title":"","neve_meta_reading_time":"","neve_tabs_data":"","neve_override_tab_layout":""},"product_brand":[],"product_cat":[59],"product_tag":[32,35,33,36,30,31,40,29,34,37],"class_list":{"0":"post-1023","1":"product","2":"type-product","3":"status-publish","4":"has-post-thumbnail","6":"product_cat-na-zamowienie","7":"product_tag-3d","8":"product_tag-backlit","9":"product_tag-bar","10":"product_tag-beer","11":"product_tag-led","12":"product_tag-logo","13":"product_tag-miller","14":"product_tag-neon","15":"product_tag-pub","16":"product_tag-sign","18":"first","19":"instock","20":"shipping-taxable","21":"purchasable","22":"product-type-variable","23":"has-default-attributes"},"_links":{"self":[{"href":"https:\/\/ledwords.eu\/it\/wp-json\/wp\/v2\/product\/1023","targetHints":{"allow":["GET"]}}],"collection":[{"href":"https:\/\/ledwords.eu\/it\/wp-json\/wp\/v2\/product"}],"about":[{"href":"https:\/\/ledwords.eu\/it\/wp-json\/wp\/v2\/types\/product"}],"wp:featuredmedia":[{"embeddable":true,"href":"https:\/\/ledwords.eu\/it\/wp-json\/wp\/v2\/media\/1032"}],"wp:attachment":[{"href":"https:\/\/ledwords.eu\/it\/wp-json\/wp\/v2\/media?parent=1023"}],"wp:term":[{"taxonomy":"product_brand","embeddable":true,"href":"https:\/\/ledwords.eu\/it\/wp-json\/wp\/v2\/product_brand?post=1023"},{"taxonomy":"product_cat","embeddable":true,"href":"https:\/\/ledwords.eu\/it\/wp-json\/wp\/v2\/product_cat?post=1023"},{"taxonomy":"product_tag","embeddable":true,"href":"https:\/\/ledwords.eu\/it\/wp-json\/wp\/v2\/product_tag?post=1023"}],"curies":[{"name":"parola chiave","href":"https:\/\/api.w.org\/{rel}","templated":true}]}}