{"id":1942,"date":"2023-07-17T21:18:50","date_gmt":"2023-07-17T19:18:50","guid":{"rendered":"https:\/\/ledwords.eu\/?post_type=product&#038;p=1942"},"modified":"2025-01-01T16:52:26","modified_gmt":"2025-01-01T15:52:26","slug":"duze-logo-led-3d-mini-neon-70-x-30-cm","status":"publish","type":"product","link":"https:\/\/ledwords.eu\/hu\/termek\/nagy-led-logo-3d-mini-neon-70-x-30-cm\/","title":{"rendered":"Nagy LED log\u00f3 3D Mini Neon 70 x 30 CM..."},"content":{"rendered":"<p>LED megvil\u00e1g\u00edtott log\u00f3 3D Mini Neon 70 x 30 CM<\/p>\n<p>Magass\u00e1g: 30 CM<br \/>\nSz\u00e9less\u00e9g: 70 CM<br \/>\nVastags\u00e1g: 6 CM<\/p>\n<p>\u00c9l\u00e9nk \u00e9s tel\u00edtett sz\u00ednek, v\u00e9d\u0151 impregn\u00e1l\u00e1ssal v\u00e9dve. Kiv\u00e1l\u00f3 min\u0151s\u00e9g\u0171, egyenletesen vil\u00e1g\u00edt\u00f3 LED-es vil\u00e1g\u00edt\u00e1s. Alum\u00ednium keret, lakkozott. A log\u00f3 ellen\u00e1ll a k\u00fclt\u00e9ri k\u00f6r\u00fclm\u00e9nyeknek (IP68).<\/p>\n<p>Eur\u00f3pai dug\u00f3val ell\u00e1tott t\u00e1pk\u00e1bel mell\u00e9kelve. Univerz\u00e1lis be\u00e9p\u00edtett t\u00e1pegys\u00e9g, amely 110-230 V fesz\u00fclts\u00e9ggel m\u0171k\u00f6dik. M\u00e1s aljzatokhoz haszn\u00e1lhat adaptert vagy kicser\u00e9lheti a dug\u00f3t. Az USA-b\u00f3l \u00e9rkez\u0151 megrendel\u00e9sekhez EU-USA csatlakoz\u00f3adaptert adunk hozz\u00e1. Mind a k\u00fclt\u00e9ri, mind a belt\u00e9ri v\u00e1ltozat megfelel az IP68-as szabv\u00e1nynak, a k\u00fclt\u00e9ri v\u00e1ltozat valamivel v\u00edz\u00e1ll\u00f3bb bels\u0151 t\u00e1pegys\u00e9ggel rendelkezik.<\/p>\n<p>K\u00f6nny\u0171 r\u00f6gz\u00edt\u00e9s konzolokra. L\u00e9tezik egy m\u00e1sik r\u00f6gz\u00edt\u00e9si m\u00f3dszer is, p\u00e9ld\u00e1ul a falr\u00f3l a term\u00e9khez vezet\u0151 k\u00e1bellel. A szerel\u00e9si m\u00f3dszerekkel kapcsolatos tov\u00e1bbi inform\u00e1ci\u00f3k\u00e9rt l\u00e1sd <a href=\"https:\/\/ledwords.eu\/hu\/utasitas\/\">utas\u00edt\u00e1sok<\/a>.<\/p>\n<p>2 \u00e9v garancia<\/p>","protected":false},"excerpt":{"rendered":"<p>Vil\u00e1g\u00edt\u00f3 LED Logo 3D Mini Neon 70 x 30 CM Magass\u00e1g: 30 CM Sz\u00e9less\u00e9g: 70 CM Vastags\u00e1g: 6 CM \u00c9l\u00e9nk \u00e9s tel\u00edtett sz\u00ednek, v\u00e9d\u0151 impregn\u00e1l\u00e1ssal v\u00e9dve. Kiv\u00e1l\u00f3 min\u0151s\u00e9g\u0171, egyenletesen vil\u00e1g\u00edt\u00f3 LED-es megvil\u00e1g\u00edt\u00e1s. Alum\u00ednium keret, lakkozott. A log\u00f3 ellen\u00e1ll a k\u00fclt\u00e9ri k\u00f6r\u00fclm\u00e9nyeknek (IP68). Eur\u00f3pai dug\u00f3val ell\u00e1tott t\u00e1pk\u00e1bel mell\u00e9kelve. Univerz\u00e1lis be\u00e9p\u00edtett t\u00e1pegys\u00e9g a...&nbsp;<a href=\"https:\/\/ledwords.eu\/hu\/termek\/nagy-led-logo-3d-mini-neon-70-x-30-cm\/\" rel=\"bookmark\">Olvass tov\u00e1bb \"<span class=\"screen-reader-text\">Nagy LED log\u00f3 3D Mini Neon 70 x 30 CM...<\/span><\/a><\/p>","protected":false},"featured_media":1947,"template":"","meta":{"neve_meta_sidebar":"","neve_meta_container":"","neve_meta_enable_content_width":"off","neve_meta_content_width":100,"neve_meta_title_alignment":"","neve_meta_author_avatar":"","neve_post_elements_order":"","neve_meta_disable_header":"","neve_meta_disable_footer":"","neve_meta_disable_title":"","neve_meta_reading_time":"","neve_tabs_data":"","neve_override_tab_layout":""},"product_brand":[],"product_cat":[58],"product_tag":[32,35,113,30,112,29,37],"class_list":{"0":"post-1942","1":"product","2":"type-product","3":"status-publish","4":"has-post-thumbnail","6":"product_cat-motocykle-i-pojazdy","7":"product_tag-3d","8":"product_tag-backlit","9":"product_tag-cooper","10":"product_tag-led","11":"product_tag-mini","12":"product_tag-neon","13":"product_tag-sign","15":"first","16":"instock","17":"shipping-taxable","18":"purchasable","19":"product-type-variable"},"_links":{"self":[{"href":"https:\/\/ledwords.eu\/hu\/wp-json\/wp\/v2\/product\/1942","targetHints":{"allow":["GET"]}}],"collection":[{"href":"https:\/\/ledwords.eu\/hu\/wp-json\/wp\/v2\/product"}],"about":[{"href":"https:\/\/ledwords.eu\/hu\/wp-json\/wp\/v2\/types\/product"}],"wp:featuredmedia":[{"embeddable":true,"href":"https:\/\/ledwords.eu\/hu\/wp-json\/wp\/v2\/media\/1947"}],"wp:attachment":[{"href":"https:\/\/ledwords.eu\/hu\/wp-json\/wp\/v2\/media?parent=1942"}],"wp:term":[{"taxonomy":"product_brand","embeddable":true,"href":"https:\/\/ledwords.eu\/hu\/wp-json\/wp\/v2\/product_brand?post=1942"},{"taxonomy":"product_cat","embeddable":true,"href":"https:\/\/ledwords.eu\/hu\/wp-json\/wp\/v2\/product_cat?post=1942"},{"taxonomy":"product_tag","embeddable":true,"href":"https:\/\/ledwords.eu\/hu\/wp-json\/wp\/v2\/product_tag?post=1942"}],"curies":[{"name":"munkaf\u00fczet","href":"https:\/\/api.w.org\/{rel}","templated":true}]}}