{"id":408,"date":"2022-09-07T14:31:51","date_gmt":"2022-09-07T12:31:51","guid":{"rendered":"https:\/\/ledwords.eu\/?page_id=408"},"modified":"2022-10-05T12:15:06","modified_gmt":"2022-10-05T10:15:06","slug":"gwarancja","status":"publish","type":"page","link":"https:\/\/ledwords.eu\/hu\/garancia\/","title":{"rendered":"Garancia"},"content":{"rendered":"<div data-elementor-type=\"wp-page\" data-elementor-id=\"408\" class=\"elementor elementor-408\" data-elementor-post-type=\"page\">\n\t\t\t\t\t\t<section class=\"elementor-section elementor-top-section elementor-element elementor-element-3a9270b elementor-section-boxed elementor-section-height-default elementor-section-height-default\" data-id=\"3a9270b\" data-element_type=\"section\">\n\t\t\t\t\t\t<div class=\"elementor-container elementor-column-gap-default\">\n\t\t\t\t\t<div class=\"elementor-column elementor-col-100 elementor-top-column elementor-element elementor-element-0065f86\" data-id=\"0065f86\" data-element_type=\"column\">\n\t\t\t<div class=\"elementor-widget-wrap elementor-element-populated\">\n\t\t\t\t\t\t<div class=\"elementor-element elementor-element-215fbba elementor-widget elementor-widget-spacer\" data-id=\"215fbba\" data-element_type=\"widget\" data-widget_type=\"spacer.default\">\n\t\t\t\t<div class=\"elementor-widget-container\">\n\t\t\t\t\t\t\t<div class=\"elementor-spacer\">\n\t\t\t<div class=\"elementor-spacer-inner\"><\/div>\n\t\t<\/div>\n\t\t\t\t\t\t<\/div>\n\t\t\t\t<\/div>\n\t\t\t\t<div class=\"elementor-element elementor-element-c561778 elementor-widget elementor-widget-text-editor\" data-id=\"c561778\" data-element_type=\"widget\" data-widget_type=\"text-editor.default\">\n\t\t\t\t<div class=\"elementor-widget-container\">\n\t\t\t\t\t\t\t\t\t<h3 style=\"text-align:center;\">J\u00d3T\u00c1LL\u00c1SI FELT\u00c9TELEK<\/h3>\n<ol>\n<li>A term\u00e9k j\u00f3t\u00e1ll\u00e1si ideje a term\u00e9k \u00e1tv\u00e9tel\u00e9t\u0151l sz\u00e1m\u00edtott 24 h\u00f3nap. A term\u00e9k szakmai min\u0151s\u00e9g\u00e9re \u00e9s helyes m\u0171k\u00f6d\u00e9s\u00e9re vonatkozik.<\/li>\n<li>Amennyiben kieg\u00e9sz\u00edt\u0151 szerel\u00e9si szolg\u00e1ltat\u00e1s megrendel\u00e9s\u00e9re ker\u00fclt sor, a hiba bejelent\u00e9se eset\u00e9n a v\u00e1llalkoz\u00f3 v\u00e1llalja, hogy a hib\u00e1t a bejelent\u00e9st\u0151l sz\u00e1m\u00edtott legfeljebb 14 napon bel\u00fcl kijav\u00edtja. Ha a hib\u00e1t nem jav\u00edtj\u00e1k ki a megadott hat\u00e1rid\u0151n bel\u00fcl, a jav\u00edt\u00e1s k\u00f6lts\u00e9geit egy m\u00e1sik v\u00e1llalat fedezi, amelyet az \u00fcgyf\u00e9lnek joga van szervizel\u00e9sre h\u00edvni.<\/li>\n<li>A garancia nem terjed ki a mindennapi haszn\u00e1latb\u00f3l ered\u0151 karcol\u00e1sokra \u00e9s fel\u00fcleti s\u00e9r\u00fcl\u00e9sekre.<\/li>\n<li>A garancia kiz\u00e1r\u00f3lag az eladott term\u00e9kben rejl\u0151 okokb\u00f3l ered\u0151 fizikai hib\u00e1kra terjed ki. A garancia nem terjed ki az egy\u00e9b okokb\u00f3l ered\u0151 hib\u00e1kra, mint p\u00e9ld\u00e1ul:<br><br>\t- V\u00e9letlen esem\u00e9nyek (vis maior), mint p\u00e9ld\u00e1ul t\u0171z, \u00e1rv\u00edz, vihar, vill\u00e1mcsap\u00e1s stb. \u00e1ltal okozott k\u00e1rok.<br>    - A term\u00e9k m\u0171k\u00f6d\u00e9s\u00e9t befoly\u00e1sol\u00f3 elektromos rendszer vagy berendez\u00e9s meghib\u00e1sod\u00e1sa.<\/li>\n<p><br><br><\/p>\n<li>A term\u00e9k helysz\u00edni szervizel\u00e9se eset\u00e9n az \u00fcgyf\u00e9l k\u00f6teles szabad hozz\u00e1f\u00e9r\u00e9st biztos\u00edtani a term\u00e9khez, \u00e9s lehet\u0151v\u00e9 tenni a szerviztechnikus sz\u00e1m\u00e1ra a biztons\u00e1gos jav\u00edt\u00e1si elj\u00e1r\u00e1s elv\u00e9gz\u00e9s\u00e9t az \u00f6sszes eg\u00e9szs\u00e9g\u00fcgyi \u00e9s biztons\u00e1gi szab\u00e1ly betart\u00e1s\u00e1val, valamint a megfelel\u0151 technikai eszk\u00f6z\u00f6k, p\u00e9ld\u00e1ul az \u00e1ramforr\u00e1sokhoz val\u00f3 hozz\u00e1f\u00e9r\u00e9s, biztons\u00e1gi kapcsol\u00f3k stb. biztos\u00edt\u00e1s\u00e1t. Ellenkez\u0151 esetben a szerviztechnikusnak jog\u00e1ban \u00e1ll megtagadni a szerviztev\u00e9kenys\u00e9get.<\/li>\n<\/ol>\n<p><br><\/p>\n<h3 style=\"text-align:center;\">GARANCIA A KISM\u00c9RET\u0170 TERM\u00c9KEKRE<\/h3>\n<ol>\n<li>A kis m\u00e9ret\u0171 term\u00e9keket (a gy\u00e1rt\u00f3val t\u00f6rt\u00e9nt el\u0151zetes egyeztet\u00e9s alapj\u00e1n) a v\u00e1llalat c\u00edm\u00e9re kell visszak\u00fcldeni, a term\u00e9k csomagol\u00e1sa sor\u00e1n kell\u0151 gondoss\u00e1ggal (er\u0151s kartondoboz, kartonsarkok, bubor\u00e9kf\u00f3lia).<\/li>\n<li>Az \u00fcgyf\u00e9l viseli a term\u00e9knek a gy\u00e1rt\u00f3 telephely\u00e9re t\u00f6rt\u00e9n\u0151 megb\u00edzhat\u00f3 sz\u00e1ll\u00edt\u00e1s\u00e1nak k\u00f6lts\u00e9geit \u00e9s felel\u0151ss\u00e9g\u00e9t.<\/li>\n<li>A gy\u00e1rt\u00f3 nem v\u00e1llal felel\u0151ss\u00e9get a term\u00e9k sz\u00e1ll\u00edt\u00e1s k\u00f6zbeni s\u00e9r\u00fcl\u00e9s\u00e9\u00e9rt vagy megsemmis\u00fcl\u00e9s\u00e9\u00e9rt, amely a term\u00e9knek a v\u00e1s\u00e1rl\u00f3 \u00e1ltali nem megfelel\u0151 csomagol\u00e1s\u00e1b\u00f3l \u00e9s v\u00e9delm\u00e9b\u0151l ered.<\/li>\n<li>A gy\u00e1rt\u00f3 viseli a jav\u00edtott term\u00e9k biztons\u00e1gos elsz\u00e1ll\u00edt\u00e1s\u00e1nak k\u00f6lts\u00e9geit \u00e9s felel\u0151ss\u00e9g\u00e9t.<\/li>\n<li>A gy\u00e1rt\u00f3 tudta \u00e9s j\u00f3v\u00e1hagy\u00e1sa n\u00e9lk\u00fcl a gy\u00e1rt\u00f3 c\u00edm\u00e9re visszak\u00fcld\u00f6tt term\u00e9k nem fogadhat\u00f3 el.<\/li>\n<li>A garanci\u00e1lis elj\u00e1r\u00e1s csak a teljes, \u00fczemk\u00e9pes, hib\u00e1kt\u00f3l \u00e9s k\u00fcls\u0151 t\u00e9nyez\u0151k \u00e1ltal okozott mechanikai s\u00e9r\u00fcl\u00e9sekt\u0151l mentes term\u00e9kekre vonatkozik.<\/li>\n<\/ol>\n<p><br><\/p>\n<h3 style=\"text-align:center;\">GARANCIA ELVESZT\u00c9SE<\/h3>\n<ol>\n<li>A term\u00e9kgarancia nem vonatkozik a k\u00f6vetkez\u0151kre:<br><br>- A felhaszn\u00e1l\u00f3 saj\u00e1t beavatkoz\u00e1sa (egy\u00e9ni m\u00f3dos\u00edt\u00e1sok, m\u00f3dos\u00edt\u00e1sok stb.).<br>- A term\u00e9k csatlakoztat\u00e1sa szakk\u00e9pzetlen szem\u00e9lyek \u00e1ltal.<br>- A term\u00e9kkel val\u00f3 vissza\u00e9l\u00e9s.<br>- illet\u00e9ktelen szem\u00e9lyek \u00e1ltal a term\u00e9k jav\u00edt\u00e1s\u00e1ra tett k\u00eds\u00e9rletek.<br>- A term\u00e9kre vonatkoz\u00f3, a k\u00e9zhezv\u00e9telt\u0151l sz\u00e1m\u00edtott 21 napot meghalad\u00f3 fizet\u00e9si k\u00e9sedelem bek\u00f6vetkez\u00e9se.<br>sz\u00e1mla a gy\u00e1rt\u00f3 \u00e1ltal meghat\u00e1rozott 7 napos norm\u00e1l fizet\u00e9si hat\u00e1rid\u0151vel.<\/li>\n<p><br><br><\/p>\n<li>Azonnal ki kell kapcsolni azt a term\u00e9ket, amelyben hib\u00e1t tal\u00e1ltak.<br>a haszn\u00e1latb\u00f3l a garancia elveszt\u00e9s\u00e9nek b\u00fcntet\u00e9se mellett.<\/li>\n<\/ol>\t\t\t\t\t\t\t\t<\/div>\n\t\t\t\t<\/div>\n\t\t\t\t\t<\/div>\n\t\t<\/div>\n\t\t\t\t\t<\/div>\n\t\t<\/section>\n\t\t\t\t<section class=\"elementor-section elementor-top-section elementor-element elementor-element-62b111c elementor-section-boxed elementor-section-height-default elementor-section-height-default\" data-id=\"62b111c\" data-element_type=\"section\">\n\t\t\t\t\t\t<div class=\"elementor-container elementor-column-gap-default\">\n\t\t\t\t\t<div class=\"elementor-column elementor-col-100 elementor-top-column elementor-element elementor-element-cbb87de\" data-id=\"cbb87de\" data-element_type=\"column\">\n\t\t\t<div class=\"elementor-widget-wrap elementor-element-populated\">\n\t\t\t\t\t\t<div class=\"elementor-element elementor-element-9cdb8c2 elementor-widget elementor-widget-spacer\" data-id=\"9cdb8c2\" data-element_type=\"widget\" data-widget_type=\"spacer.default\">\n\t\t\t\t<div class=\"elementor-widget-container\">\n\t\t\t\t\t\t\t<div class=\"elementor-spacer\">\n\t\t\t<div class=\"elementor-spacer-inner\"><\/div>\n\t\t<\/div>\n\t\t\t\t\t\t<\/div>\n\t\t\t\t<\/div>\n\t\t\t\t\t<\/div>\n\t\t<\/div>\n\t\t\t\t\t<\/div>\n\t\t<\/section>\n\t\t\t\t<\/div>","protected":false},"excerpt":{"rendered":"<p>GARANCIAFELT\u00c9TELEK A term\u00e9kre vonatkoz\u00f3 garanciaid\u0151 a term\u00e9k \u00e1tv\u00e9tel\u00e9t\u0151l sz\u00e1m\u00edtott 24 h\u00f3napra vonatkozik. A term\u00e9k szakmai min\u0151s\u00e9g\u00e9re \u00e9s megfelel\u0151 m\u0171k\u00f6d\u00e9s\u00e9re vonatkozik. Amennyiben kieg\u00e9sz\u00edt\u0151 szerel\u00e9si szolg\u00e1ltat\u00e1st rendeltek meg, a hiba bejelent\u00e9se eset\u00e9n a v\u00e1llalkoz\u00f3 v\u00e1llalja, hogy a hib\u00e1t a bejelent\u00e9st\u0151l sz\u00e1m\u00edtott legfeljebb 14 napon bel\u00fcl kijav\u00edtja. A hiba hat\u00e1rid\u0151n bel\u00fcli kijav\u00edt\u00e1s\u00e1nak elmulaszt\u00e1s\u00e1nak k\u00f6vetkezm\u00e9nye...&nbsp;<a href=\"https:\/\/ledwords.eu\/hu\/garancia\/\" rel=\"bookmark\">Olvass tov\u00e1bb \"<span class=\"screen-reader-text\">Garancia<\/span><\/a><\/p>","protected":false},"author":1,"featured_media":0,"parent":0,"menu_order":0,"comment_status":"closed","ping_status":"closed","template":"page-templates\/template-pagebuilder-full-width.php","meta":{"neve_meta_sidebar":"","neve_meta_container":"","neve_meta_enable_content_width":"","neve_meta_content_width":0,"neve_meta_title_alignment":"","neve_meta_author_avatar":"","neve_post_elements_order":"","neve_meta_disable_header":"","neve_meta_disable_footer":"","neve_meta_disable_title":"","neve_meta_reading_time":"","footnotes":""},"class_list":["post-408","page","type-page","status-publish","hentry"],"_links":{"self":[{"href":"https:\/\/ledwords.eu\/hu\/wp-json\/wp\/v2\/pages\/408","targetHints":{"allow":["GET"]}}],"collection":[{"href":"https:\/\/ledwords.eu\/hu\/wp-json\/wp\/v2\/pages"}],"about":[{"href":"https:\/\/ledwords.eu\/hu\/wp-json\/wp\/v2\/types\/page"}],"author":[{"embeddable":true,"href":"https:\/\/ledwords.eu\/hu\/wp-json\/wp\/v2\/users\/1"}],"replies":[{"embeddable":true,"href":"https:\/\/ledwords.eu\/hu\/wp-json\/wp\/v2\/comments?post=408"}],"version-history":[{"count":13,"href":"https:\/\/ledwords.eu\/hu\/wp-json\/wp\/v2\/pages\/408\/revisions"}],"predecessor-version":[{"id":1045,"href":"https:\/\/ledwords.eu\/hu\/wp-json\/wp\/v2\/pages\/408\/revisions\/1045"}],"wp:attachment":[{"href":"https:\/\/ledwords.eu\/hu\/wp-json\/wp\/v2\/media?parent=408"}],"curies":[{"name":"munkaf\u00fczet","href":"https:\/\/api.w.org\/{rel}","templated":true}]}}