{"id":11,"date":"2022-09-06T15:49:25","date_gmt":"2022-09-06T13:49:25","guid":{"rendered":"https:\/\/ledwords.eu\/?page_id=11"},"modified":"2023-04-19T20:45:42","modified_gmt":"2023-04-19T18:45:42","slug":"zwroty","status":"publish","type":"page","link":"https:\/\/ledwords.eu\/hu\/visszater\/","title":{"rendered":"Visszat\u00e9r\u00edt\u00e9si politika"},"content":{"rendered":"<div data-elementor-type=\"wp-page\" data-elementor-id=\"11\" class=\"elementor elementor-11\" data-elementor-post-type=\"page\">\n\t\t\t\t\t\t<section class=\"elementor-section elementor-top-section elementor-element elementor-element-4de652d elementor-section-boxed elementor-section-height-default elementor-section-height-default\" data-id=\"4de652d\" data-element_type=\"section\">\n\t\t\t\t\t\t<div class=\"elementor-container elementor-column-gap-default\">\n\t\t\t\t\t<div class=\"elementor-column elementor-col-100 elementor-top-column elementor-element elementor-element-2f0d0fe\" data-id=\"2f0d0fe\" data-element_type=\"column\">\n\t\t\t<div class=\"elementor-widget-wrap elementor-element-populated\">\n\t\t\t\t\t\t<div class=\"elementor-element elementor-element-f40e48a elementor-widget elementor-widget-spacer\" data-id=\"f40e48a\" data-element_type=\"widget\" data-widget_type=\"spacer.default\">\n\t\t\t\t<div class=\"elementor-widget-container\">\n\t\t\t\t\t\t\t<div class=\"elementor-spacer\">\n\t\t\t<div class=\"elementor-spacer-inner\"><\/div>\n\t\t<\/div>\n\t\t\t\t\t\t<\/div>\n\t\t\t\t<\/div>\n\t\t\t\t<div class=\"elementor-element elementor-element-4b19f7a elementor-widget elementor-widget-heading\" data-id=\"4b19f7a\" data-element_type=\"widget\" data-widget_type=\"heading.default\">\n\t\t\t\t<div class=\"elementor-widget-container\">\n\t\t\t\t\t<h2 class=\"elementor-heading-title elementor-size-default\">\u00c1RUVISSZAV\u00c9TELEK<\/h2>\t\t\t\t<\/div>\n\t\t\t\t<\/div>\n\t\t\t\t<div class=\"elementor-element elementor-element-12aa9ba elementor-widget elementor-widget-spacer\" data-id=\"12aa9ba\" data-element_type=\"widget\" data-widget_type=\"spacer.default\">\n\t\t\t\t<div class=\"elementor-widget-container\">\n\t\t\t\t\t\t\t<div class=\"elementor-spacer\">\n\t\t\t<div class=\"elementor-spacer-inner\"><\/div>\n\t\t<\/div>\n\t\t\t\t\t\t<\/div>\n\t\t\t\t<\/div>\n\t\t\t\t\t<\/div>\n\t\t<\/div>\n\t\t\t\t\t<\/div>\n\t\t<\/section>\n\t\t\t\t<section class=\"elementor-section elementor-top-section elementor-element elementor-element-16197731 elementor-section-boxed elementor-section-height-default elementor-section-height-default\" data-id=\"16197731\" data-element_type=\"section\">\n\t\t\t\t\t\t<div class=\"elementor-container elementor-column-gap-default\">\n\t\t\t\t\t<div class=\"elementor-column elementor-col-100 elementor-top-column elementor-element elementor-element-3764d631\" data-id=\"3764d631\" data-element_type=\"column\">\n\t\t\t<div class=\"elementor-widget-wrap elementor-element-populated\">\n\t\t\t\t\t\t<div class=\"elementor-element elementor-element-6044845d elementor-widget elementor-widget-text-editor\" data-id=\"6044845d\" data-element_type=\"widget\" data-widget_type=\"text-editor.default\">\n\t\t\t\t<div class=\"elementor-widget-container\">\n\t\t\t\t\t\t\t\t\t<p>Az \u00fczlet\u00fcnkben k\u00edn\u00e1lt term\u00e9kek a v\u00e1s\u00e1rl\u00f3 egyedi megrendel\u00e9se ut\u00e1n j\u00f6nnek l\u00e9tre, ebben az esetben a 14 napon bel\u00fcli visszak\u00fcld\u00e9si jog az EU-n bel\u00fcl korl\u00e1tozott. Ha \u00d6n fogyaszt\u00f3 \u00e9s vissza szeretn\u00e9 k\u00fcldeni a term\u00e9ket, k\u00e9rj\u00fck, vegye fel vel\u00fcnk a kapcsolatot, minden egyes esetet egyedileg vizsg\u00e1lunk meg.&nbsp;<span style=\"background-color: var(--darkreader-bg--nv-site-bg); color: var(--darkreader-text--nv-text-color); font-family: var(--bodyfontfamily),var(--nv-fallback-ff); font-size: var(--bodyfontsize); font-weight: var(--bodyfontweight); letter-spacing: var(--bodyletterspacing); text-transform: var(--bodytexttransform); --darkreader-inline-bgcolor:var(--darkreader-bg--darkreader-bg--nv-site-bg); --darkreader-inline-color:var(--darkreader-text--darkreader-text--nv-text-color);\" data-darkreader-inline-bgcolor=\"\" data-darkreader-inline-color=\"\">Ahhoz, hogy a term\u00e9k visszak\u00fcldhet\u0151 legyen, a term\u00e9knek nem haszn\u00e1ltnak \u00e9s ugyanolyan \u00e1llapotban kell lennie, mint ahogyan azt megkapta. A term\u00e9knek az eredeti csomagol\u00e1sban kell lennie, hogy ne s\u00e9r\u00fclj\u00f6n meg a sz\u00e1ll\u00edt\u00e1s sor\u00e1n.<\/span><\/p>\n<p><strong>VISSZAT\u00c9R\u00cdT\u00c9SI ELJ\u00c1R\u00c1S<\/strong><\/p>\n<p>\u00c9rtes\u00edtsen minket el\u0151sz\u00f6r e-mailben a <a href=\"https:\/\/ledwords.eu\/hu\/kapcsolat\/\">kapcsolatfelv\u00e9teli \u0171rlap<\/a> a visszat\u00e9r\u00e9sr\u0151l. Az \u00e1rut a visszak\u00fcld\u00e9s elfogad\u00e1sa ut\u00e1n kapott c\u00edmre kell visszak\u00fcldeni.&nbsp;<span style=\"background-color: var(--darkreader-bg--nv-site-bg); color: var(--darkreader-text--nv-text-color); font-family: var(--bodyfontfamily),var(--nv-fallback-ff); font-size: var(--bodyfontsize); font-weight: var(--bodyfontweight); letter-spacing: var(--bodyletterspacing); text-transform: var(--bodytexttransform); --darkreader-inline-bgcolor:var(--darkreader-bg--darkreader-bg--nv-site-bg); --darkreader-inline-color:var(--darkreader-text--darkreader-text--nv-text-color);\" data-darkreader-inline-bgcolor=\"\" data-darkreader-inline-color=\"\">Miut\u00e1n megkaptuk \u00e9s ellen\u0151rizt\u00fck a visszak\u00fcld\u00f6tt term\u00e9ket, k\u00fcld\u00fcnk egy e-mailt, amelyben \u00e9rtes\u00edtj\u00fck \u00d6nt arr\u00f3l, hogy megkaptuk a visszak\u00fcld\u00f6tt term\u00e9ket. \u00c9rtes\u00edtj\u00fck \u00d6nt arr\u00f3l is, ha a visszak\u00fcld\u00e9st j\u00f3v\u00e1hagytuk vagy elutas\u00edtottuk.&nbsp;<\/span><span style=\"background-color: var(--darkreader-bg--nv-site-bg); color: var(--darkreader-text--nv-text-color); font-family: var(--bodyfontfamily),var(--nv-fallback-ff); font-size: var(--bodyfontsize); font-weight: var(--bodyfontweight); letter-spacing: var(--bodyletterspacing); text-transform: var(--bodytexttransform); --darkreader-inline-bgcolor:var(--darkreader-bg--darkreader-bg--nv-site-bg); --darkreader-inline-color:var(--darkreader-text--darkreader-text--nv-text-color);\" data-darkreader-inline-bgcolor=\"\" data-darkreader-inline-color=\"\">Ha a visszat\u00e9r\u00edt\u00e9st j\u00f3v\u00e1hagyj\u00e1k, a p\u00e9nz\u00f6sszegeket visszautalj\u00e1k a fizet\u00e9si k\u00e1rty\u00e1ra vagy az eredeti fizet\u00e9si m\u00f3dra.<\/span><\/p>\n<p><span style=\"background-color: var(--darkreader-bg--nv-site-bg); color: var(--darkreader-text--nv-text-color); font-family: var(--bodyfontfamily),var(--nv-fallback-ff); font-size: var(--bodyfontsize); font-weight: var(--bodyfontweight); letter-spacing: var(--bodyletterspacing); text-transform: var(--bodytexttransform); --darkreader-inline-bgcolor:var(--darkreader-bg--darkreader-bg--nv-site-bg); --darkreader-inline-color:var(--darkreader-text--darkreader-text--nv-text-color);\" data-darkreader-inline-bgcolor=\"\" data-darkreader-inline-color=\"\">Ha m\u00e9g nem kapta meg a visszat\u00e9r\u00edt\u00e9st, el\u0151sz\u00f6r ellen\u0151rizze \u00fajra a banksz\u00e1ml\u00e1j\u00e1t. Ezut\u00e1n l\u00e9pjen kapcsolatba a bankk\u00e1rtya kibocs\u00e1t\u00f3j\u00e1val, ha a fizet\u00e9s k\u00e1rty\u00e1val t\u00f6rt\u00e9nt. Gyakran eltart egy ideig, am\u00edg a visszat\u00e9r\u00edt\u00e9s megt\u00f6rt\u00e9nik.<\/span><\/p>\n<p>Ha a fenti l\u00e9p\u00e9sek ut\u00e1n m\u00e9g mindig nem kapta meg a visszat\u00e9r\u00edt\u00e9st, <a href=\"https:\/\/ledwords.eu\/hu\/kapcsolat\/\">kapcsolatfelv\u00e9tel<\/a>.<\/p>\n<p><strong>CSER\u00c9K<\/strong><\/p>\n<p>Csak a hib\u00e1s vagy s\u00e9r\u00fclt term\u00e9keket cser\u00e9lj\u00fck ki. Ha ugyanarra a term\u00e9kre szeretn\u00e9 kicser\u00e9lni, k\u00e9rj\u00fck, \u00e9rtes\u00edtsen minket e-mailben az al\u00e1bbi linken. <a href=\"https:\/\/ledwords.eu\/hu\/kapcsolat\/\">kapcsolatfelv\u00e9teli \u0171rlap<\/a> \u00e9s k\u00fcldje el a term\u00e9ket arra a c\u00edmre, amelyet a csere j\u00f3v\u00e1hagy\u00e1sa ut\u00e1n kap t\u0151l\u00fcnk.<\/p>\n<p><span style=\"background-color: var(--darkreader-bg--nv-site-bg); color: var(--darkreader-text--nv-text-color); font-family: var(--bodyfontfamily),var(--nv-fallback-ff); font-size: var(--bodyfontsize); font-weight: var(--bodyfontweight); letter-spacing: var(--bodyletterspacing); text-transform: var(--bodytexttransform); --darkreader-inline-bgcolor:var(--darkreader-bg--darkreader-bg--nv-site-bg); --darkreader-inline-color:var(--darkreader-text--darkreader-text--nv-text-color);\" data-darkreader-inline-bgcolor=\"\" data-darkreader-inline-color=\"\">A term\u00e9k visszak\u00fcld\u00e9s\u00e9nek sz\u00e1ll\u00edt\u00e1si k\u00f6lts\u00e9gei \u00d6nt terhelik. A sz\u00e1ll\u00edt\u00e1si k\u00f6lts\u00e9gek nem t\u00e9r\u00edthet\u0151k vissza. Ha dr\u00e1g\u00e1bb term\u00e9keket k\u00fcld vissza, \u00e9rdemes megfontolni a sz\u00e1ll\u00edt\u00e1si biztos\u00edt\u00e1s megk\u00f6t\u00e9s\u00e9t. Nem garant\u00e1ljuk, hogy megkapja a visszak\u00fcld\u00f6tt term\u00e9ket, azonban ha a csomagja elveszik vagy megs\u00e9r\u00fcl, lehet\u0151s\u00e9ge van reklam\u00e1ci\u00f3t beny\u00fajtani a fut\u00e1rc\u00e9gn\u00e9l.<\/span><br><\/p>\n<p><span style=\"text-decoration: underline;\"><strong>Nem fogadunk el ut\u00e1nv\u00e9tellel k\u00fcld\u00f6tt csomagokat.<\/strong><\/span><\/p>\n<p>L\u00e9pjen vel\u00fcnk kapcsolatba a <a href=\"https:\/\/ledwords.eu\/hu\/kapcsolat\/\">kapcsolatfelv\u00e9teli \u0171rlap<\/a>ha k\u00e9rd\u00e9se van a visszak\u00fcld\u00e9ssel \u00e9s visszat\u00e9r\u00edt\u00e9ssel kapcsolatban.<\/p>\t\t\t\t\t\t\t\t<\/div>\n\t\t\t\t<\/div>\n\t\t\t\t\t<\/div>\n\t\t<\/div>\n\t\t\t\t\t<\/div>\n\t\t<\/section>\n\t\t\t\t<\/div>","protected":false},"excerpt":{"rendered":"<p>\u00c1RUK VISSZAV\u00c9TELE Az \u00fczlet\u00fcnkben k\u00edn\u00e1lt term\u00e9kek a vev\u0151 egyedi megrendel\u00e9s\u00e9t k\u00f6vet\u0151en j\u00f6nnek l\u00e9tre, amely esetben az EU-n bel\u00fcl 14 napon bel\u00fcl korl\u00e1tozott a visszak\u00fcld\u00e9si jog. Ha \u00d6n fogyaszt\u00f3 \u00e9s vissza szeretn\u00e9 k\u00fcldeni a term\u00e9ket, k\u00e9rj\u00fck, vegye fel vel\u00fcnk a kapcsolatot, minden egyes esetet egyedileg vizsg\u00e1lunk meg. A visszak\u00fcld\u00e9shez a term\u00e9knek haszn\u00e1laton k\u00edv\u00fclinek \u00e9s ugyanabban a...&nbsp;<a href=\"https:\/\/ledwords.eu\/hu\/visszater\/\" rel=\"bookmark\">Olvass tov\u00e1bb \"<span class=\"screen-reader-text\">Visszat\u00e9r\u00edt\u00e9si politika<\/span><\/a><\/p>","protected":false},"author":1,"featured_media":0,"parent":0,"menu_order":0,"comment_status":"closed","ping_status":"closed","template":"","meta":{"neve_meta_sidebar":"","neve_meta_container":"","neve_meta_enable_content_width":"","neve_meta_content_width":0,"neve_meta_title_alignment":"","neve_meta_author_avatar":"","neve_post_elements_order":"","neve_meta_disable_header":"","neve_meta_disable_footer":"","neve_meta_disable_title":"on","neve_meta_reading_time":"","footnotes":""},"class_list":["post-11","page","type-page","status-publish","hentry"],"_links":{"self":[{"href":"https:\/\/ledwords.eu\/hu\/wp-json\/wp\/v2\/pages\/11","targetHints":{"allow":["GET"]}}],"collection":[{"href":"https:\/\/ledwords.eu\/hu\/wp-json\/wp\/v2\/pages"}],"about":[{"href":"https:\/\/ledwords.eu\/hu\/wp-json\/wp\/v2\/types\/page"}],"author":[{"embeddable":true,"href":"https:\/\/ledwords.eu\/hu\/wp-json\/wp\/v2\/users\/1"}],"replies":[{"embeddable":true,"href":"https:\/\/ledwords.eu\/hu\/wp-json\/wp\/v2\/comments?post=11"}],"version-history":[{"count":13,"href":"https:\/\/ledwords.eu\/hu\/wp-json\/wp\/v2\/pages\/11\/revisions"}],"predecessor-version":[{"id":1688,"href":"https:\/\/ledwords.eu\/hu\/wp-json\/wp\/v2\/pages\/11\/revisions\/1688"}],"wp:attachment":[{"href":"https:\/\/ledwords.eu\/hu\/wp-json\/wp\/v2\/media?parent=11"}],"curies":[{"name":"munkaf\u00fczet","href":"https:\/\/api.w.org\/{rel}","templated":true}]}}