{"id":1812,"date":"2023-07-16T20:58:29","date_gmt":"2023-07-16T18:58:29","guid":{"rendered":"https:\/\/ledwords.eu\/?post_type=product&#038;p=1812"},"modified":"2025-01-01T16:52:30","modified_gmt":"2025-01-01T15:52:30","slug":"podswietlane-logo-3d-led-whisky-jack-daniels-50-80-cm-reklama","status":"publish","type":"product","link":"https:\/\/ledwords.eu\/fr\/produit\/illuminated-logo-3d-led-whisky-jack-daniels-50-80-cm-publicite\/","title":{"rendered":"LED lumineuse 3D Whisky Jack Daniels Logo 50-8..."},"content":{"rendered":"<p>LED lumineuse 3D Whisky Jack Daniels Logo<\/p>\n<p>Diam\u00e8tre 50-80 CM<\/p>\n<p>Publicit\u00e9 lumineuse pour les pubs, les bars et les restaurants. Augmentez vos ventes gr\u00e2ce \u00e0 une publicit\u00e9 accrocheuse !<\/p>\n<p>Couleurs vibrantes et satur\u00e9es, prot\u00e9g\u00e9es par une impr\u00e9gnation protectrice. \u00c9clairage LED de haute qualit\u00e9 et \u00e0 la luminosit\u00e9 homog\u00e8ne. Cadre en aluminium, laqu\u00e9. Le logo est r\u00e9sistant aux conditions ext\u00e9rieures (IP68).<\/p>\n<p>Cordon d'alimentation avec fiche europ\u00e9enne inclus. Alimentation int\u00e9gr\u00e9e universelle fonctionnant sur 110-230V. Pour les autres prises, vous pouvez utiliser un adaptateur ou remplacer la fiche. Pour les commandes provenant des \u00c9tats-Unis, un adaptateur de prise UE-USA est ajout\u00e9. Les versions ext\u00e9rieure et int\u00e9rieure sont toutes deux conformes \u00e0 la norme IP68, la version ext\u00e9rieure \u00e9tant dot\u00e9e d'une alimentation interne l\u00e9g\u00e8rement plus \u00e9tanche.<\/p>\n<p>Montage facile sur des supports. Il existe \u00e9galement une autre m\u00e9thode de montage, par exemple avec un c\u00e2ble allant du mur au produit. Pour plus d'informations sur les m\u00e9thodes de montage, voir <a href=\"https:\/\/ledwords.eu\/fr\/instruction\/\">instructions<\/a>.<\/p>\n<p>Garantie de 2 ans<\/p>","protected":false},"excerpt":{"rendered":"<p>Logo lumineux 3D LED Whisky Jack Daniels Diam\u00e8tre 50-80 CM Publicit\u00e9 lumineuse pour les pubs, les bars et les restaurants. Augmentez vos ventes gr\u00e2ce \u00e0 une publicit\u00e9 accrocheuse ! Couleurs vives et satur\u00e9es, prot\u00e9g\u00e9es par une impr\u00e9gnation protectrice. \u00c9clairage LED de haute qualit\u00e9 et uniforme. Cadre en aluminium laqu\u00e9. Le logo est r\u00e9sistant aux conditions ext\u00e9rieures (IP68). C\u00e2ble d'alimentation avec prise europ\u00e9enne inclus. Syst\u00e8me d'\u00e9clairage universel int\u00e9gr\u00e9...&nbsp;<a href=\"https:\/\/ledwords.eu\/fr\/produit\/illuminated-logo-3d-led-whisky-jack-daniels-50-80-cm-publicite\/\" rel=\"bookmark\">Read More &raquo;<span class=\"screen-reader-text\">LED lumineuse 3D Whisky Jack Daniels Logo 50-8...<\/span><\/a><\/p>","protected":false},"featured_media":1822,"template":"","meta":{"neve_meta_sidebar":"","neve_meta_container":"","neve_meta_enable_content_width":"off","neve_meta_content_width":100,"neve_meta_title_alignment":"","neve_meta_author_avatar":"","neve_post_elements_order":"","neve_meta_disable_header":"","neve_meta_disable_footer":"","neve_meta_disable_title":"","neve_meta_reading_time":"","neve_tabs_data":"","neve_override_tab_layout":""},"product_brand":[],"product_cat":[55],"product_tag":[32,35,33,60,30,31,29,34,37,61],"class_list":{"0":"post-1812","1":"product","2":"type-product","3":"status-publish","4":"has-post-thumbnail","6":"product_cat-marki-alkoholi","7":"product_tag-3d","8":"product_tag-backlit","9":"product_tag-bar","10":"product_tag-jack-daniels","11":"product_tag-led","12":"product_tag-logo","13":"product_tag-neon","14":"product_tag-pub","15":"product_tag-sign","16":"product_tag-whisky","18":"first","19":"instock","20":"shipping-taxable","21":"purchasable","22":"product-type-variable"},"_links":{"self":[{"href":"https:\/\/ledwords.eu\/fr\/wp-json\/wp\/v2\/product\/1812","targetHints":{"allow":["GET"]}}],"collection":[{"href":"https:\/\/ledwords.eu\/fr\/wp-json\/wp\/v2\/product"}],"about":[{"href":"https:\/\/ledwords.eu\/fr\/wp-json\/wp\/v2\/types\/product"}],"wp:featuredmedia":[{"embeddable":true,"href":"https:\/\/ledwords.eu\/fr\/wp-json\/wp\/v2\/media\/1822"}],"wp:attachment":[{"href":"https:\/\/ledwords.eu\/fr\/wp-json\/wp\/v2\/media?parent=1812"}],"wp:term":[{"taxonomy":"product_brand","embeddable":true,"href":"https:\/\/ledwords.eu\/fr\/wp-json\/wp\/v2\/product_brand?post=1812"},{"taxonomy":"product_cat","embeddable":true,"href":"https:\/\/ledwords.eu\/fr\/wp-json\/wp\/v2\/product_cat?post=1812"},{"taxonomy":"product_tag","embeddable":true,"href":"https:\/\/ledwords.eu\/fr\/wp-json\/wp\/v2\/product_tag?post=1812"}],"curies":[{"name":"wp","href":"https:\/\/api.w.org\/{rel}","templated":true}]}}