{"id":1775,"date":"2023-05-03T14:48:08","date_gmt":"2023-05-03T12:48:08","guid":{"rendered":"https:\/\/ledwords.eu\/?post_type=product&#038;p=1775"},"modified":"2025-01-01T16:52:30","modified_gmt":"2025-01-01T15:52:30","slug":"duze-logo-led-3d-bugatti-sign-neon-50-x-26-cm-advertisement","status":"publish","type":"product","link":"https:\/\/ledwords.eu\/fr\/produit\/grand-logo-led-3d-bugatti-enseigne-neon-50-x-26-cm-publicite\/","title":{"rendered":"Grand logo 3D LED Bugatti Panneau N\u00e9on 50 x 26 CM Adv..."},"content":{"rendered":"<p>Panneau Bugatti 3D \u00e9clair\u00e9 par LED Logo n\u00e9on<\/p>\n<p>Hauteur : 26 CM<br \/>\nLargeur : 50 CM<br \/>\n\u00c9paisseur : 6 CM<\/p>\n<p>Couleurs vibrantes et satur\u00e9es, prot\u00e9g\u00e9es par une impr\u00e9gnation protectrice. \u00c9clairage LED de haute qualit\u00e9 et \u00e0 la luminosit\u00e9 homog\u00e8ne. Cadre en aluminium, laqu\u00e9. Le logo est r\u00e9sistant aux conditions ext\u00e9rieures (IP68).<\/p>\n<p>Cordon d'alimentation avec fiche europ\u00e9enne inclus. Alimentation int\u00e9gr\u00e9e universelle fonctionnant sur 110-230V. Pour les autres prises, vous pouvez utiliser un adaptateur ou remplacer la fiche. Pour les commandes provenant des \u00c9tats-Unis, un adaptateur de prise UE-USA est ajout\u00e9. Les versions ext\u00e9rieure et int\u00e9rieure sont toutes deux conformes \u00e0 la norme IP68, la version ext\u00e9rieure \u00e9tant dot\u00e9e d'une alimentation interne l\u00e9g\u00e8rement plus \u00e9tanche.<\/p>\n<p>Montage facile sur des supports. Il existe \u00e9galement une autre m\u00e9thode de montage, par exemple avec un c\u00e2ble allant du mur au produit. Pour plus d'informations sur les m\u00e9thodes de montage, voir <a href=\"https:\/\/ledwords.eu\/fr\/instruction\/\">instructions<\/a>.<\/p>\n<p>Garantie de 2 ans<\/p>","protected":false},"excerpt":{"rendered":"<p>Panneau Bugatti 3D \u00e9clair\u00e9 par LED Logo n\u00e9on Hauteur : 26 CM Largeur : 50 CM \u00c9paisseur : 6 CM Couleurs vives et satur\u00e9es, prot\u00e9g\u00e9es par une impr\u00e9gnation protectrice. \u00c9clairage LED de haute qualit\u00e9, \u00e0 l'intensit\u00e9 lumineuse homog\u00e8ne. Cadre en aluminium, laqu\u00e9. Le logo est r\u00e9sistant aux conditions ext\u00e9rieures (IP68). C\u00e2ble d'alimentation avec prise europ\u00e9enne inclus. Alimentation \u00e9lectrique universelle int\u00e9gr\u00e9e fonctionnant de 110 \u00e0 230 V. Pour d'autres...&nbsp;<a href=\"https:\/\/ledwords.eu\/fr\/produit\/grand-logo-led-3d-bugatti-enseigne-neon-50-x-26-cm-publicite\/\" rel=\"bookmark\">En savoir plus &quot;<span class=\"screen-reader-text\">Grand logo 3D LED Bugatti Panneau N\u00e9on 50 x 26 CM Adv...<\/span><\/a><\/p>","protected":false},"featured_media":1780,"template":"","meta":{"neve_meta_sidebar":"","neve_meta_container":"","neve_meta_enable_content_width":"off","neve_meta_content_width":100,"neve_meta_title_alignment":"","neve_meta_author_avatar":"","neve_post_elements_order":"","neve_meta_disable_header":"","neve_meta_disable_footer":"","neve_meta_disable_title":"","neve_meta_reading_time":"","neve_tabs_data":"","neve_override_tab_layout":""},"product_brand":[],"product_cat":[58],"product_tag":[32,35,90,30,29,37],"class_list":{"0":"post-1775","1":"product","2":"type-product","3":"status-publish","4":"has-post-thumbnail","6":"product_cat-motocykle-i-pojazdy","7":"product_tag-3d","8":"product_tag-backlit","9":"product_tag-bugatti","10":"product_tag-led","11":"product_tag-neon","12":"product_tag-sign","14":"first","15":"instock","16":"shipping-taxable","17":"purchasable","18":"product-type-variable","19":"has-default-attributes"},"_links":{"self":[{"href":"https:\/\/ledwords.eu\/fr\/wp-json\/wp\/v2\/product\/1775","targetHints":{"allow":["GET"]}}],"collection":[{"href":"https:\/\/ledwords.eu\/fr\/wp-json\/wp\/v2\/product"}],"about":[{"href":"https:\/\/ledwords.eu\/fr\/wp-json\/wp\/v2\/types\/product"}],"wp:featuredmedia":[{"embeddable":true,"href":"https:\/\/ledwords.eu\/fr\/wp-json\/wp\/v2\/media\/1780"}],"wp:attachment":[{"href":"https:\/\/ledwords.eu\/fr\/wp-json\/wp\/v2\/media?parent=1775"}],"wp:term":[{"taxonomy":"product_brand","embeddable":true,"href":"https:\/\/ledwords.eu\/fr\/wp-json\/wp\/v2\/product_brand?post=1775"},{"taxonomy":"product_cat","embeddable":true,"href":"https:\/\/ledwords.eu\/fr\/wp-json\/wp\/v2\/product_cat?post=1775"},{"taxonomy":"product_tag","embeddable":true,"href":"https:\/\/ledwords.eu\/fr\/wp-json\/wp\/v2\/product_tag?post=1775"}],"curies":[{"name":"wp","href":"https:\/\/api.w.org\/{rel}","templated":true}]}}