{"id":1742,"date":"2023-05-02T20:21:42","date_gmt":"2023-05-02T18:21:42","guid":{"rendered":"https:\/\/ledwords.eu\/?post_type=product&#038;p=1742"},"modified":"2025-01-01T16:52:35","modified_gmt":"2025-01-01T15:52:35","slug":"duze-logo-led-3d-dodge-sign-neon-45-x-50-cm","status":"publish","type":"product","link":"https:\/\/ledwords.eu\/fr\/produit\/duze-logo-led-3d-dodge-sign-neon-45-x-50-cm\/","title":{"rendered":"Grand panneau 3D LED Dodge Logo N\u00e9on 45 x 50 CM..."},"content":{"rendered":"<p>Panneau Dodge 3D \u00e9clair\u00e9 par LED Logo n\u00e9on 62 x 48 CM<\/p>\n<p>Hauteur : 50 CM<br \/>\nLargeur : 45 CM<br \/>\n\u00c9paisseur : 6 CM<\/p>\n<p>Couleurs vibrantes et satur\u00e9es, prot\u00e9g\u00e9es par une impr\u00e9gnation protectrice. \u00c9clairage LED de haute qualit\u00e9 et \u00e0 la luminosit\u00e9 homog\u00e8ne. Cadre en aluminium, laqu\u00e9. Le logo est r\u00e9sistant aux conditions ext\u00e9rieures (IP68).<\/p>\n<p>Cordon d'alimentation avec fiche europ\u00e9enne inclus. Alimentation int\u00e9gr\u00e9e universelle fonctionnant sur 110-230V. Pour les autres prises, vous pouvez utiliser un adaptateur ou remplacer la fiche. Pour les commandes provenant des \u00c9tats-Unis, un adaptateur de prise UE-USA est ajout\u00e9. Les versions ext\u00e9rieure et int\u00e9rieure sont toutes deux conformes \u00e0 la norme IP68, la version ext\u00e9rieure \u00e9tant dot\u00e9e d'une alimentation interne l\u00e9g\u00e8rement plus \u00e9tanche.<\/p>\n<p>Montage facile sur des supports. Il existe \u00e9galement une autre m\u00e9thode de montage, par exemple avec un c\u00e2ble allant du mur au produit. Pour plus d'informations sur les m\u00e9thodes de montage, voir <a href=\"https:\/\/ledwords.eu\/fr\/instruction\/\">instructions<\/a>.<\/p>\n<p>Garantie de 2 ans<\/p>","protected":false},"excerpt":{"rendered":"<p>LED Illumin\u00e9 3D Dodge Sign Neon Logo 62 x 48 CM Hauteur : 50 CM Largeur : 45 CM Epaisseur : 6 CM Couleurs vives et satur\u00e9es, prot\u00e9g\u00e9es par une impr\u00e9gnation protectrice. \u00c9clairage LED de haute qualit\u00e9 \u00e0 l'intensit\u00e9 lumineuse uniforme. Cadre en aluminium, laqu\u00e9. Le logo est r\u00e9sistant aux conditions ext\u00e9rieures (IP68). C\u00e2ble d'alimentation avec prise europ\u00e9enne inclus. Alimentation \u00e9lectrique universelle int\u00e9gr\u00e9e fonctionnant en...&nbsp;<a href=\"https:\/\/ledwords.eu\/fr\/produit\/duze-logo-led-3d-dodge-sign-neon-45-x-50-cm\/\" rel=\"bookmark\">Read More &raquo;<span class=\"screen-reader-text\">Grand panneau 3D LED Dodge Logo N\u00e9on 45 x 50 CM...<\/span><\/a><\/p>","protected":false},"featured_media":1801,"template":"","meta":{"neve_meta_sidebar":"","neve_meta_container":"","neve_meta_enable_content_width":"off","neve_meta_content_width":100,"neve_meta_title_alignment":"","neve_meta_author_avatar":"","neve_post_elements_order":"","neve_meta_disable_header":"","neve_meta_disable_footer":"","neve_meta_disable_title":"","neve_meta_reading_time":"","neve_tabs_data":"","neve_override_tab_layout":""},"product_brand":[],"product_cat":[58],"product_tag":[32,35,88,30,29,37],"class_list":{"0":"post-1742","1":"product","2":"type-product","3":"status-publish","4":"has-post-thumbnail","6":"product_cat-motocykle-i-pojazdy","7":"product_tag-3d","8":"product_tag-backlit","9":"product_tag-dodge","10":"product_tag-led","11":"product_tag-neon","12":"product_tag-sign","14":"first","15":"instock","16":"shipping-taxable","17":"purchasable","18":"product-type-variable","19":"has-default-attributes"},"_links":{"self":[{"href":"https:\/\/ledwords.eu\/fr\/wp-json\/wp\/v2\/product\/1742","targetHints":{"allow":["GET"]}}],"collection":[{"href":"https:\/\/ledwords.eu\/fr\/wp-json\/wp\/v2\/product"}],"about":[{"href":"https:\/\/ledwords.eu\/fr\/wp-json\/wp\/v2\/types\/product"}],"wp:featuredmedia":[{"embeddable":true,"href":"https:\/\/ledwords.eu\/fr\/wp-json\/wp\/v2\/media\/1801"}],"wp:attachment":[{"href":"https:\/\/ledwords.eu\/fr\/wp-json\/wp\/v2\/media?parent=1742"}],"wp:term":[{"taxonomy":"product_brand","embeddable":true,"href":"https:\/\/ledwords.eu\/fr\/wp-json\/wp\/v2\/product_brand?post=1742"},{"taxonomy":"product_cat","embeddable":true,"href":"https:\/\/ledwords.eu\/fr\/wp-json\/wp\/v2\/product_cat?post=1742"},{"taxonomy":"product_tag","embeddable":true,"href":"https:\/\/ledwords.eu\/fr\/wp-json\/wp\/v2\/product_tag?post=1742"}],"curies":[{"name":"wp","href":"https:\/\/api.w.org\/{rel}","templated":true}]}}