{"id":1023,"date":"2022-10-03T13:35:07","date_gmt":"2022-10-03T11:35:07","guid":{"rendered":"https:\/\/ledwords.eu\/?post_type=product&#038;p=1023"},"modified":"2025-12-06T22:46:44","modified_gmt":"2025-12-06T21:46:44","slug":"podswietlane-logo-3d-led-wlasna-grafika-50-80-cm-reklama","status":"publish","type":"product","link":"https:\/\/ledwords.eu\/fr\/produit\/illuminated-logo-3d-led-your-own-graphics-50-80-cm-advertising\/","title":{"rendered":"Logo 3D r\u00e9tro\u00e9clair\u00e9 Graphiques personnalis\u00e9s 50-80 CM..."},"content":{"rendered":"<p>Logo illumin\u00e9 avec graphiques personnalis\u00e9s !<\/p>\n<p>Diam\u00e8tre 50-80 CM<\/p>\n<p>Un de vos propres graphiques de qualit\u00e9 appropri\u00e9e. Veuillez nous envoyer votre maquette pour v\u00e9rification avant de passer commande. Veuillez consulter nos autres annonces pour les produits dont les graphiques sont d\u00e9j\u00e0 termin\u00e9s.<\/p>\n<p>Couleurs vibrantes et satur\u00e9es, prot\u00e9g\u00e9es par une impr\u00e9gnation protectrice. \u00c9clairage LED de haute qualit\u00e9 et \u00e0 la luminosit\u00e9 homog\u00e8ne. Cadre en aluminium, laqu\u00e9. Le logo est r\u00e9sistant aux conditions ext\u00e9rieures (IP68).<\/p>\n<p>Cordon d'alimentation avec fiche europ\u00e9enne inclus. Alimentation int\u00e9gr\u00e9e universelle fonctionnant sur 110-230V. Pour les autres prises, vous pouvez utiliser un adaptateur ou remplacer la fiche. Pour les commandes provenant des \u00c9tats-Unis, un adaptateur de prise UE-USA est ajout\u00e9. Les versions ext\u00e9rieure et int\u00e9rieure sont toutes deux conformes \u00e0 la norme IP68, la version ext\u00e9rieure \u00e9tant dot\u00e9e d'une alimentation interne l\u00e9g\u00e8rement plus \u00e9tanche.<\/p>\n<p>Montage facile sur des supports. Il existe \u00e9galement une autre m\u00e9thode de montage, par exemple avec un c\u00e2ble allant du mur au produit. Pour plus d'informations sur les m\u00e9thodes de montage, voir <a href=\"https:\/\/ledwords.eu\/fr\/instruction\/\">instructions<\/a>.<\/p>\n<p>2 couleurs de bordure au choix : noir, blanc<\/p>\n<p>Garantie de 2 ans<\/p>","protected":false},"excerpt":{"rendered":"<p>Logo illumin\u00e9 avec votre propre graphique ! Diam\u00e8tre 50-80 CM Tout graphique personnalis\u00e9 de qualit\u00e9 suffisante. Veuillez nous envoyer votre dessin pour v\u00e9rification avant de passer commande. Veuillez consulter nos autres annonces pour des produits avec des graphiques d\u00e9j\u00e0 finis. Couleurs vives et satur\u00e9es, prot\u00e9g\u00e9es par une impr\u00e9gnation protectrice. \u00c9clairage LED de haute qualit\u00e9 et uniforme. Cadre en aluminium laqu\u00e9. Le logo r\u00e9siste aux conditions ext\u00e9rieures...&nbsp;<a href=\"https:\/\/ledwords.eu\/fr\/produit\/illuminated-logo-3d-led-your-own-graphics-50-80-cm-advertising\/\" rel=\"bookmark\">En savoir plus &quot;<span class=\"screen-reader-text\">Logo 3D r\u00e9tro\u00e9clair\u00e9 Graphiques personnalis\u00e9s 50-80 CM...<\/span><\/a><\/p>","protected":false},"featured_media":1032,"template":"","meta":{"neve_meta_sidebar":"","neve_meta_container":"","neve_meta_enable_content_width":"off","neve_meta_content_width":100,"neve_meta_title_alignment":"","neve_meta_author_avatar":"","neve_post_elements_order":"","neve_meta_disable_header":"","neve_meta_disable_footer":"","neve_meta_disable_title":"","neve_meta_reading_time":"","neve_tabs_data":"","neve_override_tab_layout":""},"product_brand":[],"product_cat":[59],"product_tag":[32,35,33,36,30,31,40,29,34,37],"class_list":{"0":"post-1023","1":"product","2":"type-product","3":"status-publish","4":"has-post-thumbnail","6":"product_cat-na-zamowienie","7":"product_tag-3d","8":"product_tag-backlit","9":"product_tag-bar","10":"product_tag-beer","11":"product_tag-led","12":"product_tag-logo","13":"product_tag-miller","14":"product_tag-neon","15":"product_tag-pub","16":"product_tag-sign","18":"first","19":"instock","20":"shipping-taxable","21":"purchasable","22":"product-type-variable","23":"has-default-attributes"},"_links":{"self":[{"href":"https:\/\/ledwords.eu\/fr\/wp-json\/wp\/v2\/product\/1023","targetHints":{"allow":["GET"]}}],"collection":[{"href":"https:\/\/ledwords.eu\/fr\/wp-json\/wp\/v2\/product"}],"about":[{"href":"https:\/\/ledwords.eu\/fr\/wp-json\/wp\/v2\/types\/product"}],"wp:featuredmedia":[{"embeddable":true,"href":"https:\/\/ledwords.eu\/fr\/wp-json\/wp\/v2\/media\/1032"}],"wp:attachment":[{"href":"https:\/\/ledwords.eu\/fr\/wp-json\/wp\/v2\/media?parent=1023"}],"wp:term":[{"taxonomy":"product_brand","embeddable":true,"href":"https:\/\/ledwords.eu\/fr\/wp-json\/wp\/v2\/product_brand?post=1023"},{"taxonomy":"product_cat","embeddable":true,"href":"https:\/\/ledwords.eu\/fr\/wp-json\/wp\/v2\/product_cat?post=1023"},{"taxonomy":"product_tag","embeddable":true,"href":"https:\/\/ledwords.eu\/fr\/wp-json\/wp\/v2\/product_tag?post=1023"}],"curies":[{"name":"wp","href":"https:\/\/api.w.org\/{rel}","templated":true}]}}