{"id":408,"date":"2022-09-07T14:31:51","date_gmt":"2022-09-07T12:31:51","guid":{"rendered":"https:\/\/ledwords.eu\/?page_id=408"},"modified":"2022-10-05T12:15:06","modified_gmt":"2022-10-05T10:15:06","slug":"gwarancja","status":"publish","type":"page","link":"https:\/\/ledwords.eu\/fr\/garantie\/","title":{"rendered":"Garantie"},"content":{"rendered":"<div data-elementor-type=\"wp-page\" data-elementor-id=\"408\" class=\"elementor elementor-408\" data-elementor-post-type=\"page\">\n\t\t\t\t\t\t<section class=\"elementor-section elementor-top-section elementor-element elementor-element-3a9270b elementor-section-boxed elementor-section-height-default elementor-section-height-default\" data-id=\"3a9270b\" data-element_type=\"section\">\n\t\t\t\t\t\t<div class=\"elementor-container elementor-column-gap-default\">\n\t\t\t\t\t<div class=\"elementor-column elementor-col-100 elementor-top-column elementor-element elementor-element-0065f86\" data-id=\"0065f86\" data-element_type=\"column\">\n\t\t\t<div class=\"elementor-widget-wrap elementor-element-populated\">\n\t\t\t\t\t\t<div class=\"elementor-element elementor-element-215fbba elementor-widget elementor-widget-spacer\" data-id=\"215fbba\" data-element_type=\"widget\" data-widget_type=\"spacer.default\">\n\t\t\t\t<div class=\"elementor-widget-container\">\n\t\t\t\t\t\t\t<div class=\"elementor-spacer\">\n\t\t\t<div class=\"elementor-spacer-inner\"><\/div>\n\t\t<\/div>\n\t\t\t\t\t\t<\/div>\n\t\t\t\t<\/div>\n\t\t\t\t<div class=\"elementor-element elementor-element-c561778 elementor-widget elementor-widget-text-editor\" data-id=\"c561778\" data-element_type=\"widget\" data-widget_type=\"text-editor.default\">\n\t\t\t\t<div class=\"elementor-widget-container\">\n\t\t\t\t\t\t\t\t\t<h3 style=\"text-align:center;\">CONDITIONS DE GARANTIE<\/h3>\n<ol>\n<li>La p\u00e9riode de garantie du produit est de 24 mois \u00e0 compter de la date de r\u00e9ception. Fait r\u00e9f\u00e9rence \u00e0 la qualit\u00e9 professionnelle et au bon fonctionnement du produit.<\/li>\n<li>Si un service d'installation suppl\u00e9mentaire a \u00e9t\u00e9 command\u00e9, si un d\u00e9faut est signal\u00e9, l'entrepreneur s'engage \u00e0 r\u00e9parer le d\u00e9faut dans un d\u00e9lai maximum de 14 jours \u00e0 compter de la notification. Si le d\u00e9faut n'est pas r\u00e9par\u00e9 dans le d\u00e9lai imparti, les co\u00fbts de la r\u00e9paration seront pris en charge par une autre entreprise, que le client aura le droit de faire intervenir.<\/li>\n<li>La garantie ne couvre pas les rayures et les dommages de surface caus\u00e9s par l'utilisation quotidienne.<\/li>\n<li>La garantie ne couvre que les d\u00e9fauts physiques r\u00e9sultant de causes inh\u00e9rentes au produit vendu. La garantie ne couvre pas les d\u00e9fauts r\u00e9sultant d'autres causes telles que :<br><br>\t- Les dommages caus\u00e9s par des \u00e9v\u00e9nements fortuits (force majeure) tels que les incendies, les inondations, les coups de vent, la foudre, etc.<br>    - Dysfonctionnement de l'installation ou de l'\u00e9quipement \u00e9lectrique affectant le fonctionnement du produit.<\/li>\n<p><br><br><\/p>\n<li>Lors de l'entretien du produit sur site, le client est tenu de fournir un acc\u00e8s libre au produit et de permettre au technicien de service d'effectuer une proc\u00e9dure de r\u00e9paration s\u00fbre conform\u00e9ment \u00e0 toutes les r\u00e8gles de sant\u00e9 et de s\u00e9curit\u00e9, ainsi que de fournir des installations techniques ad\u00e9quates, telles que l'acc\u00e8s aux sources d'alimentation, les interrupteurs de s\u00e9curit\u00e9, etc. Dans le cas contraire, le technicien a le droit de refuser l'intervention.<\/li>\n<\/ol>\n<p><br><\/p>\n<h3 style=\"text-align:center;\">GARANTIE POUR LES PETITS PRODUITS<\/h3>\n<ol>\n<li>Les produits de petite taille doivent (apr\u00e8s accord pr\u00e9alable avec le fabricant) \u00eatre renvoy\u00e9s \u00e0 l'adresse de la soci\u00e9t\u00e9, en prenant soin d'emballer le produit (bo\u00eete en carton solide, coins en carton, papier bulle).<\/li>\n<li>Le client supporte les co\u00fbts et la responsabilit\u00e9 d'une livraison fiable du produit dans les locaux du fabricant.<\/li>\n<li>Le fabricant n'est pas responsable des dommages ou de la destruction du produit en transit r\u00e9sultant d'un emballage et d'une protection inad\u00e9quats du produit par le client.<\/li>\n<li>Le fabricant assume les co\u00fbts et la responsabilit\u00e9 du transport en toute s\u00e9curit\u00e9 du produit r\u00e9par\u00e9 vers le client.<\/li>\n<li>Un produit renvoy\u00e9 \u00e0 l'adresse du fabricant sans que celui-ci en soit inform\u00e9 et sans son approbation ne sera pas accept\u00e9.<\/li>\n<li>Seuls les produits complets, en \u00e9tat de marche, exempts de d\u00e9fauts et de dommages m\u00e9caniques caus\u00e9s par des facteurs externes sont soumis \u00e0 la proc\u00e9dure de garantie.<\/li>\n<\/ol>\n<p><br><\/p>\n<h3 style=\"text-align:center;\">LA PERTE DE LA GARANTIE<\/h3>\n<ol>\n<li>La garantie du produit ne s'applique pas dans le cas de :<br><br>- L'auto-intervention de l'utilisateur (alt\u00e9rations individuelles, modifications, etc.).<br>- Connexion du produit par des personnes non qualifi\u00e9es.<br>- Mauvaise utilisation du produit.<br>- Toute tentative de r\u00e9paration du produit par des personnes non autoris\u00e9es.<br>- L'apparition d'un retard de paiement pour un produit d\u00e9passant 21 jours \u00e0 compter de la date de r\u00e9ception.<br>une facture avec un d\u00e9lai de paiement standard de 7 jours fix\u00e9 par le fabricant.<\/li>\n<p><br><br><\/p>\n<li>Un produit dans lequel un d\u00e9faut a \u00e9t\u00e9 d\u00e9couvert doit \u00eatre mis hors tension imm\u00e9diatement.<br>de l'utilisation sous peine de perte de la garantie.<\/li>\n<\/ol>\t\t\t\t\t\t\t\t<\/div>\n\t\t\t\t<\/div>\n\t\t\t\t\t<\/div>\n\t\t<\/div>\n\t\t\t\t\t<\/div>\n\t\t<\/section>\n\t\t\t\t<section class=\"elementor-section elementor-top-section elementor-element elementor-element-62b111c elementor-section-boxed elementor-section-height-default elementor-section-height-default\" data-id=\"62b111c\" data-element_type=\"section\">\n\t\t\t\t\t\t<div class=\"elementor-container elementor-column-gap-default\">\n\t\t\t\t\t<div class=\"elementor-column elementor-col-100 elementor-top-column elementor-element elementor-element-cbb87de\" data-id=\"cbb87de\" data-element_type=\"column\">\n\t\t\t<div class=\"elementor-widget-wrap elementor-element-populated\">\n\t\t\t\t\t\t<div class=\"elementor-element elementor-element-9cdb8c2 elementor-widget elementor-widget-spacer\" data-id=\"9cdb8c2\" data-element_type=\"widget\" data-widget_type=\"spacer.default\">\n\t\t\t\t<div class=\"elementor-widget-container\">\n\t\t\t\t\t\t\t<div class=\"elementor-spacer\">\n\t\t\t<div class=\"elementor-spacer-inner\"><\/div>\n\t\t<\/div>\n\t\t\t\t\t\t<\/div>\n\t\t\t\t<\/div>\n\t\t\t\t\t<\/div>\n\t\t<\/div>\n\t\t\t\t\t<\/div>\n\t\t<\/section>\n\t\t\t\t<\/div>","protected":false},"excerpt":{"rendered":"<p>CONDITIONS DE GARANTIE La p\u00e9riode de garantie du produit couvre 24 mois \u00e0 compter de la date de r\u00e9ception. Elle s'applique \u00e0 la qualit\u00e9 professionnelle et au bon fonctionnement du produit. Si un service d'installation suppl\u00e9mentaire a \u00e9t\u00e9 command\u00e9, en cas de notification d'un d\u00e9faut, l'entrepreneur s'engage \u00e0 rem\u00e9dier au d\u00e9faut dans un d\u00e9lai maximum de 14 jours \u00e0 compter de la notification. La cons\u00e9quence de la non-r\u00e9paration du d\u00e9faut dans le d\u00e9lai imparti sera...&nbsp;<a href=\"https:\/\/ledwords.eu\/fr\/garantie\/\" rel=\"bookmark\">En savoir plus &quot;<span class=\"screen-reader-text\">Garantie<\/span><\/a><\/p>","protected":false},"author":1,"featured_media":0,"parent":0,"menu_order":0,"comment_status":"closed","ping_status":"closed","template":"page-templates\/template-pagebuilder-full-width.php","meta":{"neve_meta_sidebar":"","neve_meta_container":"","neve_meta_enable_content_width":"","neve_meta_content_width":0,"neve_meta_title_alignment":"","neve_meta_author_avatar":"","neve_post_elements_order":"","neve_meta_disable_header":"","neve_meta_disable_footer":"","neve_meta_disable_title":"","neve_meta_reading_time":"","footnotes":""},"class_list":["post-408","page","type-page","status-publish","hentry"],"_links":{"self":[{"href":"https:\/\/ledwords.eu\/fr\/wp-json\/wp\/v2\/pages\/408","targetHints":{"allow":["GET"]}}],"collection":[{"href":"https:\/\/ledwords.eu\/fr\/wp-json\/wp\/v2\/pages"}],"about":[{"href":"https:\/\/ledwords.eu\/fr\/wp-json\/wp\/v2\/types\/page"}],"author":[{"embeddable":true,"href":"https:\/\/ledwords.eu\/fr\/wp-json\/wp\/v2\/users\/1"}],"replies":[{"embeddable":true,"href":"https:\/\/ledwords.eu\/fr\/wp-json\/wp\/v2\/comments?post=408"}],"version-history":[{"count":13,"href":"https:\/\/ledwords.eu\/fr\/wp-json\/wp\/v2\/pages\/408\/revisions"}],"predecessor-version":[{"id":1045,"href":"https:\/\/ledwords.eu\/fr\/wp-json\/wp\/v2\/pages\/408\/revisions\/1045"}],"wp:attachment":[{"href":"https:\/\/ledwords.eu\/fr\/wp-json\/wp\/v2\/media?parent=408"}],"curies":[{"name":"wp","href":"https:\/\/api.w.org\/{rel}","templated":true}]}}