{"id":11,"date":"2022-09-06T15:49:25","date_gmt":"2022-09-06T13:49:25","guid":{"rendered":"https:\/\/ledwords.eu\/?page_id=11"},"modified":"2023-04-19T20:45:42","modified_gmt":"2023-04-19T18:45:42","slug":"zwroty","status":"publish","type":"page","link":"https:\/\/ledwords.eu\/fr\/renvoie-a\/","title":{"rendered":"Politique de retour"},"content":{"rendered":"<div data-elementor-type=\"wp-page\" data-elementor-id=\"11\" class=\"elementor elementor-11\" data-elementor-post-type=\"page\">\n\t\t\t\t\t\t<section class=\"elementor-section elementor-top-section elementor-element elementor-element-4de652d elementor-section-boxed elementor-section-height-default elementor-section-height-default\" data-id=\"4de652d\" data-element_type=\"section\">\n\t\t\t\t\t\t<div class=\"elementor-container elementor-column-gap-default\">\n\t\t\t\t\t<div class=\"elementor-column elementor-col-100 elementor-top-column elementor-element elementor-element-2f0d0fe\" data-id=\"2f0d0fe\" data-element_type=\"column\">\n\t\t\t<div class=\"elementor-widget-wrap elementor-element-populated\">\n\t\t\t\t\t\t<div class=\"elementor-element elementor-element-f40e48a elementor-widget elementor-widget-spacer\" data-id=\"f40e48a\" data-element_type=\"widget\" data-widget_type=\"spacer.default\">\n\t\t\t\t<div class=\"elementor-widget-container\">\n\t\t\t\t\t\t\t<div class=\"elementor-spacer\">\n\t\t\t<div class=\"elementor-spacer-inner\"><\/div>\n\t\t<\/div>\n\t\t\t\t\t\t<\/div>\n\t\t\t\t<\/div>\n\t\t\t\t<div class=\"elementor-element elementor-element-4b19f7a elementor-widget elementor-widget-heading\" data-id=\"4b19f7a\" data-element_type=\"widget\" data-widget_type=\"heading.default\">\n\t\t\t\t<div class=\"elementor-widget-container\">\n\t\t\t\t\t<h2 class=\"elementor-heading-title elementor-size-default\">RETOURS DE MARCHANDISES<\/h2>\t\t\t\t<\/div>\n\t\t\t\t<\/div>\n\t\t\t\t<div class=\"elementor-element elementor-element-12aa9ba elementor-widget elementor-widget-spacer\" data-id=\"12aa9ba\" data-element_type=\"widget\" data-widget_type=\"spacer.default\">\n\t\t\t\t<div class=\"elementor-widget-container\">\n\t\t\t\t\t\t\t<div class=\"elementor-spacer\">\n\t\t\t<div class=\"elementor-spacer-inner\"><\/div>\n\t\t<\/div>\n\t\t\t\t\t\t<\/div>\n\t\t\t\t<\/div>\n\t\t\t\t\t<\/div>\n\t\t<\/div>\n\t\t\t\t\t<\/div>\n\t\t<\/section>\n\t\t\t\t<section class=\"elementor-section elementor-top-section elementor-element elementor-element-16197731 elementor-section-boxed elementor-section-height-default elementor-section-height-default\" data-id=\"16197731\" data-element_type=\"section\">\n\t\t\t\t\t\t<div class=\"elementor-container elementor-column-gap-default\">\n\t\t\t\t\t<div class=\"elementor-column elementor-col-100 elementor-top-column elementor-element elementor-element-3764d631\" data-id=\"3764d631\" data-element_type=\"column\">\n\t\t\t<div class=\"elementor-widget-wrap elementor-element-populated\">\n\t\t\t\t\t\t<div class=\"elementor-element elementor-element-6044845d elementor-widget elementor-widget-text-editor\" data-id=\"6044845d\" data-element_type=\"widget\" data-widget_type=\"text-editor.default\">\n\t\t\t\t<div class=\"elementor-widget-container\">\n\t\t\t\t\t\t\t\t\t<p>Les produits propos\u00e9s dans notre boutique sont cr\u00e9\u00e9s apr\u00e8s une commande individuelle de l'acheteur, dans ce cas le droit de retour dans les 14 jours au sein de l'UE est limit\u00e9. Si vous \u00eates un consommateur et que vous souhaitez retourner un produit, veuillez nous contacter, nous examinons chaque cas individuellement.&nbsp;<span style=\"background-color: var(--darkreader-bg--nv-site-bg); color: var(--darkreader-text--nv-text-color); font-family: var(--bodyfontfamily),var(--nv-fallback-ff); font-size: var(--bodyfontsize); font-weight: var(--bodyfontweight); letter-spacing: var(--bodyletterspacing); text-transform: var(--bodytexttransform); --darkreader-inline-bgcolor:var(--darkreader-bg--darkreader-bg--nv-site-bg); --darkreader-inline-color:var(--darkreader-text--darkreader-text--nv-text-color);\" data-darkreader-inline-bgcolor=\"\" data-darkreader-inline-color=\"\">Pour pouvoir \u00eatre retourn\u00e9, l'article doit \u00eatre inutilis\u00e9 et dans le m\u00eame \u00e9tat que celui dans lequel vous l'avez re\u00e7u. Il doit \u00e9galement \u00eatre dans son emballage d'origine afin qu'il ne soit pas endommag\u00e9 pendant le transport.<\/span><\/p>\n<p><strong>PROC\u00c9DURE DE REMBOURSEMENT<\/strong><\/p>\n<p>Notifiez-nous d'abord par e-mail en utilisant <a href=\"https:\/\/ledwords.eu\/fr\/contact\/\">formulaire de contact<\/a> concernant le retour. Les marchandises doivent \u00eatre renvoy\u00e9es \u00e0 l'adresse que vous recevrez apr\u00e8s acceptation du retour.&nbsp;<span style=\"background-color: var(--darkreader-bg--nv-site-bg); color: var(--darkreader-text--nv-text-color); font-family: var(--bodyfontfamily),var(--nv-fallback-ff); font-size: var(--bodyfontsize); font-weight: var(--bodyfontweight); letter-spacing: var(--bodyletterspacing); text-transform: var(--bodytexttransform); --darkreader-inline-bgcolor:var(--darkreader-bg--darkreader-bg--nv-site-bg); --darkreader-inline-color:var(--darkreader-text--darkreader-text--nv-text-color);\" data-darkreader-inline-bgcolor=\"\" data-darkreader-inline-color=\"\">Une fois que nous aurons re\u00e7u et v\u00e9rifi\u00e9 le retour, nous vous enverrons un courriel vous informant que nous avons re\u00e7u l'article retourn\u00e9. Nous vous informerons \u00e9galement si le retour a \u00e9t\u00e9 approuv\u00e9 ou rejet\u00e9.&nbsp;<\/span><span style=\"background-color: var(--darkreader-bg--nv-site-bg); color: var(--darkreader-text--nv-text-color); font-family: var(--bodyfontfamily),var(--nv-fallback-ff); font-size: var(--bodyfontsize); font-weight: var(--bodyfontweight); letter-spacing: var(--bodyletterspacing); text-transform: var(--bodytexttransform); --darkreader-inline-bgcolor:var(--darkreader-bg--darkreader-bg--nv-site-bg); --darkreader-inline-color:var(--darkreader-text--darkreader-text--nv-text-color);\" data-darkreader-inline-bgcolor=\"\" data-darkreader-inline-color=\"\">Si le remboursement est approuv\u00e9, les fonds seront revers\u00e9s sur la carte de paiement ou sur le mode de paiement initial.<\/span><\/p>\n<p><span style=\"background-color: var(--darkreader-bg--nv-site-bg); color: var(--darkreader-text--nv-text-color); font-family: var(--bodyfontfamily),var(--nv-fallback-ff); font-size: var(--bodyfontsize); font-weight: var(--bodyfontweight); letter-spacing: var(--bodyletterspacing); text-transform: var(--bodytexttransform); --darkreader-inline-bgcolor:var(--darkreader-bg--darkreader-bg--nv-site-bg); --darkreader-inline-color:var(--darkreader-text--darkreader-text--nv-text-color);\" data-darkreader-inline-bgcolor=\"\" data-darkreader-inline-color=\"\">Si vous n'avez pas encore re\u00e7u de remboursement, v\u00e9rifiez d'abord \u00e0 nouveau votre compte bancaire. Contactez ensuite l'\u00e9metteur de votre carte de paiement si le paiement a \u00e9t\u00e9 effectu\u00e9 par carte. Il faut souvent un certain temps avant que le remboursement ne soit affich\u00e9.<\/span><\/p>\n<p>Si vous n'avez toujours pas re\u00e7u de remboursement apr\u00e8s avoir suivi ces \u00e9tapes, <a href=\"https:\/\/ledwords.eu\/fr\/contact\/\">contactez-nous<\/a>.<\/p>\n<p><strong>\u00c9CHANGES<\/strong><\/p>\n<p>Nous n'\u00e9changeons que les articles d\u00e9fectueux ou endommag\u00e9s. Si vous souhaitez l'\u00e9changer contre le m\u00eame article, veuillez nous en informer par courrier \u00e9lectronique en utilisant l'adresse suivante <a href=\"https:\/\/ledwords.eu\/fr\/contact\/\">formulaire de contact<\/a> et envoyez l'article \u00e0 l'adresse que nous vous communiquerons une fois l'\u00e9change approuv\u00e9.<\/p>\n<p><span style=\"background-color: var(--darkreader-bg--nv-site-bg); color: var(--darkreader-text--nv-text-color); font-family: var(--bodyfontfamily),var(--nv-fallback-ff); font-size: var(--bodyfontsize); font-weight: var(--bodyfontweight); letter-spacing: var(--bodyletterspacing); text-transform: var(--bodytexttransform); --darkreader-inline-bgcolor:var(--darkreader-bg--darkreader-bg--nv-site-bg); --darkreader-inline-color:var(--darkreader-text--darkreader-text--nv-text-color);\" data-darkreader-inline-bgcolor=\"\" data-darkreader-inline-color=\"\">Les frais d'exp\u00e9dition pour le retour de l'article sont \u00e0 votre charge. Les frais d'exp\u00e9dition ne sont pas remboursables. Si vous retournez des articles plus co\u00fbteux, vous pouvez envisager de souscrire une assurance pour les frais d'exp\u00e9dition. Nous ne garantissons pas que vous recevrez l'article retourn\u00e9. Toutefois, si votre colis est perdu ou endommag\u00e9, vous avez la possibilit\u00e9 de d\u00e9poser une r\u00e9clamation aupr\u00e8s de la soci\u00e9t\u00e9 de messagerie.<\/span><br><\/p>\n<p><span style=\"text-decoration: underline;\"><strong>Nous n'acceptons pas les colis envoy\u00e9s en contre-remboursement.<\/strong><\/span><\/p>\n<p>Contactez-nous \u00e0 <a href=\"https:\/\/ledwords.eu\/fr\/contact\/\">formulaire de contact<\/a>si vous avez des questions sur les retours et les remboursements.<\/p>\t\t\t\t\t\t\t\t<\/div>\n\t\t\t\t<\/div>\n\t\t\t\t\t<\/div>\n\t\t<\/div>\n\t\t\t\t\t<\/div>\n\t\t<\/section>\n\t\t\t\t<\/div>","protected":false},"excerpt":{"rendered":"<p>RETOURS DE MARCHANDISES Les produits propos\u00e9s dans notre boutique sont cr\u00e9\u00e9s apr\u00e8s une commande individuelle de l'acheteur, auquel cas le droit de retour dans les 14 jours au sein de l'UE est limit\u00e9. Si vous \u00eates un consommateur et que vous souhaitez retourner un produit, veuillez nous contacter, nous examinons chaque cas individuellement. Pour pouvoir \u00eatre retourn\u00e9, l'article doit \u00eatre inutilis\u00e9 et dans le m\u00eame...&nbsp;<a href=\"https:\/\/ledwords.eu\/fr\/renvoie-a\/\" rel=\"bookmark\">En savoir plus &quot;<span class=\"screen-reader-text\">Politique de retour<\/span><\/a><\/p>","protected":false},"author":1,"featured_media":0,"parent":0,"menu_order":0,"comment_status":"closed","ping_status":"closed","template":"","meta":{"neve_meta_sidebar":"","neve_meta_container":"","neve_meta_enable_content_width":"","neve_meta_content_width":0,"neve_meta_title_alignment":"","neve_meta_author_avatar":"","neve_post_elements_order":"","neve_meta_disable_header":"","neve_meta_disable_footer":"","neve_meta_disable_title":"on","neve_meta_reading_time":"","footnotes":""},"class_list":["post-11","page","type-page","status-publish","hentry"],"_links":{"self":[{"href":"https:\/\/ledwords.eu\/fr\/wp-json\/wp\/v2\/pages\/11","targetHints":{"allow":["GET"]}}],"collection":[{"href":"https:\/\/ledwords.eu\/fr\/wp-json\/wp\/v2\/pages"}],"about":[{"href":"https:\/\/ledwords.eu\/fr\/wp-json\/wp\/v2\/types\/page"}],"author":[{"embeddable":true,"href":"https:\/\/ledwords.eu\/fr\/wp-json\/wp\/v2\/users\/1"}],"replies":[{"embeddable":true,"href":"https:\/\/ledwords.eu\/fr\/wp-json\/wp\/v2\/comments?post=11"}],"version-history":[{"count":13,"href":"https:\/\/ledwords.eu\/fr\/wp-json\/wp\/v2\/pages\/11\/revisions"}],"predecessor-version":[{"id":1688,"href":"https:\/\/ledwords.eu\/fr\/wp-json\/wp\/v2\/pages\/11\/revisions\/1688"}],"wp:attachment":[{"href":"https:\/\/ledwords.eu\/fr\/wp-json\/wp\/v2\/media?parent=11"}],"curies":[{"name":"wp","href":"https:\/\/api.w.org\/{rel}","templated":true}]}}