{"id":791,"date":"2022-09-23T16:28:02","date_gmt":"2022-09-23T14:28:02","guid":{"rendered":"https:\/\/ledwords.eu\/?post_type=product&#038;p=791"},"modified":"2025-01-01T16:53:37","modified_gmt":"2025-01-01T15:53:37","slug":"podswietlane-logo-3d-led-harley-davidson-50-80-cm","status":"publish","type":"product","link":"https:\/\/ledwords.eu\/es\/producto\/logo-iluminado-3d-led-harley-davidson-50-80-cm\/","title":{"rendered":"Logotipo Harley Davidson 3D iluminado 50-80 CM..."},"content":{"rendered":"<p>Logotipo Harley Davidson iluminado con LEDs en 3D<\/p>\n<p>Di\u00e1metro 50-80 CM<\/p>\n<p>Ideal para tiendas o clubes Harley Davidson<\/p>\n<p>La visualizaci\u00f3n del logotipo presentada en esta oferta es un ejemplo del aspecto que podr\u00eda tener. Podemos utilizar cualquier gr\u00e1fico que desee despu\u00e9s de la compra.<\/p>\n<p>Colores vibrantes y saturados, protegidos con impregnaci\u00f3n protectora. Iluminaci\u00f3n LED de alta calidad y luminosidad uniforme. Armaz\u00f3n de aluminio lacado. El logotipo es resistente a la intemperie (IP68).<\/p>\n<p>Cable de alimentaci\u00f3n con enchufe europeo incluido. Fuente de alimentaci\u00f3n universal incorporada que funciona de 110 a 230 V. Para otras tomas puedes utilizar un adaptador o sustituir el enchufe. Para los pedidos procedentes de EE.UU., se a\u00f1ade un adaptador de enchufe UE-EE.UU. Tanto la versi\u00f3n de exterior como la de interior cumplen la norma IP68; la versi\u00f3n de exterior tiene una fuente de alimentaci\u00f3n interna ligeramente m\u00e1s estanca.<\/p>\n<p>F\u00e1cil montaje en soportes. Tambi\u00e9n existe otro m\u00e9todo de montaje, por ejemplo con un cable que va de la pared al producto. Para m\u00e1s informaci\u00f3n sobre los m\u00e9todos de montaje, consulte <a href=\"https:\/\/ledwords.eu\/es\/instruccion\/\">instrucciones<\/a>.<\/p>\n<p>2 a\u00f1os de garant\u00eda<\/p>","protected":false},"excerpt":{"rendered":"<p>Logotipo Harley Davidson LED 3D iluminado Di\u00e1metro 50-80 CM Ideal para tiendas o clubes de la marca Harley Davidson La visualizaci\u00f3n del logotipo mostrada en esta oferta es un ejemplo de c\u00f3mo podr\u00eda quedar dicho logotipo. Podemos utilizar cualquier gr\u00e1fico que desee despu\u00e9s de la compra. Colores vivos y saturados, protegidos con impregnaci\u00f3n protectora. Iluminaci\u00f3n LED de alta calidad y uniforme. Marco de aluminio, lacado. El logotipo est\u00e1...&nbsp;<a href=\"https:\/\/ledwords.eu\/es\/producto\/logo-iluminado-3d-led-harley-davidson-50-80-cm\/\" rel=\"bookmark\">Leer m\u00e1s &quot;<span class=\"screen-reader-text\">Logotipo Harley Davidson 3D iluminado 50-80 CM...<\/span><\/a><\/p>","protected":false},"featured_media":1966,"template":"","meta":{"neve_meta_sidebar":"","neve_meta_container":"","neve_meta_enable_content_width":"off","neve_meta_content_width":100,"neve_meta_title_alignment":"","neve_meta_author_avatar":"","neve_post_elements_order":"","neve_meta_disable_header":"","neve_meta_disable_footer":"","neve_meta_disable_title":"","neve_meta_reading_time":"","neve_tabs_data":"","neve_override_tab_layout":""},"product_brand":[],"product_cat":[58],"product_tag":[32,35,33,45,30,31,29,34,37],"class_list":{"0":"post-791","1":"product","2":"type-product","3":"status-publish","4":"has-post-thumbnail","6":"product_cat-motocykle-i-pojazdy","7":"product_tag-3d","8":"product_tag-backlit","9":"product_tag-bar","10":"product_tag-harley-davidson","11":"product_tag-led","12":"product_tag-logo","13":"product_tag-neon","14":"product_tag-pub","15":"product_tag-sign","17":"first","18":"instock","19":"shipping-taxable","20":"purchasable","21":"product-type-variable"},"_links":{"self":[{"href":"https:\/\/ledwords.eu\/es\/wp-json\/wp\/v2\/product\/791","targetHints":{"allow":["GET"]}}],"collection":[{"href":"https:\/\/ledwords.eu\/es\/wp-json\/wp\/v2\/product"}],"about":[{"href":"https:\/\/ledwords.eu\/es\/wp-json\/wp\/v2\/types\/product"}],"wp:featuredmedia":[{"embeddable":true,"href":"https:\/\/ledwords.eu\/es\/wp-json\/wp\/v2\/media\/1966"}],"wp:attachment":[{"href":"https:\/\/ledwords.eu\/es\/wp-json\/wp\/v2\/media?parent=791"}],"wp:term":[{"taxonomy":"product_brand","embeddable":true,"href":"https:\/\/ledwords.eu\/es\/wp-json\/wp\/v2\/product_brand?post=791"},{"taxonomy":"product_cat","embeddable":true,"href":"https:\/\/ledwords.eu\/es\/wp-json\/wp\/v2\/product_cat?post=791"},{"taxonomy":"product_tag","embeddable":true,"href":"https:\/\/ledwords.eu\/es\/wp-json\/wp\/v2\/product_tag?post=791"}],"curies":[{"name":"wp","href":"https:\/\/api.w.org\/{rel}","templated":true}]}}