{"id":1896,"date":"2023-07-17T19:43:01","date_gmt":"2023-07-17T17:43:01","guid":{"rendered":"https:\/\/ledwords.eu\/?post_type=product&#038;p=1896"},"modified":"2025-01-01T16:52:29","modified_gmt":"2025-01-01T15:52:29","slug":"duze-logo-led-3d-marvel-comics-neon-60-x-45-cm","status":"publish","type":"product","link":"https:\/\/ledwords.eu\/es\/producto\/duze-logo-led-3d-marvel-comics-neon-60-x-45-cm\/","title":{"rendered":"Grande 3D Marvel Comics Neon LED Logo 60 x 45 CM..."},"content":{"rendered":"<p>Logotipo LED iluminado en 3D de Marvel Comics<\/p>\n<p>Altura: 45 cm<br \/>\nAnchura: 60 CM<br \/>\nGrosor: 6 CM<\/p>\n<p>Colores vibrantes y saturados, protegidos con impregnaci\u00f3n protectora. Iluminaci\u00f3n LED de alta calidad y luminosidad uniforme. Armaz\u00f3n de aluminio lacado. El logotipo es resistente a la intemperie (IP68).<\/p>\n<p>Cable de alimentaci\u00f3n con enchufe europeo incluido. Fuente de alimentaci\u00f3n universal incorporada que funciona de 110 a 230 V. Para otras tomas puedes utilizar un adaptador o sustituir el enchufe. Para los pedidos procedentes de EE.UU., se a\u00f1ade un adaptador de enchufe UE-EE.UU. Tanto la versi\u00f3n de exterior como la de interior cumplen la norma IP68; la versi\u00f3n de exterior tiene una fuente de alimentaci\u00f3n interna ligeramente m\u00e1s estanca.<\/p>\n<p>F\u00e1cil montaje en soportes. Tambi\u00e9n existe otro m\u00e9todo de montaje, por ejemplo con un cable que va de la pared al producto. Para m\u00e1s informaci\u00f3n sobre los m\u00e9todos de montaje, consulte <a href=\"https:\/\/ledwords.eu\/es\/instruccion\/\">instrucciones<\/a>.<\/p>\n<p>2 a\u00f1os de garant\u00eda<\/p>","protected":false},"excerpt":{"rendered":"<p>Logotipo LED 3D Marvel Comics iluminado Altura: 45 CM Anchura: 60 CM Grosor: 6 CM Colores vivos y saturados, protegidos con impregnaci\u00f3n protectora. Iluminaci\u00f3n LED de alta calidad y brillo uniforme. Marco de aluminio lacado. Logotipo resistente a la intemperie (IP68). Cable de alimentaci\u00f3n con enchufe europeo incluido. Fuente de alimentaci\u00f3n universal incorporada que funciona de 110 a 230 V. Para otros enchufes...&nbsp;<a href=\"https:\/\/ledwords.eu\/es\/producto\/duze-logo-led-3d-marvel-comics-neon-60-x-45-cm\/\" rel=\"bookmark\">Leer m\u00e1s &quot;<span class=\"screen-reader-text\">Grande 3D Marvel Comics Neon LED Logo 60 x 45 CM...<\/span><\/a><\/p>","protected":false},"featured_media":1901,"template":"","meta":{"neve_meta_sidebar":"","neve_meta_container":"","neve_meta_enable_content_width":"off","neve_meta_content_width":100,"neve_meta_title_alignment":"","neve_meta_author_avatar":"","neve_post_elements_order":"","neve_meta_disable_header":"","neve_meta_disable_footer":"","neve_meta_disable_title":"","neve_meta_reading_time":"","neve_tabs_data":"","neve_override_tab_layout":""},"product_brand":[],"product_cat":[56],"product_tag":[32,35,103,30,78,29,37],"class_list":{"0":"post-1896","1":"product","2":"type-product","3":"status-publish","4":"has-post-thumbnail","6":"product_cat-pozostale","7":"product_tag-3d","8":"product_tag-backlit","9":"product_tag-comics","10":"product_tag-led","11":"product_tag-marvel","12":"product_tag-neon","13":"product_tag-sign","15":"first","16":"instock","17":"shipping-taxable","18":"purchasable","19":"product-type-variable"},"_links":{"self":[{"href":"https:\/\/ledwords.eu\/es\/wp-json\/wp\/v2\/product\/1896","targetHints":{"allow":["GET"]}}],"collection":[{"href":"https:\/\/ledwords.eu\/es\/wp-json\/wp\/v2\/product"}],"about":[{"href":"https:\/\/ledwords.eu\/es\/wp-json\/wp\/v2\/types\/product"}],"wp:featuredmedia":[{"embeddable":true,"href":"https:\/\/ledwords.eu\/es\/wp-json\/wp\/v2\/media\/1901"}],"wp:attachment":[{"href":"https:\/\/ledwords.eu\/es\/wp-json\/wp\/v2\/media?parent=1896"}],"wp:term":[{"taxonomy":"product_brand","embeddable":true,"href":"https:\/\/ledwords.eu\/es\/wp-json\/wp\/v2\/product_brand?post=1896"},{"taxonomy":"product_cat","embeddable":true,"href":"https:\/\/ledwords.eu\/es\/wp-json\/wp\/v2\/product_cat?post=1896"},{"taxonomy":"product_tag","embeddable":true,"href":"https:\/\/ledwords.eu\/es\/wp-json\/wp\/v2\/product_tag?post=1896"}],"curies":[{"name":"wp","href":"https:\/\/api.w.org\/{rel}","templated":true}]}}