{"id":1658,"date":"2023-04-12T18:46:36","date_gmt":"2023-04-12T16:46:36","guid":{"rendered":"https:\/\/ledwords.eu\/?post_type=product&#038;p=1658"},"modified":"2025-01-01T16:52:35","modified_gmt":"2025-01-01T15:52:35","slug":"duze-logo-led-3d-superman-logo-sign-neon-60-x-38-cm","status":"publish","type":"product","link":"https:\/\/ledwords.eu\/es\/producto\/duze-logo-led-3d-superman-logo-sign-neon-60-x-38-cm\/","title":{"rendered":"Grande 3D LED Superman Logo Sign Neon 60 x 38 ..."},"content":{"rendered":"<p>Logotipo de ne\u00f3n 3D de Superman iluminado con LED 60 x 38 CM<\/p>\n<p>Altura: 38 cm<br \/>\nAnchura: 60 CM<br \/>\nGrosor: 6 CM<\/p>\n<p>Colores vibrantes y saturados, protegidos con impregnaci\u00f3n protectora. Iluminaci\u00f3n LED de alta calidad y luminosidad uniforme. Armaz\u00f3n de aluminio lacado. El logotipo es resistente a la intemperie (IP68).<\/p>\n<p>Cable de alimentaci\u00f3n con enchufe europeo incluido. Fuente de alimentaci\u00f3n universal incorporada que funciona de 110 a 230 V. Para otras tomas puedes utilizar un adaptador o sustituir el enchufe. Para los pedidos procedentes de EE.UU., se a\u00f1ade un adaptador de enchufe UE-EE.UU. Tanto la versi\u00f3n de exterior como la de interior cumplen la norma IP68; la versi\u00f3n de exterior tiene una fuente de alimentaci\u00f3n interna ligeramente m\u00e1s estanca.<\/p>\n<p>F\u00e1cil montaje en soportes. Tambi\u00e9n existe otro m\u00e9todo de montaje, por ejemplo con un cable que va de la pared al producto. Para m\u00e1s informaci\u00f3n sobre los m\u00e9todos de montaje, consulte <a href=\"https:\/\/ledwords.eu\/es\/instruccion\/\">instrucciones<\/a>.<\/p>\n<p>2 a\u00f1os de garant\u00eda<\/p>","protected":false},"excerpt":{"rendered":"<p>Logotipo de ne\u00f3n 3D Superman iluminado con LED 60 x 38 CM Altura: 38 CM Anchura: 60 CM Grosor: 6 CM Colores vivos y saturados, protegidos con impregnaci\u00f3n protectora. Iluminaci\u00f3n LED de alta calidad y luminosidad uniforme. Marco de aluminio lacado. Logotipo resistente a la intemperie (IP68). Cable de alimentaci\u00f3n con enchufe europeo incluido. Fuente de alimentaci\u00f3n universal integrada para...&nbsp;<a href=\"https:\/\/ledwords.eu\/es\/producto\/duze-logo-led-3d-superman-logo-sign-neon-60-x-38-cm\/\" rel=\"bookmark\">Leer m\u00e1s &quot;<span class=\"screen-reader-text\">Grande 3D LED Superman Logo Sign Neon 60 x 38 ...<\/span><\/a><\/p>","protected":false},"featured_media":1663,"template":"","meta":{"neve_meta_sidebar":"","neve_meta_container":"","neve_meta_enable_content_width":"off","neve_meta_content_width":100,"neve_meta_title_alignment":"","neve_meta_author_avatar":"","neve_post_elements_order":"","neve_meta_disable_header":"","neve_meta_disable_footer":"","neve_meta_disable_title":"","neve_meta_reading_time":"","neve_tabs_data":"","neve_override_tab_layout":""},"product_brand":[],"product_cat":[56],"product_tag":[32,35,30,29,37,84],"class_list":{"0":"post-1658","1":"product","2":"type-product","3":"status-publish","4":"has-post-thumbnail","6":"product_cat-pozostale","7":"product_tag-3d","8":"product_tag-backlit","9":"product_tag-led","10":"product_tag-neon","11":"product_tag-sign","12":"product_tag-superman","14":"first","15":"instock","16":"shipping-taxable","17":"purchasable","18":"product-type-variable","19":"has-default-attributes"},"_links":{"self":[{"href":"https:\/\/ledwords.eu\/es\/wp-json\/wp\/v2\/product\/1658","targetHints":{"allow":["GET"]}}],"collection":[{"href":"https:\/\/ledwords.eu\/es\/wp-json\/wp\/v2\/product"}],"about":[{"href":"https:\/\/ledwords.eu\/es\/wp-json\/wp\/v2\/types\/product"}],"wp:featuredmedia":[{"embeddable":true,"href":"https:\/\/ledwords.eu\/es\/wp-json\/wp\/v2\/media\/1663"}],"wp:attachment":[{"href":"https:\/\/ledwords.eu\/es\/wp-json\/wp\/v2\/media?parent=1658"}],"wp:term":[{"taxonomy":"product_brand","embeddable":true,"href":"https:\/\/ledwords.eu\/es\/wp-json\/wp\/v2\/product_brand?post=1658"},{"taxonomy":"product_cat","embeddable":true,"href":"https:\/\/ledwords.eu\/es\/wp-json\/wp\/v2\/product_cat?post=1658"},{"taxonomy":"product_tag","embeddable":true,"href":"https:\/\/ledwords.eu\/es\/wp-json\/wp\/v2\/product_tag?post=1658"}],"curies":[{"name":"wp","href":"https:\/\/api.w.org\/{rel}","templated":true}]}}