{"id":1160,"date":"2022-11-06T19:11:24","date_gmt":"2022-11-06T18:11:24","guid":{"rendered":"https:\/\/ledwords.eu\/?post_type=product&#038;p=1160"},"modified":"2025-01-01T16:53:22","modified_gmt":"2025-01-01T15:53:22","slug":"podswietlane-logo-3d-led-whisky-jack-daniels-50-80-cm-reklama-piwa","status":"publish","type":"product","link":"https:\/\/ledwords.eu\/es\/producto\/illuminated-logo-3d-led-whisky-jack-daniels-50-80-cm-cerveza-publicidad\/","title":{"rendered":"LED iluminado 3D Whisky Jack Daniels Logo 50-8..."},"content":{"rendered":"<p>Logotipo iluminado 3D LED Whisky Jack Daniels<\/p>\n<p>Di\u00e1metro 50-80 CM<\/p>\n<p>Publicidad luminosa para pubs, bares y restaurantes. Aumente las ventas con una publicidad llamativa<\/p>\n<p>Colores vibrantes y saturados, protegidos con impregnaci\u00f3n protectora. Iluminaci\u00f3n LED de alta calidad y luminosidad uniforme. Armaz\u00f3n de aluminio lacado. El logotipo es resistente a la intemperie (IP68).<\/p>\n<p>Cable de alimentaci\u00f3n con enchufe europeo incluido. Fuente de alimentaci\u00f3n universal incorporada que funciona de 110 a 230 V. Para otras tomas puedes utilizar un adaptador o sustituir el enchufe. Para los pedidos procedentes de EE.UU., se a\u00f1ade un adaptador de enchufe UE-EE.UU. Tanto la versi\u00f3n de exterior como la de interior cumplen la norma IP68; la versi\u00f3n de exterior tiene una fuente de alimentaci\u00f3n interna ligeramente m\u00e1s estanca.<\/p>\n<p>F\u00e1cil montaje en soportes. Tambi\u00e9n existe otro m\u00e9todo de montaje, por ejemplo con un cable que va de la pared al producto. Para m\u00e1s informaci\u00f3n sobre los m\u00e9todos de montaje, consulte <a href=\"https:\/\/ledwords.eu\/es\/instruccion\/\">instrucciones<\/a>.<\/p>\n<p>2 a\u00f1os de garant\u00eda<\/p>","protected":false},"excerpt":{"rendered":"<p>Iluminado 3D LED Whisky Jack Daniels Logo Di\u00e1metro 50-80 CM Publicidad luminosa para pubs, bares y restaurantes. Aumente las ventas con una publicidad llamativa. Colores vibrantes y saturados, protegidos con impregnaci\u00f3n protectora. Iluminaci\u00f3n LED de alta calidad e iluminaci\u00f3n uniforme. Marco de aluminio lacado. Logotipo resistente a la intemperie (IP68). Cable de alimentaci\u00f3n con enchufe europeo incluido. Iluminaci\u00f3n...&nbsp;<a href=\"https:\/\/ledwords.eu\/es\/producto\/illuminated-logo-3d-led-whisky-jack-daniels-50-80-cm-cerveza-publicidad\/\" rel=\"bookmark\">Leer m\u00e1s &quot;<span class=\"screen-reader-text\">LED iluminado 3D Whisky Jack Daniels Logo 50-8...<\/span><\/a><\/p>","protected":false},"featured_media":1222,"template":"","meta":{"neve_meta_sidebar":"","neve_meta_container":"","neve_meta_enable_content_width":"off","neve_meta_content_width":100,"neve_meta_title_alignment":"","neve_meta_author_avatar":"","neve_post_elements_order":"","neve_meta_disable_header":"","neve_meta_disable_footer":"","neve_meta_disable_title":"","neve_meta_reading_time":"","neve_tabs_data":"","neve_override_tab_layout":""},"product_brand":[],"product_cat":[55],"product_tag":[32,35,33,60,30,31,29,34,37,61],"class_list":{"0":"post-1160","1":"product","2":"type-product","3":"status-publish","4":"has-post-thumbnail","6":"product_cat-marki-alkoholi","7":"product_tag-3d","8":"product_tag-backlit","9":"product_tag-bar","10":"product_tag-jack-daniels","11":"product_tag-led","12":"product_tag-logo","13":"product_tag-neon","14":"product_tag-pub","15":"product_tag-sign","16":"product_tag-whisky","18":"first","19":"instock","20":"shipping-taxable","21":"purchasable","22":"product-type-variable","23":"has-default-attributes"},"_links":{"self":[{"href":"https:\/\/ledwords.eu\/es\/wp-json\/wp\/v2\/product\/1160","targetHints":{"allow":["GET"]}}],"collection":[{"href":"https:\/\/ledwords.eu\/es\/wp-json\/wp\/v2\/product"}],"about":[{"href":"https:\/\/ledwords.eu\/es\/wp-json\/wp\/v2\/types\/product"}],"wp:featuredmedia":[{"embeddable":true,"href":"https:\/\/ledwords.eu\/es\/wp-json\/wp\/v2\/media\/1222"}],"wp:attachment":[{"href":"https:\/\/ledwords.eu\/es\/wp-json\/wp\/v2\/media?parent=1160"}],"wp:term":[{"taxonomy":"product_brand","embeddable":true,"href":"https:\/\/ledwords.eu\/es\/wp-json\/wp\/v2\/product_brand?post=1160"},{"taxonomy":"product_cat","embeddable":true,"href":"https:\/\/ledwords.eu\/es\/wp-json\/wp\/v2\/product_cat?post=1160"},{"taxonomy":"product_tag","embeddable":true,"href":"https:\/\/ledwords.eu\/es\/wp-json\/wp\/v2\/product_tag?post=1160"}],"curies":[{"name":"wp","href":"https:\/\/api.w.org\/{rel}","templated":true}]}}