{"id":408,"date":"2022-09-07T14:31:51","date_gmt":"2022-09-07T12:31:51","guid":{"rendered":"https:\/\/ledwords.eu\/?page_id=408"},"modified":"2022-10-05T12:15:06","modified_gmt":"2022-10-05T10:15:06","slug":"gwarancja","status":"publish","type":"page","link":"https:\/\/ledwords.eu\/es\/garantia\/","title":{"rendered":"Garant\u00eda"},"content":{"rendered":"<div data-elementor-type=\"wp-page\" data-elementor-id=\"408\" class=\"elementor elementor-408\" data-elementor-post-type=\"page\">\n\t\t\t\t\t\t<section class=\"elementor-section elementor-top-section elementor-element elementor-element-3a9270b elementor-section-boxed elementor-section-height-default elementor-section-height-default\" data-id=\"3a9270b\" data-element_type=\"section\">\n\t\t\t\t\t\t<div class=\"elementor-container elementor-column-gap-default\">\n\t\t\t\t\t<div class=\"elementor-column elementor-col-100 elementor-top-column elementor-element elementor-element-0065f86\" data-id=\"0065f86\" data-element_type=\"column\">\n\t\t\t<div class=\"elementor-widget-wrap elementor-element-populated\">\n\t\t\t\t\t\t<div class=\"elementor-element elementor-element-215fbba elementor-widget elementor-widget-spacer\" data-id=\"215fbba\" data-element_type=\"widget\" data-widget_type=\"spacer.default\">\n\t\t\t\t<div class=\"elementor-widget-container\">\n\t\t\t\t\t\t\t<div class=\"elementor-spacer\">\n\t\t\t<div class=\"elementor-spacer-inner\"><\/div>\n\t\t<\/div>\n\t\t\t\t\t\t<\/div>\n\t\t\t\t<\/div>\n\t\t\t\t<div class=\"elementor-element elementor-element-c561778 elementor-widget elementor-widget-text-editor\" data-id=\"c561778\" data-element_type=\"widget\" data-widget_type=\"text-editor.default\">\n\t\t\t\t<div class=\"elementor-widget-container\">\n\t\t\t\t\t\t\t\t\t<h3 style=\"text-align:center;\">CONDICIONES DE GARANT\u00cdA<\/h3>\n<ol>\n<li>El per\u00edodo de garant\u00eda del producto es de 24 meses a partir de la fecha de recepci\u00f3n. Se refiere a la calidad profesional y al correcto funcionamiento del producto.<\/li>\n<li>Si se ha pedido un servicio de instalaci\u00f3n adicional, en caso de que se notifique un defecto, el contratista se compromete a repararlo en un plazo m\u00e1ximo de 14 d\u00edas a partir de la notificaci\u00f3n. Si el defecto no se repara en el plazo establecido, los costes de la reparaci\u00f3n ser\u00e1n cubiertos por otra empresa, a la que el cliente tendr\u00e1 derecho a llamar para que le atienda.<\/li>\n<li>La garant\u00eda no cubre los ara\u00f1azos ni los da\u00f1os superficiales causados por el uso diario.<\/li>\n<li>La garant\u00eda s\u00f3lo cubre los defectos f\u00edsicos derivados de causas inherentes al producto vendido. La garant\u00eda no cubre los defectos derivados de otras causas como:<br><br>\t- Da\u00f1os causados por acontecimientos fortuitos (fuerza mayor) como incendios, inundaciones, vendavales, rayos, etc.<br>    - Mal funcionamiento de la instalaci\u00f3n el\u00e9ctrica o de los equipos que afectan al funcionamiento del producto.<\/li>\n<p><br><br><\/p>\n<li>Cuando se realice el mantenimiento del producto in situ, el cliente est\u00e1 obligado a facilitar el libre acceso al producto y a permitir que el t\u00e9cnico de mantenimiento lleve a cabo un procedimiento de reparaci\u00f3n seguro de acuerdo con todas las normas de salud y seguridad, as\u00ed como a proporcionar las instalaciones t\u00e9cnicas adecuadas, como el acceso a las fuentes de alimentaci\u00f3n, los interruptores de seguridad, etc. En caso contrario, el t\u00e9cnico de servicio tiene derecho a rechazar la acci\u00f3n de servicio.<\/li>\n<\/ol>\n<p><br><\/p>\n<h3 style=\"text-align:center;\">GARANT\u00cdA PARA PRODUCTOS PEQUE\u00d1OS<\/h3>\n<ol>\n<li>Los productos de peque\u00f1o tama\u00f1o deben ser devueltos (previo acuerdo con el fabricante) a la direcci\u00f3n de la empresa, con el debido cuidado en el embalaje del producto (caja de cart\u00f3n resistente, esquinas de cart\u00f3n, pl\u00e1stico de burbujas).<\/li>\n<li>El cliente asume los costes y la responsabilidad de la entrega fiable del producto en las instalaciones del fabricante.<\/li>\n<li>El fabricante no ser\u00e1 responsable de los da\u00f1os o la destrucci\u00f3n del producto durante el transporte que sean consecuencia de un embalaje y una protecci\u00f3n inadecuados del producto por parte del cliente.<\/li>\n<li>El fabricante asume los costes y la responsabilidad del transporte seguro del producto reparado hasta el cliente.<\/li>\n<li>No se aceptar\u00e1 un producto devuelto a la direcci\u00f3n del fabricante sin su conocimiento y aprobaci\u00f3n.<\/li>\n<li>S\u00f3lo los productos completos, utilizables, sin defectos ni da\u00f1os mec\u00e1nicos causados por factores externos est\u00e1n sujetos al procedimiento de garant\u00eda.<\/li>\n<\/ol>\n<p><br><\/p>\n<h3 style=\"text-align:center;\">P\u00c9RDIDA DE LA GARANT\u00cdA<\/h3>\n<ol>\n<li>La garant\u00eda del producto no se aplica en el caso de:<br><br>- Autointervenci\u00f3n del usuario (alteraciones individuales, modificaciones, etc.).<br>- Conexi\u00f3n del producto por personas no cualificadas.<br>- Uso indebido del producto.<br>- Cualquier intento de reparaci\u00f3n del producto por parte de personas no autorizadas.<br>- La ocurrencia de un retraso en el pago de un producto superior a 21 d\u00edas desde la fecha de recepci\u00f3n.<br>una factura con un plazo de pago est\u00e1ndar de 7 d\u00edas establecido por el fabricante.<\/li>\n<p><br><br><\/p>\n<li>Un producto en el que se ha detectado un defecto debe desconectarse inmediatamente<br>del uso bajo pena de p\u00e9rdida de la garant\u00eda.<\/li>\n<\/ol>\t\t\t\t\t\t\t\t<\/div>\n\t\t\t\t<\/div>\n\t\t\t\t\t<\/div>\n\t\t<\/div>\n\t\t\t\t\t<\/div>\n\t\t<\/section>\n\t\t\t\t<section class=\"elementor-section elementor-top-section elementor-element elementor-element-62b111c elementor-section-boxed elementor-section-height-default elementor-section-height-default\" data-id=\"62b111c\" data-element_type=\"section\">\n\t\t\t\t\t\t<div class=\"elementor-container elementor-column-gap-default\">\n\t\t\t\t\t<div class=\"elementor-column elementor-col-100 elementor-top-column elementor-element elementor-element-cbb87de\" data-id=\"cbb87de\" data-element_type=\"column\">\n\t\t\t<div class=\"elementor-widget-wrap elementor-element-populated\">\n\t\t\t\t\t\t<div class=\"elementor-element elementor-element-9cdb8c2 elementor-widget elementor-widget-spacer\" data-id=\"9cdb8c2\" data-element_type=\"widget\" data-widget_type=\"spacer.default\">\n\t\t\t\t<div class=\"elementor-widget-container\">\n\t\t\t\t\t\t\t<div class=\"elementor-spacer\">\n\t\t\t<div class=\"elementor-spacer-inner\"><\/div>\n\t\t<\/div>\n\t\t\t\t\t\t<\/div>\n\t\t\t\t<\/div>\n\t\t\t\t\t<\/div>\n\t\t<\/div>\n\t\t\t\t\t<\/div>\n\t\t<\/section>\n\t\t\t\t<\/div>","protected":false},"excerpt":{"rendered":"<p>T\u00c9RMINOS DE LA GARANT\u00cdA El periodo de garant\u00eda del producto cubre 24 meses contados a partir de la fecha de recepci\u00f3n. Se aplica a la calidad profesional y al correcto funcionamiento del producto. Si se ha solicitado un servicio de instalaci\u00f3n adicional, en caso de notificaci\u00f3n de un defecto, el contratista se compromete a subsanarlo en un plazo m\u00e1ximo de 14 d\u00edas desde la notificaci\u00f3n. La consecuencia de no subsanar el defecto dentro del plazo ser\u00e1...&nbsp;<a href=\"https:\/\/ledwords.eu\/es\/garantia\/\" rel=\"bookmark\">Leer m\u00e1s &quot;<span class=\"screen-reader-text\">Garant\u00eda<\/span><\/a><\/p>","protected":false},"author":1,"featured_media":0,"parent":0,"menu_order":0,"comment_status":"closed","ping_status":"closed","template":"page-templates\/template-pagebuilder-full-width.php","meta":{"neve_meta_sidebar":"","neve_meta_container":"","neve_meta_enable_content_width":"","neve_meta_content_width":0,"neve_meta_title_alignment":"","neve_meta_author_avatar":"","neve_post_elements_order":"","neve_meta_disable_header":"","neve_meta_disable_footer":"","neve_meta_disable_title":"","neve_meta_reading_time":"","footnotes":""},"class_list":["post-408","page","type-page","status-publish","hentry"],"_links":{"self":[{"href":"https:\/\/ledwords.eu\/es\/wp-json\/wp\/v2\/pages\/408","targetHints":{"allow":["GET"]}}],"collection":[{"href":"https:\/\/ledwords.eu\/es\/wp-json\/wp\/v2\/pages"}],"about":[{"href":"https:\/\/ledwords.eu\/es\/wp-json\/wp\/v2\/types\/page"}],"author":[{"embeddable":true,"href":"https:\/\/ledwords.eu\/es\/wp-json\/wp\/v2\/users\/1"}],"replies":[{"embeddable":true,"href":"https:\/\/ledwords.eu\/es\/wp-json\/wp\/v2\/comments?post=408"}],"version-history":[{"count":13,"href":"https:\/\/ledwords.eu\/es\/wp-json\/wp\/v2\/pages\/408\/revisions"}],"predecessor-version":[{"id":1045,"href":"https:\/\/ledwords.eu\/es\/wp-json\/wp\/v2\/pages\/408\/revisions\/1045"}],"wp:attachment":[{"href":"https:\/\/ledwords.eu\/es\/wp-json\/wp\/v2\/media?parent=408"}],"curies":[{"name":"wp","href":"https:\/\/api.w.org\/{rel}","templated":true}]}}