{"id":328,"date":"2022-09-06T14:39:43","date_gmt":"2022-09-06T12:39:43","guid":{"rendered":"https:\/\/ledwords.eu\/?page_id=328"},"modified":"2023-09-07T16:09:45","modified_gmt":"2023-09-07T14:09:45","slug":"regulamin","status":"publish","type":"page","link":"https:\/\/ledwords.eu\/es\/reglamentos\/","title":{"rendered":"Normativa"},"content":{"rendered":"<div data-elementor-type=\"wp-page\" data-elementor-id=\"328\" class=\"elementor elementor-328\" data-elementor-post-type=\"page\">\n\t\t\t\t\t\t<section class=\"elementor-section elementor-top-section elementor-element elementor-element-dcecaa4 elementor-section-boxed elementor-section-height-default elementor-section-height-default\" data-id=\"dcecaa4\" data-element_type=\"section\">\n\t\t\t\t\t\t<div class=\"elementor-container elementor-column-gap-default\">\n\t\t\t\t\t<div class=\"elementor-column elementor-col-100 elementor-top-column elementor-element elementor-element-89c4df8\" data-id=\"89c4df8\" data-element_type=\"column\">\n\t\t\t<div class=\"elementor-widget-wrap elementor-element-populated\">\n\t\t\t\t\t\t<div class=\"elementor-element elementor-element-e1104de elementor-widget elementor-widget-spacer\" data-id=\"e1104de\" data-element_type=\"widget\" data-widget_type=\"spacer.default\">\n\t\t\t\t<div class=\"elementor-widget-container\">\n\t\t\t\t\t\t\t<div class=\"elementor-spacer\">\n\t\t\t<div class=\"elementor-spacer-inner\"><\/div>\n\t\t<\/div>\n\t\t\t\t\t\t<\/div>\n\t\t\t\t<\/div>\n\t\t\t\t<div class=\"elementor-element elementor-element-3f3e065 elementor-widget elementor-widget-heading\" data-id=\"3f3e065\" data-element_type=\"widget\" data-widget_type=\"heading.default\">\n\t\t\t\t<div class=\"elementor-widget-container\">\n\t\t\t\t\t<h2 class=\"elementor-heading-title elementor-size-default\">REGLAMENTO<\/h2>\t\t\t\t<\/div>\n\t\t\t\t<\/div>\n\t\t\t\t<div class=\"elementor-element elementor-element-169ecac elementor-widget elementor-widget-spacer\" data-id=\"169ecac\" data-element_type=\"widget\" data-widget_type=\"spacer.default\">\n\t\t\t\t<div class=\"elementor-widget-container\">\n\t\t\t\t\t\t\t<div class=\"elementor-spacer\">\n\t\t\t<div class=\"elementor-spacer-inner\"><\/div>\n\t\t<\/div>\n\t\t\t\t\t\t<\/div>\n\t\t\t\t<\/div>\n\t\t\t\t\t<\/div>\n\t\t<\/div>\n\t\t\t\t\t<\/div>\n\t\t<\/section>\n\t\t\t\t<section class=\"elementor-section elementor-top-section elementor-element elementor-element-d7d07a4 elementor-section-boxed elementor-section-height-default elementor-section-height-default\" data-id=\"d7d07a4\" data-element_type=\"section\">\n\t\t\t\t\t\t<div class=\"elementor-container elementor-column-gap-default\">\n\t\t\t\t\t<div class=\"elementor-column elementor-col-100 elementor-top-column elementor-element elementor-element-2394e47\" data-id=\"2394e47\" data-element_type=\"column\">\n\t\t\t<div class=\"elementor-widget-wrap elementor-element-populated\">\n\t\t\t\t\t\t<div class=\"elementor-element elementor-element-1e1001a elementor-widget elementor-widget-text-editor\" data-id=\"1e1001a\" data-element_type=\"widget\" data-widget_type=\"text-editor.default\">\n\t\t\t\t<div class=\"elementor-widget-container\">\n\t\t\t\t\t\t\t\t\t<p><!-- Regulamin --><\/p>\n<h4>I DISPOSICIONES GENERALES<\/h4>\n<ol>\n<li>Los presentes t\u00e9rminos y condiciones se aplican a las normas de uso de la tienda online www.ledwords.eu, en lo sucesivo denominada la Tienda. La Tienda fue creada sobre la base de las leyes de EE.UU. y vende en EE.UU. y la Uni\u00f3n Europea.<\/li>\n<li>La tienda en l\u00ednea, que funciona en www.ledwords.eu, es propiedad de LEDWords LLC, con sede en Cheyenne.<\/li>\n<li>Los T\u00e9rminos y Condiciones definen los derechos y obligaciones de los Usuarios, as\u00ed como los derechos y obligaciones del Vendedor como entidad que gestiona y opera la Tienda.<\/li>\n<li>Las Condiciones Generales se aplican a todos los usuarios, incluidos los consumidores.<\/li>\n<li>Al registrarse, el usuario est\u00e1 obligado a familiarizarse con el contenido de los t\u00e9rminos y condiciones y puede realizar otras actividades despu\u00e9s de haber aceptado todas sus disposiciones.<\/li>\n<li>El Reglamento se pone a disposici\u00f3n del Cliente de forma gratuita a trav\u00e9s de la p\u00e1gina web www.ledwords.eu, en un formato que permite obtener, reproducir y grabar el Reglamento mediante un sistema teleinform\u00e1tico utilizado por el Cliente de la Tienda.<\/li>\n<li>Al registrar una Cuenta en la Tienda, el Cliente est\u00e1 obligado a familiarizarse con los T\u00e9rminos y Condiciones, y al aceptar y cumplir con las disposiciones de estos T\u00e9rminos y Condiciones, el Cliente puede realizar compras en las condiciones especificadas en los T\u00e9rminos y Condiciones.<br><br><\/li>\n<\/ol>\n<h4>II DEFINICIONES<\/h4>\n<ol>\n<li>Usuario - una persona f\u00edsica, un consumidor, una persona jur\u00eddica o una unidad organizativa sin personalidad jur\u00eddica que utiliza los servicios de la Tienda<\/li>\n<li>Consumidor - seg\u00fan el art\u00edculo 22 (1) del C\u00f3digo Civil - una persona f\u00edsica que realiza un negocio jur\u00eddico no relacionado directamente con su actividad econ\u00f3mica o profesional.<\/li>\n<li>Cliente minorista\/comprador: usuario que adquiere productos a precios minoristas (sin descuento).<\/li>\n<li>Cliente regular \/ Comprador - un usuario registrado, una persona con derecho a comprar productos con descuento.<\/li>\n<li>Administrador - la entidad que proporciona www.ledwords.eu en beneficio de los usuarios de la tienda.<\/li>\n<li>Cuenta de usuario - despu\u00e9s de registrarse e iniciar sesi\u00f3n, el usuario tiene la posibilidad de pedir los productos emitidos.<br><br><\/li>\n<\/ol>\n<h4>III CONDICIONES T\u00c9CNICAS DE USO<\/h4>\n<ol>\n<li>El objeto de la tienda es la venta al por menor y al por mayor de productos cosm\u00e9ticos y suplementos diet\u00e9ticos a trav\u00e9s de una tienda online.<\/li>\n<li>El cat\u00e1logo de productos constituye una invitaci\u00f3n a celebrar un contrato.<\/li>\n<li>Para utilizar los servicios de la tienda, es imprescindible que su navegador tenga activado JavaScript.<\/li>\n<li>Para utilizar la Tienda Online, es necesario que el Cliente tenga una cuenta de correo electr\u00f3nico (e-mail) activa.<\/li>\n<li>Al utilizar la Tienda, se instalan peque\u00f1as cookies en el sistema inform\u00e1tico del Cliente para el correcto funcionamiento de determinadas funciones de la Tienda, si el navegador que utiliza el Cliente lo permite.<\/li>\n<li>La tienda nunca solicita el env\u00edo de la contrase\u00f1a del cliente por correo electr\u00f3nico.<br><br><\/li>\n<\/ol>\n<h4>IV REGISTRO en ledwords.eu y T\u00c9RMINOS DE ENV\u00cdO Y EJECUCI\u00d3N DE PEDIDOS<\/h4>\n<ol>\n<li>La tienda vende productos a trav\u00e9s de Internet, en www.ledwords.eu. Los pedidos de los clientes se aceptan a trav\u00e9s del sitio web www.ledwords.eu.<\/li>\n<li>Puede realizar un pedido utilizando la funci\u00f3n de a\u00f1adir un producto a la cesta de la compra y, a continuaci\u00f3n, a trav\u00e9s del bot\u00f3n \"Pedir\".<\/li>\n<li>Para que el procedimiento de pedido se lleve a cabo correctamente, ser\u00e1 necesario crear una cuenta de usuario a trav\u00e9s de la cual tambi\u00e9n se pueda controlar el estado del pedido.<\/li>\n<li>Una condici\u00f3n b\u00e1sica para la tramitaci\u00f3n de las compras realizadas es que los datos de contacto est\u00e9n correctamente cumplimentados, as\u00ed como una direcci\u00f3n de correo electr\u00f3nico y un n\u00famero de tel\u00e9fono correctos y existentes en los que se pueda confirmar el pedido. Los pedidos que no puedan confirmarse en un plazo de 3 d\u00edas laborables no se tramitar\u00e1n.<\/li>\n<li>Tras introducir los datos de registro, el Cliente confirma que ha le\u00eddo y acepta las Condiciones Generales.<\/li>\n<li>El usuario realiza la siguiente declaraci\u00f3n marcando las casillas correspondientes o introduciendo sus datos en los campos correspondientes:\n<ol>\n<li>Consiento el tratamiento de mis datos personales por parte del administrador, facilitados en el formulario de inscripci\u00f3n y en los formularios de pedido, para la correcta ejecuci\u00f3n del contrato;<\/li>\n<li>Me un\u00ed voluntariamente para utilizar los servicios de la tienda;<\/li>\n<li>He le\u00eddo los T\u00e9rminos y Condiciones y acepto todas sus disposiciones;<\/li>\n<li>Los datos contenidos en el formulario son correctos;<\/li>\n<\/ol>\n<\/li>\n<li>La tienda no pone a disposici\u00f3n de terceros los datos personales facilitados durante el registro, salvo a petici\u00f3n de las autoridades estatales autorizadas para sus investigaciones.<\/li>\n<li>El Cliente es responsable de la seguridad y el buen uso de la Contrase\u00f1a, que deber\u00e1 mantener confidencial. Si existen circunstancias que indiquen la sospecha de que la Contrase\u00f1a del Cliente est\u00e1 en posesi\u00f3n de una persona no autorizada, el Cliente est\u00e1 obligado a notificar inmediatamente este hecho al Vendedor.<\/li>\n<li>Tras el registro, el cliente puede acceder a su cuenta de cliente en cualquier momento y realizar cambios en los datos que ha proporcionado.<\/li>\n<li>Al navegar por la Tienda y realizar un pedido por correo electr\u00f3nico, el registro no es obligatorio.<\/li>\n<li>Un usuario registrado tiene la opci\u00f3n de:\n<ol>\n<li>Pida el producto seleccionando la pesta\u00f1a A\u00f1adir a la cesta;<\/li>\n<li>Recomendar a un amigo;<\/li>\n<\/ol>\n<\/li>\n<li>Se proh\u00edbe la publicaci\u00f3n de comentarios:\n<ol>\n<li>Llevar contenido ilegal, publicar informaci\u00f3n abusiva o difamatoria, con amenazas o contenido obsceno o indecente; proporcionar informaci\u00f3n falsa o enga\u00f1osa;<\/li>\n<li>Vulnerar los derechos de terceros; distribuir spam;<\/li>\n<\/ol>\n<\/li>\n<li>El usuario no puede copiar, modificar o distribuir contenidos, im\u00e1genes o logotipos sin el consentimiento previo de la persona autorizada.<\/li>\n<li>El Cliente, tras completar el Pedido en el Sitio Web y determinar la forma de pago y el modo de entrega, env\u00eda el Pedido a la Tienda. Antes de enviar el Pedido, el Cliente debe conectarse a su Cuenta de Cliente. El precio de los Productos seleccionados y el coste de la entrega se indicar\u00e1n cada vez antes de la presentaci\u00f3n del Pedido.<\/li>\n<li>Una vez realizado el Pedido, el Cliente recibe un correo electr\u00f3nico confirmando la recepci\u00f3n del Pedido en la Tienda, confirmando todos los elementos pertinentes. Para verificar el Pedido realizado, el Cliente debe confirmar el Pedido seleccionando la referencia al Sitio Web de la Tienda que contiene el identificador \u00fanico codificado de su Pedido.<\/li>\n<li>Sobre la base de la confirmaci\u00f3n del Pedido recibida de acuerdo con el art\u00edculo 5(6), la Tienda comprobar\u00e1 la disponibilidad de los Productos.<\/li>\n<li>En caso de verificaci\u00f3n positiva de la disponibilidad de la Mercanc\u00eda, el Cliente recibe informaci\u00f3n sobre la aceptaci\u00f3n del Pedido para su ejecuci\u00f3n, constituyendo la aceptaci\u00f3n de la oferta. Al mismo tiempo, se concluye el contrato de venta de la Mercanc\u00eda.<\/li>\n<li>Si el Cliente elige la forma de pago \"transferencia\", el Pedido se cumplir\u00e1 una vez que la transferencia se acredite en la cuenta bancaria del Vendedor.<\/li>\n<li>Las confirmaciones y la informaci\u00f3n mencionadas anteriormente se env\u00edan a la direcci\u00f3n de correo electr\u00f3nico del cliente proporcionada durante el registro.<\/li>\n<li>Si una vez realizado el Pedido, resulta que los Bienes solicitados no est\u00e1n disponibles en su totalidad o en parte, el Cliente ser\u00e1 informado inmediatamente por correo electr\u00f3nico a la direcci\u00f3n de correo electr\u00f3nico proporcionada o por tel\u00e9fono, junto con el per\u00edodo de espera previsto para la disponibilidad de los Bienes. En tal situaci\u00f3n, el Cliente podr\u00e1 mantener el Pedido a pesar del mayor plazo de espera, cancelar el Pedido o limitar el Pedido a la parte de la Mercanc\u00eda que est\u00e9 disponible.<\/li>\n<li>El Cliente puede cancelar un Pedido realizado a la Tienda en cualquier momento, pero a m\u00e1s tardar en el momento en que los Productos sean enviados al Cliente.<br><br><\/li>\n<\/ol>\n<h4>V ENTREGA<\/h4>\n<ol>\n<li>Los productos se entregar\u00e1n a trav\u00e9s de empresas de transporte internacionales.<\/li>\n<li>El vendedor elige la empresa de transporte en funci\u00f3n del pa\u00eds de entrega.<br><br><\/li>\n<\/ol>\n<h4>VI FORMAS DE PAGO<\/h4>\n<ol>\n<li style=\"list-style-type: none;\">\n<ol>\n<li>El pago puede realizarse de la siguiente manera:\n<ol>\n<li>Pago r\u00e1pido a trav\u00e9s del sistema de pago externo PayPal<\/li>\n<li>Pago r\u00e1pido a trav\u00e9s del sistema de pago externo Stripe<\/li>\n<\/ol>\n<\/li>\n<li>Todos los precios est\u00e1n expresados en d\u00f3lares estadounidenses, son precios brutos e incluyen todos los impuestos.<\/li>\n<li>El precio indicado junto a cada Mercanc\u00eda es vinculante desde el momento en que el Cliente realiza el Pedido. El precio es vinculante tanto para el Cliente como para el Vendedor.<br><br><\/li>\n<\/ol>\n<\/li>\n<\/ol>\n<h4>VII DERECHO DE DESISTIMIENTO<\/h4>\n<ol>\n<li>En virtud de la Ley de Protecci\u00f3n de Determinados Derechos de los Consumidores y de la Responsabilidad por los Da\u00f1os Causados por un Producto Peligroso, de 2 de marzo de 2000 (Diario de Leyes n\u00ba 22, punto 271), el consumidor puede rescindir un contrato sin necesidad de justificar su decisi\u00f3n mediante una declaraci\u00f3n en el plazo de 14 d\u00edas a partir de la recepci\u00f3n de la mercanc\u00eda. El env\u00edo de la declaraci\u00f3n antes de su vencimiento es suficiente para cumplir el plazo mencionado.<\/li>\n<li>Todos los productos ofrecidos en la tienda se fabrican seg\u00fan el pedido individual del comprador y el derecho de desistimiento de un contrato a distancia celebrado dentro de la UE no es aplicable en tal caso.<\/li>\n<li>Es posible devolver un producto en base a la garant\u00eda, en caso de que el producto adquirido no sea conforme al contrato. La tienda tambi\u00e9n permite la devoluci\u00f3n del producto por otros motivos, previa consideraci\u00f3n individual.<br><br><\/li>\n<\/ol>\n<h4>VIII QUEJAS<\/h4>\n<ol>\n<li>Las reclamaciones basadas en la responsabilidad del vendedor por la falta de conformidad de los bienes con el contrato deben presentarse por escrito a trav\u00e9s del formulario de contacto en <span style=\"text-decoration: underline;\"><a href=\"https:\/\/ledwords.eu\/es\/contacte-con\/\">incluyendo<\/a><\/span> enlace.<\/li>\n<li>La reclamaci\u00f3n debe incluir una descripci\u00f3n detallada del tipo de incumplimiento, la fecha en que se produjo, el n\u00famero de orden y los datos de contacto para facilitar el procedimiento de reclamaci\u00f3n.<\/li>\n<li>La tienda tramitar\u00e1 las reclamaciones sin demora, en un plazo m\u00e1ximo de 14 d\u00edas a partir de la recepci\u00f3n de la reclamaci\u00f3n enviada por el Usuario.<\/li>\n<li>Las mercanc\u00edas devueltas deben ir acompa\u00f1adas de una descripci\u00f3n de la falta de conformidad de las mercanc\u00edas con el contrato, el n\u00famero de pedido, el n\u00famero de cuenta y los datos de contacto.<\/li>\n<li>En caso de reclamaci\u00f3n justificada, el Usuario podr\u00e1 solicitar la puesta en conformidad del producto con el contrato, sustituyendo el producto por uno nuevo, salvo que la sustituci\u00f3n no sea posible (por agotamiento de existencias) La tienda devolver\u00e1 al Cliente el equivalente al precio de compra.<\/li>\n<li>La tienda reembolsar\u00e1 los gastos de env\u00edo de la mercanc\u00eda reclamada inmediatamente despu\u00e9s de estudiar la reclamaci\u00f3n.<\/li>\n<li>La respuesta a la reclamaci\u00f3n se env\u00eda a la direcci\u00f3n de correo electr\u00f3nico, la direcci\u00f3n postal o el n\u00famero de fax facilitados por el usuario.<\/li>\n<li>Si se reconoce una queja, la tienda tomar\u00e1 inmediatamente medidas para aplicar el contenido de la queja.<br><br><\/li>\n<\/ol>\n<h4>IX DATOS PERSONALES Y POL\u00cdTICA DE PRIVACIDAD<\/h4>\n<ol>\n<li>El responsable del tratamiento de sus datos personales es LEDWords LLC, con sede en Cheyenne.<\/li>\n<li>Los datos se tratar\u00e1n con el fin de tramitar el pedido, enviar la mercanc\u00eda y gestionar las reclamaciones.<\/li>\n<li>El Administrador tendr\u00e1 derecho a revelar los datos personales \u00fanicamente a las entidades autorizadas por la legislaci\u00f3n pertinente, de conformidad con lo dispuesto en los T\u00e9rminos y Condiciones y las disposiciones legales aplicables.<\/li>\n<li>Los datos personales y la informaci\u00f3n contenida en el formulario de pedido ser\u00e1n utilizados por el Administrador para concluir, modificar, rescindir el contrato con el Usuario y garantizar la m\u00e1xima calidad de los servicios prestados; para ello, el Administrador tratar\u00e1 los siguientes datos: nombre y apellidos, calles, n\u00famero de casa, n\u00famero de local, c\u00f3digo postal, ciudad, n\u00famero de tel\u00e9fono (para facilitar la entrega), direcci\u00f3n de correo electr\u00f3nico.<\/li>\n<li>El usuario proporciona sus datos personales para el registro de forma voluntaria, ya que son necesarios para el registro y la compra en la tienda online.<\/li>\n<li>El administrador del servicio se compromete a aplicar medidas t\u00e9cnicas y organizativas para garantizar la protecci\u00f3n de los datos, en particular asegurando los datos contra el acceso no autorizado.<\/li>\n<li>Si el Administrador tiene alguna duda sobre la exactitud o la actualidad de los datos de registro proporcionados por el Usuario, est\u00e1 autorizado a tomar las siguientes medidas:\n<ol>\n<li>Solicitar al usuario que borre los datos falsos o que actualice los datos inmediatamente,<\/li>\n<li>el bloqueo inmediato del servicio hasta que se aclare el asunto.<\/li>\n<\/ol>\n<\/li>\n<li>Los datos se almacenar\u00e1n indefinidamente.<\/li>\n<li>Tiene derecho a acceder a sus datos personales, a oponerse, a eliminar o a restringir su tratamiento.<\/li>\n<li>Tiene derecho a oponerse al tratamiento posterior y, si ha dado su consentimiento al tratamiento, a retirarlo.<\/li>\n<li>El ejercicio del derecho a retirar el consentimiento no afecta al tratamiento que haya tenido lugar hasta el momento de la retirada del consentimiento.<\/li>\n<li>Tambi\u00e9n tiene derecho a la portabilidad de los datos.<\/li>\n<li>Tiene derecho a presentar una reclamaci\u00f3n ante la autoridad de control.<br><br><\/li>\n<\/ol>\n<h4>X COPYRIGHT<\/h4>\n<ol>\n<li>El Vendedor ser\u00e1 el titular exclusivo de los derechos de autor econ\u00f3micos y personales de todos los materiales, plantillas, formularios, logotipos y otros contenidos incluidos en el sitio web de la Tienda Online.<\/li>\n<li>El uso de los materiales del Sitio Web est\u00e1 permitido \u00fanicamente con el fin de cooperar con el Vendedor y s\u00f3lo para el uso propio del Cliente. Est\u00e1 prohibido copiar, transmitir y poner a disposici\u00f3n de terceros, a t\u00edtulo oneroso o gratuito, el contenido del Sitio Web.<\/li>\n<li>Con respecto a los datos y cualquier otro material puesto a disposici\u00f3n del Cliente o Usuario de Internet en el Sitio Web, no est\u00e1 permitido que el Cliente o Usuario de Internet los utilice con el fin de llevar a cabo actividades que compitan con el Vendedor.<br><br><\/li>\n<\/ol>\n<h4>XI DISPOSICIONES FINALES<\/h4>\n<ol>\n<li>Los cambios en las Condiciones de Uso entran en vigor tras su aceptaci\u00f3n por parte de los Usuarios actuales de la Tienda que son Consumidores (en cuyo beneficio se realizan los servicios). Dicho Usuario debe aceptar los cambios en las Condiciones Generales enviando una aceptaci\u00f3n en respuesta a la informaci\u00f3n sobre el cambio de las Condiciones Generales, junto con la aceptaci\u00f3n del nuevo texto de las Condiciones Generales. El Usuario tiene la posibilidad de rescindir el contrato, su terminaci\u00f3n inmediata en caso de no aceptaci\u00f3n del Reglamento modificado.<\/li>\n<li>Las modificaciones de las Condiciones Generales no afectar\u00e1n en modo alguno a los derechos adquiridos por los Usuarios que utilicen la tienda online www.ledwords.eu con anterioridad a la fecha de entrada en vigor de las modificaciones, en particular no afectar\u00e1n a los pedidos realizados y\/o tramitados. En tal caso, estos pedidos se cumplir\u00e1n seg\u00fan las normas anteriores.<\/li>\n<li>La aceptaci\u00f3n de los t\u00e9rminos y condiciones en su totalidad, incluidas las modificaciones, es una condici\u00f3n para seguir utilizando la Tienda.<\/li>\n<li>El administrador se reserva el derecho de inhabilitar temporalmente el funcionamiento de la tienda para mejorarla, a\u00f1adir servicios o realizar tareas de mantenimiento, sin previo aviso a los usuarios, pero esto no afectar\u00e1 al cumplimiento de los pedidos previamente realizados por el usuario.<\/li>\n<li>El usuario puede cancelar los servicios prestados electr\u00f3nicamente por la tienda (por ejemplo, la cuenta de usuario) en cualquier momento sin incurrir en costes adicionales y sin indicar los motivos.<\/li>\n<li>La rescisi\u00f3n del contrato puede hacerse enviando la declaraci\u00f3n correspondiente a trav\u00e9s del formulario de contacto, situado despu\u00e9s de la <span style=\"text-decoration: underline;\"><a href=\"https:\/\/ledwords.eu\/es\/contacte-con\/\">incluyendo<\/a><\/span> enlace.<\/li>\n<li>El contrato se rescatar\u00e1 en el plazo de 1 d\u00eda laborable a partir de la recepci\u00f3n de la notificaci\u00f3n por parte de la tienda.<\/li>\n<li>La tienda podr\u00e1 rescindir el contrato con un preaviso de 7 d\u00edas si el Usuario proporciona contenidos il\u00edcitos.<\/li>\n<li>La terminaci\u00f3n y rescisi\u00f3n del contrato no afectar\u00e1 en modo alguno a los derechos adquiridos de los Clientes que utilicen la Tienda.<\/li>\n<li>Para las cuestiones no reguladas por las presentes Condiciones Generales, se aplicar\u00e1n en particular las disposiciones del C\u00f3digo Civil estadounidense.<\/li>\n<li>El presente Reglamento entrar\u00e1 en vigor el 01.08.2021<\/li>\n<\/ol>\n<p><!-- Regulamin --><\/p>\t\t\t\t\t\t\t\t<\/div>\n\t\t\t\t<\/div>\n\t\t\t\t\t<\/div>\n\t\t<\/div>\n\t\t\t\t\t<\/div>\n\t\t<\/section>\n\t\t\t\t<\/div>","protected":false},"excerpt":{"rendered":"<p>REGLAMENTO Y DISPOSICIONES GENERALES El presente reglamento se refiere a las normas de uso de la tienda online www.ledwords.eu, en lo sucesivo denominada la Tienda. La Tienda ha sido creada sobre la base de la normativa legal vigente en EE.UU. y realiza ventas en EE.UU. y en la Uni\u00f3n Europea. El propietario de la tienda online, que opera en www.ledwords.eu es LEDWords LLC, con sede en Cheyenne. El Reglamento define los derechos y obligaciones...&nbsp;<a href=\"https:\/\/ledwords.eu\/es\/reglamentos\/\" rel=\"bookmark\">Leer m\u00e1s &quot;<span class=\"screen-reader-text\">Normativa<\/span><\/a><\/p>","protected":false},"author":1,"featured_media":0,"parent":0,"menu_order":0,"comment_status":"closed","ping_status":"closed","template":"page-templates\/template-pagebuilder-full-width.php","meta":{"neve_meta_sidebar":"","neve_meta_container":"","neve_meta_enable_content_width":"","neve_meta_content_width":0,"neve_meta_title_alignment":"","neve_meta_author_avatar":"","neve_post_elements_order":"","neve_meta_disable_header":"","neve_meta_disable_footer":"","neve_meta_disable_title":"","neve_meta_reading_time":"","footnotes":""},"class_list":["post-328","page","type-page","status-publish","hentry"],"_links":{"self":[{"href":"https:\/\/ledwords.eu\/es\/wp-json\/wp\/v2\/pages\/328","targetHints":{"allow":["GET"]}}],"collection":[{"href":"https:\/\/ledwords.eu\/es\/wp-json\/wp\/v2\/pages"}],"about":[{"href":"https:\/\/ledwords.eu\/es\/wp-json\/wp\/v2\/types\/page"}],"author":[{"embeddable":true,"href":"https:\/\/ledwords.eu\/es\/wp-json\/wp\/v2\/users\/1"}],"replies":[{"embeddable":true,"href":"https:\/\/ledwords.eu\/es\/wp-json\/wp\/v2\/comments?post=328"}],"version-history":[{"count":31,"href":"https:\/\/ledwords.eu\/es\/wp-json\/wp\/v2\/pages\/328\/revisions"}],"predecessor-version":[{"id":2054,"href":"https:\/\/ledwords.eu\/es\/wp-json\/wp\/v2\/pages\/328\/revisions\/2054"}],"wp:attachment":[{"href":"https:\/\/ledwords.eu\/es\/wp-json\/wp\/v2\/media?parent=328"}],"curies":[{"name":"wp","href":"https:\/\/api.w.org\/{rel}","templated":true}]}}