{"id":1006,"date":"2022-10-01T21:28:59","date_gmt":"2022-10-01T19:28:59","guid":{"rendered":"https:\/\/ledwords.eu\/?post_type=product&#038;p=1006"},"modified":"2025-01-01T16:53:23","modified_gmt":"2025-01-01T15:53:23","slug":"podswietlane-logo-3d-led-miller-chill-50-80-cm","status":"publish","type":"product","link":"https:\/\/ledwords.eu\/de\/produkt\/illuminated-logo-3d-led-miller-chill-50-80-cm\/","title":{"rendered":"Beleuchtetes 3D LED-Logo Miller Chill 50-80 CM Re..."},"content":{"rendered":"<p>Beleuchtetes 3D LED Miller Chill Logo<\/p>\n<p>Durchmesser 50-80 CM<\/p>\n<p>Leichte Werbung f\u00fcr Kneipen, Bars und Restaurants. Steigern Sie den Bierabsatz mit aufmerksamkeitsstarker Werbung!<\/p>\n<p>Lebendige und ges\u00e4ttigte Farben, gesch\u00fctzt durch eine Schutzimpr\u00e4gnierung. Hochwertige, gleichm\u00e4\u00dfig leuchtende LED-Beleuchtung. Gestell aus Aluminium, lackiert. Das Logo ist f\u00fcr den Au\u00dfeneinsatz geeignet (IP68).<\/p>\n<p>Inklusive Netzkabel mit europ\u00e4ischem Stecker. Eingebautes Universalnetzteil f\u00fcr 110-230V. F\u00fcr andere Steckdosen k\u00f6nnen Sie einen Adapter verwenden oder den Stecker austauschen. Bei Bestellungen aus den USA wird ein EU-USA-Steckeradapter hinzugef\u00fcgt. Sowohl die Au\u00dfen- als auch die Innenversion entsprechen der IP68-Norm, wobei die Au\u00dfenversion \u00fcber eine etwas wasserfestere interne Stromversorgung verf\u00fcgt.<\/p>\n<p>Einfache Montage auf Halterungen. Es gibt auch eine andere Art der Befestigung, z. B. mit einem Kabel, das von der Wand zum Produkt f\u00fchrt. Weitere Informationen \u00fcber Befestigungsmethoden finden Sie unter <a href=\"https:\/\/ledwords.eu\/de\/anleitung\/\">Anweisungen<\/a>.<\/p>\n<p>2 Jahre Garantie<\/p>","protected":false},"excerpt":{"rendered":"<p>Beleuchtetes 3D LED Miller Chill Logo 50-80 CM Durchmesser Lichtwerbung f\u00fcr Pubs, Bars und Restaurants. Steigern Sie den Bierabsatz mit auff\u00e4lliger Werbung! Kr\u00e4ftige und ges\u00e4ttigte Farben, gesch\u00fctzt durch eine Schutzimpr\u00e4gnierung. Hochwertige, gleichm\u00e4\u00dfig leuchtende LED-Beleuchtung. Aluminiumrahmen, lackiert. Das Logo ist widerstandsf\u00e4hig gegen Witterungseinfl\u00fcsse (IP68). Inklusive Stromkabel mit europ\u00e4ischem Stecker. Universal eingebaut...&nbsp;<a href=\"https:\/\/ledwords.eu\/de\/produkt\/illuminated-logo-3d-led-miller-chill-50-80-cm\/\" rel=\"bookmark\">Mehr lesen \"<span class=\"screen-reader-text\">Beleuchtetes 3D LED-Logo Miller Chill 50-80 CM Re...<\/span><\/a><\/p>","protected":false},"featured_media":1243,"template":"","meta":{"neve_meta_sidebar":"","neve_meta_container":"","neve_meta_enable_content_width":"off","neve_meta_content_width":100,"neve_meta_title_alignment":"","neve_meta_author_avatar":"","neve_post_elements_order":"","neve_meta_disable_header":"","neve_meta_disable_footer":"","neve_meta_disable_title":"","neve_meta_reading_time":"","neve_tabs_data":"","neve_override_tab_layout":""},"product_brand":[],"product_cat":[55],"product_tag":[32,35,33,36,54,30,31,40,29,34,37],"class_list":{"0":"post-1006","1":"product","2":"type-product","3":"status-publish","4":"has-post-thumbnail","6":"product_cat-marki-alkoholi","7":"product_tag-3d","8":"product_tag-backlit","9":"product_tag-bar","10":"product_tag-beer","11":"product_tag-chill","12":"product_tag-led","13":"product_tag-logo","14":"product_tag-miller","15":"product_tag-neon","16":"product_tag-pub","17":"product_tag-sign","19":"first","20":"instock","21":"shipping-taxable","22":"purchasable","23":"product-type-variable","24":"has-default-attributes"},"_links":{"self":[{"href":"https:\/\/ledwords.eu\/de\/wp-json\/wp\/v2\/product\/1006","targetHints":{"allow":["GET"]}}],"collection":[{"href":"https:\/\/ledwords.eu\/de\/wp-json\/wp\/v2\/product"}],"about":[{"href":"https:\/\/ledwords.eu\/de\/wp-json\/wp\/v2\/types\/product"}],"wp:featuredmedia":[{"embeddable":true,"href":"https:\/\/ledwords.eu\/de\/wp-json\/wp\/v2\/media\/1243"}],"wp:attachment":[{"href":"https:\/\/ledwords.eu\/de\/wp-json\/wp\/v2\/media?parent=1006"}],"wp:term":[{"taxonomy":"product_brand","embeddable":true,"href":"https:\/\/ledwords.eu\/de\/wp-json\/wp\/v2\/product_brand?post=1006"},{"taxonomy":"product_cat","embeddable":true,"href":"https:\/\/ledwords.eu\/de\/wp-json\/wp\/v2\/product_cat?post=1006"},{"taxonomy":"product_tag","embeddable":true,"href":"https:\/\/ledwords.eu\/de\/wp-json\/wp\/v2\/product_tag?post=1006"}],"curies":[{"name":"wp","href":"https:\/\/api.w.org\/{rel}","templated":true}]}}