{"id":408,"date":"2022-09-07T14:31:51","date_gmt":"2022-09-07T12:31:51","guid":{"rendered":"https:\/\/ledwords.eu\/?page_id=408"},"modified":"2022-10-05T12:15:06","modified_gmt":"2022-10-05T10:15:06","slug":"gwarancja","status":"publish","type":"page","link":"https:\/\/ledwords.eu\/de\/garantie\/","title":{"rendered":"B\u00fcrgschaft"},"content":{"rendered":"<div data-elementor-type=\"wp-page\" data-elementor-id=\"408\" class=\"elementor elementor-408\" data-elementor-post-type=\"page\">\n\t\t\t\t\t\t<section class=\"elementor-section elementor-top-section elementor-element elementor-element-3a9270b elementor-section-boxed elementor-section-height-default elementor-section-height-default\" data-id=\"3a9270b\" data-element_type=\"section\">\n\t\t\t\t\t\t<div class=\"elementor-container elementor-column-gap-default\">\n\t\t\t\t\t<div class=\"elementor-column elementor-col-100 elementor-top-column elementor-element elementor-element-0065f86\" data-id=\"0065f86\" data-element_type=\"column\">\n\t\t\t<div class=\"elementor-widget-wrap elementor-element-populated\">\n\t\t\t\t\t\t<div class=\"elementor-element elementor-element-215fbba elementor-widget elementor-widget-spacer\" data-id=\"215fbba\" data-element_type=\"widget\" data-widget_type=\"spacer.default\">\n\t\t\t\t<div class=\"elementor-widget-container\">\n\t\t\t\t\t\t\t<div class=\"elementor-spacer\">\n\t\t\t<div class=\"elementor-spacer-inner\"><\/div>\n\t\t<\/div>\n\t\t\t\t\t\t<\/div>\n\t\t\t\t<\/div>\n\t\t\t\t<div class=\"elementor-element elementor-element-c561778 elementor-widget elementor-widget-text-editor\" data-id=\"c561778\" data-element_type=\"widget\" data-widget_type=\"text-editor.default\">\n\t\t\t\t<div class=\"elementor-widget-container\">\n\t\t\t\t\t\t\t\t\t<h3 style=\"text-align:center;\">GARANTIEBEDINGUNGEN<\/h3>\n<ol>\n<li>Die Garantiezeit f\u00fcr das Produkt betr\u00e4gt 24 Monate ab dem Datum des Erhalts. Bezieht sich auf die professionelle Qualit\u00e4t und den korrekten Betrieb des Produkts.<\/li>\n<li>Wurde ein zus\u00e4tzlicher Montageservice bestellt, verpflichtet sich der Auftragnehmer im Falle einer M\u00e4ngelr\u00fcge, den Mangel innerhalb von maximal 14 Tagen ab Meldung zu beheben. Wird der Mangel nicht innerhalb der Frist behoben, werden die Kosten f\u00fcr die Reparatur von einem anderen Unternehmen \u00fcbernommen, das der Kunde mit der Reparatur beauftragen kann.<\/li>\n<li>Die Garantie erstreckt sich nicht auf Kratzer und Oberfl\u00e4chensch\u00e4den, die durch den t\u00e4glichen Gebrauch verursacht werden.<\/li>\n<li>Die Garantie deckt nur physische M\u00e4ngel ab, die auf Ursachen zur\u00fcckzuf\u00fchren sind, die mit dem verkauften Produkt zusammenh\u00e4ngen. Die Garantie erstreckt sich nicht auf M\u00e4ngel, die auf andere Ursachen zur\u00fcckzuf\u00fchren sind, wie z.B.:<br><br>\t- Sch\u00e4den, die durch zuf\u00e4llige Ereignisse (h\u00f6here Gewalt) wie Br\u00e4nde, \u00dcberschwemmungen, St\u00fcrme, Blitzschlag usw. verursacht werden.<br>    - Fehlfunktion der elektrischen Anlage oder des Ger\u00e4ts, die den Betrieb des Produkts beeintr\u00e4chtigt.<\/li>\n<p><br><br><\/p>\n<li>Bei der Wartung des Produkts vor Ort ist der Kunde verpflichtet, freien Zugang zum Produkt zu gew\u00e4hren und dem Servicetechniker zu erm\u00f6glichen, ein sicheres Reparaturverfahren in \u00dcbereinstimmung mit allen Gesundheits- und Sicherheitsvorschriften durchzuf\u00fchren, sowie angemessene technische Einrichtungen wie Zugang zu Stromquellen, Sicherheitsschaltern usw. bereitzustellen. Andernfalls hat der Servicetechniker das Recht, die Serviceleistung zu verweigern.<\/li>\n<\/ol>\n<p><br><\/p>\n<h3 style=\"text-align:center;\">GARANTIE F\u00dcR KLEINE PRODUKTE<\/h3>\n<ol>\n<li>Kleine Produkte m\u00fcssen (nach vorheriger Absprache mit dem Hersteller) an die Adresse des Unternehmens zur\u00fcckgeschickt werden, wobei das Produkt sorgf\u00e4ltig zu verpacken ist (stabiler Karton, Kartonecken, Luftpolsterfolie).<\/li>\n<li>Der Kunde tr\u00e4gt die Kosten und die Verantwortung f\u00fcr die zuverl\u00e4ssige Anlieferung des Produkts beim Hersteller.<\/li>\n<li>Der Hersteller haftet nicht f\u00fcr eine Besch\u00e4digung oder Zerst\u00f6rung des Produkts w\u00e4hrend des Transports, die auf eine unzureichende Verpackung und einen unzureichenden Schutz des Produkts durch den Kunden zur\u00fcckzuf\u00fchren ist.<\/li>\n<li>Der Hersteller tr\u00e4gt die Kosten und die Verantwortung f\u00fcr den sicheren Transport des reparierten Produkts zum Kunden.<\/li>\n<li>Ein Produkt, das ohne Wissen und Zustimmung des Herstellers an dessen Adresse zur\u00fcckgeschickt wird, wird nicht akzeptiert.<\/li>\n<li>Das Garantieverfahren gilt nur f\u00fcr Produkte, die vollst\u00e4ndig, funktionsf\u00e4hig, frei von M\u00e4ngeln und mechanischen Besch\u00e4digungen durch \u00e4u\u00dfere Einfl\u00fcsse sind.<\/li>\n<\/ol>\n<p><br><\/p>\n<h3 style=\"text-align:center;\">VERLUST DER GARANTIE<\/h3>\n<ol>\n<li>Die Produktgarantie gilt nicht im Falle von:<br><br>- Selbstintervention durch den Nutzer (individuelle \u00c4nderungen, Modifikationen usw.).<br>- Anschluss des Produkts durch nicht qualifizierte Personen.<br>- Missbr\u00e4uchliche Verwendung des Produkts.<br>- Versuche von Unbefugten, das Produkt zu reparieren.<br>- Das Auftreten eines Zahlungsr\u00fcckstandes f\u00fcr ein Produkt von mehr als 21 Tagen ab dem Eingangsdatum.<br>eine Rechnung mit einer vom Hersteller festgelegten Standardzahlungsfrist von 7 Tagen.<\/li>\n<p><br><br><\/p>\n<li>Ein Produkt, an dem ein Defekt festgestellt wurde, sollte sofort abgeschaltet werden.<br>unter Androhung des Verlustes der Garantie zu verwenden.<\/li>\n<\/ol>\t\t\t\t\t\t\t\t<\/div>\n\t\t\t\t<\/div>\n\t\t\t\t\t<\/div>\n\t\t<\/div>\n\t\t\t\t\t<\/div>\n\t\t<\/section>\n\t\t\t\t<section class=\"elementor-section elementor-top-section elementor-element elementor-element-62b111c elementor-section-boxed elementor-section-height-default elementor-section-height-default\" data-id=\"62b111c\" data-element_type=\"section\">\n\t\t\t\t\t\t<div class=\"elementor-container elementor-column-gap-default\">\n\t\t\t\t\t<div class=\"elementor-column elementor-col-100 elementor-top-column elementor-element elementor-element-cbb87de\" data-id=\"cbb87de\" data-element_type=\"column\">\n\t\t\t<div class=\"elementor-widget-wrap elementor-element-populated\">\n\t\t\t\t\t\t<div class=\"elementor-element elementor-element-9cdb8c2 elementor-widget elementor-widget-spacer\" data-id=\"9cdb8c2\" data-element_type=\"widget\" data-widget_type=\"spacer.default\">\n\t\t\t\t<div class=\"elementor-widget-container\">\n\t\t\t\t\t\t\t<div class=\"elementor-spacer\">\n\t\t\t<div class=\"elementor-spacer-inner\"><\/div>\n\t\t<\/div>\n\t\t\t\t\t\t<\/div>\n\t\t\t\t<\/div>\n\t\t\t\t\t<\/div>\n\t\t<\/div>\n\t\t\t\t\t<\/div>\n\t\t<\/section>\n\t\t\t\t<\/div>","protected":false},"excerpt":{"rendered":"<p>GARANTIEBEDINGUNGEN Die Garantiezeit f\u00fcr das Produkt betr\u00e4gt 24 Monate ab dem Datum des Erhalts. Sie gilt f\u00fcr die fachgerechte Qualit\u00e4t und das einwandfreie Funktionieren des Produktes. Wenn ein zus\u00e4tzlicher Installationsservice bestellt wurde, verpflichtet sich der Auftragnehmer im Falle einer M\u00e4ngelr\u00fcge, den Mangel innerhalb von maximal 14 Tagen nach der Meldung zu beheben. Wird der Mangel nicht innerhalb dieser Frist behoben, hat dies zur Folge, dass...&nbsp;<a href=\"https:\/\/ledwords.eu\/de\/garantie\/\" rel=\"bookmark\">Mehr lesen \"<span class=\"screen-reader-text\">B\u00fcrgschaft<\/span><\/a><\/p>","protected":false},"author":1,"featured_media":0,"parent":0,"menu_order":0,"comment_status":"closed","ping_status":"closed","template":"page-templates\/template-pagebuilder-full-width.php","meta":{"neve_meta_sidebar":"","neve_meta_container":"","neve_meta_enable_content_width":"","neve_meta_content_width":0,"neve_meta_title_alignment":"","neve_meta_author_avatar":"","neve_post_elements_order":"","neve_meta_disable_header":"","neve_meta_disable_footer":"","neve_meta_disable_title":"","neve_meta_reading_time":"","footnotes":""},"class_list":["post-408","page","type-page","status-publish","hentry"],"_links":{"self":[{"href":"https:\/\/ledwords.eu\/de\/wp-json\/wp\/v2\/pages\/408","targetHints":{"allow":["GET"]}}],"collection":[{"href":"https:\/\/ledwords.eu\/de\/wp-json\/wp\/v2\/pages"}],"about":[{"href":"https:\/\/ledwords.eu\/de\/wp-json\/wp\/v2\/types\/page"}],"author":[{"embeddable":true,"href":"https:\/\/ledwords.eu\/de\/wp-json\/wp\/v2\/users\/1"}],"replies":[{"embeddable":true,"href":"https:\/\/ledwords.eu\/de\/wp-json\/wp\/v2\/comments?post=408"}],"version-history":[{"count":13,"href":"https:\/\/ledwords.eu\/de\/wp-json\/wp\/v2\/pages\/408\/revisions"}],"predecessor-version":[{"id":1045,"href":"https:\/\/ledwords.eu\/de\/wp-json\/wp\/v2\/pages\/408\/revisions\/1045"}],"wp:attachment":[{"href":"https:\/\/ledwords.eu\/de\/wp-json\/wp\/v2\/media?parent=408"}],"curies":[{"name":"wp","href":"https:\/\/api.w.org\/{rel}","templated":true}]}}