{"id":11,"date":"2022-09-06T15:49:25","date_gmt":"2022-09-06T13:49:25","guid":{"rendered":"https:\/\/ledwords.eu\/?page_id=11"},"modified":"2023-04-19T20:45:42","modified_gmt":"2023-04-19T18:45:42","slug":"zwroty","status":"publish","type":"page","link":"https:\/\/ledwords.eu\/de\/gibt-zuruck\/","title":{"rendered":"R\u00fcckgabepolitik"},"content":{"rendered":"<div data-elementor-type=\"wp-page\" data-elementor-id=\"11\" class=\"elementor elementor-11\" data-elementor-post-type=\"page\">\n\t\t\t\t\t\t<section class=\"elementor-section elementor-top-section elementor-element elementor-element-4de652d elementor-section-boxed elementor-section-height-default elementor-section-height-default\" data-id=\"4de652d\" data-element_type=\"section\">\n\t\t\t\t\t\t<div class=\"elementor-container elementor-column-gap-default\">\n\t\t\t\t\t<div class=\"elementor-column elementor-col-100 elementor-top-column elementor-element elementor-element-2f0d0fe\" data-id=\"2f0d0fe\" data-element_type=\"column\">\n\t\t\t<div class=\"elementor-widget-wrap elementor-element-populated\">\n\t\t\t\t\t\t<div class=\"elementor-element elementor-element-f40e48a elementor-widget elementor-widget-spacer\" data-id=\"f40e48a\" data-element_type=\"widget\" data-widget_type=\"spacer.default\">\n\t\t\t\t<div class=\"elementor-widget-container\">\n\t\t\t\t\t\t\t<div class=\"elementor-spacer\">\n\t\t\t<div class=\"elementor-spacer-inner\"><\/div>\n\t\t<\/div>\n\t\t\t\t\t\t<\/div>\n\t\t\t\t<\/div>\n\t\t\t\t<div class=\"elementor-element elementor-element-4b19f7a elementor-widget elementor-widget-heading\" data-id=\"4b19f7a\" data-element_type=\"widget\" data-widget_type=\"heading.default\">\n\t\t\t\t<div class=\"elementor-widget-container\">\n\t\t\t\t\t<h2 class=\"elementor-heading-title elementor-size-default\">WARENR\u00dcCKSENDUNGEN<\/h2>\t\t\t\t<\/div>\n\t\t\t\t<\/div>\n\t\t\t\t<div class=\"elementor-element elementor-element-12aa9ba elementor-widget elementor-widget-spacer\" data-id=\"12aa9ba\" data-element_type=\"widget\" data-widget_type=\"spacer.default\">\n\t\t\t\t<div class=\"elementor-widget-container\">\n\t\t\t\t\t\t\t<div class=\"elementor-spacer\">\n\t\t\t<div class=\"elementor-spacer-inner\"><\/div>\n\t\t<\/div>\n\t\t\t\t\t\t<\/div>\n\t\t\t\t<\/div>\n\t\t\t\t\t<\/div>\n\t\t<\/div>\n\t\t\t\t\t<\/div>\n\t\t<\/section>\n\t\t\t\t<section class=\"elementor-section elementor-top-section elementor-element elementor-element-16197731 elementor-section-boxed elementor-section-height-default elementor-section-height-default\" data-id=\"16197731\" data-element_type=\"section\">\n\t\t\t\t\t\t<div class=\"elementor-container elementor-column-gap-default\">\n\t\t\t\t\t<div class=\"elementor-column elementor-col-100 elementor-top-column elementor-element elementor-element-3764d631\" data-id=\"3764d631\" data-element_type=\"column\">\n\t\t\t<div class=\"elementor-widget-wrap elementor-element-populated\">\n\t\t\t\t\t\t<div class=\"elementor-element elementor-element-6044845d elementor-widget elementor-widget-text-editor\" data-id=\"6044845d\" data-element_type=\"widget\" data-widget_type=\"text-editor.default\">\n\t\t\t\t<div class=\"elementor-widget-container\">\n\t\t\t\t\t\t\t\t\t<p>Die in unserem Shop angebotenen Produkte werden nach einer individuellen Bestellung des K\u00e4ufers erstellt, wobei das R\u00fcckgaberecht innerhalb von 14 Tagen innerhalb der EU eingeschr\u00e4nkt ist. Wenn Sie ein Verbraucher sind und ein Produkt zur\u00fcckgeben m\u00f6chten, kontaktieren Sie uns bitte, wir betrachten jeden Fall individuell.&nbsp;<span style=\"background-color: var(--darkreader-bg--nv-site-bg); color: var(--darkreader-text--nv-text-color); font-family: var(--bodyfontfamily),var(--nv-fallback-ff); font-size: var(--bodyfontsize); font-weight: var(--bodyfontweight); letter-spacing: var(--bodyletterspacing); text-transform: var(--bodytexttransform); --darkreader-inline-bgcolor:var(--darkreader-bg--darkreader-bg--nv-site-bg); --darkreader-inline-color:var(--darkreader-text--darkreader-text--nv-text-color);\" data-darkreader-inline-bgcolor=\"\" data-darkreader-inline-color=\"\">Um f\u00fcr eine R\u00fcckgabe in Frage zu kommen, muss der Artikel unbenutzt sein und sich im selben Zustand befinden, in dem Sie ihn erhalten haben. Er muss au\u00dferdem in der Originalverpackung sein, damit er beim Transport nicht besch\u00e4digt wird.<\/span><\/p>\n<p><strong>ERSTATTUNGSVERFAHREN<\/strong><\/p>\n<p>Benachrichtigen Sie uns zuerst per E-Mail \u00fcber <a href=\"https:\/\/ledwords.eu\/de\/kontakt\/\">Kontakt-Formular<\/a> \u00fcber die R\u00fcckgabe. Die Ware muss an die Adresse zur\u00fcckgeschickt werden, die Sie nach Annahme der R\u00fccksendung erhalten.&nbsp;<span style=\"background-color: var(--darkreader-bg--nv-site-bg); color: var(--darkreader-text--nv-text-color); font-family: var(--bodyfontfamily),var(--nv-fallback-ff); font-size: var(--bodyfontsize); font-weight: var(--bodyfontweight); letter-spacing: var(--bodyletterspacing); text-transform: var(--bodytexttransform); --darkreader-inline-bgcolor:var(--darkreader-bg--darkreader-bg--nv-site-bg); --darkreader-inline-color:var(--darkreader-text--darkreader-text--nv-text-color);\" data-darkreader-inline-bgcolor=\"\" data-darkreader-inline-color=\"\">Sobald wir die R\u00fccksendung erhalten und gepr\u00fcft haben, senden wir Ihnen eine E-Mail, in der wir Sie dar\u00fcber informieren, dass wir den zur\u00fcckgesandten Artikel erhalten haben. Wir werden Sie auch benachrichtigen, wenn die R\u00fccksendung genehmigt oder abgelehnt wurde.&nbsp;<\/span><span style=\"background-color: var(--darkreader-bg--nv-site-bg); color: var(--darkreader-text--nv-text-color); font-family: var(--bodyfontfamily),var(--nv-fallback-ff); font-size: var(--bodyfontsize); font-weight: var(--bodyfontweight); letter-spacing: var(--bodyletterspacing); text-transform: var(--bodytexttransform); --darkreader-inline-bgcolor:var(--darkreader-bg--darkreader-bg--nv-site-bg); --darkreader-inline-color:var(--darkreader-text--darkreader-text--nv-text-color);\" data-darkreader-inline-bgcolor=\"\" data-darkreader-inline-color=\"\">Wenn die Erstattung genehmigt wird, wird der Betrag auf die Zahlungskarte oder die urspr\u00fcngliche Zahlungsmethode zur\u00fcck\u00fcberwiesen.<\/span><\/p>\n<p><span style=\"background-color: var(--darkreader-bg--nv-site-bg); color: var(--darkreader-text--nv-text-color); font-family: var(--bodyfontfamily),var(--nv-fallback-ff); font-size: var(--bodyfontsize); font-weight: var(--bodyfontweight); letter-spacing: var(--bodyletterspacing); text-transform: var(--bodytexttransform); --darkreader-inline-bgcolor:var(--darkreader-bg--darkreader-bg--nv-site-bg); --darkreader-inline-color:var(--darkreader-text--darkreader-text--nv-text-color);\" data-darkreader-inline-bgcolor=\"\" data-darkreader-inline-color=\"\">Wenn Sie noch keine Erstattung erhalten haben, \u00fcberpr\u00fcfen Sie zun\u00e4chst Ihr Bankkonto. Wenden Sie sich dann an den Aussteller Ihrer Zahlungskarte, wenn die Zahlung per Karte erfolgt ist. Es dauert oft einige Zeit, bis die Erstattung verbucht wird.<\/span><\/p>\n<p>Wenn Sie nach diesen Schritten immer noch keine Erstattung erhalten haben, <a href=\"https:\/\/ledwords.eu\/de\/kontakt\/\">Kontaktieren Sie uns<\/a>.<\/p>\n<p><strong>AUSTAUSCHEN<\/strong><\/p>\n<p>Wir tauschen nur Artikel um, die fehlerhaft oder besch\u00e4digt sind. Wenn Sie ihn gegen den gleichen Artikel umtauschen m\u00f6chten, benachrichtigen Sie uns bitte per E-Mail unter Verwendung des <a href=\"https:\/\/ledwords.eu\/de\/kontakt\/\">Kontakt-Formular<\/a> und senden Sie den Artikel an die Adresse, die Sie von uns erhalten, sobald der Umtausch genehmigt wurde.<\/p>\n<p><span style=\"background-color: var(--darkreader-bg--nv-site-bg); color: var(--darkreader-text--nv-text-color); font-family: var(--bodyfontfamily),var(--nv-fallback-ff); font-size: var(--bodyfontsize); font-weight: var(--bodyfontweight); letter-spacing: var(--bodyletterspacing); text-transform: var(--bodytexttransform); --darkreader-inline-bgcolor:var(--darkreader-bg--darkreader-bg--nv-site-bg); --darkreader-inline-color:var(--darkreader-text--darkreader-text--nv-text-color);\" data-darkreader-inline-bgcolor=\"\" data-darkreader-inline-color=\"\">Sie sind f\u00fcr die Zahlung der Versandkosten f\u00fcr die R\u00fccksendung des Artikels verantwortlich. Die Versandkosten sind nicht erstattungsf\u00e4hig. Wenn Sie teurere Artikel zur\u00fccksenden, sollten Sie den Abschluss einer Versandversicherung in Betracht ziehen. Wir garantieren nicht, dass Sie Ihre zur\u00fcckgesendeten Artikel erhalten. Sollte Ihr Paket jedoch verloren gehen oder besch\u00e4digt werden, haben Sie die M\u00f6glichkeit, eine Beschwerde beim Kurierdienst einzureichen.<\/span><br><\/p>\n<p><span style=\"text-decoration: underline;\"><strong>Wir akzeptieren keine Pakete, die per Nachnahme verschickt werden.<\/strong><\/span><\/p>\n<p>Kontaktieren Sie uns unter <a href=\"https:\/\/ledwords.eu\/de\/kontakt\/\">Kontakt-Formular<\/a>wenn Sie Fragen zu R\u00fccksendungen und Erstattungen haben.<\/p>\t\t\t\t\t\t\t\t<\/div>\n\t\t\t\t<\/div>\n\t\t\t\t\t<\/div>\n\t\t<\/div>\n\t\t\t\t\t<\/div>\n\t\t<\/section>\n\t\t\t\t<\/div>","protected":false},"excerpt":{"rendered":"<p>R\u00dcCKGABE VON WAREN Die in unserem Shop angebotenen Produkte werden nach einer individuellen Bestellung durch den K\u00e4ufer erstellt, wobei das R\u00fcckgaberecht innerhalb von 14 Tagen innerhalb der EU begrenzt ist. Wenn Sie ein Verbraucher sind und ein Produkt zur\u00fcckgeben m\u00f6chten, kontaktieren Sie uns bitte, wir betrachten jeden Fall individuell. Um f\u00fcr die R\u00fcckgabe in Frage zu kommen, muss der Artikel unbenutzt und in der gleichen...&nbsp;<a href=\"https:\/\/ledwords.eu\/de\/gibt-zuruck\/\" rel=\"bookmark\">Mehr lesen \"<span class=\"screen-reader-text\">R\u00fcckgabepolitik<\/span><\/a><\/p>","protected":false},"author":1,"featured_media":0,"parent":0,"menu_order":0,"comment_status":"closed","ping_status":"closed","template":"","meta":{"neve_meta_sidebar":"","neve_meta_container":"","neve_meta_enable_content_width":"","neve_meta_content_width":0,"neve_meta_title_alignment":"","neve_meta_author_avatar":"","neve_post_elements_order":"","neve_meta_disable_header":"","neve_meta_disable_footer":"","neve_meta_disable_title":"on","neve_meta_reading_time":"","footnotes":""},"class_list":["post-11","page","type-page","status-publish","hentry"],"_links":{"self":[{"href":"https:\/\/ledwords.eu\/de\/wp-json\/wp\/v2\/pages\/11","targetHints":{"allow":["GET"]}}],"collection":[{"href":"https:\/\/ledwords.eu\/de\/wp-json\/wp\/v2\/pages"}],"about":[{"href":"https:\/\/ledwords.eu\/de\/wp-json\/wp\/v2\/types\/page"}],"author":[{"embeddable":true,"href":"https:\/\/ledwords.eu\/de\/wp-json\/wp\/v2\/users\/1"}],"replies":[{"embeddable":true,"href":"https:\/\/ledwords.eu\/de\/wp-json\/wp\/v2\/comments?post=11"}],"version-history":[{"count":13,"href":"https:\/\/ledwords.eu\/de\/wp-json\/wp\/v2\/pages\/11\/revisions"}],"predecessor-version":[{"id":1688,"href":"https:\/\/ledwords.eu\/de\/wp-json\/wp\/v2\/pages\/11\/revisions\/1688"}],"wp:attachment":[{"href":"https:\/\/ledwords.eu\/de\/wp-json\/wp\/v2\/media?parent=11"}],"curies":[{"name":"wp","href":"https:\/\/api.w.org\/{rel}","templated":true}]}}