{"id":1658,"date":"2023-04-12T18:46:36","date_gmt":"2023-04-12T16:46:36","guid":{"rendered":"https:\/\/ledwords.eu\/?post_type=product&#038;p=1658"},"modified":"2025-01-01T16:52:35","modified_gmt":"2025-01-01T15:52:35","slug":"duze-logo-led-3d-superman-logo-sign-neon-60-x-38-cm","status":"publish","type":"product","link":"https:\/\/ledwords.eu\/cs\/produkt\/velky-led-logo-3d-superman-logo-znameni-neon-60-x-38-cm\/","title":{"rendered":"Velk\u00fd 3D LED Superman Logo Sign Neon 60 x 38..."},"content":{"rendered":"<p>LED osv\u011btlen\u00e9 3D neonov\u00e9 logo Superman 60 x 38 CM<\/p>\n<p>V\u00fd\u0161ka: 38 CM<br \/>\n\u0160\u00ed\u0159ka: 60 CM<br \/>\nTlou\u0161\u0165ka: 6 CM<\/p>\n<p>\u017div\u00e9 a syt\u00e9 barvy, chr\u00e1n\u011bn\u00e9 ochrannou impregnac\u00ed. Vysoce kvalitn\u00ed, rovnom\u011brn\u011b sv\u00edt\u00edc\u00ed osv\u011btlen\u00ed LED. Hlin\u00edkov\u00fd r\u00e1m, lakovan\u00fd. Logo je odoln\u00e9 v\u016f\u010di venkovn\u00edm podm\u00ednk\u00e1m (IP68).<\/p>\n<p>Nap\u00e1jec\u00ed kabel s evropskou z\u00e1str\u010dkou je sou\u010d\u00e1st\u00ed dod\u00e1vky. Univerz\u00e1ln\u00ed vestav\u011bn\u00fd zdroj nap\u00e1jen\u00ed 110-230 V. Pro jin\u00e9 z\u00e1suvky m\u016f\u017eete pou\u017e\u00edt adapt\u00e9r nebo vym\u011bnit z\u00e1str\u010dku. P\u0159i objedn\u00e1vce z USA je p\u0159id\u00e1n adapt\u00e9r z\u00e1str\u010dky EUUSA. Venkovn\u00ed i vnit\u0159n\u00ed verze spl\u0148uj\u00ed normu IP68, venkovn\u00ed verze m\u00e1 m\u00edrn\u011b vodot\u011bsn\u011bj\u0161\u00ed vnit\u0159n\u00ed nap\u00e1jen\u00ed.<\/p>\n<p>Snadn\u00e1 mont\u00e1\u017e na dr\u017e\u00e1ky. Existuje tak\u00e9 jin\u00fd zp\u016fsob mont\u00e1\u017ee, nap\u0159\u00edklad pomoc\u00ed kabelu vedouc\u00edho ze zdi k v\u00fdrobku. Dal\u0161\u00ed informace o zp\u016fsobech mont\u00e1\u017ee naleznete v \u010d\u00e1sti <a href=\"https:\/\/ledwords.eu\/cs\/instrukce\/\">pokyny<\/a>.<\/p>\n<p>Z\u00e1ruka 2 roky<\/p>","protected":false},"excerpt":{"rendered":"<p>LED osv\u011btlen\u00e9 3D neonov\u00e9 logo Superman 60 x 38 CM V\u00fd\u0161ka: 38 CM \u0160\u00ed\u0159ka: 60 CM Tlou\u0161\u0165ka: 6 CM \u017div\u00e9 a syt\u00e9 barvy, chr\u00e1n\u011bn\u00e9 ochrannou impregnac\u00ed. Vysoce kvalitn\u00ed, rovnom\u011brn\u011b sv\u00edt\u00edc\u00ed LED osv\u011btlen\u00ed. Hlin\u00edkov\u00fd r\u00e1m, lakovan\u00fd. Logo je odoln\u00e9 v\u016f\u010di venkovn\u00edm podm\u00ednk\u00e1m (IP68). Nap\u00e1jec\u00ed kabel s evropskou z\u00e1str\u010dkou je sou\u010d\u00e1st\u00ed dod\u00e1vky. Univerz\u00e1ln\u00ed vestav\u011bn\u00fd nap\u00e1jec\u00ed zdroj pro...&nbsp;<a href=\"https:\/\/ledwords.eu\/cs\/produkt\/velky-led-logo-3d-superman-logo-znameni-neon-60-x-38-cm\/\" rel=\"bookmark\">\u010c\u00edst d\u00e1le \"<span class=\"screen-reader-text\">Velk\u00fd 3D LED Superman Logo Sign Neon 60 x 38...<\/span><\/a><\/p>","protected":false},"featured_media":1663,"template":"","meta":{"neve_meta_sidebar":"","neve_meta_container":"","neve_meta_enable_content_width":"off","neve_meta_content_width":100,"neve_meta_title_alignment":"","neve_meta_author_avatar":"","neve_post_elements_order":"","neve_meta_disable_header":"","neve_meta_disable_footer":"","neve_meta_disable_title":"","neve_meta_reading_time":"","neve_tabs_data":"","neve_override_tab_layout":""},"product_brand":[],"product_cat":[56],"product_tag":[32,35,30,29,37,84],"class_list":{"0":"post-1658","1":"product","2":"type-product","3":"status-publish","4":"has-post-thumbnail","6":"product_cat-pozostale","7":"product_tag-3d","8":"product_tag-backlit","9":"product_tag-led","10":"product_tag-neon","11":"product_tag-sign","12":"product_tag-superman","14":"first","15":"instock","16":"shipping-taxable","17":"purchasable","18":"product-type-variable","19":"has-default-attributes"},"_links":{"self":[{"href":"https:\/\/ledwords.eu\/cs\/wp-json\/wp\/v2\/product\/1658","targetHints":{"allow":["GET"]}}],"collection":[{"href":"https:\/\/ledwords.eu\/cs\/wp-json\/wp\/v2\/product"}],"about":[{"href":"https:\/\/ledwords.eu\/cs\/wp-json\/wp\/v2\/types\/product"}],"wp:featuredmedia":[{"embeddable":true,"href":"https:\/\/ledwords.eu\/cs\/wp-json\/wp\/v2\/media\/1663"}],"wp:attachment":[{"href":"https:\/\/ledwords.eu\/cs\/wp-json\/wp\/v2\/media?parent=1658"}],"wp:term":[{"taxonomy":"product_brand","embeddable":true,"href":"https:\/\/ledwords.eu\/cs\/wp-json\/wp\/v2\/product_brand?post=1658"},{"taxonomy":"product_cat","embeddable":true,"href":"https:\/\/ledwords.eu\/cs\/wp-json\/wp\/v2\/product_cat?post=1658"},{"taxonomy":"product_tag","embeddable":true,"href":"https:\/\/ledwords.eu\/cs\/wp-json\/wp\/v2\/product_tag?post=1658"}],"curies":[{"name":"wp","href":"https:\/\/api.w.org\/{rel}","templated":true}]}}