{"id":1023,"date":"2022-10-03T13:35:07","date_gmt":"2022-10-03T11:35:07","guid":{"rendered":"https:\/\/ledwords.eu\/?post_type=product&#038;p=1023"},"modified":"2025-12-06T22:46:44","modified_gmt":"2025-12-06T21:46:44","slug":"podswietlane-logo-3d-led-wlasna-grafika-50-80-cm-reklama","status":"publish","type":"product","link":"https:\/\/ledwords.eu\/cs\/produkt\/osvetlene-3d-vedl-logo-vlastni-umelecke-dilo-50-80-cm-reklama\/","title":{"rendered":"3D LED podsv\u00edcen\u00e9 logo Vlastn\u00ed grafika 50-80 CM..."},"content":{"rendered":"<p>Osv\u011btlen\u00e9 logo s vlastn\u00ed grafikou!<\/p>\n<p>Pr\u016fm\u011br 50-80 CM<\/p>\n<p>Jak\u00e1koli vlastn\u00ed grafika vhodn\u00e9 kvality. P\u0159ed objedn\u00e1n\u00edm n\u00e1m pros\u00edm za\u0161lete svou kresbu k ov\u011b\u0159en\u00ed. Produkty s ji\u017e hotovou grafikou naleznete v na\u0161ich dal\u0161\u00edch nab\u00eddk\u00e1ch.<\/p>\n<p>\u017div\u00e9 a syt\u00e9 barvy, chr\u00e1n\u011bn\u00e9 ochrannou impregnac\u00ed. Vysoce kvalitn\u00ed, rovnom\u011brn\u011b sv\u00edt\u00edc\u00ed osv\u011btlen\u00ed LED. Hlin\u00edkov\u00fd r\u00e1m, lakovan\u00fd. Logo je odoln\u00e9 v\u016f\u010di venkovn\u00edm podm\u00ednk\u00e1m (IP68).<\/p>\n<p>Nap\u00e1jec\u00ed kabel s evropskou z\u00e1str\u010dkou je sou\u010d\u00e1st\u00ed dod\u00e1vky. Univerz\u00e1ln\u00ed vestav\u011bn\u00fd zdroj nap\u00e1jen\u00ed 110-230 V. Pro jin\u00e9 z\u00e1suvky m\u016f\u017eete pou\u017e\u00edt adapt\u00e9r nebo vym\u011bnit z\u00e1str\u010dku. P\u0159i objedn\u00e1vce z USA je p\u0159id\u00e1n adapt\u00e9r z\u00e1str\u010dky EUUSA. Venkovn\u00ed i vnit\u0159n\u00ed verze spl\u0148uj\u00ed normu IP68, venkovn\u00ed verze m\u00e1 m\u00edrn\u011b vodot\u011bsn\u011bj\u0161\u00ed vnit\u0159n\u00ed nap\u00e1jen\u00ed.<\/p>\n<p>Snadn\u00e1 mont\u00e1\u017e na dr\u017e\u00e1ky. Existuje tak\u00e9 jin\u00fd zp\u016fsob mont\u00e1\u017ee, nap\u0159\u00edklad pomoc\u00ed kabelu vedouc\u00edho ze zdi k v\u00fdrobku. Dal\u0161\u00ed informace o zp\u016fsobech mont\u00e1\u017ee naleznete v \u010d\u00e1sti <a href=\"https:\/\/ledwords.eu\/cs\/instrukce\/\">pokyny<\/a>.<\/p>\n<p>2 barvy r\u00e1me\u010dk\u016f na v\u00fdb\u011br: \u010dern\u00e1, b\u00edl\u00e1<\/p>\n<p>Z\u00e1ruka 2 roky<\/p>","protected":false},"excerpt":{"rendered":"<p>Podsv\u00edcen\u00e9 logo s vlastn\u00ed grafikou! Pr\u016fm\u011br 50-80 CM Jak\u00e1koli vlastn\u00ed grafika v dostate\u010dn\u00e9 kvalit\u011b. P\u0159ed objedn\u00e1n\u00edm n\u00e1m pros\u00edm za\u0161lete svou grafiku k ov\u011b\u0159en\u00ed. Produkty s ji\u017e hotovou grafikou naleznete v na\u0161ich dal\u0161\u00edch nab\u00eddk\u00e1ch. \u017div\u00e9 a syt\u00e9 barvy, chr\u00e1n\u011bn\u00e9 ochrannou impregnac\u00ed. Kvalitn\u00ed, rovnom\u011brn\u011b sv\u00edt\u00edc\u00ed LED osv\u011btlen\u00ed. Hlin\u00edkov\u00fd r\u00e1m, lakovan\u00fd. Logo je odoln\u00e9 v\u016f\u010di vn\u011bj\u0161\u00edm podm\u00ednk\u00e1m...&nbsp;<a href=\"https:\/\/ledwords.eu\/cs\/produkt\/osvetlene-3d-vedl-logo-vlastni-umelecke-dilo-50-80-cm-reklama\/\" rel=\"bookmark\">\u010c\u00edst d\u00e1le \"<span class=\"screen-reader-text\">3D LED podsv\u00edcen\u00e9 logo Vlastn\u00ed grafika 50-80 CM...<\/span><\/a><\/p>","protected":false},"featured_media":1032,"template":"","meta":{"neve_meta_sidebar":"","neve_meta_container":"","neve_meta_enable_content_width":"off","neve_meta_content_width":100,"neve_meta_title_alignment":"","neve_meta_author_avatar":"","neve_post_elements_order":"","neve_meta_disable_header":"","neve_meta_disable_footer":"","neve_meta_disable_title":"","neve_meta_reading_time":"","neve_tabs_data":"","neve_override_tab_layout":""},"product_brand":[],"product_cat":[59],"product_tag":[32,35,33,36,30,31,40,29,34,37],"class_list":{"0":"post-1023","1":"product","2":"type-product","3":"status-publish","4":"has-post-thumbnail","6":"product_cat-na-zamowienie","7":"product_tag-3d","8":"product_tag-backlit","9":"product_tag-bar","10":"product_tag-beer","11":"product_tag-led","12":"product_tag-logo","13":"product_tag-miller","14":"product_tag-neon","15":"product_tag-pub","16":"product_tag-sign","18":"first","19":"instock","20":"shipping-taxable","21":"purchasable","22":"product-type-variable","23":"has-default-attributes"},"_links":{"self":[{"href":"https:\/\/ledwords.eu\/cs\/wp-json\/wp\/v2\/product\/1023","targetHints":{"allow":["GET"]}}],"collection":[{"href":"https:\/\/ledwords.eu\/cs\/wp-json\/wp\/v2\/product"}],"about":[{"href":"https:\/\/ledwords.eu\/cs\/wp-json\/wp\/v2\/types\/product"}],"wp:featuredmedia":[{"embeddable":true,"href":"https:\/\/ledwords.eu\/cs\/wp-json\/wp\/v2\/media\/1032"}],"wp:attachment":[{"href":"https:\/\/ledwords.eu\/cs\/wp-json\/wp\/v2\/media?parent=1023"}],"wp:term":[{"taxonomy":"product_brand","embeddable":true,"href":"https:\/\/ledwords.eu\/cs\/wp-json\/wp\/v2\/product_brand?post=1023"},{"taxonomy":"product_cat","embeddable":true,"href":"https:\/\/ledwords.eu\/cs\/wp-json\/wp\/v2\/product_cat?post=1023"},{"taxonomy":"product_tag","embeddable":true,"href":"https:\/\/ledwords.eu\/cs\/wp-json\/wp\/v2\/product_tag?post=1023"}],"curies":[{"name":"wp","href":"https:\/\/api.w.org\/{rel}","templated":true}]}}